{"id":155,"date":"2023-03-21T00:40:15","date_gmt":"2023-03-21T00:40:15","guid":{"rendered":"http:\/\/dharmacorpstore.com\/?post_type=product&#038;p=155"},"modified":"2025-11-22T13:16:31","modified_gmt":"2025-11-22T17:16:31","slug":"%d8%aa%d9%82%d9%86%d9%8a%d8%a9-%d8%a7%d9%84%d9%85%d8%ad%d8%a7%d9%83%d8%a7%d8%a9-%d8%a7%d9%84%d8%a7%d9%81%d8%aa%d8%b1%d8%a7%d8%b6%d9%8a%d8%a9-%d8%a7%d9%84%d9%85%d8%aa%d9%82%d8%af%d9%85%d8%a9-%d9%81","status":"publish","type":"product","link":"https:\/\/dharmacorpstore.com\/ar\/product-2\/%d8%aa%d9%82%d9%86%d9%8a%d8%a9-%d8%a7%d9%84%d9%85%d8%ad%d8%a7%d9%83%d8%a7%d8%a9-%d8%a7%d9%84%d8%a7%d9%81%d8%aa%d8%b1%d8%a7%d8%b6%d9%8a%d8%a9-%d8%a7%d9%84%d9%85%d8%aa%d9%82%d8%af%d9%85%d8%a9-%d9%81\/","title":{"rendered":"\u0648\u064a\u0646\u062f\u0648\u0632 \u0633\u064a\u0631\u0641\u0631 2022 \u0645\u0631\u0643\u0632 \u0627\u0644\u0628\u064a\u0627\u0646\u0627\u062a: \u0631\u062e\u0635\u0629 \u0627\u0644\u0645\u062d\u0627\u0643\u0627\u0629 \u0627\u0644\u0627\u0641\u062a\u0631\u0627\u0636\u064a\u0629 \u0627\u0644\u0645\u062a\u0642\u062f\u0645\u0629"},"content":{"rendered":"<div id=\"product-description-short-134\">\n<p class=\"my-2 [&amp;+p]:mt-4 [&amp;_strong:has(+br)]:inline-block [&amp;_strong:has(+br)]:pb-2\">Windows Server 2022 Datacenter est\u00e1 dise\u00f1ado para organizaciones que gestionan centros de datos complejos y requieren la m\u00e1xima flexibilidad en la virtualizaci\u00f3n de cargas de trabajo. Su licencia permite un n\u00famero ilimitado de m\u00e1quinas virtuales (VMs), eliminando la necesidad de licenciamiento adicional por cada VM, lo que es particularmente ventajoso para entornos virtualizados ampliamente distribuidos.<\/p>\n<p class=\"my-2 [&amp;+p]:mt-4 [&amp;_strong:has(+br)]:inline-block [&amp;_strong:has(+br)]:pb-2\">Entre sus funciones avanzadas se incluyen Storage Spaces Direct, que permite consolidar varios discos locales en un \u00fanico almacenamiento definido por software, y Software-Defined Networking, que automatiza y mejora la gesti\u00f3n de redes virtualizadas. Adem\u00e1s, soporta Shielded VMs para proteger las m\u00e1quinas virtuales contra accesos no autorizados y ofrece hot patching para aplicar actualizaciones de seguridad sin interrumpir el servicio, garantizando alta disponibilidad.<\/p>\n<p class=\"my-2 [&amp;+p]:mt-4 [&amp;_strong:has(+br)]:inline-block [&amp;_strong:has(+br)]:pb-2\">Esta edici\u00f3n tambi\u00e9n integra mejor con Azure para facilitar una infraestructura h\u00edbrida que combina recursos locales con servicios en la nube, mejorando la escalabilidad y la gesti\u00f3n de ambientes multi-nube. Ideal para grandes empresas, proveedores de servicios en la nube y oficinas con requerimientos cr\u00edticos de virtualizaci\u00f3n y seguridad.<\/p>\n<\/div>\n<div class=\"product-actions\">\n<form id=\"add-to-cart-or-refresh\" action=\"https:\/\/softsuper.com.ve\/carrito\" method=\"post\">\n<div class=\"product-variants\"><\/div>\n<\/form>\n<\/div>\n","protected":false},"excerpt":{"rendered":"<div class=\"product-actions\">\n<form id=\"add-to-cart-or-refresh\" action=\"https:\/\/softsuper.com.ve\/carrito\" method=\"post\">\n<section class=\"product-discounts\"><\/section>\n<div class=\"product-add-to-cart\">\n<ul class=\"marker:text-quiet list-disc\">\n<li class=\"py-0 my-0 prose-p:pt-0 prose-p:mb-2 prose-p:my-0 [&amp;&gt;p]:pt-0 [&amp;&gt;p]:mb-2 [&amp;&gt;p]:my-0 animate-in fade-in-25 duration-700\">\n<p class=\"my-2 [&amp;+p]:mt-4 [&amp;_strong:has(+br)]:inline-block [&amp;_strong:has(+br)]:pb-2 animate-in fade-in-25 duration-700\">Derechos ilimitados para ejecutar\u00a0m\u00e1quinas virtuales, ideal para\u00a0entornos con\u00a0alta virtualizaci\u00f3n.<\/p>\n<\/li>\n<li class=\"py-0 my-0 prose-p:pt-0 prose-p:mb-2 prose-p:my-0 [&amp;&gt;p]:pt-0 [&amp;&gt;p]:mb-2 [&amp;&gt;p]:my-0 animate-in fade-in-25 duration-700\">\n<p class=\"my-2 [&amp;+p]:mt-4 [&amp;_strong:has(+br)]:inline-block [&amp;_strong:has(+br)]:pb-2 animate-in fade-in-25 duration-700\">Seguridad\u00a0mejorada con\u00a0caracter\u00edsticas\u00a0como Shielded\u00a0VMs y Hot Patching\u00a0sin necesidad\u00a0de reinicios.<\/p>\n<\/li>\n<li class=\"py-0 my-0 prose-p:pt-0 prose-p:mb-2 prose-p:my-0 [&amp;&gt;p]:pt-0 [&amp;&gt;p]:mb-2 [&amp;&gt;p]:my-0 animate-in fade-in-25 duration-700\">\n<p class=\"my-2 [&amp;+p]:mt-4 [&amp;_strong:has(+br)]:inline-block [&amp;_strong:has(+br)]:pb-2 animate-in fade-in-25 duration-700\">Soporte avanzado\u00a0para almacenamiento\u00a0y redes con Storage\u00a0Spaces Direct\u00a0(S2D) y Software-Defined Networking\u00a0(SDN).<\/p>\n<\/li>\n<\/ul>\n<\/div>\n<\/form>\n<\/div>\n","protected":false},"featured_media":17182,"comment_status":"open","ping_status":"closed","template":"","meta":{"_monsterinsights_skip_tracking":false,"_monsterinsights_sitenote_active":false,"_monsterinsights_sitenote_note":"","_monsterinsights_sitenote_category":0,"jetpack_post_was_ever_published":false,"jetpack_publicize_message":"","jetpack_publicize_feature_enabled":true,"jetpack_social_post_already_shared":false,"jetpack_social_options":{"image_generator_settings":{"template":"highway","default_image_id":0,"font":"","enabled":false},"version":2}},"product_brand":[],"product_cat":[23,19],"product_tag":[],"class_list":{"0":"post-155","1":"product","2":"type-product","3":"status-publish","4":"has-post-thumbnail","6":"product_cat-servidores","7":"product_cat-sistemas-operativos","9":"first","10":"instock","11":"sale","12":"shipping-taxable","13":"purchasable","14":"product-type-simple"},"yoast_head":"<!-- This site is optimized with the Yoast SEO plugin v27.5 - https:\/\/yoast.com\/product\/yoast-seo-wordpress\/ -->\n<title>Windows Server 2022 Datacenter: licencia para virtualizaci\u00f3n avanzada - Dharma Store Software<\/title>\n<meta name=\"description\" content=\"Obt\u00e9n Windows Server 2022 Datacenter con licencia ilimitada para m\u00e1quinas virtuales y seguridad avanzada empresarial.\" \/>\n<meta name=\"robots\" content=\"index, follow, max-snippet:-1, max-image-preview:large, max-video-preview:-1\" \/>\n<link rel=\"canonical\" href=\"https:\/\/dharmacorpstore.com\/ar\/product-2\/\u062a\u0642\u0646\u064a\u0629-\u0627\u0644\u0645\u062d\u0627\u0643\u0627\u0629-\u0627\u0644\u0627\u0641\u062a\u0631\u0627\u0636\u064a\u0629-\u0627\u0644\u0645\u062a\u0642\u062f\u0645\u0629-\u0641\/\" \/>\n<meta property=\"og:locale\" content=\"ar_AR\" \/>\n<meta property=\"og:type\" content=\"article\" \/>\n<meta property=\"og:title\" content=\"Windows Server 2022 Datacenter: licencia para virtualizaci\u00f3n avanzada - Dharma Store Software\" \/>\n<meta property=\"og:description\" content=\"Obt\u00e9n Windows Server 2022 Datacenter con licencia ilimitada para m\u00e1quinas virtuales y seguridad avanzada empresarial.\" \/>\n<meta property=\"og:url\" content=\"https:\/\/dharmacorpstore.com\/ar\/product-2\/\u062a\u0642\u0646\u064a\u0629-\u0627\u0644\u0645\u062d\u0627\u0643\u0627\u0629-\u0627\u0644\u0627\u0641\u062a\u0631\u0627\u0636\u064a\u0629-\u0627\u0644\u0645\u062a\u0642\u062f\u0645\u0629-\u0641\/\" \/>\n<meta property=\"og:site_name\" content=\"Dharma Store Software\" \/>\n<meta property=\"article:modified_time\" content=\"2025-11-22T17:16:31+00:00\" \/>\n<meta property=\"og:image\" content=\"https:\/\/dharmacorpstore.com\/wp-content\/uploads\/2023\/03\/Windows-Server-2022-Datacenter.png\" \/>\n\t<meta property=\"og:image:width\" content=\"1024\" \/>\n\t<meta property=\"og:image:height\" content=\"1024\" \/>\n\t<meta property=\"og:image:type\" content=\"image\/png\" \/>\n<meta name=\"twitter:card\" content=\"summary_large_image\" \/>\n<meta name=\"twitter:label1\" content=\"\u0648\u0642\u062a \u0627\u0644\u0642\u0631\u0627\u0621\u0629 \u0627\u0644\u0645\u064f\u0642\u062f\u0651\u0631\" \/>\n\t<meta name=\"twitter:data1\" content=\"\u062f\u0642\u064a\u0642\u0629 \u0648\u0627\u062d\u062f\u0629\" \/>\n<script type=\"application\/ld+json\" class=\"yoast-schema-graph\">{\"@context\":\"https:\\\/\\\/schema.org\",\"@graph\":[{\"@type\":\"WebPage\",\"@id\":\"https:\\\/\\\/dharmacorpstore.com\\\/it\\\/product-2\\\/virtualizzazione-avanzata-di-windows-server-2022-datacenter\\\/\",\"url\":\"https:\\\/\\\/dharmacorpstore.com\\\/it\\\/product-2\\\/virtualizzazione-avanzata-di-windows-server-2022-datacenter\\\/\",\"name\":\"Windows Server 2022 Datacenter: licencia para virtualizaci\u00f3n avanzada - Dharma Store Software\",\"isPartOf\":{\"@id\":\"https:\\\/\\\/dharmacorpstore.com\\\/#website\"},\"primaryImageOfPage\":{\"@id\":\"https:\\\/\\\/dharmacorpstore.com\\\/it\\\/product-2\\\/virtualizzazione-avanzata-di-windows-server-2022-datacenter\\\/#primaryimage\"},\"image\":{\"@id\":\"https:\\\/\\\/dharmacorpstore.com\\\/it\\\/product-2\\\/virtualizzazione-avanzata-di-windows-server-2022-datacenter\\\/#primaryimage\"},\"thumbnailUrl\":\"https:\\\/\\\/i0.wp.com\\\/dharmacorpstore.com\\\/wp-content\\\/uploads\\\/2023\\\/03\\\/Windows-Server-2022-Datacenter.png?fit=1024%2C1024&ssl=1\",\"datePublished\":\"2023-03-21T00:40:15+00:00\",\"dateModified\":\"2025-11-22T17:16:31+00:00\",\"description\":\"Obt\u00e9n Windows Server 2022 Datacenter con licencia ilimitada para m\u00e1quinas virtuales y seguridad avanzada empresarial.\",\"breadcrumb\":{\"@id\":\"https:\\\/\\\/dharmacorpstore.com\\\/it\\\/product-2\\\/virtualizzazione-avanzata-di-windows-server-2022-datacenter\\\/#breadcrumb\"},\"inLanguage\":\"ar\",\"potentialAction\":[{\"@type\":\"ReadAction\",\"target\":[\"https:\\\/\\\/dharmacorpstore.com\\\/it\\\/product-2\\\/virtualizzazione-avanzata-di-windows-server-2022-datacenter\\\/\"]}]},{\"@type\":\"ImageObject\",\"inLanguage\":\"ar\",\"@id\":\"https:\\\/\\\/dharmacorpstore.com\\\/it\\\/product-2\\\/virtualizzazione-avanzata-di-windows-server-2022-datacenter\\\/#primaryimage\",\"url\":\"https:\\\/\\\/i0.wp.com\\\/dharmacorpstore.com\\\/wp-content\\\/uploads\\\/2023\\\/03\\\/Windows-Server-2022-Datacenter.png?fit=1024%2C1024&ssl=1\",\"contentUrl\":\"https:\\\/\\\/i0.wp.com\\\/dharmacorpstore.com\\\/wp-content\\\/uploads\\\/2023\\\/03\\\/Windows-Server-2022-Datacenter.png?fit=1024%2C1024&ssl=1\",\"width\":1024,\"height\":1024},{\"@type\":\"BreadcrumbList\",\"@id\":\"https:\\\/\\\/dharmacorpstore.com\\\/it\\\/product-2\\\/virtualizzazione-avanzata-di-windows-server-2022-datacenter\\\/#breadcrumb\",\"itemListElement\":[{\"@type\":\"ListItem\",\"position\":1,\"name\":\"Home\",\"item\":\"https:\\\/\\\/dharmacorpstore.com\\\/\"},{\"@type\":\"ListItem\",\"position\":2,\"name\":\"Tienda\",\"item\":\"https:\\\/\\\/dharmacorpstore.com\\\/tienda\\\/\"},{\"@type\":\"ListItem\",\"position\":3,\"name\":\"Windows Server 2022 Datacenter: licencia para virtualizaci\u00f3n avanzada\"}]},{\"@type\":\"WebSite\",\"@id\":\"https:\\\/\\\/dharmacorpstore.com\\\/#website\",\"url\":\"https:\\\/\\\/dharmacorpstore.com\\\/\",\"name\":\"Dharma Store Software\",\"description\":\"Venta de software original y licenciamiento electr\u00f3nico\",\"publisher\":{\"@id\":\"https:\\\/\\\/dharmacorpstore.com\\\/#organization\"},\"potentialAction\":[{\"@type\":\"SearchAction\",\"target\":{\"@type\":\"EntryPoint\",\"urlTemplate\":\"https:\\\/\\\/dharmacorpstore.com\\\/?s={search_term_string}\"},\"query-input\":{\"@type\":\"PropertyValueSpecification\",\"valueRequired\":true,\"valueName\":\"search_term_string\"}}],\"inLanguage\":\"ar\"},{\"@type\":\"Organization\",\"@id\":\"https:\\\/\\\/dharmacorpstore.com\\\/#organization\",\"name\":\"Dharma Store Software\",\"url\":\"https:\\\/\\\/dharmacorpstore.com\\\/\",\"logo\":{\"@type\":\"ImageObject\",\"inLanguage\":\"ar\",\"@id\":\"https:\\\/\\\/dharmacorpstore.com\\\/#\\\/schema\\\/logo\\\/image\\\/\",\"url\":\"https:\\\/\\\/i0.wp.com\\\/dharmacorpstore.com\\\/wp-content\\\/uploads\\\/2023\\\/11\\\/Dharma-Corp-Logo-2023-e1699245439652.png?fit=477%2C108&ssl=1\",\"contentUrl\":\"https:\\\/\\\/i0.wp.com\\\/dharmacorpstore.com\\\/wp-content\\\/uploads\\\/2023\\\/11\\\/Dharma-Corp-Logo-2023-e1699245439652.png?fit=477%2C108&ssl=1\",\"width\":477,\"height\":108,\"caption\":\"Dharma Store Software\"},\"image\":{\"@id\":\"https:\\\/\\\/dharmacorpstore.com\\\/#\\\/schema\\\/logo\\\/image\\\/\"}}]}<\/script>\n<!-- \/ Yoast SEO plugin. -->","yoast_head_json":{"title":"\u0648\u064a\u0646\u062f\u0648\u0632 \u0633\u064a\u0631\u0641\u0631 2022 \u062f\u0627\u062a\u0627 \u0633\u0646\u062a\u0631: \u062a\u0631\u062e\u064a\u0635 \u0644\u0644\u062a\u0642\u0646\u064a\u0629 \u0627\u0644\u0627\u0641\u062a\u0631\u0627\u0636\u064a\u0629 \u0627\u0644\u0645\u062a\u0642\u062f\u0645\u0629 - \u0628\u0631\u0646\u0627\u0645\u062c \u062f\u0627\u0631\u0645\u0627 \u0633\u062a\u0648\u0631","description":"\u0627\u062d\u0635\u0644 \u0639\u0644\u0649 Windows Server 2022 Datacenter \u0645\u0639 \u062a\u0631\u062e\u064a\u0635 \u063a\u064a\u0631 \u0645\u062d\u062f\u0648\u062f \u0644\u0644\u0623\u062c\u0647\u0632\u0629 \u0627\u0644\u0627\u0641\u062a\u0631\u0627\u0636\u064a\u0629 \u0648\u0623\u0645\u0627\u0646 \u0645\u062a\u0642\u062f\u0645 \u0644\u0644\u0645\u0624\u0633\u0633\u0627\u062a.","robots":{"index":"index","follow":"follow","max-snippet":"max-snippet:-1","max-image-preview":"max-image-preview:large","max-video-preview":"max-video-preview:-1"},"canonical":"https:\/\/dharmacorpstore.com\/ar\/product-2\/\u062a\u0642\u0646\u064a\u0629-\u0627\u0644\u0645\u062d\u0627\u0643\u0627\u0629-\u0627\u0644\u0627\u0641\u062a\u0631\u0627\u0636\u064a\u0629-\u0627\u0644\u0645\u062a\u0642\u062f\u0645\u0629-\u0641\/","og_locale":"ar_AR","og_type":"article","og_title":"Windows Server 2022 Datacenter: licencia para virtualizaci\u00f3n avanzada - Dharma Store Software","og_description":"Obt\u00e9n Windows Server 2022 Datacenter con licencia ilimitada para m\u00e1quinas virtuales y seguridad avanzada empresarial.","og_url":"https:\/\/dharmacorpstore.com\/ar\/product-2\/\u062a\u0642\u0646\u064a\u0629-\u0627\u0644\u0645\u062d\u0627\u0643\u0627\u0629-\u0627\u0644\u0627\u0641\u062a\u0631\u0627\u0636\u064a\u0629-\u0627\u0644\u0645\u062a\u0642\u062f\u0645\u0629-\u0641\/","og_site_name":"Dharma Store Software","article_modified_time":"2025-11-22T17:16:31+00:00","og_image":[{"width":1024,"height":1024,"url":"https:\/\/dharmacorpstore.com\/wp-content\/uploads\/2023\/03\/Windows-Server-2022-Datacenter.png","type":"image\/png"}],"twitter_card":"summary_large_image","twitter_misc":{"\u0648\u0642\u062a \u0627\u0644\u0642\u0631\u0627\u0621\u0629 \u0627\u0644\u0645\u064f\u0642\u062f\u0651\u0631":"\u062f\u0642\u064a\u0642\u0629 \u0648\u0627\u062d\u062f\u0629"},"schema":{"@context":"https:\/\/schema.org","@graph":[{"@type":"WebPage","@id":"https:\/\/dharmacorpstore.com\/it\/product-2\/virtualizzazione-avanzata-di-windows-server-2022-datacenter\/","url":"https:\/\/dharmacorpstore.com\/it\/product-2\/virtualizzazione-avanzata-di-windows-server-2022-datacenter\/","name":"\u0648\u064a\u0646\u062f\u0648\u0632 \u0633\u064a\u0631\u0641\u0631 2022 \u062f\u0627\u062a\u0627 \u0633\u0646\u062a\u0631: \u062a\u0631\u062e\u064a\u0635 \u0644\u0644\u062a\u0642\u0646\u064a\u0629 \u0627\u0644\u0627\u0641\u062a\u0631\u0627\u0636\u064a\u0629 \u0627\u0644\u0645\u062a\u0642\u062f\u0645\u0629 - \u0628\u0631\u0646\u0627\u0645\u062c \u062f\u0627\u0631\u0645\u0627 \u0633\u062a\u0648\u0631","isPartOf":{"@id":"https:\/\/dharmacorpstore.com\/#website"},"primaryImageOfPage":{"@id":"https:\/\/dharmacorpstore.com\/it\/product-2\/virtualizzazione-avanzata-di-windows-server-2022-datacenter\/#primaryimage"},"image":{"@id":"https:\/\/dharmacorpstore.com\/it\/product-2\/virtualizzazione-avanzata-di-windows-server-2022-datacenter\/#primaryimage"},"thumbnailUrl":"https:\/\/i0.wp.com\/dharmacorpstore.com\/wp-content\/uploads\/2023\/03\/Windows-Server-2022-Datacenter.png?fit=1024%2C1024&ssl=1","datePublished":"2023-03-21T00:40:15+00:00","dateModified":"2025-11-22T17:16:31+00:00","description":"\u0627\u062d\u0635\u0644 \u0639\u0644\u0649 Windows Server 2022 Datacenter \u0645\u0639 \u062a\u0631\u062e\u064a\u0635 \u063a\u064a\u0631 \u0645\u062d\u062f\u0648\u062f \u0644\u0644\u0623\u062c\u0647\u0632\u0629 \u0627\u0644\u0627\u0641\u062a\u0631\u0627\u0636\u064a\u0629 \u0648\u0623\u0645\u0627\u0646 \u0645\u062a\u0642\u062f\u0645 \u0644\u0644\u0645\u0624\u0633\u0633\u0627\u062a.","breadcrumb":{"@id":"https:\/\/dharmacorpstore.com\/it\/product-2\/virtualizzazione-avanzata-di-windows-server-2022-datacenter\/#breadcrumb"},"inLanguage":"ar","potentialAction":[{"@type":"ReadAction","target":["https:\/\/dharmacorpstore.com\/it\/product-2\/virtualizzazione-avanzata-di-windows-server-2022-datacenter\/"]}]},{"@type":"ImageObject","inLanguage":"ar","@id":"https:\/\/dharmacorpstore.com\/it\/product-2\/virtualizzazione-avanzata-di-windows-server-2022-datacenter\/#primaryimage","url":"https:\/\/i0.wp.com\/dharmacorpstore.com\/wp-content\/uploads\/2023\/03\/Windows-Server-2022-Datacenter.png?fit=1024%2C1024&ssl=1","contentUrl":"https:\/\/i0.wp.com\/dharmacorpstore.com\/wp-content\/uploads\/2023\/03\/Windows-Server-2022-Datacenter.png?fit=1024%2C1024&ssl=1","width":1024,"height":1024},{"@type":"BreadcrumbList","@id":"https:\/\/dharmacorpstore.com\/it\/product-2\/virtualizzazione-avanzata-di-windows-server-2022-datacenter\/#breadcrumb","itemListElement":[{"@type":"ListItem","position":1,"name":"Home","item":"https:\/\/dharmacorpstore.com\/"},{"@type":"ListItem","position":2,"name":"Tienda","item":"https:\/\/dharmacorpstore.com\/tienda\/"},{"@type":"ListItem","position":3,"name":"Windows Server 2022 Datacenter: licencia para virtualizaci\u00f3n avanzada"}]},{"@type":"WebSite","@id":"https:\/\/dharmacorpstore.com\/#website","url":"https:\/\/dharmacorpstore.com\/","name":"\u0628\u0631\u0646\u0627\u0645\u062c \u0645\u062a\u062c\u0631 \u062f\u0627\u0631\u0645\u0627 \u0633\u062a\u0648\u0631","description":"\u0628\u064a\u0639 \u0627\u0644\u0628\u0631\u0627\u0645\u062c \u0627\u0644\u0623\u0635\u0644\u064a\u0629 \u0648\u0627\u0644\u062a\u0631\u062e\u064a\u0635 \u0627\u0644\u0625\u0644\u0643\u062a\u0631\u0648\u0646\u064a","publisher":{"@id":"https:\/\/dharmacorpstore.com\/#organization"},"potentialAction":[{"@type":"SearchAction","target":{"@type":"EntryPoint","urlTemplate":"https:\/\/dharmacorpstore.com\/?s={search_term_string}"},"query-input":{"@type":"PropertyValueSpecification","valueRequired":true,"valueName":"search_term_string"}}],"inLanguage":"ar"},{"@type":"Organization","@id":"https:\/\/dharmacorpstore.com\/#organization","name":"\u0628\u0631\u0646\u0627\u0645\u062c \u0645\u062a\u062c\u0631 \u062f\u0627\u0631\u0645\u0627 \u0633\u062a\u0648\u0631","url":"https:\/\/dharmacorpstore.com\/","logo":{"@type":"ImageObject","inLanguage":"ar","@id":"https:\/\/dharmacorpstore.com\/#\/schema\/logo\/image\/","url":"https:\/\/i0.wp.com\/dharmacorpstore.com\/wp-content\/uploads\/2023\/11\/Dharma-Corp-Logo-2023-e1699245439652.png?fit=477%2C108&ssl=1","contentUrl":"https:\/\/i0.wp.com\/dharmacorpstore.com\/wp-content\/uploads\/2023\/11\/Dharma-Corp-Logo-2023-e1699245439652.png?fit=477%2C108&ssl=1","width":477,"height":108,"caption":"Dharma Store Software"},"image":{"@id":"https:\/\/dharmacorpstore.com\/#\/schema\/logo\/image\/"}}]}},"jetpack_publicize_connections":[],"jetpack-related-posts":[],"jetpack_likes_enabled":true,"jetpack_sharing_enabled":true,"_links":{"self":[{"href":"https:\/\/dharmacorpstore.com\/ar\/wp-json\/wp\/v2\/product\/155","targetHints":{"allow":["GET"]}}],"collection":[{"href":"https:\/\/dharmacorpstore.com\/ar\/wp-json\/wp\/v2\/product"}],"about":[{"href":"https:\/\/dharmacorpstore.com\/ar\/wp-json\/wp\/v2\/types\/product"}],"replies":[{"embeddable":true,"href":"https:\/\/dharmacorpstore.com\/ar\/wp-json\/wp\/v2\/comments?post=155"}],"wp:featuredmedia":[{"embeddable":true,"href":"https:\/\/dharmacorpstore.com\/ar\/wp-json\/wp\/v2\/media\/17182"}],"wp:attachment":[{"href":"https:\/\/dharmacorpstore.com\/ar\/wp-json\/wp\/v2\/media?parent=155"}],"wp:term":[{"taxonomy":"product_brand","embeddable":true,"href":"https:\/\/dharmacorpstore.com\/ar\/wp-json\/wp\/v2\/product_brand?post=155"},{"taxonomy":"product_cat","embeddable":true,"href":"https:\/\/dharmacorpstore.com\/ar\/wp-json\/wp\/v2\/product_cat?post=155"},{"taxonomy":"product_tag","embeddable":true,"href":"https:\/\/dharmacorpstore.com\/ar\/wp-json\/wp\/v2\/product_tag?post=155"}],"curies":[{"name":"\u062f\u0628\u0644\u064a\u0648 \u0628\u064a","href":"https:\/\/api.w.org\/{rel}","templated":true}]}}