{"id":2126,"date":"2023-11-07T14:54:06","date_gmt":"2023-11-07T18:54:06","guid":{"rendered":"https:\/\/dharmacorpstore.com\/?post_type=product&#038;p=2126"},"modified":"2025-12-06T13:25:05","modified_gmt":"2025-12-06T17:25:05","slug":"%d8%aa%d8%aa%d8%b6%d9%85%d9%86-%d8%a7%d8%b4%d8%aa%d8%b1%d8%a7%d9%83-adobe-creative-cloud-pro-%d9%84%d9%85%d8%af%d8%a9-%d8%b9%d8%a7%d9%85-%d9%88%d8%a7%d8%ad%d8%af-20-%d8%aa%d8%b7%d8%a8%d9%8a%d9%82","status":"publish","type":"product","link":"https:\/\/dharmacorpstore.com\/ar\/product-2\/%d8%aa%d8%aa%d8%b6%d9%85%d9%86-%d8%a7%d8%b4%d8%aa%d8%b1%d8%a7%d9%83-adobe-creative-cloud-pro-%d9%84%d9%85%d8%af%d8%a9-%d8%b9%d8%a7%d9%85-%d9%88%d8%a7%d8%ad%d8%af-20-%d8%aa%d8%b7%d8%a8%d9%8a%d9%82\/","title":{"rendered":"Adobe Creative Cloud Pro \u0633\u0646\u0629 \u0648\u0627\u062d\u062f\u0629 \u062c\u0645\u064a\u0639 \u0627\u0644\u062a\u0637\u0628\u064a\u0642\u0627\u062a"},"content":{"rendered":"<div class=\"markdown markdown-main-panel\" dir=\"ltr\">\n<p class=\"my-2 [&amp;+p]:mt-4 [&amp;_strong:has(+br)]:inline-block [&amp;_strong:has(+br)]:pb-2\">Adobe Creative Cloud Pro (All Apps) por 1 a\u00f1o proporciona acceso completo a la suite profesional con +20 aplicaciones l\u00edderes en dise\u00f1o gr\u00e1fico (Photoshop, Illustrator), edici\u00f3n de video (Premiere Pro, After Effects), fotograf\u00eda (Lightroom) y PDF (Acrobat Pro), m\u00e1s herramientas de IA generativa Firefly para crear arte, efectos y audio innovadores directamente en workflows creativos. Incluye 100 GB de nube para sincronizar proyectos, Adobe Fonts con miles de tipograf\u00edas, Behance para portafolios y Portfolio para sitios web personales, diferenci\u00e1ndose por su integraci\u00f3n perfecta y colaboraci\u00f3n en tiempo real para equipos remotos. Perfecto para freelancers, agencias, estudiantes de dise\u00f1o o productores multimedia que necesitan versatilidad total sin compras individuales; la suscripci\u00f3n anual facturada mensualmente ofrece flexibilidad con renovaciones f\u00e1ciles y soporte prioritario, transformando ideas en producciones profesionales de alto impacto.<\/p>\n<\/div>\n","protected":false},"excerpt":{"rendered":"<div class=\"flex items-start gap-3 p-4 rounded-lg hover:bg-blue-50 transition-colors duration-300\" data-lov-id=\"src\/pages\/Index.tsx:187:18\" data-lov-name=\"div\" data-component-path=\"src\/pages\/Index.tsx\" data-component-line=\"187\" data-component-file=\"Index.tsx\" data-component-name=\"div\" data-component-content=\"%7B%22className%22%3A%22flex%20items-start%20gap-3%20p-4%20rounded-lg%20hover%3Abg-blue-50%20transition-colors%20duration-300%22%7D\"><span class=\"text-lg\" data-lov-id=\"src\/pages\/Index.tsx:188:20\" data-lov-name=\"span\" data-component-path=\"src\/pages\/Index.tsx\" data-component-line=\"188\" data-component-file=\"Index.tsx\" data-component-name=\"span\" data-component-content=\"%7B%22className%22%3A%22text-lg%22%7D\">\u2705 \u0627\u0644\u0648\u0635\u0648\u0644 \u0627\u0644\u0645\u0628\u0627\u0634\u0631 \u0625\u0644\u0649 \u0635\u0641\u062d\u0629 Adobe \u0628\u0627\u0633\u062a\u062e\u062f\u0627\u0645 \u0628\u0631\u064a\u062f\u0643 \u0627\u0644\u0625\u0644\u0643\u062a\u0631\u0648\u0646\u064a \u0627\u0644\u0645\u0633\u062c\u0644<\/span><\/div>\n<div class=\"flex items-start gap-3 p-4 rounded-lg hover:bg-blue-50 transition-colors duration-300\" data-lov-id=\"src\/pages\/Index.tsx:187:18\" data-lov-name=\"div\" data-component-path=\"src\/pages\/Index.tsx\" data-component-line=\"187\" data-component-file=\"Index.tsx\" data-component-name=\"div\" data-component-content=\"%7B%22className%22%3A%22flex%20items-start%20gap-3%20p-4%20rounded-lg%20hover%3Abg-blue-50%20transition-colors%20duration-300%22%7D\"><span class=\"text-lg\" data-lov-id=\"src\/pages\/Index.tsx:188:20\" data-lov-name=\"span\" data-component-path=\"src\/pages\/Index.tsx\" data-component-line=\"188\" data-component-file=\"Index.tsx\" data-component-name=\"span\" data-component-content=\"%7B%22className%22%3A%22text-lg%22%7D\">\u2705 \u064a\u0645\u0643\u0646 \u0627\u0633\u062a\u062e\u062f\u0627\u0645\u0647 \u0639\u0644\u0649 \u062c\u0647\u0627\u0632\u064a\u0646 \u0641\u064a \u0648\u0642\u062a \u0648\u0627\u062d\u062f<\/span><\/div>\n<div data-lov-id=\"src\/pages\/Index.tsx:187:18\" data-lov-name=\"div\" data-component-path=\"src\/pages\/Index.tsx\" data-component-line=\"187\" data-component-file=\"Index.tsx\" data-component-name=\"div\" data-component-content=\"%7B%22className%22%3A%22flex%20items-start%20gap-3%20p-4%20rounded-lg%20hover%3Abg-blue-50%20transition-colors%20duration-300%22%7D\"><span class=\"text-lg\" data-lov-id=\"src\/pages\/Index.tsx:188:20\" data-lov-name=\"span\" data-component-path=\"src\/pages\/Index.tsx\" data-component-line=\"188\" data-component-file=\"Index.tsx\" data-component-name=\"span\" data-component-content=\"%7B%22className%22%3A%22text-lg%22%7D\">\u2705 \u064a\u062a\u0636\u0645\u0646 3000 \u0631\u0635\u064a\u062f \u0634\u0647\u0631\u064a \u0644\u0628\u0631\u0646\u0627\u0645\u062c Adobe Firefly<\/span><\/div>\n<div data-lov-id=\"src\/pages\/Index.tsx:187:18\" data-lov-name=\"div\" data-component-path=\"src\/pages\/Index.tsx\" data-component-line=\"187\" data-component-file=\"Index.tsx\" data-component-name=\"div\" data-component-content=\"%7B%22className%22%3A%22flex%20items-start%20gap-3%20p-4%20rounded-lg%20hover%3Abg-blue-50%20transition-colors%20duration-300%22%7D\"><span class=\"text-lg\" data-lov-id=\"src\/pages\/Index.tsx:188:20\" data-lov-name=\"span\" data-component-path=\"src\/pages\/Index.tsx\" data-component-line=\"188\" data-component-file=\"Index.tsx\" data-component-name=\"span\" data-component-content=\"%7B%22className%22%3A%22text-lg%22%7D\">\u2705 \u0627\u062d\u0635\u0644 \u0639\u0644\u0649 \u0625\u0645\u0643\u0627\u0646\u064a\u0629 \u0627\u0644\u0648\u0635\u0648\u0644 \u0625\u0644\u0649 \u0623\u0643\u062b\u0631 \u0645\u0646 20 \u062a\u0637\u0628\u064a\u0642\u064b\u0627 \u0645\u062a\u0645\u064a\u0632\u064b\u0627 \u0645\u062b\u0644 Photoshop \u0648 Illustrator \u0648 Premiere Pro \u0644\u0645\u062f\u0629 \u0639\u0627\u0645 \u0648\u0627\u062d\u062f\u060c \u0645\u0639 Firefly AI \u0644\u0625\u0646\u0634\u0627\u0621 \u0627\u0644\u0635\u0648\u0631 \u0648\u0645\u0642\u0627\u0637\u0639 \u0627\u0644\u0641\u064a\u062f\u064a\u0648 \u0648\u0627\u0644\u0635\u0648\u062a \u0628\u0633\u0631\u0639\u0629 \u0648\u0625\u0628\u062f\u0627\u0639.<\/span><\/div>\n<div class=\"flex items-start gap-3 p-4 rounded-lg hover:bg-blue-50 transition-colors duration-300\" data-lov-id=\"src\/pages\/Index.tsx:187:18\" data-lov-name=\"div\" data-component-path=\"src\/pages\/Index.tsx\" data-component-line=\"187\" data-component-file=\"Index.tsx\" data-component-name=\"div\" data-component-content=\"%7B%22className%22%3A%22flex%20items-start%20gap-3%20p-4%20rounded-lg%20hover%3Abg-blue-50%20transition-colors%20duration-300%22%7D\"><span class=\"text-lg\" data-lov-id=\"src\/pages\/Index.tsx:188:20\" data-lov-name=\"span\" data-component-path=\"src\/pages\/Index.tsx\" data-component-line=\"188\" data-component-file=\"Index.tsx\" data-component-name=\"span\" data-component-content=\"%7B%22className%22%3A%22text-lg%22%7D\">\u2705 \u0645\u0633\u0627\u062d\u0629 \u062a\u062e\u0632\u064a\u0646 \u0633\u062d\u0627\u0628\u064a\u0629 \u062a\u0628\u0644\u063a 100 \u062c\u064a\u062c\u0627\u0628\u0627\u064a\u062a\u060c \u0648\u062e\u0637\u0648\u0637 Adobe \u0648\u0645\u0643\u062a\u0628\u0627\u062a \u0645\u0634\u062a\u0631\u0643\u0629 \u0644\u0644\u062a\u0639\u0627\u0648\u0646 \u0627\u0644\u0633\u0644\u0633\u060c \u0645\u062b\u0627\u0644\u064a\u0629 \u0644\u0644\u0645\u0635\u0645\u0645\u064a\u0646 \u0648\u0627\u0644\u0645\u0628\u062f\u0639\u064a\u0646 \u0627\u0644\u0630\u064a\u0646 \u064a\u0633\u0639\u0648\u0646 \u0625\u0644\u0649 \u062a\u062d\u0642\u064a\u0642 \u0623\u0642\u0635\u0649 \u0642\u062f\u0631 \u0645\u0646 \u0627\u0644\u0625\u0646\u062a\u0627\u062c\u064a\u0629.<\/span><\/div>\n<div class=\"flex items-start gap-3 p-4 rounded-lg hover:bg-blue-50 transition-colors duration-300\" data-lov-id=\"src\/pages\/Index.tsx:187:18\" data-lov-name=\"div\" data-component-path=\"src\/pages\/Index.tsx\" data-component-line=\"187\" data-component-file=\"Index.tsx\" data-component-name=\"div\" data-component-content=\"%7B%22className%22%3A%22flex%20items-start%20gap-3%20p-4%20rounded-lg%20hover%3Abg-blue-50%20transition-colors%20duration-300%22%7D\">\u2705 <b style=\"color: red;\">\u062c\u0645\u064a\u0639 \u0645\u0646\u062a\u062c\u0627\u062a\u0646\u0627 \u0623\u0635\u0644\u064a\u0629 \u0648\u062a\u0623\u062a\u064a \u0645\u0639 \u0636\u0645\u0627\u0646 \u0648\u062f\u0639\u0645 \u0641\u0646\u064a.<\/b><\/div>\n<div class=\"flex items-start gap-3 p-4 rounded-lg hover:bg-blue-50 transition-colors duration-300\" data-lov-id=\"src\/pages\/Index.tsx:187:18\" data-lov-name=\"div\" data-component-path=\"src\/pages\/Index.tsx\" data-component-line=\"187\" data-component-file=\"Index.tsx\" data-component-name=\"div\" data-component-content=\"%7B%22className%22%3A%22flex%20items-start%20gap-3%20p-4%20rounded-lg%20hover%3Abg-blue-50%20transition-colors%20duration-300%22%7D\"><span class=\"text-lg\" data-lov-id=\"src\/pages\/Index.tsx:188:20\" data-lov-name=\"span\" data-component-path=\"src\/pages\/Index.tsx\" data-component-line=\"188\" data-component-file=\"Index.tsx\" data-component-name=\"span\" data-component-content=\"%7B%22className%22%3A%22text-lg%22%7D\">\u2705 <strong style=\"color: red;\">\u062a\u0648\u0635\u064a\u0644 \u0641\u0648\u0631\u064a \u0625\u0644\u0649 \u0628\u0631\u064a\u062f\u0643 \u0627\u0644\u0625\u0644\u0643\u062a\u0631\u0648\u0646\u064a \u0645\u0628\u0627\u0634\u0631\u0629\u064b \u0645\u0639 \u062f\u0644\u064a\u0644 \u0627\u0644\u062a\u062b\u0628\u064a\u062a.<\/strong><br \/>\n<\/span><\/div>","protected":false},"featured_media":17158,"comment_status":"open","ping_status":"closed","template":"","meta":{"_monsterinsights_skip_tracking":false,"_monsterinsights_sitenote_active":false,"_monsterinsights_sitenote_note":"","_monsterinsights_sitenote_category":0,"jetpack_post_was_ever_published":false,"jetpack_publicize_message":"","jetpack_publicize_feature_enabled":true,"jetpack_social_post_already_shared":false,"jetpack_social_options":{"image_generator_settings":{"template":"highway","default_image_id":0,"font":"","enabled":false},"version":2}},"product_brand":[291],"product_cat":[68],"product_tag":[294,292,296,295,293],"class_list":{"0":"post-2126","1":"product","2":"type-product","3":"status-publish","4":"has-post-thumbnail","6":"product_brand-adobe","7":"product_cat-diseno","8":"product_tag-adobe-cc-pro-descuento-primer-ano-illustrator-premiere","9":"product_tag-adobe-creative-cloud-pro-1-ano-todas-apps","10":"product_tag-creative-cloud-pro-estudiantes-1-ano-barato","11":"product_tag-licencia-adobe-creative-cloud-12-meses-firefly-ia","12":"product_tag-suscripcion-creative-cloud-all-apps-anual-photoshop","14":"first","15":"instock","16":"sale","17":"virtual","18":"purchasable","19":"product-type-simple"},"yoast_head":"<!-- This site is optimized with the Yoast SEO plugin v27.4 - https:\/\/yoast.com\/product\/yoast-seo-wordpress\/ -->\n<title>Adobe Creative Cloud Pro 1 A\u00f1o Todas Apps - Dharma Store Software<\/title>\n<meta name=\"description\" content=\"Accede a la suite creativa completa de Adobe por un a\u00f1o, con Photoshop, Illustrator, Premiere Pro y m\u00e1s. Ideal para profesionales y estudiantes.\" \/>\n<meta name=\"robots\" content=\"index, follow, max-snippet:-1, max-image-preview:large, max-video-preview:-1\" \/>\n<link rel=\"canonical\" href=\"https:\/\/dharmacorpstore.com\/ar\/product-2\/\u062a\u062a\u0636\u0645\u0646-\u0627\u0634\u062a\u0631\u0627\u0643-adobe-creative-cloud-pro-\u0644\u0645\u062f\u0629-\u0639\u0627\u0645-\u0648\u0627\u062d\u062f-20-\u062a\u0637\u0628\u064a\u0642\/\" \/>\n<meta property=\"og:locale\" content=\"ar_AR\" \/>\n<meta property=\"og:type\" content=\"article\" \/>\n<meta property=\"og:title\" content=\"Adobe Creative Cloud Pro 1 A\u00f1o Todas Apps - Dharma Store Software\" \/>\n<meta property=\"og:description\" content=\"Accede a la suite creativa completa de Adobe por un a\u00f1o, con Photoshop, Illustrator, Premiere Pro y m\u00e1s. Ideal para profesionales y estudiantes.\" \/>\n<meta property=\"og:url\" content=\"https:\/\/dharmacorpstore.com\/ar\/product-2\/\u062a\u062a\u0636\u0645\u0646-\u0627\u0634\u062a\u0631\u0627\u0643-adobe-creative-cloud-pro-\u0644\u0645\u062f\u0629-\u0639\u0627\u0645-\u0648\u0627\u062d\u062f-20-\u062a\u0637\u0628\u064a\u0642\/\" \/>\n<meta property=\"og:site_name\" content=\"Dharma Store Software\" \/>\n<meta property=\"article:modified_time\" content=\"2025-12-06T17:25:05+00:00\" \/>\n<meta property=\"og:image\" content=\"https:\/\/dharmacorpstore.com\/wp-content\/uploads\/2023\/11\/Adobe-Creative-cloud-1.png\" \/>\n\t<meta property=\"og:image:width\" content=\"1024\" \/>\n\t<meta property=\"og:image:height\" content=\"1024\" \/>\n\t<meta property=\"og:image:type\" content=\"image\/png\" \/>\n<meta name=\"twitter:card\" content=\"summary_large_image\" \/>\n<meta name=\"twitter:label1\" content=\"\u0648\u0642\u062a \u0627\u0644\u0642\u0631\u0627\u0621\u0629 \u0627\u0644\u0645\u064f\u0642\u062f\u0651\u0631\" \/>\n\t<meta name=\"twitter:data1\" content=\"\u062f\u0642\u064a\u0642\u0629 \u0648\u0627\u062d\u062f\u0629\" \/>\n<script type=\"application\/ld+json\" class=\"yoast-schema-graph\">{\"@context\":\"https:\\\/\\\/schema.org\",\"@graph\":[{\"@type\":\"WebPage\",\"@id\":\"https:\\\/\\\/dharmacorpstore.com\\\/producto\\\/suscripcion-adobe-creative-cloud-pro-1-ano-incluye-20-apps\\\/\",\"url\":\"https:\\\/\\\/dharmacorpstore.com\\\/producto\\\/suscripcion-adobe-creative-cloud-pro-1-ano-incluye-20-apps\\\/\",\"name\":\"Adobe Creative Cloud Pro 1 A\u00f1o Todas Apps - Dharma Store Software\",\"isPartOf\":{\"@id\":\"https:\\\/\\\/dharmacorpstore.com\\\/#website\"},\"primaryImageOfPage\":{\"@id\":\"https:\\\/\\\/dharmacorpstore.com\\\/producto\\\/suscripcion-adobe-creative-cloud-pro-1-ano-incluye-20-apps\\\/#primaryimage\"},\"image\":{\"@id\":\"https:\\\/\\\/dharmacorpstore.com\\\/producto\\\/suscripcion-adobe-creative-cloud-pro-1-ano-incluye-20-apps\\\/#primaryimage\"},\"thumbnailUrl\":\"https:\\\/\\\/i0.wp.com\\\/dharmacorpstore.com\\\/wp-content\\\/uploads\\\/2023\\\/11\\\/Adobe-Creative-cloud-1.png?fit=1024%2C1024&ssl=1\",\"datePublished\":\"2023-11-07T18:54:06+00:00\",\"dateModified\":\"2025-12-06T17:25:05+00:00\",\"description\":\"Accede a la suite creativa completa de Adobe por un a\u00f1o, con Photoshop, Illustrator, Premiere Pro y m\u00e1s. Ideal para profesionales y estudiantes.\",\"breadcrumb\":{\"@id\":\"https:\\\/\\\/dharmacorpstore.com\\\/producto\\\/suscripcion-adobe-creative-cloud-pro-1-ano-incluye-20-apps\\\/#breadcrumb\"},\"inLanguage\":\"ar\",\"potentialAction\":[{\"@type\":\"ReadAction\",\"target\":[\"https:\\\/\\\/dharmacorpstore.com\\\/producto\\\/suscripcion-adobe-creative-cloud-pro-1-ano-incluye-20-apps\\\/\"]}]},{\"@type\":\"ImageObject\",\"inLanguage\":\"ar\",\"@id\":\"https:\\\/\\\/dharmacorpstore.com\\\/producto\\\/suscripcion-adobe-creative-cloud-pro-1-ano-incluye-20-apps\\\/#primaryimage\",\"url\":\"https:\\\/\\\/i0.wp.com\\\/dharmacorpstore.com\\\/wp-content\\\/uploads\\\/2023\\\/11\\\/Adobe-Creative-cloud-1.png?fit=1024%2C1024&ssl=1\",\"contentUrl\":\"https:\\\/\\\/i0.wp.com\\\/dharmacorpstore.com\\\/wp-content\\\/uploads\\\/2023\\\/11\\\/Adobe-Creative-cloud-1.png?fit=1024%2C1024&ssl=1\",\"width\":1024,\"height\":1024},{\"@type\":\"BreadcrumbList\",\"@id\":\"https:\\\/\\\/dharmacorpstore.com\\\/producto\\\/suscripcion-adobe-creative-cloud-pro-1-ano-incluye-20-apps\\\/#breadcrumb\",\"itemListElement\":[{\"@type\":\"ListItem\",\"position\":1,\"name\":\"Home\",\"item\":\"https:\\\/\\\/dharmacorpstore.com\\\/\"},{\"@type\":\"ListItem\",\"position\":2,\"name\":\"Tienda\",\"item\":\"https:\\\/\\\/dharmacorpstore.com\\\/tienda\\\/\"},{\"@type\":\"ListItem\",\"position\":3,\"name\":\"Adobe Creative Cloud Pro 1 A\u00f1o Todas Apps\"}]},{\"@type\":\"WebSite\",\"@id\":\"https:\\\/\\\/dharmacorpstore.com\\\/#website\",\"url\":\"https:\\\/\\\/dharmacorpstore.com\\\/\",\"name\":\"Dharma Store Software\",\"description\":\"Venta de software original y licenciamiento electr\u00f3nico\",\"publisher\":{\"@id\":\"https:\\\/\\\/dharmacorpstore.com\\\/#organization\"},\"potentialAction\":[{\"@type\":\"SearchAction\",\"target\":{\"@type\":\"EntryPoint\",\"urlTemplate\":\"https:\\\/\\\/dharmacorpstore.com\\\/?s={search_term_string}\"},\"query-input\":{\"@type\":\"PropertyValueSpecification\",\"valueRequired\":true,\"valueName\":\"search_term_string\"}}],\"inLanguage\":\"ar\"},{\"@type\":\"Organization\",\"@id\":\"https:\\\/\\\/dharmacorpstore.com\\\/#organization\",\"name\":\"Dharma Store Software\",\"url\":\"https:\\\/\\\/dharmacorpstore.com\\\/\",\"logo\":{\"@type\":\"ImageObject\",\"inLanguage\":\"ar\",\"@id\":\"https:\\\/\\\/dharmacorpstore.com\\\/#\\\/schema\\\/logo\\\/image\\\/\",\"url\":\"https:\\\/\\\/i0.wp.com\\\/dharmacorpstore.com\\\/wp-content\\\/uploads\\\/2023\\\/11\\\/Dharma-Corp-Logo-2023-e1699245439652.png?fit=477%2C108&ssl=1\",\"contentUrl\":\"https:\\\/\\\/i0.wp.com\\\/dharmacorpstore.com\\\/wp-content\\\/uploads\\\/2023\\\/11\\\/Dharma-Corp-Logo-2023-e1699245439652.png?fit=477%2C108&ssl=1\",\"width\":477,\"height\":108,\"caption\":\"Dharma Store Software\"},\"image\":{\"@id\":\"https:\\\/\\\/dharmacorpstore.com\\\/#\\\/schema\\\/logo\\\/image\\\/\"}}]}<\/script>\n<!-- \/ Yoast SEO plugin. -->","yoast_head_json":{"title":"Adobe Creative Cloud Pro \u0644\u0645\u062f\u0629 \u0639\u0627\u0645 \u0648\u0627\u062d\u062f - \u062c\u0645\u064a\u0639 \u0627\u0644\u062a\u0637\u0628\u064a\u0642\u0627\u062a - \u0645\u062a\u062c\u0631 \u062f\u0627\u0631\u0645\u0627 \u0644\u0644\u0628\u0631\u0645\u062c\u064a\u0627\u062a","description":"\u0627\u062d\u0635\u0644 \u0639\u0644\u0649 \u0625\u0645\u0643\u0627\u0646\u064a\u0629 \u0627\u0644\u0648\u0635\u0648\u0644 \u0625\u0644\u0649 \u0645\u062c\u0645\u0648\u0639\u0629 \u0623\u062f\u0648\u0628\u064a \u0627\u0644\u0625\u0628\u062f\u0627\u0639\u064a\u0629 \u0627\u0644\u0643\u0627\u0645\u0644\u0629 \u0644\u0645\u062f\u0629 \u0639\u0627\u0645 \u0648\u0627\u062d\u062f\u060c \u0628\u0645\u0627 \u0641\u064a \u0630\u0644\u0643 \u0641\u0648\u062a\u0648\u0634\u0648\u0628\u060c \u0648\u0625\u0644\u0633\u062a\u0631\u064a\u062a\u0648\u0631\u060c \u0648\u0628\u0631\u064a\u0645\u064a\u0631 \u0628\u0631\u0648\u060c \u0648\u063a\u064a\u0631\u0647\u0627. \u0645\u062b\u0627\u0644\u064a\u0629 \u0644\u0644\u0645\u062d\u062a\u0631\u0641\u064a\u0646 \u0648\u0627\u0644\u0637\u0644\u0627\u0628.","robots":{"index":"index","follow":"follow","max-snippet":"max-snippet:-1","max-image-preview":"max-image-preview:large","max-video-preview":"max-video-preview:-1"},"canonical":"https:\/\/dharmacorpstore.com\/ar\/product-2\/\u062a\u062a\u0636\u0645\u0646-\u0627\u0634\u062a\u0631\u0627\u0643-adobe-creative-cloud-pro-\u0644\u0645\u062f\u0629-\u0639\u0627\u0645-\u0648\u0627\u062d\u062f-20-\u062a\u0637\u0628\u064a\u0642\/","og_locale":"ar_AR","og_type":"article","og_title":"Adobe Creative Cloud Pro 1 A\u00f1o Todas Apps - Dharma Store Software","og_description":"Accede a la suite creativa completa de Adobe por un a\u00f1o, con Photoshop, Illustrator, Premiere Pro y m\u00e1s. Ideal para profesionales y estudiantes.","og_url":"https:\/\/dharmacorpstore.com\/ar\/product-2\/\u062a\u062a\u0636\u0645\u0646-\u0627\u0634\u062a\u0631\u0627\u0643-adobe-creative-cloud-pro-\u0644\u0645\u062f\u0629-\u0639\u0627\u0645-\u0648\u0627\u062d\u062f-20-\u062a\u0637\u0628\u064a\u0642\/","og_site_name":"Dharma Store Software","article_modified_time":"2025-12-06T17:25:05+00:00","og_image":[{"width":1024,"height":1024,"url":"https:\/\/dharmacorpstore.com\/wp-content\/uploads\/2023\/11\/Adobe-Creative-cloud-1.png","type":"image\/png"}],"twitter_card":"summary_large_image","twitter_misc":{"\u0648\u0642\u062a \u0627\u0644\u0642\u0631\u0627\u0621\u0629 \u0627\u0644\u0645\u064f\u0642\u062f\u0651\u0631":"\u062f\u0642\u064a\u0642\u0629 \u0648\u0627\u062d\u062f\u0629"},"schema":{"@context":"https:\/\/schema.org","@graph":[{"@type":"WebPage","@id":"https:\/\/dharmacorpstore.com\/producto\/suscripcion-adobe-creative-cloud-pro-1-ano-incluye-20-apps\/","url":"https:\/\/dharmacorpstore.com\/producto\/suscripcion-adobe-creative-cloud-pro-1-ano-incluye-20-apps\/","name":"Adobe Creative Cloud Pro \u0644\u0645\u062f\u0629 \u0639\u0627\u0645 \u0648\u0627\u062d\u062f - \u062c\u0645\u064a\u0639 \u0627\u0644\u062a\u0637\u0628\u064a\u0642\u0627\u062a - \u0645\u062a\u062c\u0631 \u062f\u0627\u0631\u0645\u0627 \u0644\u0644\u0628\u0631\u0645\u062c\u064a\u0627\u062a","isPartOf":{"@id":"https:\/\/dharmacorpstore.com\/#website"},"primaryImageOfPage":{"@id":"https:\/\/dharmacorpstore.com\/producto\/suscripcion-adobe-creative-cloud-pro-1-ano-incluye-20-apps\/#primaryimage"},"image":{"@id":"https:\/\/dharmacorpstore.com\/producto\/suscripcion-adobe-creative-cloud-pro-1-ano-incluye-20-apps\/#primaryimage"},"thumbnailUrl":"https:\/\/i0.wp.com\/dharmacorpstore.com\/wp-content\/uploads\/2023\/11\/Adobe-Creative-cloud-1.png?fit=1024%2C1024&ssl=1","datePublished":"2023-11-07T18:54:06+00:00","dateModified":"2025-12-06T17:25:05+00:00","description":"\u0627\u062d\u0635\u0644 \u0639\u0644\u0649 \u0625\u0645\u0643\u0627\u0646\u064a\u0629 \u0627\u0644\u0648\u0635\u0648\u0644 \u0625\u0644\u0649 \u0645\u062c\u0645\u0648\u0639\u0629 \u0623\u062f\u0648\u0628\u064a \u0627\u0644\u0625\u0628\u062f\u0627\u0639\u064a\u0629 \u0627\u0644\u0643\u0627\u0645\u0644\u0629 \u0644\u0645\u062f\u0629 \u0639\u0627\u0645 \u0648\u0627\u062d\u062f\u060c \u0628\u0645\u0627 \u0641\u064a \u0630\u0644\u0643 \u0641\u0648\u062a\u0648\u0634\u0648\u0628\u060c \u0648\u0625\u0644\u0633\u062a\u0631\u064a\u062a\u0648\u0631\u060c \u0648\u0628\u0631\u064a\u0645\u064a\u0631 \u0628\u0631\u0648\u060c \u0648\u063a\u064a\u0631\u0647\u0627. \u0645\u062b\u0627\u0644\u064a\u0629 \u0644\u0644\u0645\u062d\u062a\u0631\u0641\u064a\u0646 \u0648\u0627\u0644\u0637\u0644\u0627\u0628.","breadcrumb":{"@id":"https:\/\/dharmacorpstore.com\/producto\/suscripcion-adobe-creative-cloud-pro-1-ano-incluye-20-apps\/#breadcrumb"},"inLanguage":"ar","potentialAction":[{"@type":"ReadAction","target":["https:\/\/dharmacorpstore.com\/producto\/suscripcion-adobe-creative-cloud-pro-1-ano-incluye-20-apps\/"]}]},{"@type":"ImageObject","inLanguage":"ar","@id":"https:\/\/dharmacorpstore.com\/producto\/suscripcion-adobe-creative-cloud-pro-1-ano-incluye-20-apps\/#primaryimage","url":"https:\/\/i0.wp.com\/dharmacorpstore.com\/wp-content\/uploads\/2023\/11\/Adobe-Creative-cloud-1.png?fit=1024%2C1024&ssl=1","contentUrl":"https:\/\/i0.wp.com\/dharmacorpstore.com\/wp-content\/uploads\/2023\/11\/Adobe-Creative-cloud-1.png?fit=1024%2C1024&ssl=1","width":1024,"height":1024},{"@type":"BreadcrumbList","@id":"https:\/\/dharmacorpstore.com\/producto\/suscripcion-adobe-creative-cloud-pro-1-ano-incluye-20-apps\/#breadcrumb","itemListElement":[{"@type":"ListItem","position":1,"name":"Home","item":"https:\/\/dharmacorpstore.com\/"},{"@type":"ListItem","position":2,"name":"Tienda","item":"https:\/\/dharmacorpstore.com\/tienda\/"},{"@type":"ListItem","position":3,"name":"Adobe Creative Cloud Pro 1 A\u00f1o Todas Apps"}]},{"@type":"WebSite","@id":"https:\/\/dharmacorpstore.com\/#website","url":"https:\/\/dharmacorpstore.com\/","name":"\u0628\u0631\u0646\u0627\u0645\u062c \u0645\u062a\u062c\u0631 \u062f\u0627\u0631\u0645\u0627 \u0633\u062a\u0648\u0631","description":"\u0628\u064a\u0639 \u0627\u0644\u0628\u0631\u0627\u0645\u062c \u0627\u0644\u0623\u0635\u0644\u064a\u0629 \u0648\u0627\u0644\u062a\u0631\u062e\u064a\u0635 \u0627\u0644\u0625\u0644\u0643\u062a\u0631\u0648\u0646\u064a","publisher":{"@id":"https:\/\/dharmacorpstore.com\/#organization"},"potentialAction":[{"@type":"SearchAction","target":{"@type":"EntryPoint","urlTemplate":"https:\/\/dharmacorpstore.com\/?s={search_term_string}"},"query-input":{"@type":"PropertyValueSpecification","valueRequired":true,"valueName":"search_term_string"}}],"inLanguage":"ar"},{"@type":"Organization","@id":"https:\/\/dharmacorpstore.com\/#organization","name":"\u0628\u0631\u0646\u0627\u0645\u062c \u0645\u062a\u062c\u0631 \u062f\u0627\u0631\u0645\u0627 \u0633\u062a\u0648\u0631","url":"https:\/\/dharmacorpstore.com\/","logo":{"@type":"ImageObject","inLanguage":"ar","@id":"https:\/\/dharmacorpstore.com\/#\/schema\/logo\/image\/","url":"https:\/\/i0.wp.com\/dharmacorpstore.com\/wp-content\/uploads\/2023\/11\/Dharma-Corp-Logo-2023-e1699245439652.png?fit=477%2C108&ssl=1","contentUrl":"https:\/\/i0.wp.com\/dharmacorpstore.com\/wp-content\/uploads\/2023\/11\/Dharma-Corp-Logo-2023-e1699245439652.png?fit=477%2C108&ssl=1","width":477,"height":108,"caption":"Dharma Store Software"},"image":{"@id":"https:\/\/dharmacorpstore.com\/#\/schema\/logo\/image\/"}}]}},"jetpack_publicize_connections":[],"jetpack-related-posts":[],"jetpack_likes_enabled":true,"jetpack_sharing_enabled":true,"_links":{"self":[{"href":"https:\/\/dharmacorpstore.com\/ar\/wp-json\/wp\/v2\/product\/2126","targetHints":{"allow":["GET"]}}],"collection":[{"href":"https:\/\/dharmacorpstore.com\/ar\/wp-json\/wp\/v2\/product"}],"about":[{"href":"https:\/\/dharmacorpstore.com\/ar\/wp-json\/wp\/v2\/types\/product"}],"replies":[{"embeddable":true,"href":"https:\/\/dharmacorpstore.com\/ar\/wp-json\/wp\/v2\/comments?post=2126"}],"wp:featuredmedia":[{"embeddable":true,"href":"https:\/\/dharmacorpstore.com\/ar\/wp-json\/wp\/v2\/media\/17158"}],"wp:attachment":[{"href":"https:\/\/dharmacorpstore.com\/ar\/wp-json\/wp\/v2\/media?parent=2126"}],"wp:term":[{"taxonomy":"product_brand","embeddable":true,"href":"https:\/\/dharmacorpstore.com\/ar\/wp-json\/wp\/v2\/product_brand?post=2126"},{"taxonomy":"product_cat","embeddable":true,"href":"https:\/\/dharmacorpstore.com\/ar\/wp-json\/wp\/v2\/product_cat?post=2126"},{"taxonomy":"product_tag","embeddable":true,"href":"https:\/\/dharmacorpstore.com\/ar\/wp-json\/wp\/v2\/product_tag?post=2126"}],"curies":[{"name":"\u062f\u0628\u0644\u064a\u0648 \u0628\u064a","href":"https:\/\/api.w.org\/{rel}","templated":true}]}}