{"id":951,"date":"2023-08-08T23:41:26","date_gmt":"2023-08-09T03:41:26","guid":{"rendered":"http:\/\/dharmacorpstore.com\/?post_type=product&#038;p=951"},"modified":"2026-03-26T11:51:16","modified_gmt":"2026-03-26T15:51:16","slug":"%d9%85%d8%a7%d9%8a%d9%83%d8%b1%d9%88%d8%b3%d9%88%d9%81%d8%aa-a3-%d8%ad%d8%b3%d8%a7%d8%a8-%d9%85%d8%a7%d9%8a%d9%83%d8%b1%d9%88%d8%b3%d9%88%d9%81%d8%aa-a3-%d8%af%d8%a7%d8%a6%d9%85-%d8%a8%d8%af%d9%88","status":"publish","type":"product","link":"https:\/\/dharmacorpstore.com\/ar\/product-2\/%d9%85%d8%a7%d9%8a%d9%83%d8%b1%d9%88%d8%b3%d9%88%d9%81%d8%aa-a3-%d8%ad%d8%b3%d8%a7%d8%a8-%d9%85%d8%a7%d9%8a%d9%83%d8%b1%d9%88%d8%b3%d9%88%d9%81%d8%aa-a3-%d8%af%d8%a7%d8%a6%d9%85-%d8%a8%d8%af%d9%88\/","title":{"rendered":"Microsoft 365 A3 cuenta permanente"},"content":{"rendered":"<p class=\"my-2 [&amp;+p]:mt-4 [&amp;_strong:has(+br)]:inline-block [&amp;_strong:has(+br)]:pb-2\">La licencia Microsoft A3 cuenta permanente es la soluci\u00f3n perfecta para instituciones educativas, profesores y estudiantes que buscan potenciar el aprendizaje digital con las aplicaciones m\u00e1s reconocidas de Microsoft. Incluye acceso completo a Word, Excel, PowerPoint, Outlook, Teams y otras herramientas esenciales, directamente desde la nube y siempre con las \u00faltimas actualizaciones de seguridad.<\/p>\n<p class=\"my-2 [&amp;+p]:mt-4 [&amp;_strong:has(+br)]:inline-block [&amp;_strong:has(+br)]:pb-2\">Con esta cuenta permanente, obtienes tu propio usuario para iniciar sesi\u00f3n en la <a href=\"https:\/\/portal.office.com\">plataforma de Microsoft<\/a>, evitando restricciones t\u00edpicas de licencias temporales o limitadas. La activaci\u00f3n es r\u00e1pida: recibir\u00e1s tu usuario exclusivo por correo, listo para usar, sin procesos complicados ni esperas prolongadas.<\/p>\n<p class=\"my-2 [&amp;+p]:mt-4 [&amp;_strong:has(+br)]:inline-block [&amp;_strong:has(+br)]:pb-2\">Este paquete est\u00e1 orientado a garantizar una experiencia eficiente, permitiendo colaboraci\u00f3n en tiempo real, comunicaci\u00f3n efectiva y acceso seguro a todas las herramientas, desde cualquier dispositivo compatible. Es la alternativa ideal para aquellos que buscan una opci\u00f3n econ\u00f3mica, duradera y sin suscripciones recurrentes.<\/p>\n<p class=\"my-2 [&amp;+p]:mt-4 [&amp;_strong:has(+br)]:inline-block [&amp;_strong:has(+br)]:pb-2\">Difer\u00e9nciate con una cuenta que no se limita a la prueba gratuita y olv\u00eddate de problemas de renovaci\u00f3n. No se incluye almacenamiento en OneDrive, enfocando los recursos en lo que realmente necesitas: las aplicaciones y servicios educativos de Office 365. Perfecto para escuelas, docentes, estudiantes universitarios y cualquier \u00e1mbito donde la educaci\u00f3n digital sea prioridad.<\/p>\n","protected":false},"excerpt":{"rendered":"<p><span class=\"text-lg\" data-lov-id=\"src\/pages\/Index.tsx:188:20\" data-lov-name=\"span\" data-component-path=\"src\/pages\/Index.tsx\" data-component-line=\"188\" data-component-file=\"Index.tsx\" data-component-name=\"span\" data-component-content=\"%7B%22className%22%3A%22text-lg%22%7D\">\u2705 \u062d\u0633\u0627\u0628 Office 365 \u0644\u0640 5 \u0623\u062c\u0647\u0632\u0629 \u06485 \u0647\u0648\u0627\u062a\u0641 \u06485 \u0623\u062c\u0647\u0632\u0629 \u0644\u0648\u062d\u064a\u0629<br \/>\n\u062a\u0641\u0639\u064a\u0644 \u0645\u062f\u0649 \u0627\u0644\u062d\u064a\u0627\u0629<br \/>\n\u0648\u0635\u0648\u0644 \u0643\u0627\u0645\u0644 \u0625\u0644\u0649 \u062a\u0637\u0628\u064a\u0642\u0627\u062a Office \u0627\u0644\u0645\u0643\u062a\u0628\u064a\u0629: Word\u060c Excel\u060c PowerPoint\u060c Outlook\u060c Outlook\u060c Publisher\u060c Access\u060c \u0644\u0646\u0638\u0627\u0645 \u0627\u0644\u062a\u0634\u063a\u064a\u0644 Windows<br \/>\n\u0644\u0646\u0638\u0627\u0645 \u0627\u0644\u062a\u0634\u063a\u064a\u0644 Mac \u0644\u0627 \u064a\u062a\u0636\u0645\u0646 Publisher \u0648 Access.<br \/>\n\u2705 \u064a\u0639\u0645\u0644 \u0639\u0644\u0649 \u0643\u0644 \u0645\u0646 \u0648\u064a\u0646\u062f\u0648\u0632 \u0648\u0645\u0627\u0643<br \/>\n\u2705 \u064a\u0639\u0645\u0644 \u0623\u064a\u0636\u064b\u0627 \u0639\u0644\u0649 \u0627\u0644\u0647\u0648\u0627\u062a\u0641 \u0627\u0644\u0645\u062d\u0645\u0648\u0644\u0629 \u0627\u0644\u062a\u064a \u062a\u0639\u0645\u0644 \u0628\u0646\u0638\u0627\u0645\u064a iOS \u0648 Android.<br \/>\n<strong style=\"color: blue;\">\u2705 \u064a\u064f\u0633\u062a\u062e\u062f\u0645 \u0644\u062a\u0641\u0639\u064a\u0644 Office \u0627\u0644\u0645\u062b\u0628\u062a \u0645\u0633\u0628\u0642\u0627\u064b \u0639\u0644\u0649 \u062c\u0647\u0627\u0632 \u0627\u0644\u0643\u0645\u0628\u064a\u0648\u062a\u0631 \u0627\u0644\u062e\u0627\u0635 \u0628\u0643.<\/strong><br \/>\n\u2705 <b style=\"color: red;\">\u062c\u0645\u064a\u0639 \u0645\u0646\u062a\u062c\u0627\u062a\u0646\u0627 \u0623\u0635\u0644\u064a\u0629 \u0648\u062a\u0623\u062a\u064a \u0645\u0639 \u0636\u0645\u0627\u0646 \u0648\u062f\u0639\u0645 \u0641\u0646\u064a.<\/b><br \/>\n\u2705 <b style=\"color: red;\">\u062a\u0648\u0635\u064a\u0644 \u0641\u0648\u0631\u064a \u0625\u0644\u0649 \u0628\u0631\u064a\u062f\u0643 \u0627\u0644\u0625\u0644\u0643\u062a\u0631\u0648\u0646\u064a \u0645\u0628\u0627\u0634\u0631\u0629\u064b \u0645\u0639 \u062f\u0644\u064a\u0644 \u0627\u0644\u062a\u062b\u0628\u064a\u062a.<\/b><br \/>\n<\/span><\/p>","protected":false},"featured_media":17117,"comment_status":"open","ping_status":"closed","template":"","meta":{"_monsterinsights_skip_tracking":false,"_monsterinsights_sitenote_active":false,"_monsterinsights_sitenote_note":"","_monsterinsights_sitenote_category":0,"jetpack_post_was_ever_published":false,"jetpack_publicize_message":"","jetpack_publicize_feature_enabled":true,"jetpack_social_post_already_shared":false,"jetpack_social_options":{"image_generator_settings":{"template":"highway","default_image_id":0,"font":"","enabled":false},"version":2}},"product_brand":[182],"product_cat":[20],"product_tag":[201,195,196,193,194,199,197,198,200],"class_list":{"0":"post-951","1":"product","2":"type-product","3":"status-publish","4":"has-post-thumbnail","6":"product_brand-microsoft","7":"product_cat-office","8":"product_tag-activacion-office-365-permanente","9":"product_tag-descargar-office-365-para-empresas","10":"product_tag-licencia-digital-office-365-a3","11":"product_tag-licencia-office-365-original","12":"product_tag-microsoft-365-educacion-a3","13":"product_tag-office-365-con-almacenamiento-en-la-nube","14":"product_tag-office-365-con-microsoft-teams","15":"product_tag-office-365-para-colaboracion-en-linea","16":"product_tag-software-ofimatico-microsoft-365","18":"first","19":"instock","20":"sale","21":"virtual","22":"purchasable","23":"product-type-simple"},"yoast_head":"<!-- This site is optimized with the Yoast SEO plugin v27.5 - https:\/\/yoast.com\/product\/yoast-seo-wordpress\/ -->\n<title>Microsoft 365 A3 cuenta permanente - Dharma Store Software<\/title>\n<meta name=\"description\" content=\"Office 365 A3 ofrece aplicaciones Office completas, colaboraci\u00f3n con Teams, correo profesional y seguridad avanzada ideal para empresas y educaci\u00f3n.\" \/>\n<meta name=\"robots\" content=\"index, follow, max-snippet:-1, max-image-preview:large, max-video-preview:-1\" \/>\n<link rel=\"canonical\" href=\"https:\/\/dharmacorpstore.com\/ar\/product-2\/\u0645\u0627\u064a\u0643\u0631\u0648\u0633\u0648\u0641\u062a-a3-\u062d\u0633\u0627\u0628-\u0645\u0627\u064a\u0643\u0631\u0648\u0633\u0648\u0641\u062a-a3-\u062f\u0627\u0626\u0645-\u0628\u062f\u0648\/\" \/>\n<meta property=\"og:locale\" content=\"ar_AR\" \/>\n<meta property=\"og:type\" content=\"article\" \/>\n<meta property=\"og:title\" content=\"Microsoft 365 A3 cuenta permanente - Dharma Store Software\" \/>\n<meta property=\"og:description\" content=\"Office 365 A3 ofrece aplicaciones Office completas, colaboraci\u00f3n con Teams, correo profesional y seguridad avanzada ideal para empresas y educaci\u00f3n.\" \/>\n<meta property=\"og:url\" content=\"https:\/\/dharmacorpstore.com\/ar\/product-2\/\u0645\u0627\u064a\u0643\u0631\u0648\u0633\u0648\u0641\u062a-a3-\u062d\u0633\u0627\u0628-\u0645\u0627\u064a\u0643\u0631\u0648\u0633\u0648\u0641\u062a-a3-\u062f\u0627\u0626\u0645-\u0628\u062f\u0648\/\" \/>\n<meta property=\"og:site_name\" content=\"Dharma Store Software\" \/>\n<meta property=\"article:modified_time\" content=\"2026-03-26T15:51:16+00:00\" \/>\n<meta property=\"og:image\" content=\"https:\/\/dharmacorpstore.com\/wp-content\/uploads\/2023\/08\/365-A3.png\" \/>\n\t<meta property=\"og:image:width\" content=\"1024\" \/>\n\t<meta property=\"og:image:height\" content=\"1024\" \/>\n\t<meta property=\"og:image:type\" content=\"image\/png\" \/>\n<meta name=\"twitter:card\" content=\"summary_large_image\" \/>\n<meta name=\"twitter:label1\" content=\"\u0648\u0642\u062a \u0627\u0644\u0642\u0631\u0627\u0621\u0629 \u0627\u0644\u0645\u064f\u0642\u062f\u0651\u0631\" \/>\n\t<meta name=\"twitter:data1\" content=\"\u062f\u0642\u064a\u0642\u062a\u0627\u0646\" \/>\n<script type=\"application\/ld+json\" class=\"yoast-schema-graph\">{\"@context\":\"https:\\\/\\\/schema.org\",\"@graph\":[{\"@type\":\"WebPage\",\"@id\":\"https:\\\/\\\/dharmacorpstore.com\\\/producto\\\/microsoft-a3-cuenta-permanente-sin-onedrive\\\/\",\"url\":\"https:\\\/\\\/dharmacorpstore.com\\\/producto\\\/microsoft-a3-cuenta-permanente-sin-onedrive\\\/\",\"name\":\"Microsoft 365 A3 cuenta permanente - Dharma Store Software\",\"isPartOf\":{\"@id\":\"https:\\\/\\\/dharmacorpstore.com\\\/#website\"},\"primaryImageOfPage\":{\"@id\":\"https:\\\/\\\/dharmacorpstore.com\\\/producto\\\/microsoft-a3-cuenta-permanente-sin-onedrive\\\/#primaryimage\"},\"image\":{\"@id\":\"https:\\\/\\\/dharmacorpstore.com\\\/producto\\\/microsoft-a3-cuenta-permanente-sin-onedrive\\\/#primaryimage\"},\"thumbnailUrl\":\"https:\\\/\\\/i0.wp.com\\\/dharmacorpstore.com\\\/wp-content\\\/uploads\\\/2023\\\/08\\\/365-A3.png?fit=1024%2C1024&ssl=1\",\"datePublished\":\"2023-08-09T03:41:26+00:00\",\"dateModified\":\"2026-03-26T15:51:16+00:00\",\"description\":\"Office 365 A3 ofrece aplicaciones Office completas, colaboraci\u00f3n con Teams, correo profesional y seguridad avanzada ideal para empresas y educaci\u00f3n.\",\"breadcrumb\":{\"@id\":\"https:\\\/\\\/dharmacorpstore.com\\\/producto\\\/microsoft-a3-cuenta-permanente-sin-onedrive\\\/#breadcrumb\"},\"inLanguage\":\"ar\",\"potentialAction\":[{\"@type\":\"ReadAction\",\"target\":[\"https:\\\/\\\/dharmacorpstore.com\\\/producto\\\/microsoft-a3-cuenta-permanente-sin-onedrive\\\/\"]}]},{\"@type\":\"ImageObject\",\"inLanguage\":\"ar\",\"@id\":\"https:\\\/\\\/dharmacorpstore.com\\\/producto\\\/microsoft-a3-cuenta-permanente-sin-onedrive\\\/#primaryimage\",\"url\":\"https:\\\/\\\/i0.wp.com\\\/dharmacorpstore.com\\\/wp-content\\\/uploads\\\/2023\\\/08\\\/365-A3.png?fit=1024%2C1024&ssl=1\",\"contentUrl\":\"https:\\\/\\\/i0.wp.com\\\/dharmacorpstore.com\\\/wp-content\\\/uploads\\\/2023\\\/08\\\/365-A3.png?fit=1024%2C1024&ssl=1\",\"width\":1024,\"height\":1024},{\"@type\":\"BreadcrumbList\",\"@id\":\"https:\\\/\\\/dharmacorpstore.com\\\/producto\\\/microsoft-a3-cuenta-permanente-sin-onedrive\\\/#breadcrumb\",\"itemListElement\":[{\"@type\":\"ListItem\",\"position\":1,\"name\":\"Home\",\"item\":\"https:\\\/\\\/dharmacorpstore.com\\\/\"},{\"@type\":\"ListItem\",\"position\":2,\"name\":\"Tienda\",\"item\":\"https:\\\/\\\/dharmacorpstore.com\\\/tienda\\\/\"},{\"@type\":\"ListItem\",\"position\":3,\"name\":\"Microsoft 365 A3 cuenta permanente\"}]},{\"@type\":\"WebSite\",\"@id\":\"https:\\\/\\\/dharmacorpstore.com\\\/#website\",\"url\":\"https:\\\/\\\/dharmacorpstore.com\\\/\",\"name\":\"Dharma Store Software\",\"description\":\"Venta de software original y licenciamiento electr\u00f3nico\",\"publisher\":{\"@id\":\"https:\\\/\\\/dharmacorpstore.com\\\/#organization\"},\"potentialAction\":[{\"@type\":\"SearchAction\",\"target\":{\"@type\":\"EntryPoint\",\"urlTemplate\":\"https:\\\/\\\/dharmacorpstore.com\\\/?s={search_term_string}\"},\"query-input\":{\"@type\":\"PropertyValueSpecification\",\"valueRequired\":true,\"valueName\":\"search_term_string\"}}],\"inLanguage\":\"ar\"},{\"@type\":\"Organization\",\"@id\":\"https:\\\/\\\/dharmacorpstore.com\\\/#organization\",\"name\":\"Dharma Store Software\",\"url\":\"https:\\\/\\\/dharmacorpstore.com\\\/\",\"logo\":{\"@type\":\"ImageObject\",\"inLanguage\":\"ar\",\"@id\":\"https:\\\/\\\/dharmacorpstore.com\\\/#\\\/schema\\\/logo\\\/image\\\/\",\"url\":\"https:\\\/\\\/i0.wp.com\\\/dharmacorpstore.com\\\/wp-content\\\/uploads\\\/2023\\\/11\\\/Dharma-Corp-Logo-2023-e1699245439652.png?fit=477%2C108&ssl=1\",\"contentUrl\":\"https:\\\/\\\/i0.wp.com\\\/dharmacorpstore.com\\\/wp-content\\\/uploads\\\/2023\\\/11\\\/Dharma-Corp-Logo-2023-e1699245439652.png?fit=477%2C108&ssl=1\",\"width\":477,\"height\":108,\"caption\":\"Dharma Store Software\"},\"image\":{\"@id\":\"https:\\\/\\\/dharmacorpstore.com\\\/#\\\/schema\\\/logo\\\/image\\\/\"}}]}<\/script>\n<!-- \/ Yoast SEO plugin. -->","yoast_head_json":{"title":"Microsoft 365 A3 cuenta permanente - Dharma Store Software","description":"\u064a\u0648\u0641\u0631 Office 365 A3 \u062a\u0637\u0628\u064a\u0642\u0627\u062a Office \u0643\u0627\u0645\u0644\u0629\u060c \u0648\u062a\u0639\u0627\u0648\u0646\u0627\u064b \u0645\u0639 Teams\u060c \u0648\u0628\u0631\u064a\u062f\u0627\u064b \u0625\u0644\u0643\u062a\u0631\u0648\u0646\u064a\u0627\u064b \u0627\u062d\u062a\u0631\u0627\u0641\u064a\u0627\u064b\u060c \u0648\u0623\u0645\u0627\u0646\u0627\u064b \u0645\u062a\u0642\u062f\u0645\u0627\u064b \u0645\u062b\u0627\u0644\u064a\u0627\u064b \u0644\u0644\u0623\u0639\u0645\u0627\u0644 \u0648\u0627\u0644\u062a\u0639\u0644\u064a\u0645.","robots":{"index":"index","follow":"follow","max-snippet":"max-snippet:-1","max-image-preview":"max-image-preview:large","max-video-preview":"max-video-preview:-1"},"canonical":"https:\/\/dharmacorpstore.com\/ar\/product-2\/\u0645\u0627\u064a\u0643\u0631\u0648\u0633\u0648\u0641\u062a-a3-\u062d\u0633\u0627\u0628-\u0645\u0627\u064a\u0643\u0631\u0648\u0633\u0648\u0641\u062a-a3-\u062f\u0627\u0626\u0645-\u0628\u062f\u0648\/","og_locale":"ar_AR","og_type":"article","og_title":"Microsoft 365 A3 cuenta permanente - Dharma Store Software","og_description":"Office 365 A3 ofrece aplicaciones Office completas, colaboraci\u00f3n con Teams, correo profesional y seguridad avanzada ideal para empresas y educaci\u00f3n.","og_url":"https:\/\/dharmacorpstore.com\/ar\/product-2\/\u0645\u0627\u064a\u0643\u0631\u0648\u0633\u0648\u0641\u062a-a3-\u062d\u0633\u0627\u0628-\u0645\u0627\u064a\u0643\u0631\u0648\u0633\u0648\u0641\u062a-a3-\u062f\u0627\u0626\u0645-\u0628\u062f\u0648\/","og_site_name":"Dharma Store Software","article_modified_time":"2026-03-26T15:51:16+00:00","og_image":[{"width":1024,"height":1024,"url":"https:\/\/dharmacorpstore.com\/wp-content\/uploads\/2023\/08\/365-A3.png","type":"image\/png"}],"twitter_card":"summary_large_image","twitter_misc":{"\u0648\u0642\u062a \u0627\u0644\u0642\u0631\u0627\u0621\u0629 \u0627\u0644\u0645\u064f\u0642\u062f\u0651\u0631":"\u062f\u0642\u064a\u0642\u062a\u0627\u0646"},"schema":{"@context":"https:\/\/schema.org","@graph":[{"@type":"WebPage","@id":"https:\/\/dharmacorpstore.com\/producto\/microsoft-a3-cuenta-permanente-sin-onedrive\/","url":"https:\/\/dharmacorpstore.com\/producto\/microsoft-a3-cuenta-permanente-sin-onedrive\/","name":"Microsoft 365 A3 cuenta permanente - Dharma Store Software","isPartOf":{"@id":"https:\/\/dharmacorpstore.com\/#website"},"primaryImageOfPage":{"@id":"https:\/\/dharmacorpstore.com\/producto\/microsoft-a3-cuenta-permanente-sin-onedrive\/#primaryimage"},"image":{"@id":"https:\/\/dharmacorpstore.com\/producto\/microsoft-a3-cuenta-permanente-sin-onedrive\/#primaryimage"},"thumbnailUrl":"https:\/\/i0.wp.com\/dharmacorpstore.com\/wp-content\/uploads\/2023\/08\/365-A3.png?fit=1024%2C1024&ssl=1","datePublished":"2023-08-09T03:41:26+00:00","dateModified":"2026-03-26T15:51:16+00:00","description":"\u064a\u0648\u0641\u0631 Office 365 A3 \u062a\u0637\u0628\u064a\u0642\u0627\u062a Office \u0643\u0627\u0645\u0644\u0629\u060c \u0648\u062a\u0639\u0627\u0648\u0646\u0627\u064b \u0645\u0639 Teams\u060c \u0648\u0628\u0631\u064a\u062f\u0627\u064b \u0625\u0644\u0643\u062a\u0631\u0648\u0646\u064a\u0627\u064b \u0627\u062d\u062a\u0631\u0627\u0641\u064a\u0627\u064b\u060c \u0648\u0623\u0645\u0627\u0646\u0627\u064b \u0645\u062a\u0642\u062f\u0645\u0627\u064b \u0645\u062b\u0627\u0644\u064a\u0627\u064b \u0644\u0644\u0623\u0639\u0645\u0627\u0644 \u0648\u0627\u0644\u062a\u0639\u0644\u064a\u0645.","breadcrumb":{"@id":"https:\/\/dharmacorpstore.com\/producto\/microsoft-a3-cuenta-permanente-sin-onedrive\/#breadcrumb"},"inLanguage":"ar","potentialAction":[{"@type":"ReadAction","target":["https:\/\/dharmacorpstore.com\/producto\/microsoft-a3-cuenta-permanente-sin-onedrive\/"]}]},{"@type":"ImageObject","inLanguage":"ar","@id":"https:\/\/dharmacorpstore.com\/producto\/microsoft-a3-cuenta-permanente-sin-onedrive\/#primaryimage","url":"https:\/\/i0.wp.com\/dharmacorpstore.com\/wp-content\/uploads\/2023\/08\/365-A3.png?fit=1024%2C1024&ssl=1","contentUrl":"https:\/\/i0.wp.com\/dharmacorpstore.com\/wp-content\/uploads\/2023\/08\/365-A3.png?fit=1024%2C1024&ssl=1","width":1024,"height":1024},{"@type":"BreadcrumbList","@id":"https:\/\/dharmacorpstore.com\/producto\/microsoft-a3-cuenta-permanente-sin-onedrive\/#breadcrumb","itemListElement":[{"@type":"ListItem","position":1,"name":"Home","item":"https:\/\/dharmacorpstore.com\/"},{"@type":"ListItem","position":2,"name":"Tienda","item":"https:\/\/dharmacorpstore.com\/tienda\/"},{"@type":"ListItem","position":3,"name":"Microsoft 365 A3 cuenta permanente"}]},{"@type":"WebSite","@id":"https:\/\/dharmacorpstore.com\/#website","url":"https:\/\/dharmacorpstore.com\/","name":"\u0628\u0631\u0646\u0627\u0645\u062c \u0645\u062a\u062c\u0631 \u062f\u0627\u0631\u0645\u0627 \u0633\u062a\u0648\u0631","description":"\u0628\u064a\u0639 \u0627\u0644\u0628\u0631\u0627\u0645\u062c \u0627\u0644\u0623\u0635\u0644\u064a\u0629 \u0648\u0627\u0644\u062a\u0631\u062e\u064a\u0635 \u0627\u0644\u0625\u0644\u0643\u062a\u0631\u0648\u0646\u064a","publisher":{"@id":"https:\/\/dharmacorpstore.com\/#organization"},"potentialAction":[{"@type":"SearchAction","target":{"@type":"EntryPoint","urlTemplate":"https:\/\/dharmacorpstore.com\/?s={search_term_string}"},"query-input":{"@type":"PropertyValueSpecification","valueRequired":true,"valueName":"search_term_string"}}],"inLanguage":"ar"},{"@type":"Organization","@id":"https:\/\/dharmacorpstore.com\/#organization","name":"\u0628\u0631\u0646\u0627\u0645\u062c \u0645\u062a\u062c\u0631 \u062f\u0627\u0631\u0645\u0627 \u0633\u062a\u0648\u0631","url":"https:\/\/dharmacorpstore.com\/","logo":{"@type":"ImageObject","inLanguage":"ar","@id":"https:\/\/dharmacorpstore.com\/#\/schema\/logo\/image\/","url":"https:\/\/i0.wp.com\/dharmacorpstore.com\/wp-content\/uploads\/2023\/11\/Dharma-Corp-Logo-2023-e1699245439652.png?fit=477%2C108&ssl=1","contentUrl":"https:\/\/i0.wp.com\/dharmacorpstore.com\/wp-content\/uploads\/2023\/11\/Dharma-Corp-Logo-2023-e1699245439652.png?fit=477%2C108&ssl=1","width":477,"height":108,"caption":"Dharma Store Software"},"image":{"@id":"https:\/\/dharmacorpstore.com\/#\/schema\/logo\/image\/"}}]}},"jetpack_publicize_connections":[],"jetpack-related-posts":[],"jetpack_likes_enabled":true,"jetpack_sharing_enabled":true,"_links":{"self":[{"href":"https:\/\/dharmacorpstore.com\/ar\/wp-json\/wp\/v2\/product\/951","targetHints":{"allow":["GET"]}}],"collection":[{"href":"https:\/\/dharmacorpstore.com\/ar\/wp-json\/wp\/v2\/product"}],"about":[{"href":"https:\/\/dharmacorpstore.com\/ar\/wp-json\/wp\/v2\/types\/product"}],"replies":[{"embeddable":true,"href":"https:\/\/dharmacorpstore.com\/ar\/wp-json\/wp\/v2\/comments?post=951"}],"wp:featuredmedia":[{"embeddable":true,"href":"https:\/\/dharmacorpstore.com\/ar\/wp-json\/wp\/v2\/media\/17117"}],"wp:attachment":[{"href":"https:\/\/dharmacorpstore.com\/ar\/wp-json\/wp\/v2\/media?parent=951"}],"wp:term":[{"taxonomy":"product_brand","embeddable":true,"href":"https:\/\/dharmacorpstore.com\/ar\/wp-json\/wp\/v2\/product_brand?post=951"},{"taxonomy":"product_cat","embeddable":true,"href":"https:\/\/dharmacorpstore.com\/ar\/wp-json\/wp\/v2\/product_cat?post=951"},{"taxonomy":"product_tag","embeddable":true,"href":"https:\/\/dharmacorpstore.com\/ar\/wp-json\/wp\/v2\/product_tag?post=951"}],"curies":[{"name":"\u062f\u0628\u0644\u064a\u0648 \u0628\u064a","href":"https:\/\/api.w.org\/{rel}","templated":true}]}}