{"id":16209,"date":"2025-06-18T14:49:04","date_gmt":"2025-06-18T18:49:04","guid":{"rendered":"https:\/\/dharmacorpstore.com\/?post_type=product&#038;p=16209"},"modified":"2025-06-18T14:50:13","modified_gmt":"2025-06-18T18:50:13","slug":"kaspersky-standard-5pc-1-year","status":"publish","type":"product","link":"https:\/\/dharmacorpstore.com\/en\/product-2\/kaspersky-standard-5pc-1-year\/","title":{"rendered":"Kaspersky Standard 5PC 1Year"},"content":{"rendered":"<p class=\"ds-markdown-paragraph\"><strong>Kaspersky Standard: Your Essential Protection Against Digital Threats<\/strong><\/p>\n<p class=\"ds-markdown-paragraph\">Keep your digital world safe and smooth with\u00a0<strong>Kaspersky Standard<\/strong>, The essential security solution you need to surf, work and enjoy online with total peace of mind.<\/p>\n<p class=\"ds-markdown-paragraph\"><strong>What does Kaspersky Standard offer you?<\/strong><\/p>\n<ul>\n<li>\n<p class=\"ds-markdown-paragraph\"><strong>Robust Antivirus Protection:<\/strong>\u00a0Blocks viruses, ransomware, spyware, Trojans and all types of malware\u00a0<em>formerly<\/em>\u00a0that they can damage your devices or steal your information.<\/p>\n<\/li>\n<li>\n<p class=\"ds-markdown-paragraph\"><strong>Real Time Defense:<\/strong>\u00a0Continuously monitors your activity, detecting and neutralizing new and emerging threats instantly.<\/p>\n<\/li>\n<li>\n<p class=\"ds-markdown-paragraph\"><strong>Anti-Phishing Protection:<\/strong>\u00a0Alerts and protects you against fraudulent websites and phishing scams designed to steal your banking credentials or personal data.<\/p>\n<\/li>\n<li>\n<p class=\"ds-markdown-paragraph\"><strong>Security for Online Payments:<\/strong>\u00a0Automatically creates a secure environment when banking or shopping online, protecting your financial data.<\/p>\n<\/li>\n<li>\n<p class=\"ds-markdown-paragraph\"><strong>Basic VPN for Privacy:<\/strong>\u00a0Enjoy an extra layer of online privacy with an integrated VPN and daily data limit, encrypting your connection on public Wi-Fi networks.<\/p>\n<\/li>\n<li>\n<p class=\"ds-markdown-paragraph\"><strong>Simple Centralized Management:<\/strong>\u00a0Easily control the protection of all your devices (PC, Mac, Android, iOS) from a single intuitive interface.<\/p>\n<\/li>\n<li>\n<p class=\"ds-markdown-paragraph\"><strong>Optimized Performance:<\/strong>\u00a0Designed to work in the background without slowing down your device, allowing you to use it with total fluidity.<\/p>\n<\/li>\n<\/ul>\n<p class=\"ds-markdown-paragraph\"><strong>Kaspersky Standard is ideal for you if you are looking for:<\/strong><\/p>\n<ul>\n<li>\n<p class=\"ds-markdown-paragraph\"><strong>Essential and reliable protection<\/strong>\u00a0against major cyber threats.<\/p>\n<\/li>\n<li>\n<p class=\"ds-markdown-paragraph\"><strong>Peace of mind<\/strong>\u00a0when browsing, shopping, banking and using the Internet in your daily life.<\/p>\n<\/li>\n<li>\n<p class=\"ds-markdown-paragraph\">A solution\u00a0<strong>easy to use<\/strong>\u00a0which does not require complex configuration.<\/p>\n<\/li>\n<li>\n<p class=\"ds-markdown-paragraph\"><strong>Basic security for multiple devices<\/strong>\u00a0under the same license.<\/p>\n<\/li>\n<\/ul>\n<p class=\"ds-markdown-paragraph\"><strong>Protect what matters. Choose Kaspersky Standard.<\/strong><\/p>","protected":false},"excerpt":{"rendered":"<p>Kaspersky Standard: Your Essential Protection Against Digital Threats Keep your digital world safe and smooth with Kaspersky Standard, the<\/p>","protected":false},"featured_media":16206,"comment_status":"open","ping_status":"closed","template":"","meta":{"_monsterinsights_skip_tracking":false,"_monsterinsights_sitenote_active":false,"_monsterinsights_sitenote_note":"","_monsterinsights_sitenote_category":0,"jetpack_post_was_ever_published":false,"jetpack_publicize_message":"","jetpack_publicize_feature_enabled":true,"jetpack_social_post_already_shared":false,"jetpack_social_options":{"image_generator_settings":{"template":"highway","default_image_id":0,"font":"","enabled":false},"version":2}},"product_brand":[],"product_cat":[82],"product_tag":[],"class_list":{"0":"post-16209","1":"product","2":"type-product","3":"status-publish","4":"has-post-thumbnail","6":"product_cat-antivirus","8":"first","9":"instock","10":"shipping-taxable","11":"purchasable","12":"product-type-simple"},"yoast_head":"<!-- This site is optimized with the Yoast SEO plugin v27.4 - https:\/\/yoast.com\/product\/yoast-seo-wordpress\/ -->\n<title>Kaspersky Standard 5PC 1A\u00f1o - Dharma Store Software<\/title>\n<meta name=\"robots\" content=\"index, follow, max-snippet:-1, max-image-preview:large, max-video-preview:-1\" \/>\n<link rel=\"canonical\" href=\"https:\/\/dharmacorpstore.com\/en\/product-2\/kaspersky-standard-5pc-1-year\/\" \/>\n<meta property=\"og:locale\" content=\"en_US\" \/>\n<meta property=\"og:type\" content=\"article\" \/>\n<meta property=\"og:title\" content=\"Kaspersky Standard 5PC 1A\u00f1o - Dharma Store Software\" \/>\n<meta property=\"og:description\" content=\"Kaspersky Standard: Tu Protecci\u00f3n Esencial Contra Amenazas Digitales Mant\u00e9n tu mundo digital seguro y fluido con\u00a0Kaspersky Standard, la soluci\u00f3n de\" \/>\n<meta property=\"og:url\" content=\"https:\/\/dharmacorpstore.com\/en\/product-2\/kaspersky-standard-5pc-1-year\/\" \/>\n<meta property=\"og:site_name\" content=\"Dharma Store Software\" \/>\n<meta property=\"article:modified_time\" content=\"2025-06-18T18:50:13+00:00\" \/>\n<meta property=\"og:image\" content=\"https:\/\/dharmacorpstore.com\/wp-content\/uploads\/2025\/06\/Standard-1.png\" \/>\n\t<meta property=\"og:image:width\" content=\"1000\" \/>\n\t<meta property=\"og:image:height\" content=\"1000\" \/>\n\t<meta property=\"og:image:type\" content=\"image\/png\" \/>\n<meta name=\"twitter:card\" content=\"summary_large_image\" \/>\n<meta name=\"twitter:label1\" content=\"Est. reading time\" \/>\n\t<meta name=\"twitter:data1\" content=\"2 minutes\" \/>\n<script type=\"application\/ld+json\" class=\"yoast-schema-graph\">{\"@context\":\"https:\\\/\\\/schema.org\",\"@graph\":[{\"@type\":\"WebPage\",\"@id\":\"https:\\\/\\\/dharmacorpstore.com\\\/it\\\/product-2\\\/kaspersky-standard-5pc-1ano\\\/\",\"url\":\"https:\\\/\\\/dharmacorpstore.com\\\/it\\\/product-2\\\/kaspersky-standard-5pc-1ano\\\/\",\"name\":\"Kaspersky Standard 5PC 1A\u00f1o - Dharma Store Software\",\"isPartOf\":{\"@id\":\"https:\\\/\\\/dharmacorpstore.com\\\/#website\"},\"primaryImageOfPage\":{\"@id\":\"https:\\\/\\\/dharmacorpstore.com\\\/it\\\/product-2\\\/kaspersky-standard-5pc-1ano\\\/#primaryimage\"},\"image\":{\"@id\":\"https:\\\/\\\/dharmacorpstore.com\\\/it\\\/product-2\\\/kaspersky-standard-5pc-1ano\\\/#primaryimage\"},\"thumbnailUrl\":\"https:\\\/\\\/i0.wp.com\\\/dharmacorpstore.com\\\/wp-content\\\/uploads\\\/2025\\\/06\\\/Standard-1.png?fit=1000%2C1000&ssl=1\",\"datePublished\":\"2025-06-18T18:49:04+00:00\",\"dateModified\":\"2025-06-18T18:50:13+00:00\",\"breadcrumb\":{\"@id\":\"https:\\\/\\\/dharmacorpstore.com\\\/it\\\/product-2\\\/kaspersky-standard-5pc-1ano\\\/#breadcrumb\"},\"inLanguage\":\"en-US\",\"potentialAction\":[{\"@type\":\"ReadAction\",\"target\":[\"https:\\\/\\\/dharmacorpstore.com\\\/it\\\/product-2\\\/kaspersky-standard-5pc-1ano\\\/\"]}]},{\"@type\":\"ImageObject\",\"inLanguage\":\"en-US\",\"@id\":\"https:\\\/\\\/dharmacorpstore.com\\\/it\\\/product-2\\\/kaspersky-standard-5pc-1ano\\\/#primaryimage\",\"url\":\"https:\\\/\\\/i0.wp.com\\\/dharmacorpstore.com\\\/wp-content\\\/uploads\\\/2025\\\/06\\\/Standard-1.png?fit=1000%2C1000&ssl=1\",\"contentUrl\":\"https:\\\/\\\/i0.wp.com\\\/dharmacorpstore.com\\\/wp-content\\\/uploads\\\/2025\\\/06\\\/Standard-1.png?fit=1000%2C1000&ssl=1\",\"width\":1000,\"height\":1000},{\"@type\":\"BreadcrumbList\",\"@id\":\"https:\\\/\\\/dharmacorpstore.com\\\/it\\\/product-2\\\/kaspersky-standard-5pc-1ano\\\/#breadcrumb\",\"itemListElement\":[{\"@type\":\"ListItem\",\"position\":1,\"name\":\"Home\",\"item\":\"https:\\\/\\\/dharmacorpstore.com\\\/\"},{\"@type\":\"ListItem\",\"position\":2,\"name\":\"Tienda\",\"item\":\"https:\\\/\\\/dharmacorpstore.com\\\/tienda\\\/\"},{\"@type\":\"ListItem\",\"position\":3,\"name\":\"Kaspersky Standard 5PC 1A\u00f1o\"}]},{\"@type\":\"WebSite\",\"@id\":\"https:\\\/\\\/dharmacorpstore.com\\\/#website\",\"url\":\"https:\\\/\\\/dharmacorpstore.com\\\/\",\"name\":\"Dharma Store Software\",\"description\":\"Venta de software original y licenciamiento electr\u00f3nico\",\"publisher\":{\"@id\":\"https:\\\/\\\/dharmacorpstore.com\\\/#organization\"},\"potentialAction\":[{\"@type\":\"SearchAction\",\"target\":{\"@type\":\"EntryPoint\",\"urlTemplate\":\"https:\\\/\\\/dharmacorpstore.com\\\/?s={search_term_string}\"},\"query-input\":{\"@type\":\"PropertyValueSpecification\",\"valueRequired\":true,\"valueName\":\"search_term_string\"}}],\"inLanguage\":\"en-US\"},{\"@type\":\"Organization\",\"@id\":\"https:\\\/\\\/dharmacorpstore.com\\\/#organization\",\"name\":\"Dharma Store Software\",\"url\":\"https:\\\/\\\/dharmacorpstore.com\\\/\",\"logo\":{\"@type\":\"ImageObject\",\"inLanguage\":\"en-US\",\"@id\":\"https:\\\/\\\/dharmacorpstore.com\\\/#\\\/schema\\\/logo\\\/image\\\/\",\"url\":\"https:\\\/\\\/i0.wp.com\\\/dharmacorpstore.com\\\/wp-content\\\/uploads\\\/2023\\\/11\\\/Dharma-Corp-Logo-2023-e1699245439652.png?fit=477%2C108&ssl=1\",\"contentUrl\":\"https:\\\/\\\/i0.wp.com\\\/dharmacorpstore.com\\\/wp-content\\\/uploads\\\/2023\\\/11\\\/Dharma-Corp-Logo-2023-e1699245439652.png?fit=477%2C108&ssl=1\",\"width\":477,\"height\":108,\"caption\":\"Dharma Store Software\"},\"image\":{\"@id\":\"https:\\\/\\\/dharmacorpstore.com\\\/#\\\/schema\\\/logo\\\/image\\\/\"}}]}<\/script>\n<!-- \/ Yoast SEO plugin. -->","yoast_head_json":{"title":"Kaspersky Standard 5PC 1Year - Dharma Store Software","robots":{"index":"index","follow":"follow","max-snippet":"max-snippet:-1","max-image-preview":"max-image-preview:large","max-video-preview":"max-video-preview:-1"},"canonical":"https:\/\/dharmacorpstore.com\/en\/product-2\/kaspersky-standard-5pc-1-year\/","og_locale":"en_US","og_type":"article","og_title":"Kaspersky Standard 5PC 1A\u00f1o - Dharma Store Software","og_description":"Kaspersky Standard: Tu Protecci\u00f3n Esencial Contra Amenazas Digitales Mant\u00e9n tu mundo digital seguro y fluido con\u00a0Kaspersky Standard, la soluci\u00f3n de","og_url":"https:\/\/dharmacorpstore.com\/en\/product-2\/kaspersky-standard-5pc-1-year\/","og_site_name":"Dharma Store Software","article_modified_time":"2025-06-18T18:50:13+00:00","og_image":[{"width":1000,"height":1000,"url":"https:\/\/dharmacorpstore.com\/wp-content\/uploads\/2025\/06\/Standard-1.png","type":"image\/png"}],"twitter_card":"summary_large_image","twitter_misc":{"Est. reading time":"2 minutes"},"schema":{"@context":"https:\/\/schema.org","@graph":[{"@type":"WebPage","@id":"https:\/\/dharmacorpstore.com\/it\/product-2\/kaspersky-standard-5pc-1ano\/","url":"https:\/\/dharmacorpstore.com\/it\/product-2\/kaspersky-standard-5pc-1ano\/","name":"Kaspersky Standard 5PC 1Year - Dharma Store Software","isPartOf":{"@id":"https:\/\/dharmacorpstore.com\/#website"},"primaryImageOfPage":{"@id":"https:\/\/dharmacorpstore.com\/it\/product-2\/kaspersky-standard-5pc-1ano\/#primaryimage"},"image":{"@id":"https:\/\/dharmacorpstore.com\/it\/product-2\/kaspersky-standard-5pc-1ano\/#primaryimage"},"thumbnailUrl":"https:\/\/i0.wp.com\/dharmacorpstore.com\/wp-content\/uploads\/2025\/06\/Standard-1.png?fit=1000%2C1000&ssl=1","datePublished":"2025-06-18T18:49:04+00:00","dateModified":"2025-06-18T18:50:13+00:00","breadcrumb":{"@id":"https:\/\/dharmacorpstore.com\/it\/product-2\/kaspersky-standard-5pc-1ano\/#breadcrumb"},"inLanguage":"en-US","potentialAction":[{"@type":"ReadAction","target":["https:\/\/dharmacorpstore.com\/it\/product-2\/kaspersky-standard-5pc-1ano\/"]}]},{"@type":"ImageObject","inLanguage":"en-US","@id":"https:\/\/dharmacorpstore.com\/it\/product-2\/kaspersky-standard-5pc-1ano\/#primaryimage","url":"https:\/\/i0.wp.com\/dharmacorpstore.com\/wp-content\/uploads\/2025\/06\/Standard-1.png?fit=1000%2C1000&ssl=1","contentUrl":"https:\/\/i0.wp.com\/dharmacorpstore.com\/wp-content\/uploads\/2025\/06\/Standard-1.png?fit=1000%2C1000&ssl=1","width":1000,"height":1000},{"@type":"BreadcrumbList","@id":"https:\/\/dharmacorpstore.com\/it\/product-2\/kaspersky-standard-5pc-1ano\/#breadcrumb","itemListElement":[{"@type":"ListItem","position":1,"name":"Home","item":"https:\/\/dharmacorpstore.com\/"},{"@type":"ListItem","position":2,"name":"Tienda","item":"https:\/\/dharmacorpstore.com\/tienda\/"},{"@type":"ListItem","position":3,"name":"Kaspersky Standard 5PC 1A\u00f1o"}]},{"@type":"WebSite","@id":"https:\/\/dharmacorpstore.com\/#website","url":"https:\/\/dharmacorpstore.com\/","name":"Dharma Store Software","description":"Sale of original software and electronic licensing","publisher":{"@id":"https:\/\/dharmacorpstore.com\/#organization"},"potentialAction":[{"@type":"SearchAction","target":{"@type":"EntryPoint","urlTemplate":"https:\/\/dharmacorpstore.com\/?s={search_term_string}"},"query-input":{"@type":"PropertyValueSpecification","valueRequired":true,"valueName":"search_term_string"}}],"inLanguage":"en-US"},{"@type":"Organization","@id":"https:\/\/dharmacorpstore.com\/#organization","name":"Dharma Store Software","url":"https:\/\/dharmacorpstore.com\/","logo":{"@type":"ImageObject","inLanguage":"en-US","@id":"https:\/\/dharmacorpstore.com\/#\/schema\/logo\/image\/","url":"https:\/\/i0.wp.com\/dharmacorpstore.com\/wp-content\/uploads\/2023\/11\/Dharma-Corp-Logo-2023-e1699245439652.png?fit=477%2C108&ssl=1","contentUrl":"https:\/\/i0.wp.com\/dharmacorpstore.com\/wp-content\/uploads\/2023\/11\/Dharma-Corp-Logo-2023-e1699245439652.png?fit=477%2C108&ssl=1","width":477,"height":108,"caption":"Dharma Store Software"},"image":{"@id":"https:\/\/dharmacorpstore.com\/#\/schema\/logo\/image\/"}}]}},"jetpack_publicize_connections":[],"jetpack-related-posts":[],"jetpack_likes_enabled":true,"jetpack_sharing_enabled":true,"_links":{"self":[{"href":"https:\/\/dharmacorpstore.com\/en\/wp-json\/wp\/v2\/product\/16209","targetHints":{"allow":["GET"]}}],"collection":[{"href":"https:\/\/dharmacorpstore.com\/en\/wp-json\/wp\/v2\/product"}],"about":[{"href":"https:\/\/dharmacorpstore.com\/en\/wp-json\/wp\/v2\/types\/product"}],"replies":[{"embeddable":true,"href":"https:\/\/dharmacorpstore.com\/en\/wp-json\/wp\/v2\/comments?post=16209"}],"wp:featuredmedia":[{"embeddable":true,"href":"https:\/\/dharmacorpstore.com\/en\/wp-json\/wp\/v2\/media\/16206"}],"wp:attachment":[{"href":"https:\/\/dharmacorpstore.com\/en\/wp-json\/wp\/v2\/media?parent=16209"}],"wp:term":[{"taxonomy":"product_brand","embeddable":true,"href":"https:\/\/dharmacorpstore.com\/en\/wp-json\/wp\/v2\/product_brand?post=16209"},{"taxonomy":"product_cat","embeddable":true,"href":"https:\/\/dharmacorpstore.com\/en\/wp-json\/wp\/v2\/product_cat?post=16209"},{"taxonomy":"product_tag","embeddable":true,"href":"https:\/\/dharmacorpstore.com\/en\/wp-json\/wp\/v2\/product_tag?post=16209"}],"curies":[{"name":"wp","href":"https:\/\/api.w.org\/{rel}","templated":true}]}}