{"id":16650,"date":"2025-10-16T14:54:30","date_gmt":"2025-10-16T18:54:30","guid":{"rendered":"https:\/\/dharmacorpstore.com\/?post_type=product&#038;p=16650"},"modified":"2025-10-16T14:56:34","modified_gmt":"2025-10-16T18:56:34","slug":"autodesk-annual-subscription-all-applications-4","status":"publish","type":"product","link":"https:\/\/dharmacorpstore.com\/en\/product-2\/autodesk-annual-subscription-all-applications-4\/","title":{"rendered":"Autodesk Design &amp; Manufacturing Collection 3 Years | 3D Engineering"},"content":{"rendered":"<p class=\"my-2 [&amp;+p]:mt-4 [&amp;_strong:has(+br)]:inline-block [&amp;_strong:has(+br)]:pb-2\"><strong>Autodesk Design &amp; Manufacturing Collection \u2013 Licencia 3 a\u00f1os<\/strong><\/p>\n<p class=\"my-2 [&amp;+p]:mt-4 [&amp;_strong:has(+br)]:inline-block [&amp;_strong:has(+br)]:pb-2\">La\u00a0<em>Design &amp; Manufacturing Collection<\/em>\u00a0de Autodesk es una soluci\u00f3n integral de software avanzada dise\u00f1ada para ingenieros, dise\u00f1adores mec\u00e1nicos y fabricantes que buscan potenciar su productividad y precisi\u00f3n en el desarrollo de productos. Con esta licencia anual, obtienes acceso completo a las herramientas l\u00edderes de dise\u00f1o 3D, simulaci\u00f3n, documentaci\u00f3n y fabricaci\u00f3n digital.<\/p>\n<p class=\"my-2 [&amp;+p]:mt-4 [&amp;_strong:has(+br)]:inline-block [&amp;_strong:has(+br)]:pb-2\">Incluye aplicaciones como\u00a0<strong>Inventor Professional, AutoCAD, Fusion 360, Vault Basic, Nastran In-CAD<\/strong>, y otras herramientas clave que permiten crear modelos detallados, verificar rendimiento mediante simulaciones y automatizar procesos de producci\u00f3n. Gracias a su enfoque CAD, CAM y CAE integrado, la colecci\u00f3n acelera desde la creaci\u00f3n del concepto hasta la fabricaci\u00f3n final.<\/p>\n<p class=\"my-2 [&amp;+p]:mt-4 [&amp;_strong:has(+br)]:inline-block [&amp;_strong:has(+br)]:pb-2\"><strong>Ventajas principales:<\/strong><\/p>\n<ul class=\"marker:text-quiet list-disc\">\n<li class=\"py-0 my-0 prose-p:pt-0 prose-p:mb-2 prose-p:my-0 [&amp;&gt;p]:pt-0 [&amp;&gt;p]:mb-2 [&amp;&gt;p]:my-0\">\n<p class=\"my-2 [&amp;+p]:mt-4 [&amp;_strong:has(+br)]:inline-block [&amp;_strong:has(+br)]:pb-2\">M\u00e1s de 20 aplicaciones especializadas para dise\u00f1o y producci\u00f3n mec\u00e1nica.<\/p>\n<\/li>\n<li class=\"py-0 my-0 prose-p:pt-0 prose-p:mb-2 prose-p:my-0 [&amp;&gt;p]:pt-0 [&amp;&gt;p]:mb-2 [&amp;&gt;p]:my-0\">\n<p class=\"my-2 [&amp;+p]:mt-4 [&amp;_strong:has(+br)]:inline-block [&amp;_strong:has(+br)]:pb-2\">Modelado 3D y simulaci\u00f3n de alta precisi\u00f3n con Inventor y Fusion 360.<\/p>\n<\/li>\n<li class=\"py-0 my-0 prose-p:pt-0 prose-p:mb-2 prose-p:my-0 [&amp;&gt;p]:pt-0 [&amp;&gt;p]:mb-2 [&amp;&gt;p]:my-0\">\n<p class=\"my-2 [&amp;+p]:mt-4 [&amp;_strong:has(+br)]:inline-block [&amp;_strong:has(+br)]:pb-2\">Integraci\u00f3n total con flujos digitales y gesti\u00f3n de datos de producto.<\/p>\n<\/li>\n<li class=\"py-0 my-0 prose-p:pt-0 prose-p:mb-2 prose-p:my-0 [&amp;&gt;p]:pt-0 [&amp;&gt;p]:mb-2 [&amp;&gt;p]:my-0\">\n<p class=\"my-2 [&amp;+p]:mt-4 [&amp;_strong:has(+br)]:inline-block [&amp;_strong:has(+br)]:pb-2\">Actualizaciones autom\u00e1ticas y soporte durante toda la suscripci\u00f3n anual.<\/p>\n<\/li>\n<li class=\"py-0 my-0 prose-p:pt-0 prose-p:mb-2 prose-p:my-0 [&amp;&gt;p]:pt-0 [&amp;&gt;p]:mb-2 [&amp;&gt;p]:my-0\">\n<p class=\"my-2 [&amp;+p]:mt-4 [&amp;_strong:has(+br)]:inline-block [&amp;_strong:has(+br)]:pb-2\">Ideal para ingenier\u00edas, fabricantes y departamentos t\u00e9cnicos industriales.<\/p>\n<\/li>\n<\/ul>\n<p class=\"my-2 [&amp;+p]:mt-4 [&amp;_strong:has(+br)]:inline-block [&amp;_strong:has(+br)]:pb-2\">Optimiza cada etapa de tu proceso de dise\u00f1o y fabricaci\u00f3n con la potencia y versatilidad de la\u00a0<em>Autodesk Design &amp; Manufacturing Collection<\/em>.<\/p>\n","protected":false},"excerpt":{"rendered":"<p>Autodesk Design &amp; Manufacturing Collection - 3 Year License Autodesk's Design &amp; Manufacturing Collection is a comprehensive software solution.<\/p>","protected":false},"featured_media":16644,"comment_status":"open","ping_status":"closed","template":"","meta":{"_monsterinsights_skip_tracking":false,"_monsterinsights_sitenote_active":false,"_monsterinsights_sitenote_note":"","_monsterinsights_sitenote_category":0,"jetpack_publicize_message":"","jetpack_publicize_feature_enabled":true,"jetpack_social_post_already_shared":false,"jetpack_social_options":{"image_generator_settings":{"template":"highway","default_image_id":0,"font":"","enabled":false},"version":2}},"product_brand":[],"product_cat":[68],"product_tag":[],"class_list":{"0":"post-16650","1":"product","2":"type-product","3":"status-publish","4":"has-post-thumbnail","6":"product_cat-diseno","8":"first","9":"instock","10":"shipping-taxable","11":"purchasable","12":"product-type-simple"},"yoast_head":"<!-- This site is optimized with the Yoast SEO plugin v27.5 - https:\/\/yoast.com\/product\/yoast-seo-wordpress\/ -->\n<title>Autodesk Design &amp; Manufacturing Collection 3 A\u00f1os | Ingenier\u00eda 3D - Dharma Store Software<\/title>\n<meta name=\"description\" content=\"Autodesk Design &amp; Manufacturing Collection 3 a\u00f1os: herramientas 3D de dise\u00f1o mec\u00e1nico, simulaci\u00f3n y fabricaci\u00f3n. Incluye Inventor, AutoCAD y m\u00e1s.\" \/>\n<meta name=\"robots\" content=\"index, follow, max-snippet:-1, max-image-preview:large, max-video-preview:-1\" \/>\n<link rel=\"canonical\" href=\"https:\/\/dharmacorpstore.com\/en\/product-2\/autodesk-annual-subscription-all-applications-4\/\" \/>\n<meta property=\"og:locale\" content=\"en_US\" \/>\n<meta property=\"og:type\" content=\"article\" \/>\n<meta property=\"og:title\" content=\"Autodesk Design &amp; Manufacturing Collection 3 A\u00f1os | Ingenier\u00eda 3D - Dharma Store Software\" \/>\n<meta property=\"og:description\" content=\"Autodesk Design &amp; Manufacturing Collection 3 a\u00f1os: herramientas 3D de dise\u00f1o mec\u00e1nico, simulaci\u00f3n y fabricaci\u00f3n. Incluye Inventor, AutoCAD y m\u00e1s.\" \/>\n<meta property=\"og:url\" content=\"https:\/\/dharmacorpstore.com\/en\/product-2\/autodesk-annual-subscription-all-applications-4\/\" \/>\n<meta property=\"og:site_name\" content=\"Dharma Store Software\" \/>\n<meta property=\"article:modified_time\" content=\"2025-10-16T18:56:34+00:00\" \/>\n<meta property=\"og:image\" content=\"https:\/\/dharmacorpstore.com\/wp-content\/uploads\/2025\/10\/product-design-manufacturing-collection.jpg\" \/>\n\t<meta property=\"og:image:width\" content=\"800\" \/>\n\t<meta property=\"og:image:height\" content=\"800\" \/>\n\t<meta property=\"og:image:type\" content=\"image\/jpeg\" \/>\n<meta name=\"twitter:card\" content=\"summary_large_image\" \/>\n<meta name=\"twitter:label1\" content=\"Est. reading time\" \/>\n\t<meta name=\"twitter:data1\" content=\"2 minutes\" \/>\n<script type=\"application\/ld+json\" class=\"yoast-schema-graph\">{\"@context\":\"https:\\\/\\\/schema.org\",\"@graph\":[{\"@type\":\"WebPage\",\"@id\":\"https:\\\/\\\/dharmacorpstore.com\\\/producto\\\/autodesk-design-manufacturing-collection-3-anos-ingenieria-3d-copia\\\/\",\"url\":\"https:\\\/\\\/dharmacorpstore.com\\\/producto\\\/autodesk-design-manufacturing-collection-3-anos-ingenieria-3d-copia\\\/\",\"name\":\"Autodesk Design & Manufacturing Collection 3 A\u00f1os | Ingenier\u00eda 3D - Dharma Store Software\",\"isPartOf\":{\"@id\":\"https:\\\/\\\/dharmacorpstore.com\\\/#website\"},\"primaryImageOfPage\":{\"@id\":\"https:\\\/\\\/dharmacorpstore.com\\\/producto\\\/autodesk-design-manufacturing-collection-3-anos-ingenieria-3d-copia\\\/#primaryimage\"},\"image\":{\"@id\":\"https:\\\/\\\/dharmacorpstore.com\\\/producto\\\/autodesk-design-manufacturing-collection-3-anos-ingenieria-3d-copia\\\/#primaryimage\"},\"thumbnailUrl\":\"https:\\\/\\\/i0.wp.com\\\/dharmacorpstore.com\\\/wp-content\\\/uploads\\\/2025\\\/10\\\/product-design-manufacturing-collection.jpg?fit=800%2C800&ssl=1\",\"datePublished\":\"2025-10-16T18:54:30+00:00\",\"dateModified\":\"2025-10-16T18:56:34+00:00\",\"description\":\"Autodesk Design & Manufacturing Collection 3 a\u00f1os: herramientas 3D de dise\u00f1o mec\u00e1nico, simulaci\u00f3n y fabricaci\u00f3n. Incluye Inventor, AutoCAD y m\u00e1s.\",\"breadcrumb\":{\"@id\":\"https:\\\/\\\/dharmacorpstore.com\\\/producto\\\/autodesk-design-manufacturing-collection-3-anos-ingenieria-3d-copia\\\/#breadcrumb\"},\"inLanguage\":\"en-US\",\"potentialAction\":[{\"@type\":\"ReadAction\",\"target\":[\"https:\\\/\\\/dharmacorpstore.com\\\/producto\\\/autodesk-design-manufacturing-collection-3-anos-ingenieria-3d-copia\\\/\"]}]},{\"@type\":\"ImageObject\",\"inLanguage\":\"en-US\",\"@id\":\"https:\\\/\\\/dharmacorpstore.com\\\/producto\\\/autodesk-design-manufacturing-collection-3-anos-ingenieria-3d-copia\\\/#primaryimage\",\"url\":\"https:\\\/\\\/i0.wp.com\\\/dharmacorpstore.com\\\/wp-content\\\/uploads\\\/2025\\\/10\\\/product-design-manufacturing-collection.jpg?fit=800%2C800&ssl=1\",\"contentUrl\":\"https:\\\/\\\/i0.wp.com\\\/dharmacorpstore.com\\\/wp-content\\\/uploads\\\/2025\\\/10\\\/product-design-manufacturing-collection.jpg?fit=800%2C800&ssl=1\",\"width\":800,\"height\":800},{\"@type\":\"BreadcrumbList\",\"@id\":\"https:\\\/\\\/dharmacorpstore.com\\\/producto\\\/autodesk-design-manufacturing-collection-3-anos-ingenieria-3d-copia\\\/#breadcrumb\",\"itemListElement\":[{\"@type\":\"ListItem\",\"position\":1,\"name\":\"Home\",\"item\":\"https:\\\/\\\/dharmacorpstore.com\\\/\"},{\"@type\":\"ListItem\",\"position\":2,\"name\":\"Tienda\",\"item\":\"https:\\\/\\\/dharmacorpstore.com\\\/tienda\\\/\"},{\"@type\":\"ListItem\",\"position\":3,\"name\":\"Autodesk Design &#038; Manufacturing Collection 3 A\u00f1os | Ingenier\u00eda 3D\"}]},{\"@type\":\"WebSite\",\"@id\":\"https:\\\/\\\/dharmacorpstore.com\\\/#website\",\"url\":\"https:\\\/\\\/dharmacorpstore.com\\\/\",\"name\":\"Dharma Store Software\",\"description\":\"Venta de software original y licenciamiento electr\u00f3nico\",\"publisher\":{\"@id\":\"https:\\\/\\\/dharmacorpstore.com\\\/#organization\"},\"potentialAction\":[{\"@type\":\"SearchAction\",\"target\":{\"@type\":\"EntryPoint\",\"urlTemplate\":\"https:\\\/\\\/dharmacorpstore.com\\\/?s={search_term_string}\"},\"query-input\":{\"@type\":\"PropertyValueSpecification\",\"valueRequired\":true,\"valueName\":\"search_term_string\"}}],\"inLanguage\":\"en-US\"},{\"@type\":\"Organization\",\"@id\":\"https:\\\/\\\/dharmacorpstore.com\\\/#organization\",\"name\":\"Dharma Store Software\",\"url\":\"https:\\\/\\\/dharmacorpstore.com\\\/\",\"logo\":{\"@type\":\"ImageObject\",\"inLanguage\":\"en-US\",\"@id\":\"https:\\\/\\\/dharmacorpstore.com\\\/#\\\/schema\\\/logo\\\/image\\\/\",\"url\":\"https:\\\/\\\/i0.wp.com\\\/dharmacorpstore.com\\\/wp-content\\\/uploads\\\/2023\\\/11\\\/Dharma-Corp-Logo-2023-e1699245439652.png?fit=477%2C108&ssl=1\",\"contentUrl\":\"https:\\\/\\\/i0.wp.com\\\/dharmacorpstore.com\\\/wp-content\\\/uploads\\\/2023\\\/11\\\/Dharma-Corp-Logo-2023-e1699245439652.png?fit=477%2C108&ssl=1\",\"width\":477,\"height\":108,\"caption\":\"Dharma Store Software\"},\"image\":{\"@id\":\"https:\\\/\\\/dharmacorpstore.com\\\/#\\\/schema\\\/logo\\\/image\\\/\"}}]}<\/script>\n<!-- \/ Yoast SEO plugin. -->","yoast_head_json":{"title":"Autodesk Design &amp; Manufacturing Collection 3 Years | 3D Engineering - Dharma Store Software","description":"Autodesk Design &amp; Manufacturing Collection 3 Years: 3D tools for mechanical design, simulation, and manufacturing. Includes Inventor, AutoCAD, and more.","robots":{"index":"index","follow":"follow","max-snippet":"max-snippet:-1","max-image-preview":"max-image-preview:large","max-video-preview":"max-video-preview:-1"},"canonical":"https:\/\/dharmacorpstore.com\/en\/product-2\/autodesk-annual-subscription-all-applications-4\/","og_locale":"en_US","og_type":"article","og_title":"Autodesk Design & Manufacturing Collection 3 A\u00f1os | Ingenier\u00eda 3D - Dharma Store Software","og_description":"Autodesk Design & Manufacturing Collection 3 a\u00f1os: herramientas 3D de dise\u00f1o mec\u00e1nico, simulaci\u00f3n y fabricaci\u00f3n. Incluye Inventor, AutoCAD y m\u00e1s.","og_url":"https:\/\/dharmacorpstore.com\/en\/product-2\/autodesk-annual-subscription-all-applications-4\/","og_site_name":"Dharma Store Software","article_modified_time":"2025-10-16T18:56:34+00:00","og_image":[{"width":800,"height":800,"url":"https:\/\/dharmacorpstore.com\/wp-content\/uploads\/2025\/10\/product-design-manufacturing-collection.jpg","type":"image\/jpeg"}],"twitter_card":"summary_large_image","twitter_misc":{"Est. reading time":"2 minutes"},"schema":{"@context":"https:\/\/schema.org","@graph":[{"@type":"WebPage","@id":"https:\/\/dharmacorpstore.com\/producto\/autodesk-design-manufacturing-collection-3-anos-ingenieria-3d-copia\/","url":"https:\/\/dharmacorpstore.com\/producto\/autodesk-design-manufacturing-collection-3-anos-ingenieria-3d-copia\/","name":"Autodesk Design &amp; Manufacturing Collection 3 Years | 3D Engineering - Dharma Store Software","isPartOf":{"@id":"https:\/\/dharmacorpstore.com\/#website"},"primaryImageOfPage":{"@id":"https:\/\/dharmacorpstore.com\/producto\/autodesk-design-manufacturing-collection-3-anos-ingenieria-3d-copia\/#primaryimage"},"image":{"@id":"https:\/\/dharmacorpstore.com\/producto\/autodesk-design-manufacturing-collection-3-anos-ingenieria-3d-copia\/#primaryimage"},"thumbnailUrl":"https:\/\/i0.wp.com\/dharmacorpstore.com\/wp-content\/uploads\/2025\/10\/product-design-manufacturing-collection.jpg?fit=800%2C800&ssl=1","datePublished":"2025-10-16T18:54:30+00:00","dateModified":"2025-10-16T18:56:34+00:00","description":"Autodesk Design &amp; Manufacturing Collection 3 Years: 3D tools for mechanical design, simulation, and manufacturing. Includes Inventor, AutoCAD, and more.","breadcrumb":{"@id":"https:\/\/dharmacorpstore.com\/producto\/autodesk-design-manufacturing-collection-3-anos-ingenieria-3d-copia\/#breadcrumb"},"inLanguage":"en-US","potentialAction":[{"@type":"ReadAction","target":["https:\/\/dharmacorpstore.com\/producto\/autodesk-design-manufacturing-collection-3-anos-ingenieria-3d-copia\/"]}]},{"@type":"ImageObject","inLanguage":"en-US","@id":"https:\/\/dharmacorpstore.com\/producto\/autodesk-design-manufacturing-collection-3-anos-ingenieria-3d-copia\/#primaryimage","url":"https:\/\/i0.wp.com\/dharmacorpstore.com\/wp-content\/uploads\/2025\/10\/product-design-manufacturing-collection.jpg?fit=800%2C800&ssl=1","contentUrl":"https:\/\/i0.wp.com\/dharmacorpstore.com\/wp-content\/uploads\/2025\/10\/product-design-manufacturing-collection.jpg?fit=800%2C800&ssl=1","width":800,"height":800},{"@type":"BreadcrumbList","@id":"https:\/\/dharmacorpstore.com\/producto\/autodesk-design-manufacturing-collection-3-anos-ingenieria-3d-copia\/#breadcrumb","itemListElement":[{"@type":"ListItem","position":1,"name":"Home","item":"https:\/\/dharmacorpstore.com\/"},{"@type":"ListItem","position":2,"name":"Tienda","item":"https:\/\/dharmacorpstore.com\/tienda\/"},{"@type":"ListItem","position":3,"name":"Autodesk Design &#038; Manufacturing Collection 3 A\u00f1os | Ingenier\u00eda 3D"}]},{"@type":"WebSite","@id":"https:\/\/dharmacorpstore.com\/#website","url":"https:\/\/dharmacorpstore.com\/","name":"Dharma Store Software","description":"Sale of original software and electronic licensing","publisher":{"@id":"https:\/\/dharmacorpstore.com\/#organization"},"potentialAction":[{"@type":"SearchAction","target":{"@type":"EntryPoint","urlTemplate":"https:\/\/dharmacorpstore.com\/?s={search_term_string}"},"query-input":{"@type":"PropertyValueSpecification","valueRequired":true,"valueName":"search_term_string"}}],"inLanguage":"en-US"},{"@type":"Organization","@id":"https:\/\/dharmacorpstore.com\/#organization","name":"Dharma Store Software","url":"https:\/\/dharmacorpstore.com\/","logo":{"@type":"ImageObject","inLanguage":"en-US","@id":"https:\/\/dharmacorpstore.com\/#\/schema\/logo\/image\/","url":"https:\/\/i0.wp.com\/dharmacorpstore.com\/wp-content\/uploads\/2023\/11\/Dharma-Corp-Logo-2023-e1699245439652.png?fit=477%2C108&ssl=1","contentUrl":"https:\/\/i0.wp.com\/dharmacorpstore.com\/wp-content\/uploads\/2023\/11\/Dharma-Corp-Logo-2023-e1699245439652.png?fit=477%2C108&ssl=1","width":477,"height":108,"caption":"Dharma Store Software"},"image":{"@id":"https:\/\/dharmacorpstore.com\/#\/schema\/logo\/image\/"}}]}},"jetpack_publicize_connections":[],"jetpack-related-posts":[],"jetpack_likes_enabled":true,"jetpack_sharing_enabled":true,"_links":{"self":[{"href":"https:\/\/dharmacorpstore.com\/en\/wp-json\/wp\/v2\/product\/16650","targetHints":{"allow":["GET"]}}],"collection":[{"href":"https:\/\/dharmacorpstore.com\/en\/wp-json\/wp\/v2\/product"}],"about":[{"href":"https:\/\/dharmacorpstore.com\/en\/wp-json\/wp\/v2\/types\/product"}],"replies":[{"embeddable":true,"href":"https:\/\/dharmacorpstore.com\/en\/wp-json\/wp\/v2\/comments?post=16650"}],"wp:featuredmedia":[{"embeddable":true,"href":"https:\/\/dharmacorpstore.com\/en\/wp-json\/wp\/v2\/media\/16644"}],"wp:attachment":[{"href":"https:\/\/dharmacorpstore.com\/en\/wp-json\/wp\/v2\/media?parent=16650"}],"wp:term":[{"taxonomy":"product_brand","embeddable":true,"href":"https:\/\/dharmacorpstore.com\/en\/wp-json\/wp\/v2\/product_brand?post=16650"},{"taxonomy":"product_cat","embeddable":true,"href":"https:\/\/dharmacorpstore.com\/en\/wp-json\/wp\/v2\/product_cat?post=16650"},{"taxonomy":"product_tag","embeddable":true,"href":"https:\/\/dharmacorpstore.com\/en\/wp-json\/wp\/v2\/product_tag?post=16650"}],"curies":[{"name":"wp","href":"https:\/\/api.w.org\/{rel}","templated":true}]}}