{"id":2435,"date":"2024-03-07T12:42:05","date_gmt":"2024-03-07T16:42:05","guid":{"rendered":"https:\/\/dharmacorpstore.com\/?post_type=product&#038;p=2435"},"modified":"2026-04-12T12:53:45","modified_gmt":"2026-04-12T16:53:45","slug":"office-2021-professional-plus-2","status":"publish","type":"product","link":"https:\/\/dharmacorpstore.com\/en\/product-2\/office-2021-professional-plus-2\/","title":{"rendered":"Office 2021 Professional Plus 5PC"},"content":{"rendered":"<ul>\n<li>Office 2021 Professional Plus is the latest version of Microsoft's suite of productivity applications, designed to meet the needs of business and professional users looking for advanced tools to create, edit and share documents efficiently and securely.<\/li>\n<\/ul>\n<p>Among its features are the following:<\/p>\n<p>- It includes classic Office applications such as Word, Excel, PowerPoint, Outlook, Access and Publisher, with interface enhancements and additional features to improve productivity and collaboration.<br \/>\n- Enables real-time collaboration and online document co-authoring via OneDrive or SharePoint.<br \/>\n- It includes new security and privacy features, such as sensitive data protection and data loss prevention (DLP).<br \/>\n- It includes new artificial intelligence features, such as Ideas in Excel and Designer in PowerPoint, which help users create more attractive and efficient documents.<br \/>\n- Allows installation on a single computer for use by a single user, or on multiple computers using volume licenses.<\/p>\n<p>Office 2021 Professional Plus is the ideal choice for business and professional users who need a complete and advanced suite of productivity applications to create, edit and share documents efficiently and securely, with new security, privacy and artificial intelligence features to enhance productivity and collaboration.<\/p>","protected":false},"excerpt":{"rendered":"<p>Office 2021 Professional Plus is the latest version of Microsoft's suite of productivity applications, designed to meet the needs of the most demanding users.<\/p>","protected":false},"featured_media":2436,"comment_status":"open","ping_status":"closed","template":"","meta":{"_monsterinsights_skip_tracking":false,"_monsterinsights_sitenote_active":false,"_monsterinsights_sitenote_note":"","_monsterinsights_sitenote_category":0,"jetpack_post_was_ever_published":false,"jetpack_publicize_message":"","jetpack_publicize_feature_enabled":true,"jetpack_social_post_already_shared":false,"jetpack_social_options":{"image_generator_settings":{"template":"highway","default_image_id":0,"font":"","enabled":false},"version":2}},"product_brand":[],"product_cat":[20],"product_tag":[],"class_list":{"0":"post-2435","1":"product","2":"type-product","3":"status-publish","4":"has-post-thumbnail","6":"product_cat-office","8":"first","9":"instock","10":"sale","11":"featured","12":"virtual","13":"purchasable","14":"product-type-simple"},"yoast_head":"<!-- This site is optimized with the Yoast SEO plugin v27.5 - https:\/\/yoast.com\/product\/yoast-seo-wordpress\/ -->\n<title>Office 2021 Professional Plus 5PC - Dharma Store Software<\/title>\n<meta name=\"robots\" content=\"index, follow, max-snippet:-1, max-image-preview:large, max-video-preview:-1\" \/>\n<link rel=\"canonical\" href=\"https:\/\/dharmacorpstore.com\/en\/product-2\/office-2021-professional-plus-2\/\" \/>\n<meta property=\"og:locale\" content=\"en_US\" \/>\n<meta property=\"og:type\" content=\"article\" \/>\n<meta property=\"og:title\" content=\"Office 2021 Professional Plus 5PC - Dharma Store Software\" \/>\n<meta property=\"og:description\" content=\"Office 2021 Professional Plus es la \u00faltima versi\u00f3n de la suite de aplicaciones de productividad de Microsoft, dise\u00f1ada para satisfacer\" \/>\n<meta property=\"og:url\" content=\"https:\/\/dharmacorpstore.com\/en\/product-2\/office-2021-professional-plus-2\/\" \/>\n<meta property=\"og:site_name\" content=\"Dharma Store Software\" \/>\n<meta property=\"article:modified_time\" content=\"2026-04-12T16:53:45+00:00\" \/>\n<meta property=\"og:image\" content=\"https:\/\/dharmacorpstore.com\/wp-content\/uploads\/2024\/03\/office-2021-pro-plus-5-pc.jpg\" \/>\n\t<meta property=\"og:image:width\" content=\"600\" \/>\n\t<meta property=\"og:image:height\" content=\"600\" \/>\n\t<meta property=\"og:image:type\" content=\"image\/jpeg\" \/>\n<meta name=\"twitter:card\" content=\"summary_large_image\" \/>\n<meta name=\"twitter:label1\" content=\"Est. reading time\" \/>\n\t<meta name=\"twitter:data1\" content=\"2 minutes\" \/>\n<script type=\"application\/ld+json\" class=\"yoast-schema-graph\">{\"@context\":\"https:\\\/\\\/schema.org\",\"@graph\":[{\"@type\":\"WebPage\",\"@id\":\"https:\\\/\\\/dharmacorpstore.com\\\/producto\\\/office-2021-professional-plus-5pc\\\/\",\"url\":\"https:\\\/\\\/dharmacorpstore.com\\\/producto\\\/office-2021-professional-plus-5pc\\\/\",\"name\":\"Office 2021 Professional Plus 5PC - Dharma Store Software\",\"isPartOf\":{\"@id\":\"https:\\\/\\\/dharmacorpstore.com\\\/#website\"},\"primaryImageOfPage\":{\"@id\":\"https:\\\/\\\/dharmacorpstore.com\\\/producto\\\/office-2021-professional-plus-5pc\\\/#primaryimage\"},\"image\":{\"@id\":\"https:\\\/\\\/dharmacorpstore.com\\\/producto\\\/office-2021-professional-plus-5pc\\\/#primaryimage\"},\"thumbnailUrl\":\"https:\\\/\\\/i0.wp.com\\\/dharmacorpstore.com\\\/wp-content\\\/uploads\\\/2024\\\/03\\\/office-2021-pro-plus-5-pc.jpg?fit=600%2C600&ssl=1\",\"datePublished\":\"2024-03-07T16:42:05+00:00\",\"dateModified\":\"2026-04-12T16:53:45+00:00\",\"breadcrumb\":{\"@id\":\"https:\\\/\\\/dharmacorpstore.com\\\/producto\\\/office-2021-professional-plus-5pc\\\/#breadcrumb\"},\"inLanguage\":\"en-US\",\"potentialAction\":[{\"@type\":\"ReadAction\",\"target\":[\"https:\\\/\\\/dharmacorpstore.com\\\/producto\\\/office-2021-professional-plus-5pc\\\/\"]}]},{\"@type\":\"ImageObject\",\"inLanguage\":\"en-US\",\"@id\":\"https:\\\/\\\/dharmacorpstore.com\\\/producto\\\/office-2021-professional-plus-5pc\\\/#primaryimage\",\"url\":\"https:\\\/\\\/i0.wp.com\\\/dharmacorpstore.com\\\/wp-content\\\/uploads\\\/2024\\\/03\\\/office-2021-pro-plus-5-pc.jpg?fit=600%2C600&ssl=1\",\"contentUrl\":\"https:\\\/\\\/i0.wp.com\\\/dharmacorpstore.com\\\/wp-content\\\/uploads\\\/2024\\\/03\\\/office-2021-pro-plus-5-pc.jpg?fit=600%2C600&ssl=1\",\"width\":600,\"height\":600},{\"@type\":\"BreadcrumbList\",\"@id\":\"https:\\\/\\\/dharmacorpstore.com\\\/producto\\\/office-2021-professional-plus-5pc\\\/#breadcrumb\",\"itemListElement\":[{\"@type\":\"ListItem\",\"position\":1,\"name\":\"Home\",\"item\":\"https:\\\/\\\/dharmacorpstore.com\\\/\"},{\"@type\":\"ListItem\",\"position\":2,\"name\":\"Tienda\",\"item\":\"https:\\\/\\\/dharmacorpstore.com\\\/tienda\\\/\"},{\"@type\":\"ListItem\",\"position\":3,\"name\":\"Office 2021 Professional Plus 5PC\"}]},{\"@type\":\"WebSite\",\"@id\":\"https:\\\/\\\/dharmacorpstore.com\\\/#website\",\"url\":\"https:\\\/\\\/dharmacorpstore.com\\\/\",\"name\":\"Dharma Store Software\",\"description\":\"Venta de software original y licenciamiento electr\u00f3nico\",\"publisher\":{\"@id\":\"https:\\\/\\\/dharmacorpstore.com\\\/#organization\"},\"potentialAction\":[{\"@type\":\"SearchAction\",\"target\":{\"@type\":\"EntryPoint\",\"urlTemplate\":\"https:\\\/\\\/dharmacorpstore.com\\\/?s={search_term_string}\"},\"query-input\":{\"@type\":\"PropertyValueSpecification\",\"valueRequired\":true,\"valueName\":\"search_term_string\"}}],\"inLanguage\":\"en-US\"},{\"@type\":\"Organization\",\"@id\":\"https:\\\/\\\/dharmacorpstore.com\\\/#organization\",\"name\":\"Dharma Store Software\",\"url\":\"https:\\\/\\\/dharmacorpstore.com\\\/\",\"logo\":{\"@type\":\"ImageObject\",\"inLanguage\":\"en-US\",\"@id\":\"https:\\\/\\\/dharmacorpstore.com\\\/#\\\/schema\\\/logo\\\/image\\\/\",\"url\":\"https:\\\/\\\/i0.wp.com\\\/dharmacorpstore.com\\\/wp-content\\\/uploads\\\/2023\\\/11\\\/Dharma-Corp-Logo-2023-e1699245439652.png?fit=477%2C108&ssl=1\",\"contentUrl\":\"https:\\\/\\\/i0.wp.com\\\/dharmacorpstore.com\\\/wp-content\\\/uploads\\\/2023\\\/11\\\/Dharma-Corp-Logo-2023-e1699245439652.png?fit=477%2C108&ssl=1\",\"width\":477,\"height\":108,\"caption\":\"Dharma Store Software\"},\"image\":{\"@id\":\"https:\\\/\\\/dharmacorpstore.com\\\/#\\\/schema\\\/logo\\\/image\\\/\"}}]}<\/script>\n<!-- \/ Yoast SEO plugin. -->","yoast_head_json":{"title":"Office 2021 Professional Plus 5PC - Dharma Store Software","robots":{"index":"index","follow":"follow","max-snippet":"max-snippet:-1","max-image-preview":"max-image-preview:large","max-video-preview":"max-video-preview:-1"},"canonical":"https:\/\/dharmacorpstore.com\/en\/product-2\/office-2021-professional-plus-2\/","og_locale":"en_US","og_type":"article","og_title":"Office 2021 Professional Plus 5PC - Dharma Store Software","og_description":"Office 2021 Professional Plus es la \u00faltima versi\u00f3n de la suite de aplicaciones de productividad de Microsoft, dise\u00f1ada para satisfacer","og_url":"https:\/\/dharmacorpstore.com\/en\/product-2\/office-2021-professional-plus-2\/","og_site_name":"Dharma Store Software","article_modified_time":"2026-04-12T16:53:45+00:00","og_image":[{"width":600,"height":600,"url":"https:\/\/dharmacorpstore.com\/wp-content\/uploads\/2024\/03\/office-2021-pro-plus-5-pc.jpg","type":"image\/jpeg"}],"twitter_card":"summary_large_image","twitter_misc":{"Est. reading time":"2 minutes"},"schema":{"@context":"https:\/\/schema.org","@graph":[{"@type":"WebPage","@id":"https:\/\/dharmacorpstore.com\/producto\/office-2021-professional-plus-5pc\/","url":"https:\/\/dharmacorpstore.com\/producto\/office-2021-professional-plus-5pc\/","name":"Office 2021 Professional Plus 5PC - Dharma Store Software","isPartOf":{"@id":"https:\/\/dharmacorpstore.com\/#website"},"primaryImageOfPage":{"@id":"https:\/\/dharmacorpstore.com\/producto\/office-2021-professional-plus-5pc\/#primaryimage"},"image":{"@id":"https:\/\/dharmacorpstore.com\/producto\/office-2021-professional-plus-5pc\/#primaryimage"},"thumbnailUrl":"https:\/\/i0.wp.com\/dharmacorpstore.com\/wp-content\/uploads\/2024\/03\/office-2021-pro-plus-5-pc.jpg?fit=600%2C600&ssl=1","datePublished":"2024-03-07T16:42:05+00:00","dateModified":"2026-04-12T16:53:45+00:00","breadcrumb":{"@id":"https:\/\/dharmacorpstore.com\/producto\/office-2021-professional-plus-5pc\/#breadcrumb"},"inLanguage":"en-US","potentialAction":[{"@type":"ReadAction","target":["https:\/\/dharmacorpstore.com\/producto\/office-2021-professional-plus-5pc\/"]}]},{"@type":"ImageObject","inLanguage":"en-US","@id":"https:\/\/dharmacorpstore.com\/producto\/office-2021-professional-plus-5pc\/#primaryimage","url":"https:\/\/i0.wp.com\/dharmacorpstore.com\/wp-content\/uploads\/2024\/03\/office-2021-pro-plus-5-pc.jpg?fit=600%2C600&ssl=1","contentUrl":"https:\/\/i0.wp.com\/dharmacorpstore.com\/wp-content\/uploads\/2024\/03\/office-2021-pro-plus-5-pc.jpg?fit=600%2C600&ssl=1","width":600,"height":600},{"@type":"BreadcrumbList","@id":"https:\/\/dharmacorpstore.com\/producto\/office-2021-professional-plus-5pc\/#breadcrumb","itemListElement":[{"@type":"ListItem","position":1,"name":"Home","item":"https:\/\/dharmacorpstore.com\/"},{"@type":"ListItem","position":2,"name":"Tienda","item":"https:\/\/dharmacorpstore.com\/tienda\/"},{"@type":"ListItem","position":3,"name":"Office 2021 Professional Plus 5PC"}]},{"@type":"WebSite","@id":"https:\/\/dharmacorpstore.com\/#website","url":"https:\/\/dharmacorpstore.com\/","name":"Dharma Store Software","description":"Sale of original software and electronic licensing","publisher":{"@id":"https:\/\/dharmacorpstore.com\/#organization"},"potentialAction":[{"@type":"SearchAction","target":{"@type":"EntryPoint","urlTemplate":"https:\/\/dharmacorpstore.com\/?s={search_term_string}"},"query-input":{"@type":"PropertyValueSpecification","valueRequired":true,"valueName":"search_term_string"}}],"inLanguage":"en-US"},{"@type":"Organization","@id":"https:\/\/dharmacorpstore.com\/#organization","name":"Dharma Store Software","url":"https:\/\/dharmacorpstore.com\/","logo":{"@type":"ImageObject","inLanguage":"en-US","@id":"https:\/\/dharmacorpstore.com\/#\/schema\/logo\/image\/","url":"https:\/\/i0.wp.com\/dharmacorpstore.com\/wp-content\/uploads\/2023\/11\/Dharma-Corp-Logo-2023-e1699245439652.png?fit=477%2C108&ssl=1","contentUrl":"https:\/\/i0.wp.com\/dharmacorpstore.com\/wp-content\/uploads\/2023\/11\/Dharma-Corp-Logo-2023-e1699245439652.png?fit=477%2C108&ssl=1","width":477,"height":108,"caption":"Dharma Store Software"},"image":{"@id":"https:\/\/dharmacorpstore.com\/#\/schema\/logo\/image\/"}}]}},"jetpack_publicize_connections":[],"jetpack-related-posts":[],"jetpack_likes_enabled":true,"jetpack_sharing_enabled":true,"_links":{"self":[{"href":"https:\/\/dharmacorpstore.com\/en\/wp-json\/wp\/v2\/product\/2435","targetHints":{"allow":["GET"]}}],"collection":[{"href":"https:\/\/dharmacorpstore.com\/en\/wp-json\/wp\/v2\/product"}],"about":[{"href":"https:\/\/dharmacorpstore.com\/en\/wp-json\/wp\/v2\/types\/product"}],"replies":[{"embeddable":true,"href":"https:\/\/dharmacorpstore.com\/en\/wp-json\/wp\/v2\/comments?post=2435"}],"wp:featuredmedia":[{"embeddable":true,"href":"https:\/\/dharmacorpstore.com\/en\/wp-json\/wp\/v2\/media\/2436"}],"wp:attachment":[{"href":"https:\/\/dharmacorpstore.com\/en\/wp-json\/wp\/v2\/media?parent=2435"}],"wp:term":[{"taxonomy":"product_brand","embeddable":true,"href":"https:\/\/dharmacorpstore.com\/en\/wp-json\/wp\/v2\/product_brand?post=2435"},{"taxonomy":"product_cat","embeddable":true,"href":"https:\/\/dharmacorpstore.com\/en\/wp-json\/wp\/v2\/product_cat?post=2435"},{"taxonomy":"product_tag","embeddable":true,"href":"https:\/\/dharmacorpstore.com\/en\/wp-json\/wp\/v2\/product_tag?post=2435"}],"curies":[{"name":"wp","href":"https:\/\/api.w.org\/{rel}","templated":true}]}}