{"id":2444,"date":"2024-03-07T16:06:09","date_gmt":"2024-03-07T20:06:09","guid":{"rendered":"https:\/\/dharmacorpstore.com\/?post_type=product&#038;p=2444"},"modified":"2025-12-10T00:10:28","modified_gmt":"2025-12-10T04:10:28","slug":"office-2019-professional-plus-2","status":"publish","type":"product","link":"https:\/\/dharmacorpstore.com\/en\/product-2\/office-2019-professional-plus-2\/","title":{"rendered":"Office 2019 Professional Plus 5PC"},"content":{"rendered":"<p>Office 2019 Professional Plus is the latest version of Microsoft's suite of productivity applications, designed to meet the needs of business and professional users looking for advanced tools to create, edit and share documents efficiently and securely.<\/p>\n<p>Among its features are the following:<\/p>\n<p>- It includes classic Office applications such as Word, Excel, PowerPoint, Outlook, Access and Publisher, with interface enhancements and additional features to improve productivity and collaboration.<br \/>\n- Enables real-time collaboration and online document co-authoring via OneDrive or SharePoint.<br \/>\n- It includes new security and privacy features, such as sensitive data protection and data loss prevention (DLP).<br \/>\n- It includes new artificial intelligence features, such as Ideas in Excel and Designer in PowerPoint, which help users create more attractive and efficient documents.<br \/>\n- Allows installation on a single computer for use by a single user, or on multiple computers using volume licenses.<\/p>\n<p>Office 2019 Professional Plus is the ideal choice for business and professional users who need a complete and advanced suite of productivity applications to create, edit and share documents efficiently and securely, with new security, privacy and artificial intelligence features to enhance productivity and collaboration. In addition, Office 2019 Professional Plus is the latest version of Office that can be purchased with a perpetual license, meaning users can use the applications without paying a monthly or annual subscription.<\/p>","protected":false},"excerpt":{"rendered":"<div id=\"product-description-short-4\">\n<div class=\"flex items-start gap-3 p-4 rounded-lg hover:bg-blue-50 transition-colors duration-300\" data-lov-id=\"src\/pages\/Index.tsx:187:18\" data-lov-name=\"div\" data-component-path=\"src\/pages\/Index.tsx\" data-component-line=\"187\" data-component-file=\"Index.tsx\" data-component-name=\"div\" data-component-content=\"%7B%22className%22%3A%22flex%20items-start%20gap-3%20p-4%20rounded-lg%20hover%3Abg-blue-50%20transition-colors%20duration-300%22%7D\"><span class=\"text-lg\" data-lov-id=\"src\/pages\/Index.tsx:188:20\" data-lov-name=\"span\" data-component-path=\"src\/pages\/Index.tsx\" data-component-line=\"188\" data-component-file=\"Index.tsx\" data-component-name=\"span\" data-component-content=\"%7B%22className%22%3A%22text-lg%22%7D\">\u2705 License to activate Office 2019 Professional Plus on 5 computers.<br \/>\n<\/span><\/div>\n<div class=\"flex items-start gap-3 p-4 rounded-lg hover:bg-blue-50 transition-colors duration-300\" data-lov-id=\"src\/pages\/Index.tsx:187:18\" data-lov-name=\"div\" data-component-path=\"src\/pages\/Index.tsx\" data-component-line=\"187\" data-component-file=\"Index.tsx\" data-component-name=\"div\" data-component-content=\"%7B%22className%22%3A%22flex%20items-start%20gap-3%20p-4%20rounded-lg%20hover%3Abg-blue-50%20transition-colors%20duration-300%22%7D\"><span class=\"text-lg\" data-lov-id=\"src\/pages\/Index.tsx:188:20\" data-lov-name=\"span\" data-component-path=\"src\/pages\/Index.tsx\" data-component-line=\"188\" data-component-file=\"Index.tsx\" data-component-name=\"span\" data-component-content=\"%7B%22className%22%3A%22text-lg%22%7D\">\u2705\u00a0<\/span>Digital and permanent license, no monthly payments and no dependency on the cloud.<\/div>\n<div class=\"flex items-start gap-3 p-4 rounded-lg hover:bg-blue-50 transition-colors duration-300\" data-lov-id=\"src\/pages\/Index.tsx:187:18\" data-lov-name=\"div\" data-component-path=\"src\/pages\/Index.tsx\" data-component-line=\"187\" data-component-file=\"Index.tsx\" data-component-name=\"div\" data-component-content=\"%7B%22className%22%3A%22flex%20items-start%20gap-3%20p-4%20rounded-lg%20hover%3Abg-blue-50%20transition-colors%20duration-300%22%7D\"><span class=\"text-lg\" data-lov-id=\"src\/pages\/Index.tsx:188:20\" data-lov-name=\"span\" data-component-path=\"src\/pages\/Index.tsx\" data-component-line=\"188\" data-component-file=\"Index.tsx\" data-component-name=\"span\" data-component-content=\"%7B%22className%22%3A%22text-lg%22%7D\">\u2705 Includes: Word, Excel, Powerpoint, Outlook, Access, Publisher, OneNote<br \/>\n<\/span><\/div>\n<div class=\"flex items-start gap-3 p-4 rounded-lg hover:bg-blue-50 transition-colors duration-300\" data-lov-id=\"src\/pages\/Index.tsx:187:18\" data-lov-name=\"div\" data-component-path=\"src\/pages\/Index.tsx\" data-component-line=\"187\" data-component-file=\"Index.tsx\" data-component-name=\"div\" data-component-content=\"%7B%22className%22%3A%22flex%20items-start%20gap-3%20p-4%20rounded-lg%20hover%3Abg-blue-50%20transition-colors%20duration-300%22%7D\"><span class=\"text-lg\" data-lov-id=\"src\/pages\/Index.tsx:188:20\" data-lov-name=\"span\" data-component-path=\"src\/pages\/Index.tsx\" data-component-line=\"188\" data-component-file=\"Index.tsx\" data-component-name=\"span\" data-component-content=\"%7B%22className%22%3A%22text-lg%22%7D\">\u2705 Optimized for Windows 10, with improved security and professional collaboration on documents, databases and presentations.<\/span><\/div>\n<div class=\"flex items-start gap-3 p-4 rounded-lg hover:bg-blue-50 transition-colors duration-300\" data-lov-id=\"src\/pages\/Index.tsx:187:18\" data-lov-name=\"div\" data-component-path=\"src\/pages\/Index.tsx\" data-component-line=\"187\" data-component-file=\"Index.tsx\" data-component-name=\"div\" data-component-content=\"%7B%22className%22%3A%22flex%20items-start%20gap-3%20p-4%20rounded-lg%20hover%3Abg-blue-50%20transition-colors%20duration-300%22%7D\"><span class=\"text-lg\" data-lov-id=\"src\/pages\/Index.tsx:188:20\" data-lov-name=\"span\" data-component-path=\"src\/pages\/Index.tsx\" data-component-line=\"188\" data-component-file=\"Index.tsx\" data-component-name=\"span\" data-component-content=\"%7B%22className%22%3A%22text-lg%22%7D\">\u2705\u00a0<b>All our products are original and come with warranty and technical support.<\/b><br \/>\n<\/span><\/div>\n<div class=\"flex items-start gap-3 p-4 rounded-lg hover:bg-blue-50 transition-colors duration-300\" data-lov-id=\"src\/pages\/Index.tsx:187:18\" data-lov-name=\"div\" data-component-path=\"src\/pages\/Index.tsx\" data-component-line=\"187\" data-component-file=\"Index.tsx\" data-component-name=\"div\" data-component-content=\"%7B%22className%22%3A%22flex%20items-start%20gap-3%20p-4%20rounded-lg%20hover%3Abg-blue-50%20transition-colors%20duration-300%22%7D\"><span class=\"text-lg\" data-lov-id=\"src\/pages\/Index.tsx:188:20\" data-lov-name=\"span\" data-component-path=\"src\/pages\/Index.tsx\" data-component-line=\"188\" data-component-file=\"Index.tsx\" data-component-name=\"span\" data-component-content=\"%7B%22className%22%3A%22text-lg%22%7D\">\u2705\u00a0<b>Immediate delivery directly to your email along with installation manual.<\/b><\/span><\/div>\n<\/div>\n<div class=\"product-actions\">\n<form id=\"add-to-cart-or-refresh\" action=\"https:\/\/softsuper.com.ve\/panama\/carrito\" method=\"post\">\n<div class=\"product-variants\"><\/div>\n<section class=\"product-discounts\"><\/section>\n<div class=\"product-add-to-cart\"><\/div>\n<\/form>\n<\/div>","protected":false},"featured_media":15987,"comment_status":"open","ping_status":"closed","template":"","meta":{"_monsterinsights_skip_tracking":false,"_monsterinsights_sitenote_active":false,"_monsterinsights_sitenote_note":"","_monsterinsights_sitenote_category":0,"jetpack_publicize_message":"","jetpack_publicize_feature_enabled":true,"jetpack_social_post_already_shared":false,"jetpack_social_options":{"image_generator_settings":{"template":"highway","default_image_id":0,"font":"","enabled":false},"version":2}},"product_brand":[182],"product_cat":[20],"product_tag":[226,220,227,223,228,222,221,225,224],"class_list":{"0":"post-2444","1":"product","2":"type-product","3":"status-publish","4":"has-post-thumbnail","6":"product_brand-microsoft","7":"product_cat-office","8":"product_tag-descargar-office-2019-professional-plus","9":"product_tag-licencia-office-2019-professional-plus-5-pc","10":"product_tag-licencia-original-office-2019-5-pc","11":"product_tag-microsoft-office-2019-professional-plus-clave","12":"product_tag-microsoft-office-2019-professional-plus-venta","13":"product_tag-office-2019-para-empresas-5-usuarios","14":"product_tag-office-2019-pro-plus-instalacion-y-activacion","15":"product_tag-office-2019-suite-profesional-5-pc","16":"product_tag-paquete-office-2019-para-pc-multiple","18":"first","19":"instock","20":"sale","21":"featured","22":"virtual","23":"purchasable","24":"product-type-simple"},"yoast_head":"<!-- This site is optimized with the Yoast SEO plugin v27.6 - https:\/\/yoast.com\/product\/yoast-seo-wordpress\/ -->\n<title>Office 2019 Professional Plus 5PC - Dharma Store Software<\/title>\n<meta name=\"description\" content=\"Licencia original Office 2019 Professional Plus para 5 PC. Incluye Word, Excel, PowerPoint y m\u00e1s. Compra segura y activaci\u00f3n f\u00e1cil.\" \/>\n<meta name=\"robots\" content=\"index, follow, max-snippet:-1, max-image-preview:large, max-video-preview:-1\" \/>\n<link rel=\"canonical\" href=\"https:\/\/dharmacorpstore.com\/en\/product-2\/office-2019-professional-plus-2\/\" \/>\n<meta property=\"og:locale\" content=\"en_US\" \/>\n<meta property=\"og:type\" content=\"article\" \/>\n<meta property=\"og:title\" content=\"Office 2019 Professional Plus 5PC - Dharma Store Software\" \/>\n<meta property=\"og:description\" content=\"Licencia original Office 2019 Professional Plus para 5 PC. Incluye Word, Excel, PowerPoint y m\u00e1s. Compra segura y activaci\u00f3n f\u00e1cil.\" \/>\n<meta property=\"og:url\" content=\"https:\/\/dharmacorpstore.com\/en\/product-2\/office-2019-professional-plus-2\/\" \/>\n<meta property=\"og:site_name\" content=\"Dharma Store Software\" \/>\n<meta property=\"article:modified_time\" content=\"2025-12-10T04:10:28+00:00\" \/>\n<meta property=\"og:image\" content=\"https:\/\/dharmacorpstore.com\/wp-content\/uploads\/2024\/03\/office2019professionalplusfor5usersvaneyo-scaled-e1723954107890.webp\" \/>\n\t<meta property=\"og:image:width\" content=\"900\" \/>\n\t<meta property=\"og:image:height\" content=\"900\" \/>\n\t<meta property=\"og:image:type\" content=\"image\/webp\" \/>\n<meta name=\"twitter:card\" content=\"summary_large_image\" \/>\n<meta name=\"twitter:label1\" content=\"Est. reading time\" \/>\n\t<meta name=\"twitter:data1\" content=\"2 minutes\" \/>\n<script type=\"application\/ld+json\" class=\"yoast-schema-graph\">{\"@context\":\"https:\\\/\\\/schema.org\",\"@graph\":[{\"@type\":\"WebPage\",\"@id\":\"https:\\\/\\\/dharmacorpstore.com\\\/producto\\\/office-2019-professional-plus-5pc\\\/\",\"url\":\"https:\\\/\\\/dharmacorpstore.com\\\/producto\\\/office-2019-professional-plus-5pc\\\/\",\"name\":\"Office 2019 Professional Plus 5PC - Dharma Store Software\",\"isPartOf\":{\"@id\":\"https:\\\/\\\/dharmacorpstore.com\\\/#website\"},\"primaryImageOfPage\":{\"@id\":\"https:\\\/\\\/dharmacorpstore.com\\\/producto\\\/office-2019-professional-plus-5pc\\\/#primaryimage\"},\"image\":{\"@id\":\"https:\\\/\\\/dharmacorpstore.com\\\/producto\\\/office-2019-professional-plus-5pc\\\/#primaryimage\"},\"thumbnailUrl\":\"https:\\\/\\\/i0.wp.com\\\/dharmacorpstore.com\\\/wp-content\\\/uploads\\\/2024\\\/03\\\/office2019professionalplusfor5usersvaneyo-scaled-e1723954107890.webp?fit=900%2C900&ssl=1\",\"datePublished\":\"2024-03-07T20:06:09+00:00\",\"dateModified\":\"2025-12-10T04:10:28+00:00\",\"description\":\"Licencia original Office 2019 Professional Plus para 5 PC. Incluye Word, Excel, PowerPoint y m\u00e1s. Compra segura y activaci\u00f3n f\u00e1cil.\",\"breadcrumb\":{\"@id\":\"https:\\\/\\\/dharmacorpstore.com\\\/producto\\\/office-2019-professional-plus-5pc\\\/#breadcrumb\"},\"inLanguage\":\"en-US\",\"potentialAction\":[{\"@type\":\"ReadAction\",\"target\":[\"https:\\\/\\\/dharmacorpstore.com\\\/producto\\\/office-2019-professional-plus-5pc\\\/\"]}]},{\"@type\":\"ImageObject\",\"inLanguage\":\"en-US\",\"@id\":\"https:\\\/\\\/dharmacorpstore.com\\\/producto\\\/office-2019-professional-plus-5pc\\\/#primaryimage\",\"url\":\"https:\\\/\\\/i0.wp.com\\\/dharmacorpstore.com\\\/wp-content\\\/uploads\\\/2024\\\/03\\\/office2019professionalplusfor5usersvaneyo-scaled-e1723954107890.webp?fit=900%2C900&ssl=1\",\"contentUrl\":\"https:\\\/\\\/i0.wp.com\\\/dharmacorpstore.com\\\/wp-content\\\/uploads\\\/2024\\\/03\\\/office2019professionalplusfor5usersvaneyo-scaled-e1723954107890.webp?fit=900%2C900&ssl=1\",\"width\":900,\"height\":900},{\"@type\":\"BreadcrumbList\",\"@id\":\"https:\\\/\\\/dharmacorpstore.com\\\/producto\\\/office-2019-professional-plus-5pc\\\/#breadcrumb\",\"itemListElement\":[{\"@type\":\"ListItem\",\"position\":1,\"name\":\"Home\",\"item\":\"https:\\\/\\\/dharmacorpstore.com\\\/\"},{\"@type\":\"ListItem\",\"position\":2,\"name\":\"Tienda\",\"item\":\"https:\\\/\\\/dharmacorpstore.com\\\/tienda\\\/\"},{\"@type\":\"ListItem\",\"position\":3,\"name\":\"Office 2019 Professional Plus 5PC\"}]},{\"@type\":\"WebSite\",\"@id\":\"https:\\\/\\\/dharmacorpstore.com\\\/#website\",\"url\":\"https:\\\/\\\/dharmacorpstore.com\\\/\",\"name\":\"Dharma Store Software\",\"description\":\"Venta de software original y licenciamiento electr\u00f3nico\",\"publisher\":{\"@id\":\"https:\\\/\\\/dharmacorpstore.com\\\/#organization\"},\"potentialAction\":[{\"@type\":\"SearchAction\",\"target\":{\"@type\":\"EntryPoint\",\"urlTemplate\":\"https:\\\/\\\/dharmacorpstore.com\\\/?s={search_term_string}\"},\"query-input\":{\"@type\":\"PropertyValueSpecification\",\"valueRequired\":true,\"valueName\":\"search_term_string\"}}],\"inLanguage\":\"en-US\"},{\"@type\":\"Organization\",\"@id\":\"https:\\\/\\\/dharmacorpstore.com\\\/#organization\",\"name\":\"Dharma Store Software\",\"url\":\"https:\\\/\\\/dharmacorpstore.com\\\/\",\"logo\":{\"@type\":\"ImageObject\",\"inLanguage\":\"en-US\",\"@id\":\"https:\\\/\\\/dharmacorpstore.com\\\/#\\\/schema\\\/logo\\\/image\\\/\",\"url\":\"https:\\\/\\\/i0.wp.com\\\/dharmacorpstore.com\\\/wp-content\\\/uploads\\\/2023\\\/11\\\/Dharma-Corp-Logo-2023-e1699245439652.png?fit=477%2C108&ssl=1\",\"contentUrl\":\"https:\\\/\\\/i0.wp.com\\\/dharmacorpstore.com\\\/wp-content\\\/uploads\\\/2023\\\/11\\\/Dharma-Corp-Logo-2023-e1699245439652.png?fit=477%2C108&ssl=1\",\"width\":477,\"height\":108,\"caption\":\"Dharma Store Software\"},\"image\":{\"@id\":\"https:\\\/\\\/dharmacorpstore.com\\\/#\\\/schema\\\/logo\\\/image\\\/\"}}]}<\/script>\n<!-- \/ Yoast SEO plugin. -->","yoast_head_json":{"title":"Office 2019 Professional Plus 5PC - Dharma Store Software","description":"Genuine Office 2019 Professional Plus license for 5 PCs. Includes Word, Excel, PowerPoint, and more. Secure purchase and easy activation.","robots":{"index":"index","follow":"follow","max-snippet":"max-snippet:-1","max-image-preview":"max-image-preview:large","max-video-preview":"max-video-preview:-1"},"canonical":"https:\/\/dharmacorpstore.com\/en\/product-2\/office-2019-professional-plus-2\/","og_locale":"en_US","og_type":"article","og_title":"Office 2019 Professional Plus 5PC - Dharma Store Software","og_description":"Licencia original Office 2019 Professional Plus para 5 PC. Incluye Word, Excel, PowerPoint y m\u00e1s. Compra segura y activaci\u00f3n f\u00e1cil.","og_url":"https:\/\/dharmacorpstore.com\/en\/product-2\/office-2019-professional-plus-2\/","og_site_name":"Dharma Store Software","article_modified_time":"2025-12-10T04:10:28+00:00","og_image":[{"width":900,"height":900,"url":"https:\/\/dharmacorpstore.com\/wp-content\/uploads\/2024\/03\/office2019professionalplusfor5usersvaneyo-scaled-e1723954107890.webp","type":"image\/webp"}],"twitter_card":"summary_large_image","twitter_misc":{"Est. reading time":"2 minutes"},"schema":{"@context":"https:\/\/schema.org","@graph":[{"@type":"WebPage","@id":"https:\/\/dharmacorpstore.com\/producto\/office-2019-professional-plus-5pc\/","url":"https:\/\/dharmacorpstore.com\/producto\/office-2019-professional-plus-5pc\/","name":"Office 2019 Professional Plus 5PC - Dharma Store Software","isPartOf":{"@id":"https:\/\/dharmacorpstore.com\/#website"},"primaryImageOfPage":{"@id":"https:\/\/dharmacorpstore.com\/producto\/office-2019-professional-plus-5pc\/#primaryimage"},"image":{"@id":"https:\/\/dharmacorpstore.com\/producto\/office-2019-professional-plus-5pc\/#primaryimage"},"thumbnailUrl":"https:\/\/i0.wp.com\/dharmacorpstore.com\/wp-content\/uploads\/2024\/03\/office2019professionalplusfor5usersvaneyo-scaled-e1723954107890.webp?fit=900%2C900&ssl=1","datePublished":"2024-03-07T20:06:09+00:00","dateModified":"2025-12-10T04:10:28+00:00","description":"Genuine Office 2019 Professional Plus license for 5 PCs. Includes Word, Excel, PowerPoint, and more. Secure purchase and easy activation.","breadcrumb":{"@id":"https:\/\/dharmacorpstore.com\/producto\/office-2019-professional-plus-5pc\/#breadcrumb"},"inLanguage":"en-US","potentialAction":[{"@type":"ReadAction","target":["https:\/\/dharmacorpstore.com\/producto\/office-2019-professional-plus-5pc\/"]}]},{"@type":"ImageObject","inLanguage":"en-US","@id":"https:\/\/dharmacorpstore.com\/producto\/office-2019-professional-plus-5pc\/#primaryimage","url":"https:\/\/i0.wp.com\/dharmacorpstore.com\/wp-content\/uploads\/2024\/03\/office2019professionalplusfor5usersvaneyo-scaled-e1723954107890.webp?fit=900%2C900&ssl=1","contentUrl":"https:\/\/i0.wp.com\/dharmacorpstore.com\/wp-content\/uploads\/2024\/03\/office2019professionalplusfor5usersvaneyo-scaled-e1723954107890.webp?fit=900%2C900&ssl=1","width":900,"height":900},{"@type":"BreadcrumbList","@id":"https:\/\/dharmacorpstore.com\/producto\/office-2019-professional-plus-5pc\/#breadcrumb","itemListElement":[{"@type":"ListItem","position":1,"name":"Home","item":"https:\/\/dharmacorpstore.com\/"},{"@type":"ListItem","position":2,"name":"Tienda","item":"https:\/\/dharmacorpstore.com\/tienda\/"},{"@type":"ListItem","position":3,"name":"Office 2019 Professional Plus 5PC"}]},{"@type":"WebSite","@id":"https:\/\/dharmacorpstore.com\/#website","url":"https:\/\/dharmacorpstore.com\/","name":"Dharma Store Software","description":"Sale of original software and electronic licensing","publisher":{"@id":"https:\/\/dharmacorpstore.com\/#organization"},"potentialAction":[{"@type":"SearchAction","target":{"@type":"EntryPoint","urlTemplate":"https:\/\/dharmacorpstore.com\/?s={search_term_string}"},"query-input":{"@type":"PropertyValueSpecification","valueRequired":true,"valueName":"search_term_string"}}],"inLanguage":"en-US"},{"@type":"Organization","@id":"https:\/\/dharmacorpstore.com\/#organization","name":"Dharma Store Software","url":"https:\/\/dharmacorpstore.com\/","logo":{"@type":"ImageObject","inLanguage":"en-US","@id":"https:\/\/dharmacorpstore.com\/#\/schema\/logo\/image\/","url":"https:\/\/i0.wp.com\/dharmacorpstore.com\/wp-content\/uploads\/2023\/11\/Dharma-Corp-Logo-2023-e1699245439652.png?fit=477%2C108&ssl=1","contentUrl":"https:\/\/i0.wp.com\/dharmacorpstore.com\/wp-content\/uploads\/2023\/11\/Dharma-Corp-Logo-2023-e1699245439652.png?fit=477%2C108&ssl=1","width":477,"height":108,"caption":"Dharma Store Software"},"image":{"@id":"https:\/\/dharmacorpstore.com\/#\/schema\/logo\/image\/"}}]}},"jetpack_publicize_connections":[],"jetpack-related-posts":[],"jetpack_likes_enabled":true,"jetpack_sharing_enabled":true,"_links":{"self":[{"href":"https:\/\/dharmacorpstore.com\/en\/wp-json\/wp\/v2\/product\/2444","targetHints":{"allow":["GET"]}}],"collection":[{"href":"https:\/\/dharmacorpstore.com\/en\/wp-json\/wp\/v2\/product"}],"about":[{"href":"https:\/\/dharmacorpstore.com\/en\/wp-json\/wp\/v2\/types\/product"}],"replies":[{"embeddable":true,"href":"https:\/\/dharmacorpstore.com\/en\/wp-json\/wp\/v2\/comments?post=2444"}],"wp:featuredmedia":[{"embeddable":true,"href":"https:\/\/dharmacorpstore.com\/en\/wp-json\/wp\/v2\/media\/15987"}],"wp:attachment":[{"href":"https:\/\/dharmacorpstore.com\/en\/wp-json\/wp\/v2\/media?parent=2444"}],"wp:term":[{"taxonomy":"product_brand","embeddable":true,"href":"https:\/\/dharmacorpstore.com\/en\/wp-json\/wp\/v2\/product_brand?post=2444"},{"taxonomy":"product_cat","embeddable":true,"href":"https:\/\/dharmacorpstore.com\/en\/wp-json\/wp\/v2\/product_cat?post=2444"},{"taxonomy":"product_tag","embeddable":true,"href":"https:\/\/dharmacorpstore.com\/en\/wp-json\/wp\/v2\/product_tag?post=2444"}],"curies":[{"name":"wp","href":"https:\/\/api.w.org\/{rel}","templated":true}]}}