{"id":998,"date":"2023-10-17T01:12:43","date_gmt":"2023-10-17T05:12:43","guid":{"rendered":"http:\/\/dharmacorpstore.com\/?post_type=product&#038;p=998"},"modified":"2025-11-26T20:05:20","modified_gmt":"2025-11-27T00:05:20","slug":"power-bi-premium-100-users-1-year-subscription-advanced-analytics","status":"publish","type":"product","link":"https:\/\/dharmacorpstore.com\/en\/product-2\/power-bi-premium-100-users-1-year-subscription-advanced-analytics\/","title":{"rendered":"Power BI Premium 100 Users - 1 Year Subscription, Advanced Analysis"},"content":{"rendered":"<p class=\"ds-markdown-paragraph\"><strong>Powering Your Enterprise Business Intelligence with Power BI Premium<\/strong><\/p>\n<p class=\"ds-markdown-paragraph\">Acquires\u00a0<strong>Power BI Premium<\/strong>\u00a0for\u00a0<strong>100 users for 1 full year<\/strong>\u00a0and transforms the way your organization makes strategic decisions. This enterprise solution from Microsoft removes scalability barriers and offers advanced analytics capabilities for teams that demand high performance and robust security.<\/p>\n<p class=\"ds-markdown-paragraph\"><strong>Key Benefits:<\/strong><br \/>\n\u2705\u00a0<strong>Dedicated Capacity:<\/strong>\u00a0Exclusive access to cloud resources (vCPU cores, memory and storage) ensuring speed and stability even with large data volumes.<br \/>\n\u2705\u00a0<strong>Unlimited publication:<\/strong>\u00a0Distribute reports to\u00a0<strong>all employees<\/strong>\u00a0(no need for individual Pro licenses*) and share insights with partners or external customers.<br \/>\n\u2705\u00a0<strong>Advanced Intelligence:<\/strong>\u00a0Complex data modeling, incremental data flows, integrated AI (Cognitive Services) and support for advanced pagination.<br \/>\n\u2705\u00a0<strong>Corporate Compliance:<\/strong>\u00a0Maximum security standards, data governance (BYOK) and support for integration into proprietary applications or portals.<br \/>\n\u2705\u00a0<strong>Predictive Savings:<\/strong>\u00a0Ideal for companies with &gt;500 users; optimizes costs versus individual Pro licenses.<\/p>\n<p class=\"ds-markdown-paragraph\"><strong>Who is it for?<\/strong><br \/>\nCompanies that require:<\/p>\n<ul>\n<li>\n<p class=\"ds-markdown-paragraph\">Processing of large datasets (TB+).<\/p>\n<\/li>\n<li>\n<p class=\"ds-markdown-paragraph\">Critical operational reports with near real-time updates.<\/p>\n<\/li>\n<li>\n<p class=\"ds-markdown-paragraph\">Massive collaboration without limits of use.<\/p>\n<\/li>\n<li>\n<p class=\"ds-markdown-paragraph\">Integration with Power Apps, Power Automate and Azure Analytics.<\/p>\n<\/li>\n<\/ul>\n<p class=\"ds-markdown-paragraph\"><strong>Includes:<\/strong><br \/>\n\ud83d\udd39 Premium Capability (P-SKU) hosted in the Microsoft cloud.<br \/>\n\ud83d\udd39 Web and mobile access (iOS\/Android).<br \/>\n\ud83d\udd39 Automatic updates and priority technical support.<\/p>\n<p class=\"ds-markdown-paragraph\"><strong>Unleash the potential of your data with the leading BI platform!<\/strong><br \/>\n<em>Perfect for corporations, institutions and growing companies that prioritize data-driven.<\/em><\/p>\n<p class=\"ds-markdown-paragraph\">*\u00a0<em>Note: Report builders do require a Power BI Pro license. See usage details.<\/em><\/p>","protected":false},"excerpt":{"rendered":"<p class=\"my-2 [&amp;+p]:mt-4 [&amp;_strong:has(+br)]:inline-block [&amp;_strong:has(+br)]:pb-2 animate-in fade-in-25 duration-700\">\u2705 Licencia alfanum\u00e9rica para activar Power Bi Premium 100 usuarios\u00a0 por 1 a\u00f1o<br \/>\n\u2705 Una suscripci\u00f3n anual que garantiza actualizaciones autom\u00e1ticas y soporte continuo.<br \/>\n\u2705 Potencia el an\u00e1lisis de datos con capacidades avanzadas y procesamiento r\u00e1pido para hasta 100 usuarios.<br \/>\n\u2705 Facilita la colaboraci\u00f3n y toma de decisiones basada en datos en toda la organizaci\u00f3n con seguridad empresarial.<br \/>\n\u2705 <b style=\"color: red;\">Todos nuestros productos son originales y cuentan con garant\u00eda y soporte t\u00e9cnico.<\/b><br \/>\n\u2705 <b style=\"color: red;\">Entrega inmediata directo a tu correo electr\u00f3nico junto con manual de instalaci\u00f3n.<\/b><\/p>\n","protected":false},"featured_media":16222,"comment_status":"open","ping_status":"closed","template":"","meta":{"_monsterinsights_skip_tracking":false,"_monsterinsights_sitenote_active":false,"_monsterinsights_sitenote_note":"","_monsterinsights_sitenote_category":0,"jetpack_post_was_ever_published":false,"jetpack_publicize_message":"","jetpack_publicize_feature_enabled":true,"jetpack_social_post_already_shared":false,"jetpack_social_options":{"image_generator_settings":{"template":"highway","default_image_id":0,"font":"","enabled":false},"version":2}},"product_brand":[182],"product_cat":[20],"product_tag":[215,216,217,212,219,218,214,213],"class_list":{"0":"post-998","1":"product","2":"type-product","3":"status-publish","4":"has-post-thumbnail","6":"product_brand-microsoft","7":"product_cat-office","8":"product_tag-analisis-avanzado-power-bi","9":"product_tag-bi-corporativo-power-bi","10":"product_tag-licencia-power-bi-1-ano","11":"product_tag-licencia-power-bi-premium-100-usuarios","12":"product_tag-power-bi-premium-2025","13":"product_tag-power-bi-premium-costo-100-usuarios","14":"product_tag-power-bi-premium-para-empresas","15":"product_tag-power-bi-premium-suscripcion-anual","17":"first","18":"instock","19":"sale","20":"virtual","21":"purchasable","22":"product-type-simple"},"yoast_head":"<!-- This site is optimized with the Yoast SEO plugin v27.4 - https:\/\/yoast.com\/product\/yoast-seo-wordpress\/ -->\n<title>Power BI Premium 100 Usuarios \u2013 Suscripci\u00f3n 1 A\u00f1o, An\u00e1lisis Avanzado - Dharma Store Software<\/title>\n<meta name=\"description\" content=\"Adquiere Power BI Premium para 100 usuarios por 1 a\u00f1o. La m\u00e1xima potencia en an\u00e1lisis empresarial con licencias originales Microsoft.\" \/>\n<meta name=\"robots\" content=\"index, follow, max-snippet:-1, max-image-preview:large, max-video-preview:-1\" \/>\n<link rel=\"canonical\" href=\"https:\/\/dharmacorpstore.com\/en\/product-2\/power-bi-premium-100-users-1-year-subscription-advanced-analytics\/\" \/>\n<meta property=\"og:locale\" content=\"en_US\" \/>\n<meta property=\"og:type\" content=\"article\" \/>\n<meta property=\"og:title\" content=\"Power BI Premium 100 Usuarios \u2013 Suscripci\u00f3n 1 A\u00f1o, An\u00e1lisis Avanzado - Dharma Store Software\" \/>\n<meta property=\"og:description\" content=\"Adquiere Power BI Premium para 100 usuarios por 1 a\u00f1o. La m\u00e1xima potencia en an\u00e1lisis empresarial con licencias originales Microsoft.\" \/>\n<meta property=\"og:url\" content=\"https:\/\/dharmacorpstore.com\/en\/product-2\/power-bi-premium-100-users-1-year-subscription-advanced-analytics\/\" \/>\n<meta property=\"og:site_name\" content=\"Dharma Store Software\" \/>\n<meta property=\"article:modified_time\" content=\"2025-11-27T00:05:20+00:00\" \/>\n<meta property=\"og:image\" content=\"https:\/\/dharmacorpstore.com\/wp-content\/uploads\/2023\/10\/Power-Bi-Premium.webp\" \/>\n\t<meta property=\"og:image:width\" content=\"750\" \/>\n\t<meta property=\"og:image:height\" content=\"750\" \/>\n\t<meta property=\"og:image:type\" content=\"image\/webp\" \/>\n<meta name=\"twitter:card\" content=\"summary_large_image\" \/>\n<meta name=\"twitter:label1\" content=\"Est. reading time\" \/>\n\t<meta name=\"twitter:data1\" content=\"2 minutes\" \/>\n<script type=\"application\/ld+json\" class=\"yoast-schema-graph\">{\"@context\":\"https:\\\/\\\/schema.org\",\"@graph\":[{\"@type\":\"WebPage\",\"@id\":\"https:\\\/\\\/dharmacorpstore.com\\\/producto\\\/power-bi-premium-100-usuarios-suscripcion-1-ano-analisis-avanzado\\\/\",\"url\":\"https:\\\/\\\/dharmacorpstore.com\\\/producto\\\/power-bi-premium-100-usuarios-suscripcion-1-ano-analisis-avanzado\\\/\",\"name\":\"Power BI Premium 100 Usuarios \u2013 Suscripci\u00f3n 1 A\u00f1o, An\u00e1lisis Avanzado - Dharma Store Software\",\"isPartOf\":{\"@id\":\"https:\\\/\\\/dharmacorpstore.com\\\/#website\"},\"primaryImageOfPage\":{\"@id\":\"https:\\\/\\\/dharmacorpstore.com\\\/producto\\\/power-bi-premium-100-usuarios-suscripcion-1-ano-analisis-avanzado\\\/#primaryimage\"},\"image\":{\"@id\":\"https:\\\/\\\/dharmacorpstore.com\\\/producto\\\/power-bi-premium-100-usuarios-suscripcion-1-ano-analisis-avanzado\\\/#primaryimage\"},\"thumbnailUrl\":\"https:\\\/\\\/i0.wp.com\\\/dharmacorpstore.com\\\/wp-content\\\/uploads\\\/2023\\\/10\\\/Power-Bi-Premium.webp?fit=750%2C750&ssl=1\",\"datePublished\":\"2023-10-17T05:12:43+00:00\",\"dateModified\":\"2025-11-27T00:05:20+00:00\",\"description\":\"Adquiere Power BI Premium para 100 usuarios por 1 a\u00f1o. La m\u00e1xima potencia en an\u00e1lisis empresarial con licencias originales Microsoft.\",\"breadcrumb\":{\"@id\":\"https:\\\/\\\/dharmacorpstore.com\\\/producto\\\/power-bi-premium-100-usuarios-suscripcion-1-ano-analisis-avanzado\\\/#breadcrumb\"},\"inLanguage\":\"en-US\",\"potentialAction\":[{\"@type\":\"ReadAction\",\"target\":[\"https:\\\/\\\/dharmacorpstore.com\\\/producto\\\/power-bi-premium-100-usuarios-suscripcion-1-ano-analisis-avanzado\\\/\"]}]},{\"@type\":\"ImageObject\",\"inLanguage\":\"en-US\",\"@id\":\"https:\\\/\\\/dharmacorpstore.com\\\/producto\\\/power-bi-premium-100-usuarios-suscripcion-1-ano-analisis-avanzado\\\/#primaryimage\",\"url\":\"https:\\\/\\\/i0.wp.com\\\/dharmacorpstore.com\\\/wp-content\\\/uploads\\\/2023\\\/10\\\/Power-Bi-Premium.webp?fit=750%2C750&ssl=1\",\"contentUrl\":\"https:\\\/\\\/i0.wp.com\\\/dharmacorpstore.com\\\/wp-content\\\/uploads\\\/2023\\\/10\\\/Power-Bi-Premium.webp?fit=750%2C750&ssl=1\",\"width\":750,\"height\":750},{\"@type\":\"BreadcrumbList\",\"@id\":\"https:\\\/\\\/dharmacorpstore.com\\\/producto\\\/power-bi-premium-100-usuarios-suscripcion-1-ano-analisis-avanzado\\\/#breadcrumb\",\"itemListElement\":[{\"@type\":\"ListItem\",\"position\":1,\"name\":\"Home\",\"item\":\"https:\\\/\\\/dharmacorpstore.com\\\/\"},{\"@type\":\"ListItem\",\"position\":2,\"name\":\"Tienda\",\"item\":\"https:\\\/\\\/dharmacorpstore.com\\\/tienda\\\/\"},{\"@type\":\"ListItem\",\"position\":3,\"name\":\"Power BI Premium 100 Usuarios \u2013 Suscripci\u00f3n 1 A\u00f1o, An\u00e1lisis Avanzado\"}]},{\"@type\":\"WebSite\",\"@id\":\"https:\\\/\\\/dharmacorpstore.com\\\/#website\",\"url\":\"https:\\\/\\\/dharmacorpstore.com\\\/\",\"name\":\"Dharma Store Software\",\"description\":\"Venta de software original y licenciamiento electr\u00f3nico\",\"publisher\":{\"@id\":\"https:\\\/\\\/dharmacorpstore.com\\\/#organization\"},\"potentialAction\":[{\"@type\":\"SearchAction\",\"target\":{\"@type\":\"EntryPoint\",\"urlTemplate\":\"https:\\\/\\\/dharmacorpstore.com\\\/?s={search_term_string}\"},\"query-input\":{\"@type\":\"PropertyValueSpecification\",\"valueRequired\":true,\"valueName\":\"search_term_string\"}}],\"inLanguage\":\"en-US\"},{\"@type\":\"Organization\",\"@id\":\"https:\\\/\\\/dharmacorpstore.com\\\/#organization\",\"name\":\"Dharma Store Software\",\"url\":\"https:\\\/\\\/dharmacorpstore.com\\\/\",\"logo\":{\"@type\":\"ImageObject\",\"inLanguage\":\"en-US\",\"@id\":\"https:\\\/\\\/dharmacorpstore.com\\\/#\\\/schema\\\/logo\\\/image\\\/\",\"url\":\"https:\\\/\\\/i0.wp.com\\\/dharmacorpstore.com\\\/wp-content\\\/uploads\\\/2023\\\/11\\\/Dharma-Corp-Logo-2023-e1699245439652.png?fit=477%2C108&ssl=1\",\"contentUrl\":\"https:\\\/\\\/i0.wp.com\\\/dharmacorpstore.com\\\/wp-content\\\/uploads\\\/2023\\\/11\\\/Dharma-Corp-Logo-2023-e1699245439652.png?fit=477%2C108&ssl=1\",\"width\":477,\"height\":108,\"caption\":\"Dharma Store Software\"},\"image\":{\"@id\":\"https:\\\/\\\/dharmacorpstore.com\\\/#\\\/schema\\\/logo\\\/image\\\/\"}}]}<\/script>\n<!-- \/ Yoast SEO plugin. -->","yoast_head_json":{"title":"Power BI Premium 100 Users \u2013 1 Year Subscription, Advanced Analytics - Dharma Store Software","description":"Get Power BI Premium for 100 users for 1 year. The ultimate in business analytics with genuine Microsoft licenses.","robots":{"index":"index","follow":"follow","max-snippet":"max-snippet:-1","max-image-preview":"max-image-preview:large","max-video-preview":"max-video-preview:-1"},"canonical":"https:\/\/dharmacorpstore.com\/en\/product-2\/power-bi-premium-100-users-1-year-subscription-advanced-analytics\/","og_locale":"en_US","og_type":"article","og_title":"Power BI Premium 100 Usuarios \u2013 Suscripci\u00f3n 1 A\u00f1o, An\u00e1lisis Avanzado - Dharma Store Software","og_description":"Adquiere Power BI Premium para 100 usuarios por 1 a\u00f1o. La m\u00e1xima potencia en an\u00e1lisis empresarial con licencias originales Microsoft.","og_url":"https:\/\/dharmacorpstore.com\/en\/product-2\/power-bi-premium-100-users-1-year-subscription-advanced-analytics\/","og_site_name":"Dharma Store Software","article_modified_time":"2025-11-27T00:05:20+00:00","og_image":[{"width":750,"height":750,"url":"https:\/\/dharmacorpstore.com\/wp-content\/uploads\/2023\/10\/Power-Bi-Premium.webp","type":"image\/webp"}],"twitter_card":"summary_large_image","twitter_misc":{"Est. reading time":"2 minutes"},"schema":{"@context":"https:\/\/schema.org","@graph":[{"@type":"WebPage","@id":"https:\/\/dharmacorpstore.com\/producto\/power-bi-premium-100-usuarios-suscripcion-1-ano-analisis-avanzado\/","url":"https:\/\/dharmacorpstore.com\/producto\/power-bi-premium-100-usuarios-suscripcion-1-ano-analisis-avanzado\/","name":"Power BI Premium 100 Users \u2013 1 Year Subscription, Advanced Analytics - Dharma Store Software","isPartOf":{"@id":"https:\/\/dharmacorpstore.com\/#website"},"primaryImageOfPage":{"@id":"https:\/\/dharmacorpstore.com\/producto\/power-bi-premium-100-usuarios-suscripcion-1-ano-analisis-avanzado\/#primaryimage"},"image":{"@id":"https:\/\/dharmacorpstore.com\/producto\/power-bi-premium-100-usuarios-suscripcion-1-ano-analisis-avanzado\/#primaryimage"},"thumbnailUrl":"https:\/\/i0.wp.com\/dharmacorpstore.com\/wp-content\/uploads\/2023\/10\/Power-Bi-Premium.webp?fit=750%2C750&ssl=1","datePublished":"2023-10-17T05:12:43+00:00","dateModified":"2025-11-27T00:05:20+00:00","description":"Get Power BI Premium for 100 users for 1 year. The ultimate in business analytics with genuine Microsoft licenses.","breadcrumb":{"@id":"https:\/\/dharmacorpstore.com\/producto\/power-bi-premium-100-usuarios-suscripcion-1-ano-analisis-avanzado\/#breadcrumb"},"inLanguage":"en-US","potentialAction":[{"@type":"ReadAction","target":["https:\/\/dharmacorpstore.com\/producto\/power-bi-premium-100-usuarios-suscripcion-1-ano-analisis-avanzado\/"]}]},{"@type":"ImageObject","inLanguage":"en-US","@id":"https:\/\/dharmacorpstore.com\/producto\/power-bi-premium-100-usuarios-suscripcion-1-ano-analisis-avanzado\/#primaryimage","url":"https:\/\/i0.wp.com\/dharmacorpstore.com\/wp-content\/uploads\/2023\/10\/Power-Bi-Premium.webp?fit=750%2C750&ssl=1","contentUrl":"https:\/\/i0.wp.com\/dharmacorpstore.com\/wp-content\/uploads\/2023\/10\/Power-Bi-Premium.webp?fit=750%2C750&ssl=1","width":750,"height":750},{"@type":"BreadcrumbList","@id":"https:\/\/dharmacorpstore.com\/producto\/power-bi-premium-100-usuarios-suscripcion-1-ano-analisis-avanzado\/#breadcrumb","itemListElement":[{"@type":"ListItem","position":1,"name":"Home","item":"https:\/\/dharmacorpstore.com\/"},{"@type":"ListItem","position":2,"name":"Tienda","item":"https:\/\/dharmacorpstore.com\/tienda\/"},{"@type":"ListItem","position":3,"name":"Power BI Premium 100 Usuarios \u2013 Suscripci\u00f3n 1 A\u00f1o, An\u00e1lisis Avanzado"}]},{"@type":"WebSite","@id":"https:\/\/dharmacorpstore.com\/#website","url":"https:\/\/dharmacorpstore.com\/","name":"Dharma Store Software","description":"Sale of original software and electronic licensing","publisher":{"@id":"https:\/\/dharmacorpstore.com\/#organization"},"potentialAction":[{"@type":"SearchAction","target":{"@type":"EntryPoint","urlTemplate":"https:\/\/dharmacorpstore.com\/?s={search_term_string}"},"query-input":{"@type":"PropertyValueSpecification","valueRequired":true,"valueName":"search_term_string"}}],"inLanguage":"en-US"},{"@type":"Organization","@id":"https:\/\/dharmacorpstore.com\/#organization","name":"Dharma Store Software","url":"https:\/\/dharmacorpstore.com\/","logo":{"@type":"ImageObject","inLanguage":"en-US","@id":"https:\/\/dharmacorpstore.com\/#\/schema\/logo\/image\/","url":"https:\/\/i0.wp.com\/dharmacorpstore.com\/wp-content\/uploads\/2023\/11\/Dharma-Corp-Logo-2023-e1699245439652.png?fit=477%2C108&ssl=1","contentUrl":"https:\/\/i0.wp.com\/dharmacorpstore.com\/wp-content\/uploads\/2023\/11\/Dharma-Corp-Logo-2023-e1699245439652.png?fit=477%2C108&ssl=1","width":477,"height":108,"caption":"Dharma Store Software"},"image":{"@id":"https:\/\/dharmacorpstore.com\/#\/schema\/logo\/image\/"}}]}},"jetpack_publicize_connections":[],"jetpack-related-posts":[],"jetpack_likes_enabled":true,"jetpack_sharing_enabled":true,"_links":{"self":[{"href":"https:\/\/dharmacorpstore.com\/en\/wp-json\/wp\/v2\/product\/998","targetHints":{"allow":["GET"]}}],"collection":[{"href":"https:\/\/dharmacorpstore.com\/en\/wp-json\/wp\/v2\/product"}],"about":[{"href":"https:\/\/dharmacorpstore.com\/en\/wp-json\/wp\/v2\/types\/product"}],"replies":[{"embeddable":true,"href":"https:\/\/dharmacorpstore.com\/en\/wp-json\/wp\/v2\/comments?post=998"}],"wp:featuredmedia":[{"embeddable":true,"href":"https:\/\/dharmacorpstore.com\/en\/wp-json\/wp\/v2\/media\/16222"}],"wp:attachment":[{"href":"https:\/\/dharmacorpstore.com\/en\/wp-json\/wp\/v2\/media?parent=998"}],"wp:term":[{"taxonomy":"product_brand","embeddable":true,"href":"https:\/\/dharmacorpstore.com\/en\/wp-json\/wp\/v2\/product_brand?post=998"},{"taxonomy":"product_cat","embeddable":true,"href":"https:\/\/dharmacorpstore.com\/en\/wp-json\/wp\/v2\/product_cat?post=998"},{"taxonomy":"product_tag","embeddable":true,"href":"https:\/\/dharmacorpstore.com\/en\/wp-json\/wp\/v2\/product_tag?post=998"}],"curies":[{"name":"wp","href":"https:\/\/api.w.org\/{rel}","templated":true}]}}