{"id":246,"date":"2023-07-29T23:50:42","date_gmt":"2023-07-29T23:50:42","guid":{"rendered":"http:\/\/dharmacorpstore.com\/lost-password\/"},"modified":"2023-11-07T18:59:55","modified_gmt":"2023-11-07T22:59:55","slug":"password-smarrita","status":"publish","type":"page","link":"https:\/\/dharmacorpstore.com\/it\/password-smarrita\/","title":{"rendered":"Password dimenticata"},"content":{"rendered":"<p>Inserisci il tuo nome utente o indirizzo email qui sotto. Riceverai un link per confermare la richiesta via email. Ti verr\u00e0 fornita una nuova password generata automaticamente, che potrai modificare in seguito dalla sezione &quot;Il mio account&quot;.<\/p>\n\r\n<div class=\"uap-pass-form-wrap uap-login-template-9\">\r\r\n\t<form method=\"post\" action=\"\" >\r\r\n\t\t<input type=\"hidden\" name=\"uap_reset_password_nonce\" value=\"e29eea2054\" \/>\r\r\n\t\t<input name=\"uapaction\" type=\"hidden\" value=\"reset_pass\">\r\r\n\r\r\n\t\r\n\t\t\t\t\t<div class=\"uap-form-line-fr\">\r\r\n\t\t\t\t\t\t<i class=\"fa-uap fa-username-uap\"><\/i>\r\r\n\t\t\t\t\t\t<input type=\"text\" value=\"\" name=\"email_or_userlogin\" placeholder=\"Username or E-mail\" \/>\r\r\n\t\t\t\t\t<\/div>\r\r\n\t\t\t\t\t<div class=\"uap-form-line-fr uap-form-submit\">\r\r\n\t\t\t\t\t\t<input type=\"submit\" value=\"Get New Password\" name=\"Submit\" class=\"button button-primary button-large uap-reset-password-button\" \/>\r\r\n\t\t\t\t\t<\/div>\r\r\n\t\t\t\t\r\n\r\r\n\t<input type=\"hidden\" name=\"trp-form-language\" value=\"it\"\/><\/form>\r\r\n\t\r\n<\/div>\r\r\n\n\n\n<p><\/p>","protected":false},"excerpt":{"rendered":"<p>Please enter your username or email address below. You will receive a link to confirm the request via email. A<\/p>","protected":false},"author":1,"featured_media":0,"parent":0,"menu_order":0,"comment_status":"closed","ping_status":"closed","template":"","meta":{"_monsterinsights_skip_tracking":false,"_monsterinsights_sitenote_active":false,"_monsterinsights_sitenote_note":"","_monsterinsights_sitenote_category":0,"jetpack_post_was_ever_published":false,"footnotes":""},"class_list":["post-246","page","type-page","status-publish","hentry"],"yoast_head":"<!-- This site is optimized with the Yoast SEO plugin v27.4 - https:\/\/yoast.com\/product\/yoast-seo-wordpress\/ -->\n<title>Contrase\u00f1a Perdida - Dharma Store Software<\/title>\n<meta name=\"description\" content=\"\u00bfPerdiste tu contrase\u00f1a? Recupere su contrase\u00f1a e inicie sesi\u00f3n en su cuenta. \u00a1Ofrecemos soporte remoto gratuito!\" \/>\n<meta name=\"robots\" content=\"index, follow, max-snippet:-1, max-image-preview:large, max-video-preview:-1\" \/>\n<link rel=\"canonical\" href=\"https:\/\/dharmacorpstore.com\/it\/password-smarrita\/\" \/>\n<meta property=\"og:locale\" content=\"it_IT\" \/>\n<meta property=\"og:type\" content=\"article\" \/>\n<meta property=\"og:title\" content=\"Contrase\u00f1a Perdida - Dharma Store Software\" \/>\n<meta property=\"og:description\" content=\"\u00bfPerdiste tu contrase\u00f1a? Recupere su contrase\u00f1a e inicie sesi\u00f3n en su cuenta. \u00a1Ofrecemos soporte remoto gratuito!\" \/>\n<meta property=\"og:url\" content=\"https:\/\/dharmacorpstore.com\/it\/password-smarrita\/\" \/>\n<meta property=\"og:site_name\" content=\"Dharma Store Software\" \/>\n<meta property=\"article:modified_time\" content=\"2023-11-07T22:59:55+00:00\" \/>\n<meta name=\"twitter:card\" content=\"summary_large_image\" \/>\n<meta name=\"twitter:label1\" content=\"Tempo di lettura stimato\" \/>\n\t<meta name=\"twitter:data1\" content=\"1 minuto\" \/>\n<script type=\"application\/ld+json\" class=\"yoast-schema-graph\">{\"@context\":\"https:\\\/\\\/schema.org\",\"@graph\":[{\"@type\":\"WebPage\",\"@id\":\"https:\\\/\\\/dharmacorpstore.com\\\/en\\\/lost-password\\\/\",\"url\":\"https:\\\/\\\/dharmacorpstore.com\\\/en\\\/lost-password\\\/\",\"name\":\"Contrase\u00f1a Perdida - Dharma Store Software\",\"isPartOf\":{\"@id\":\"https:\\\/\\\/dharmacorpstore.com\\\/#website\"},\"datePublished\":\"2023-07-29T23:50:42+00:00\",\"dateModified\":\"2023-11-07T22:59:55+00:00\",\"description\":\"\u00bfPerdiste tu contrase\u00f1a? Recupere su contrase\u00f1a e inicie sesi\u00f3n en su cuenta. \u00a1Ofrecemos soporte remoto gratuito!\",\"breadcrumb\":{\"@id\":\"https:\\\/\\\/dharmacorpstore.com\\\/en\\\/lost-password\\\/#breadcrumb\"},\"inLanguage\":\"it-IT\",\"potentialAction\":[{\"@type\":\"ReadAction\",\"target\":[\"https:\\\/\\\/dharmacorpstore.com\\\/en\\\/lost-password\\\/\"]}]},{\"@type\":\"BreadcrumbList\",\"@id\":\"https:\\\/\\\/dharmacorpstore.com\\\/en\\\/lost-password\\\/#breadcrumb\",\"itemListElement\":[{\"@type\":\"ListItem\",\"position\":1,\"name\":\"Home\",\"item\":\"https:\\\/\\\/dharmacorpstore.com\\\/\"},{\"@type\":\"ListItem\",\"position\":2,\"name\":\"Contrase\u00f1a Perdida\"}]},{\"@type\":\"WebSite\",\"@id\":\"https:\\\/\\\/dharmacorpstore.com\\\/#website\",\"url\":\"https:\\\/\\\/dharmacorpstore.com\\\/\",\"name\":\"Dharma Store Software\",\"description\":\"Venta de software original y licenciamiento electr\u00f3nico\",\"publisher\":{\"@id\":\"https:\\\/\\\/dharmacorpstore.com\\\/#organization\"},\"potentialAction\":[{\"@type\":\"SearchAction\",\"target\":{\"@type\":\"EntryPoint\",\"urlTemplate\":\"https:\\\/\\\/dharmacorpstore.com\\\/?s={search_term_string}\"},\"query-input\":{\"@type\":\"PropertyValueSpecification\",\"valueRequired\":true,\"valueName\":\"search_term_string\"}}],\"inLanguage\":\"it-IT\"},{\"@type\":\"Organization\",\"@id\":\"https:\\\/\\\/dharmacorpstore.com\\\/#organization\",\"name\":\"Dharma Store Software\",\"url\":\"https:\\\/\\\/dharmacorpstore.com\\\/\",\"logo\":{\"@type\":\"ImageObject\",\"inLanguage\":\"it-IT\",\"@id\":\"https:\\\/\\\/dharmacorpstore.com\\\/#\\\/schema\\\/logo\\\/image\\\/\",\"url\":\"https:\\\/\\\/i0.wp.com\\\/dharmacorpstore.com\\\/wp-content\\\/uploads\\\/2023\\\/11\\\/Dharma-Corp-Logo-2023-e1699245439652.png?fit=477%2C108&ssl=1\",\"contentUrl\":\"https:\\\/\\\/i0.wp.com\\\/dharmacorpstore.com\\\/wp-content\\\/uploads\\\/2023\\\/11\\\/Dharma-Corp-Logo-2023-e1699245439652.png?fit=477%2C108&ssl=1\",\"width\":477,\"height\":108,\"caption\":\"Dharma Store Software\"},\"image\":{\"@id\":\"https:\\\/\\\/dharmacorpstore.com\\\/#\\\/schema\\\/logo\\\/image\\\/\"}}]}<\/script>\n<!-- \/ Yoast SEO plugin. -->","yoast_head_json":{"title":"Password smarrita - Dharma Store Software","description":"Hai perso la password? Recuperala e accedi al tuo account. Offriamo supporto remoto gratuito!","robots":{"index":"index","follow":"follow","max-snippet":"max-snippet:-1","max-image-preview":"max-image-preview:large","max-video-preview":"max-video-preview:-1"},"canonical":"https:\/\/dharmacorpstore.com\/it\/password-smarrita\/","og_locale":"it_IT","og_type":"article","og_title":"Contrase\u00f1a Perdida - Dharma Store Software","og_description":"\u00bfPerdiste tu contrase\u00f1a? Recupere su contrase\u00f1a e inicie sesi\u00f3n en su cuenta. \u00a1Ofrecemos soporte remoto gratuito!","og_url":"https:\/\/dharmacorpstore.com\/it\/password-smarrita\/","og_site_name":"Dharma Store Software","article_modified_time":"2023-11-07T22:59:55+00:00","twitter_card":"summary_large_image","twitter_misc":{"Tempo di lettura stimato":"1 minuto"},"schema":{"@context":"https:\/\/schema.org","@graph":[{"@type":"WebPage","@id":"https:\/\/dharmacorpstore.com\/en\/lost-password\/","url":"https:\/\/dharmacorpstore.com\/en\/lost-password\/","name":"Password smarrita - Dharma Store Software","isPartOf":{"@id":"https:\/\/dharmacorpstore.com\/#website"},"datePublished":"2023-07-29T23:50:42+00:00","dateModified":"2023-11-07T22:59:55+00:00","description":"Hai perso la password? Recuperala e accedi al tuo account. Offriamo supporto remoto gratuito!","breadcrumb":{"@id":"https:\/\/dharmacorpstore.com\/en\/lost-password\/#breadcrumb"},"inLanguage":"it-IT","potentialAction":[{"@type":"ReadAction","target":["https:\/\/dharmacorpstore.com\/en\/lost-password\/"]}]},{"@type":"BreadcrumbList","@id":"https:\/\/dharmacorpstore.com\/en\/lost-password\/#breadcrumb","itemListElement":[{"@type":"ListItem","position":1,"name":"Home","item":"https:\/\/dharmacorpstore.com\/"},{"@type":"ListItem","position":2,"name":"Contrase\u00f1a Perdida"}]},{"@type":"WebSite","@id":"https:\/\/dharmacorpstore.com\/#website","url":"https:\/\/dharmacorpstore.com\/","name":"Software Dharma Store","description":"Vendita di software originale e licenze elettroniche","publisher":{"@id":"https:\/\/dharmacorpstore.com\/#organization"},"potentialAction":[{"@type":"SearchAction","target":{"@type":"EntryPoint","urlTemplate":"https:\/\/dharmacorpstore.com\/?s={search_term_string}"},"query-input":{"@type":"PropertyValueSpecification","valueRequired":true,"valueName":"search_term_string"}}],"inLanguage":"it-IT"},{"@type":"Organization","@id":"https:\/\/dharmacorpstore.com\/#organization","name":"Software Dharma Store","url":"https:\/\/dharmacorpstore.com\/","logo":{"@type":"ImageObject","inLanguage":"it-IT","@id":"https:\/\/dharmacorpstore.com\/#\/schema\/logo\/image\/","url":"https:\/\/i0.wp.com\/dharmacorpstore.com\/wp-content\/uploads\/2023\/11\/Dharma-Corp-Logo-2023-e1699245439652.png?fit=477%2C108&ssl=1","contentUrl":"https:\/\/i0.wp.com\/dharmacorpstore.com\/wp-content\/uploads\/2023\/11\/Dharma-Corp-Logo-2023-e1699245439652.png?fit=477%2C108&ssl=1","width":477,"height":108,"caption":"Dharma Store Software"},"image":{"@id":"https:\/\/dharmacorpstore.com\/#\/schema\/logo\/image\/"}}]}},"jetpack-related-posts":[],"jetpack_likes_enabled":true,"jetpack_sharing_enabled":true,"_links":{"self":[{"href":"https:\/\/dharmacorpstore.com\/it\/wp-json\/wp\/v2\/pages\/246","targetHints":{"allow":["GET"]}}],"collection":[{"href":"https:\/\/dharmacorpstore.com\/it\/wp-json\/wp\/v2\/pages"}],"about":[{"href":"https:\/\/dharmacorpstore.com\/it\/wp-json\/wp\/v2\/types\/page"}],"author":[{"embeddable":true,"href":"https:\/\/dharmacorpstore.com\/it\/wp-json\/wp\/v2\/users\/1"}],"replies":[{"embeddable":true,"href":"https:\/\/dharmacorpstore.com\/it\/wp-json\/wp\/v2\/comments?post=246"}],"version-history":[{"count":2,"href":"https:\/\/dharmacorpstore.com\/it\/wp-json\/wp\/v2\/pages\/246\/revisions"}],"predecessor-version":[{"id":2172,"href":"https:\/\/dharmacorpstore.com\/it\/wp-json\/wp\/v2\/pages\/246\/revisions\/2172"}],"wp:attachment":[{"href":"https:\/\/dharmacorpstore.com\/it\/wp-json\/wp\/v2\/media?parent=246"}],"curies":[{"name":"parola chiave","href":"https:\/\/api.w.org\/{rel}","templated":true}]}}