{"id":3,"date":"2022-03-23T08:15:18","date_gmt":"2022-03-23T08:15:18","guid":{"rendered":"https:\/\/demo.creativethemes.com\/stagingseven\/?page_id=3"},"modified":"2023-11-07T19:25:08","modified_gmt":"2023-11-07T23:25:08","slug":"informativa-sulla-privacy","status":"publish","type":"page","link":"https:\/\/dharmacorpstore.com\/it\/informativa-sulla-privacy\/","title":{"rendered":"Informativa sulla privacy"},"content":{"rendered":"<h2 class=\"wp-block-heading\">Chi siamo?<\/h2>\n\n\n\n<p>Per maggiori informazioni su di noi, visitate: https:\/\/dharmacorpstore.com\/nosotros\/<\/p>\n\n\n\n<h2 class=\"wp-block-heading\">Commenti<\/h2>\n\n\n\n<p>Quando i visitatori lasciano commenti sul sito, raccogliamo i dati visualizzati nel modulo di commento, nonch\u00e9 l'indirizzo IP del visitatore e la stringa dello user agent del browser per facilitare il rilevamento dello spam.<\/p>\n\n\n\n<p>Al servizio Gravatar pu\u00f2 essere fornita una stringa anonima creata a partire dall'indirizzo e-mail dell'utente (chiamata anche hash) per verificare se l'utente lo sta utilizzando. L'informativa sulla privacy del servizio Gravatar \u00e8 disponibile qui: https:\/\/automattic.com\/privacy\/. Dopo l'approvazione del commento, l'immagine del profilo sar\u00e0 visibile al pubblico nel contenuto del commento.<\/p>\n\n\n\n<h2 class=\"wp-block-heading\">Media<\/h2>\n\n\n\n<p>Se caricate immagini sul sito web, evitate di caricare immagini con dati di localizzazione incorporati (GPS EXIF). I visitatori del sito web possono scaricare ed estrarre qualsiasi dato sulla posizione dalle immagini presenti sul sito.<\/p>\n\n\n\n<h2 class=\"wp-block-heading\">Biscotti<\/h2>\n\n\n\n<p>Se lasciate un commento sul nostro sito, potete scegliere di salvare il vostro nome, indirizzo e-mail e sito web nei cookie. Questo per comodit\u00e0, in modo che non dobbiate inserire nuovamente i vostri dati quando lasciate un altro commento. La durata di questi cookie \u00e8 di un anno.<\/p>\n\n\n\n<p>Se visitate la nostra pagina di login, imposteremo un cookie temporaneo per determinare se il vostro browser accetta i cookie. Questo cookie non contiene dati personali e viene eliminato alla chiusura del browser.<\/p>\n\n\n\n<p>Quando si accede, vengono impostati anche alcuni cookie per memorizzare le informazioni di accesso e le opzioni di visualizzazione dello schermo. I cookie di accesso durano due giorni, mentre quelli relativi alle opzioni di visualizzazione durano un anno. Se selezionate \u00abRicordami\u00bb, il vostro login rester\u00e0 attivo per due settimane. Se si esce dal proprio account, i cookie di accesso verranno cancellati.<\/p>\n\n\n\n<p>Se modificate o pubblicate un articolo, nel vostro browser verr\u00e0 salvato un ulteriore cookie. Questo cookie non contiene dati personali e indica semplicemente l'ID di pubblicazione dell'articolo appena modificato. Scade dopo 1 giorno.<\/p>\n\n\n\n<h2 class=\"wp-block-heading\">Contenuti incorporati da altri siti web<\/h2>\n\n\n\n<p>Gli articoli di questo sito possono includere contenuti incorporati (ad esempio video, immagini, articoli, ecc.). I contenuti incorporati provenienti da altri siti web si comportano esattamente come se il visitatore avesse visitato l'altro sito web.<\/p>\n\n\n\n<p>Questi siti web possono raccogliere dati sull'utente, utilizzare cookie, incorporare un ulteriore tracciamento di terze parti e monitorare l'interazione dell'utente con il contenuto incorporato, compreso il tracciamento dell'interazione dell'utente con il contenuto incorporato se dispone di un account ed \u00e8 connesso al sito web in questione.<\/p>\n\n\n\n<h2 class=\"wp-block-heading\">Con chi condividiamo i vostri dati?<\/h2>\n\n\n\n<p>Se si richiede la reimpostazione della password, il proprio indirizzo IP sar\u00e0 incluso nell'e-mail di reimpostazione.<\/p>\n\n\n\n<h2 class=\"wp-block-heading\">Per quanto tempo conserviamo i vostri dati?<\/h2>\n\n\n\n<p>Se si lascia un commento, il commento e i suoi metadati vengono conservati a tempo indeterminato. In questo modo possiamo riconoscere e approvare automaticamente i commenti successivi, anzich\u00e9 tenerli in coda di moderazione.<\/p>\n\n\n\n<p>Per gli utenti che si registrano sul nostro sito web, memorizziamo anche le informazioni personali fornite nel loro profilo utente. Tutti gli utenti possono visualizzare, modificare o cancellare le proprie informazioni personali in qualsiasi momento (ad eccezione del fatto che non possono modificare il proprio nome utente). Anche gli amministratori del sito web possono visualizzare e modificare tali informazioni.<\/p>\n\n\n\n<h2 class=\"wp-block-heading\">Quali diritti avete sui vostri dati?<\/h2>\n\n\n\n<p>Se avete un account su questo sito o avete lasciato commenti, potete richiedere di ricevere un file esportato dei dati personali in nostro possesso, compresi quelli che ci avete fornito. Potete anche richiedere la cancellazione dei dati personali in nostro possesso. Ci\u00f2 non include i dati che siamo tenuti a conservare per scopi amministrativi, legali o di sicurezza.<\/p>\n\n\n\n<h2 class=\"wp-block-heading\">Dove inviamo i vostri dati?<\/h2>\n\n\n\n<p>I commenti dei visitatori possono essere esaminati attraverso un servizio automatico di rilevamento dello spam.<\/p>","protected":false},"excerpt":{"rendered":"<p>\u00bfQui\u00e9nes somos? Para obtener m\u00e1s informaci\u00f3n sobre nosotros, visite: https:\/\/dharmacorpstore.com\/nosotros\/ Comentarios Cuando los visitantes dejan comentarios en el sitio, recopilamos<\/p>","protected":false},"author":1,"featured_media":0,"parent":0,"menu_order":0,"comment_status":"closed","ping_status":"open","template":"","meta":{"_monsterinsights_skip_tracking":false,"_monsterinsights_sitenote_active":false,"_monsterinsights_sitenote_note":"","_monsterinsights_sitenote_category":0,"jetpack_post_was_ever_published":false,"footnotes":""},"class_list":["post-3","page","type-page","status-publish","hentry"],"yoast_head":"<!-- This site is optimized with the Yoast SEO plugin v27.4 - https:\/\/yoast.com\/product\/yoast-seo-wordpress\/ -->\n<title>Pol\u00edtica de Privacidad - Dharma Store Software<\/title>\n<meta name=\"description\" content=\"Conoce m\u00e1s sobre la pol\u00edtica de privacidad y datos de Dharma Corp Store. Cont\u00e1ctanos si tienes alguna pregunta al respecto\" \/>\n<meta name=\"robots\" content=\"index, follow, max-snippet:-1, max-image-preview:large, max-video-preview:-1\" \/>\n<link rel=\"canonical\" href=\"https:\/\/dharmacorpstore.com\/it\/informativa-sulla-privacy\/\" \/>\n<meta property=\"og:locale\" content=\"it_IT\" \/>\n<meta property=\"og:type\" content=\"article\" \/>\n<meta property=\"og:title\" content=\"Pol\u00edtica de Privacidad - Dharma Store Software\" \/>\n<meta property=\"og:description\" content=\"Conoce m\u00e1s sobre la pol\u00edtica de privacidad y datos de Dharma Corp Store. Cont\u00e1ctanos si tienes alguna pregunta al respecto\" \/>\n<meta property=\"og:url\" content=\"https:\/\/dharmacorpstore.com\/it\/informativa-sulla-privacy\/\" \/>\n<meta property=\"og:site_name\" content=\"Dharma Store Software\" \/>\n<meta property=\"article:modified_time\" content=\"2023-11-07T23:25:08+00:00\" \/>\n<meta name=\"twitter:card\" content=\"summary_large_image\" \/>\n<meta name=\"twitter:label1\" content=\"Tempo di lettura stimato\" \/>\n\t<meta name=\"twitter:data1\" content=\"3 minuti\" \/>\n<script type=\"application\/ld+json\" class=\"yoast-schema-graph\">{\"@context\":\"https:\\\/\\\/schema.org\",\"@graph\":[{\"@type\":\"WebPage\",\"@id\":\"https:\\\/\\\/dharmacorpstore.com\\\/it\\\/informativa-sulla-privacy\\\/\",\"url\":\"https:\\\/\\\/dharmacorpstore.com\\\/it\\\/informativa-sulla-privacy\\\/\",\"name\":\"Pol\u00edtica de Privacidad - Dharma Store Software\",\"isPartOf\":{\"@id\":\"https:\\\/\\\/dharmacorpstore.com\\\/#website\"},\"datePublished\":\"2022-03-23T08:15:18+00:00\",\"dateModified\":\"2023-11-07T23:25:08+00:00\",\"description\":\"Conoce m\u00e1s sobre la pol\u00edtica de privacidad y datos de Dharma Corp Store. Cont\u00e1ctanos si tienes alguna pregunta al respecto\",\"breadcrumb\":{\"@id\":\"https:\\\/\\\/dharmacorpstore.com\\\/it\\\/informativa-sulla-privacy\\\/#breadcrumb\"},\"inLanguage\":\"it-IT\",\"potentialAction\":[{\"@type\":\"ReadAction\",\"target\":[\"https:\\\/\\\/dharmacorpstore.com\\\/it\\\/informativa-sulla-privacy\\\/\"]}]},{\"@type\":\"BreadcrumbList\",\"@id\":\"https:\\\/\\\/dharmacorpstore.com\\\/it\\\/informativa-sulla-privacy\\\/#breadcrumb\",\"itemListElement\":[{\"@type\":\"ListItem\",\"position\":1,\"name\":\"Home\",\"item\":\"https:\\\/\\\/dharmacorpstore.com\\\/\"},{\"@type\":\"ListItem\",\"position\":2,\"name\":\"Pol\u00edtica de Privacidad\"}]},{\"@type\":\"WebSite\",\"@id\":\"https:\\\/\\\/dharmacorpstore.com\\\/#website\",\"url\":\"https:\\\/\\\/dharmacorpstore.com\\\/\",\"name\":\"Dharma Store Software\",\"description\":\"Venta de software original y licenciamiento electr\u00f3nico\",\"publisher\":{\"@id\":\"https:\\\/\\\/dharmacorpstore.com\\\/#organization\"},\"potentialAction\":[{\"@type\":\"SearchAction\",\"target\":{\"@type\":\"EntryPoint\",\"urlTemplate\":\"https:\\\/\\\/dharmacorpstore.com\\\/?s={search_term_string}\"},\"query-input\":{\"@type\":\"PropertyValueSpecification\",\"valueRequired\":true,\"valueName\":\"search_term_string\"}}],\"inLanguage\":\"it-IT\"},{\"@type\":\"Organization\",\"@id\":\"https:\\\/\\\/dharmacorpstore.com\\\/#organization\",\"name\":\"Dharma Store Software\",\"url\":\"https:\\\/\\\/dharmacorpstore.com\\\/\",\"logo\":{\"@type\":\"ImageObject\",\"inLanguage\":\"it-IT\",\"@id\":\"https:\\\/\\\/dharmacorpstore.com\\\/#\\\/schema\\\/logo\\\/image\\\/\",\"url\":\"https:\\\/\\\/i0.wp.com\\\/dharmacorpstore.com\\\/wp-content\\\/uploads\\\/2023\\\/11\\\/Dharma-Corp-Logo-2023-e1699245439652.png?fit=477%2C108&ssl=1\",\"contentUrl\":\"https:\\\/\\\/i0.wp.com\\\/dharmacorpstore.com\\\/wp-content\\\/uploads\\\/2023\\\/11\\\/Dharma-Corp-Logo-2023-e1699245439652.png?fit=477%2C108&ssl=1\",\"width\":477,\"height\":108,\"caption\":\"Dharma Store Software\"},\"image\":{\"@id\":\"https:\\\/\\\/dharmacorpstore.com\\\/#\\\/schema\\\/logo\\\/image\\\/\"}}]}<\/script>\n<!-- \/ Yoast SEO plugin. -->","yoast_head_json":{"title":"Informativa sulla privacy - Dharma Store Software","description":"Per saperne di pi\u00f9 sulla politica sulla privacy e sui dati di Dharma Corp Store. Contattaci per qualsiasi domanda","robots":{"index":"index","follow":"follow","max-snippet":"max-snippet:-1","max-image-preview":"max-image-preview:large","max-video-preview":"max-video-preview:-1"},"canonical":"https:\/\/dharmacorpstore.com\/it\/informativa-sulla-privacy\/","og_locale":"it_IT","og_type":"article","og_title":"Pol\u00edtica de Privacidad - Dharma Store Software","og_description":"Conoce m\u00e1s sobre la pol\u00edtica de privacidad y datos de Dharma Corp Store. Cont\u00e1ctanos si tienes alguna pregunta al respecto","og_url":"https:\/\/dharmacorpstore.com\/it\/informativa-sulla-privacy\/","og_site_name":"Dharma Store Software","article_modified_time":"2023-11-07T23:25:08+00:00","twitter_card":"summary_large_image","twitter_misc":{"Tempo di lettura stimato":"3 minuti"},"schema":{"@context":"https:\/\/schema.org","@graph":[{"@type":"WebPage","@id":"https:\/\/dharmacorpstore.com\/it\/informativa-sulla-privacy\/","url":"https:\/\/dharmacorpstore.com\/it\/informativa-sulla-privacy\/","name":"Informativa sulla privacy - Dharma Store Software","isPartOf":{"@id":"https:\/\/dharmacorpstore.com\/#website"},"datePublished":"2022-03-23T08:15:18+00:00","dateModified":"2023-11-07T23:25:08+00:00","description":"Per saperne di pi\u00f9 sulla politica sulla privacy e sui dati di Dharma Corp Store. Contattaci per qualsiasi domanda","breadcrumb":{"@id":"https:\/\/dharmacorpstore.com\/it\/informativa-sulla-privacy\/#breadcrumb"},"inLanguage":"it-IT","potentialAction":[{"@type":"ReadAction","target":["https:\/\/dharmacorpstore.com\/it\/informativa-sulla-privacy\/"]}]},{"@type":"BreadcrumbList","@id":"https:\/\/dharmacorpstore.com\/it\/informativa-sulla-privacy\/#breadcrumb","itemListElement":[{"@type":"ListItem","position":1,"name":"Home","item":"https:\/\/dharmacorpstore.com\/"},{"@type":"ListItem","position":2,"name":"Pol\u00edtica de Privacidad"}]},{"@type":"WebSite","@id":"https:\/\/dharmacorpstore.com\/#website","url":"https:\/\/dharmacorpstore.com\/","name":"Software Dharma Store","description":"Vendita di software originale e licenze elettroniche","publisher":{"@id":"https:\/\/dharmacorpstore.com\/#organization"},"potentialAction":[{"@type":"SearchAction","target":{"@type":"EntryPoint","urlTemplate":"https:\/\/dharmacorpstore.com\/?s={search_term_string}"},"query-input":{"@type":"PropertyValueSpecification","valueRequired":true,"valueName":"search_term_string"}}],"inLanguage":"it-IT"},{"@type":"Organization","@id":"https:\/\/dharmacorpstore.com\/#organization","name":"Software Dharma Store","url":"https:\/\/dharmacorpstore.com\/","logo":{"@type":"ImageObject","inLanguage":"it-IT","@id":"https:\/\/dharmacorpstore.com\/#\/schema\/logo\/image\/","url":"https:\/\/i0.wp.com\/dharmacorpstore.com\/wp-content\/uploads\/2023\/11\/Dharma-Corp-Logo-2023-e1699245439652.png?fit=477%2C108&ssl=1","contentUrl":"https:\/\/i0.wp.com\/dharmacorpstore.com\/wp-content\/uploads\/2023\/11\/Dharma-Corp-Logo-2023-e1699245439652.png?fit=477%2C108&ssl=1","width":477,"height":108,"caption":"Dharma Store Software"},"image":{"@id":"https:\/\/dharmacorpstore.com\/#\/schema\/logo\/image\/"}}]}},"jetpack-related-posts":[],"jetpack_likes_enabled":true,"jetpack_sharing_enabled":true,"_links":{"self":[{"href":"https:\/\/dharmacorpstore.com\/it\/wp-json\/wp\/v2\/pages\/3","targetHints":{"allow":["GET"]}}],"collection":[{"href":"https:\/\/dharmacorpstore.com\/it\/wp-json\/wp\/v2\/pages"}],"about":[{"href":"https:\/\/dharmacorpstore.com\/it\/wp-json\/wp\/v2\/types\/page"}],"author":[{"embeddable":true,"href":"https:\/\/dharmacorpstore.com\/it\/wp-json\/wp\/v2\/users\/1"}],"replies":[{"embeddable":true,"href":"https:\/\/dharmacorpstore.com\/it\/wp-json\/wp\/v2\/comments?post=3"}],"version-history":[{"count":2,"href":"https:\/\/dharmacorpstore.com\/it\/wp-json\/wp\/v2\/pages\/3\/revisions"}],"predecessor-version":[{"id":2176,"href":"https:\/\/dharmacorpstore.com\/it\/wp-json\/wp\/v2\/pages\/3\/revisions\/2176"}],"wp:attachment":[{"href":"https:\/\/dharmacorpstore.com\/it\/wp-json\/wp\/v2\/media?parent=3"}],"curies":[{"name":"parola chiave","href":"https:\/\/api.w.org\/{rel}","templated":true}]}}