{"id":16209,"date":"2025-06-18T14:49:04","date_gmt":"2025-06-18T18:49:04","guid":{"rendered":"https:\/\/dharmacorpstore.com\/?post_type=product&#038;p=16209"},"modified":"2025-06-18T14:50:13","modified_gmt":"2025-06-18T18:50:13","slug":"kaspersky-standard-5pc-1ano","status":"publish","type":"product","link":"https:\/\/dharmacorpstore.com\/it\/product-2\/kaspersky-standard-5pc-1ano\/","title":{"rendered":"Kaspersky Standard 5PC 1 anno"},"content":{"rendered":"<p class=\"ds-markdown-paragraph\"><strong>Kaspersky Standard: la protezione essenziale contro le minacce digitali<\/strong><\/p>\n<p class=\"ds-markdown-paragraph\">Mantenete il vostro mondo digitale sicuro e fluido con\u00a0<strong>Kaspersky Standard<\/strong>, La soluzione di sicurezza essenziale per navigare, lavorare e giocare online in tutta tranquillit\u00e0.<\/p>\n<p class=\"ds-markdown-paragraph\"><strong>Cosa offre Kaspersky Standard?<\/strong><\/p>\n<ul>\n<li>\n<p class=\"ds-markdown-paragraph\"><strong>Robusta protezione antivirus:<\/strong>\u00a0Blocca virus, ransomware, spyware, trojan e tutti i tipi di malware.\u00a0<em>in precedenza<\/em>\u00a0che possono danneggiare i vostri dispositivi o rubare le vostre informazioni.<\/p>\n<\/li>\n<li>\n<p class=\"ds-markdown-paragraph\"><strong>Difesa in tempo reale:<\/strong>\u00a0Monitora costantemente la vostra attivit\u00e0, rilevando e neutralizzando istantaneamente le minacce nuove ed emergenti.<\/p>\n<\/li>\n<li>\n<p class=\"ds-markdown-paragraph\"><strong>Protezione anti-phishing:<\/strong>\u00a0Avverte e protegge l'utente da siti web fraudolenti e da truffe di phishing volte a rubare le credenziali bancarie o i dati personali.<\/p>\n<\/li>\n<li>\n<p class=\"ds-markdown-paragraph\"><strong>Sicurezza dei pagamenti online:<\/strong>\u00a0Crea automaticamente un ambiente sicuro quando si effettuano operazioni bancarie o acquisti online, proteggendo i dati finanziari.<\/p>\n<\/li>\n<li>\n<p class=\"ds-markdown-paragraph\"><strong>VPN di base per la privacy:<\/strong>\u00a0Godetevi un ulteriore livello di privacy online grazie a una VPN integrata, con limitazione giornaliera dei dati, che cripta la vostra connessione sulle reti Wi-Fi pubbliche.<\/p>\n<\/li>\n<li>\n<p class=\"ds-markdown-paragraph\"><strong>Gestione centralizzata semplice:<\/strong>\u00a0Controllate facilmente la protezione di tutti i vostri dispositivi (PC, Mac, Android, iOS) da un'unica interfaccia intuitiva.<\/p>\n<\/li>\n<li>\n<p class=\"ds-markdown-paragraph\"><strong>Prestazioni ottimizzate:<\/strong>\u00a0Progettato per funzionare in background senza rallentare il dispositivo, consentendo di utilizzarlo in modo fluido.<\/p>\n<\/li>\n<\/ul>\n<p class=\"ds-markdown-paragraph\"><strong>Kaspersky Standard \u00e8 l'ideale per chi \u00e8 alla ricerca di:<\/strong><\/p>\n<ul>\n<li>\n<p class=\"ds-markdown-paragraph\"><strong>Protezione essenziale e affidabile<\/strong>\u00a0contro le principali minacce informatiche.<\/p>\n<\/li>\n<li>\n<p class=\"ds-markdown-paragraph\"><strong>La pace della mente<\/strong>\u00a0durante la navigazione, gli acquisti, le operazioni bancarie e l'utilizzo di Internet nella vita quotidiana.<\/p>\n<\/li>\n<li>\n<p class=\"ds-markdown-paragraph\">Una soluzione\u00a0<strong>facile da usare<\/strong>\u00a0che non richiede una configurazione complessa.<\/p>\n<\/li>\n<li>\n<p class=\"ds-markdown-paragraph\"><strong>Sicurezza di base per pi\u00f9 dispositivi<\/strong>\u00a0con la stessa licenza.<\/p>\n<\/li>\n<\/ul>\n<p class=\"ds-markdown-paragraph\"><strong>Proteggi ci\u00f2 che conta. Scegliete Kaspersky Standard.<\/strong><\/p>","protected":false},"excerpt":{"rendered":"<p>Kaspersky Standard: la protezione essenziale contro le minacce digitali Mantenete il vostro mondo digitale sicuro e senza problemi con Kaspersky Standard, la soluzione di Kaspersky Labs.<\/p>","protected":false},"featured_media":16206,"comment_status":"open","ping_status":"closed","template":"","meta":{"_monsterinsights_skip_tracking":false,"_monsterinsights_sitenote_active":false,"_monsterinsights_sitenote_note":"","_monsterinsights_sitenote_category":0,"jetpack_post_was_ever_published":false,"jetpack_publicize_message":"","jetpack_publicize_feature_enabled":true,"jetpack_social_post_already_shared":false,"jetpack_social_options":{"image_generator_settings":{"template":"highway","default_image_id":0,"font":"","enabled":false},"version":2}},"product_brand":[],"product_cat":[82],"product_tag":[],"class_list":{"0":"post-16209","1":"product","2":"type-product","3":"status-publish","4":"has-post-thumbnail","6":"product_cat-antivirus","8":"first","9":"instock","10":"shipping-taxable","11":"purchasable","12":"product-type-simple"},"yoast_head":"<!-- This site is optimized with the Yoast SEO plugin v27.4 - https:\/\/yoast.com\/product\/yoast-seo-wordpress\/ -->\n<title>Kaspersky Standard 5PC 1A\u00f1o - Dharma Store Software<\/title>\n<meta name=\"robots\" content=\"index, follow, max-snippet:-1, max-image-preview:large, max-video-preview:-1\" \/>\n<link rel=\"canonical\" href=\"https:\/\/dharmacorpstore.com\/it\/product-2\/kaspersky-standard-5pc-1ano\/\" \/>\n<meta property=\"og:locale\" content=\"it_IT\" \/>\n<meta property=\"og:type\" content=\"article\" \/>\n<meta property=\"og:title\" content=\"Kaspersky Standard 5PC 1A\u00f1o - Dharma Store Software\" \/>\n<meta property=\"og:description\" content=\"Kaspersky Standard: Tu Protecci\u00f3n Esencial Contra Amenazas Digitales Mant\u00e9n tu mundo digital seguro y fluido con\u00a0Kaspersky Standard, la soluci\u00f3n de\" \/>\n<meta property=\"og:url\" content=\"https:\/\/dharmacorpstore.com\/it\/product-2\/kaspersky-standard-5pc-1ano\/\" \/>\n<meta property=\"og:site_name\" content=\"Dharma Store Software\" \/>\n<meta property=\"article:modified_time\" content=\"2025-06-18T18:50:13+00:00\" \/>\n<meta property=\"og:image\" content=\"https:\/\/dharmacorpstore.com\/wp-content\/uploads\/2025\/06\/Standard-1.png\" \/>\n\t<meta property=\"og:image:width\" content=\"1000\" \/>\n\t<meta property=\"og:image:height\" content=\"1000\" \/>\n\t<meta property=\"og:image:type\" content=\"image\/png\" \/>\n<meta name=\"twitter:card\" content=\"summary_large_image\" \/>\n<meta name=\"twitter:label1\" content=\"Tempo di lettura stimato\" \/>\n\t<meta name=\"twitter:data1\" content=\"2 minuti\" \/>\n<script type=\"application\/ld+json\" class=\"yoast-schema-graph\">{\"@context\":\"https:\\\/\\\/schema.org\",\"@graph\":[{\"@type\":\"WebPage\",\"@id\":\"https:\\\/\\\/dharmacorpstore.com\\\/it\\\/product-2\\\/kaspersky-standard-5pc-1ano\\\/\",\"url\":\"https:\\\/\\\/dharmacorpstore.com\\\/it\\\/product-2\\\/kaspersky-standard-5pc-1ano\\\/\",\"name\":\"Kaspersky Standard 5PC 1A\u00f1o - Dharma Store Software\",\"isPartOf\":{\"@id\":\"https:\\\/\\\/dharmacorpstore.com\\\/#website\"},\"primaryImageOfPage\":{\"@id\":\"https:\\\/\\\/dharmacorpstore.com\\\/it\\\/product-2\\\/kaspersky-standard-5pc-1ano\\\/#primaryimage\"},\"image\":{\"@id\":\"https:\\\/\\\/dharmacorpstore.com\\\/it\\\/product-2\\\/kaspersky-standard-5pc-1ano\\\/#primaryimage\"},\"thumbnailUrl\":\"https:\\\/\\\/i0.wp.com\\\/dharmacorpstore.com\\\/wp-content\\\/uploads\\\/2025\\\/06\\\/Standard-1.png?fit=1000%2C1000&ssl=1\",\"datePublished\":\"2025-06-18T18:49:04+00:00\",\"dateModified\":\"2025-06-18T18:50:13+00:00\",\"breadcrumb\":{\"@id\":\"https:\\\/\\\/dharmacorpstore.com\\\/it\\\/product-2\\\/kaspersky-standard-5pc-1ano\\\/#breadcrumb\"},\"inLanguage\":\"it-IT\",\"potentialAction\":[{\"@type\":\"ReadAction\",\"target\":[\"https:\\\/\\\/dharmacorpstore.com\\\/it\\\/product-2\\\/kaspersky-standard-5pc-1ano\\\/\"]}]},{\"@type\":\"ImageObject\",\"inLanguage\":\"it-IT\",\"@id\":\"https:\\\/\\\/dharmacorpstore.com\\\/it\\\/product-2\\\/kaspersky-standard-5pc-1ano\\\/#primaryimage\",\"url\":\"https:\\\/\\\/i0.wp.com\\\/dharmacorpstore.com\\\/wp-content\\\/uploads\\\/2025\\\/06\\\/Standard-1.png?fit=1000%2C1000&ssl=1\",\"contentUrl\":\"https:\\\/\\\/i0.wp.com\\\/dharmacorpstore.com\\\/wp-content\\\/uploads\\\/2025\\\/06\\\/Standard-1.png?fit=1000%2C1000&ssl=1\",\"width\":1000,\"height\":1000},{\"@type\":\"BreadcrumbList\",\"@id\":\"https:\\\/\\\/dharmacorpstore.com\\\/it\\\/product-2\\\/kaspersky-standard-5pc-1ano\\\/#breadcrumb\",\"itemListElement\":[{\"@type\":\"ListItem\",\"position\":1,\"name\":\"Home\",\"item\":\"https:\\\/\\\/dharmacorpstore.com\\\/\"},{\"@type\":\"ListItem\",\"position\":2,\"name\":\"Tienda\",\"item\":\"https:\\\/\\\/dharmacorpstore.com\\\/tienda\\\/\"},{\"@type\":\"ListItem\",\"position\":3,\"name\":\"Kaspersky Standard 5PC 1A\u00f1o\"}]},{\"@type\":\"WebSite\",\"@id\":\"https:\\\/\\\/dharmacorpstore.com\\\/#website\",\"url\":\"https:\\\/\\\/dharmacorpstore.com\\\/\",\"name\":\"Dharma Store Software\",\"description\":\"Venta de software original y licenciamiento electr\u00f3nico\",\"publisher\":{\"@id\":\"https:\\\/\\\/dharmacorpstore.com\\\/#organization\"},\"potentialAction\":[{\"@type\":\"SearchAction\",\"target\":{\"@type\":\"EntryPoint\",\"urlTemplate\":\"https:\\\/\\\/dharmacorpstore.com\\\/?s={search_term_string}\"},\"query-input\":{\"@type\":\"PropertyValueSpecification\",\"valueRequired\":true,\"valueName\":\"search_term_string\"}}],\"inLanguage\":\"it-IT\"},{\"@type\":\"Organization\",\"@id\":\"https:\\\/\\\/dharmacorpstore.com\\\/#organization\",\"name\":\"Dharma Store Software\",\"url\":\"https:\\\/\\\/dharmacorpstore.com\\\/\",\"logo\":{\"@type\":\"ImageObject\",\"inLanguage\":\"it-IT\",\"@id\":\"https:\\\/\\\/dharmacorpstore.com\\\/#\\\/schema\\\/logo\\\/image\\\/\",\"url\":\"https:\\\/\\\/i0.wp.com\\\/dharmacorpstore.com\\\/wp-content\\\/uploads\\\/2023\\\/11\\\/Dharma-Corp-Logo-2023-e1699245439652.png?fit=477%2C108&ssl=1\",\"contentUrl\":\"https:\\\/\\\/i0.wp.com\\\/dharmacorpstore.com\\\/wp-content\\\/uploads\\\/2023\\\/11\\\/Dharma-Corp-Logo-2023-e1699245439652.png?fit=477%2C108&ssl=1\",\"width\":477,\"height\":108,\"caption\":\"Dharma Store Software\"},\"image\":{\"@id\":\"https:\\\/\\\/dharmacorpstore.com\\\/#\\\/schema\\\/logo\\\/image\\\/\"}}]}<\/script>\n<!-- \/ Yoast SEO plugin. -->","yoast_head_json":{"title":"Kaspersky Standard 5PC 1 anno - Dharma Store Software","robots":{"index":"index","follow":"follow","max-snippet":"max-snippet:-1","max-image-preview":"max-image-preview:large","max-video-preview":"max-video-preview:-1"},"canonical":"https:\/\/dharmacorpstore.com\/it\/product-2\/kaspersky-standard-5pc-1ano\/","og_locale":"it_IT","og_type":"article","og_title":"Kaspersky Standard 5PC 1A\u00f1o - Dharma Store Software","og_description":"Kaspersky Standard: Tu Protecci\u00f3n Esencial Contra Amenazas Digitales Mant\u00e9n tu mundo digital seguro y fluido con\u00a0Kaspersky Standard, la soluci\u00f3n de","og_url":"https:\/\/dharmacorpstore.com\/it\/product-2\/kaspersky-standard-5pc-1ano\/","og_site_name":"Dharma Store Software","article_modified_time":"2025-06-18T18:50:13+00:00","og_image":[{"width":1000,"height":1000,"url":"https:\/\/dharmacorpstore.com\/wp-content\/uploads\/2025\/06\/Standard-1.png","type":"image\/png"}],"twitter_card":"summary_large_image","twitter_misc":{"Tempo di lettura stimato":"2 minuti"},"schema":{"@context":"https:\/\/schema.org","@graph":[{"@type":"WebPage","@id":"https:\/\/dharmacorpstore.com\/it\/product-2\/kaspersky-standard-5pc-1ano\/","url":"https:\/\/dharmacorpstore.com\/it\/product-2\/kaspersky-standard-5pc-1ano\/","name":"Kaspersky Standard 5PC 1 anno - Dharma Store Software","isPartOf":{"@id":"https:\/\/dharmacorpstore.com\/#website"},"primaryImageOfPage":{"@id":"https:\/\/dharmacorpstore.com\/it\/product-2\/kaspersky-standard-5pc-1ano\/#primaryimage"},"image":{"@id":"https:\/\/dharmacorpstore.com\/it\/product-2\/kaspersky-standard-5pc-1ano\/#primaryimage"},"thumbnailUrl":"https:\/\/i0.wp.com\/dharmacorpstore.com\/wp-content\/uploads\/2025\/06\/Standard-1.png?fit=1000%2C1000&ssl=1","datePublished":"2025-06-18T18:49:04+00:00","dateModified":"2025-06-18T18:50:13+00:00","breadcrumb":{"@id":"https:\/\/dharmacorpstore.com\/it\/product-2\/kaspersky-standard-5pc-1ano\/#breadcrumb"},"inLanguage":"it-IT","potentialAction":[{"@type":"ReadAction","target":["https:\/\/dharmacorpstore.com\/it\/product-2\/kaspersky-standard-5pc-1ano\/"]}]},{"@type":"ImageObject","inLanguage":"it-IT","@id":"https:\/\/dharmacorpstore.com\/it\/product-2\/kaspersky-standard-5pc-1ano\/#primaryimage","url":"https:\/\/i0.wp.com\/dharmacorpstore.com\/wp-content\/uploads\/2025\/06\/Standard-1.png?fit=1000%2C1000&ssl=1","contentUrl":"https:\/\/i0.wp.com\/dharmacorpstore.com\/wp-content\/uploads\/2025\/06\/Standard-1.png?fit=1000%2C1000&ssl=1","width":1000,"height":1000},{"@type":"BreadcrumbList","@id":"https:\/\/dharmacorpstore.com\/it\/product-2\/kaspersky-standard-5pc-1ano\/#breadcrumb","itemListElement":[{"@type":"ListItem","position":1,"name":"Home","item":"https:\/\/dharmacorpstore.com\/"},{"@type":"ListItem","position":2,"name":"Tienda","item":"https:\/\/dharmacorpstore.com\/tienda\/"},{"@type":"ListItem","position":3,"name":"Kaspersky Standard 5PC 1A\u00f1o"}]},{"@type":"WebSite","@id":"https:\/\/dharmacorpstore.com\/#website","url":"https:\/\/dharmacorpstore.com\/","name":"Software Dharma Store","description":"Vendita di software originale e licenze elettroniche","publisher":{"@id":"https:\/\/dharmacorpstore.com\/#organization"},"potentialAction":[{"@type":"SearchAction","target":{"@type":"EntryPoint","urlTemplate":"https:\/\/dharmacorpstore.com\/?s={search_term_string}"},"query-input":{"@type":"PropertyValueSpecification","valueRequired":true,"valueName":"search_term_string"}}],"inLanguage":"it-IT"},{"@type":"Organization","@id":"https:\/\/dharmacorpstore.com\/#organization","name":"Software Dharma Store","url":"https:\/\/dharmacorpstore.com\/","logo":{"@type":"ImageObject","inLanguage":"it-IT","@id":"https:\/\/dharmacorpstore.com\/#\/schema\/logo\/image\/","url":"https:\/\/i0.wp.com\/dharmacorpstore.com\/wp-content\/uploads\/2023\/11\/Dharma-Corp-Logo-2023-e1699245439652.png?fit=477%2C108&ssl=1","contentUrl":"https:\/\/i0.wp.com\/dharmacorpstore.com\/wp-content\/uploads\/2023\/11\/Dharma-Corp-Logo-2023-e1699245439652.png?fit=477%2C108&ssl=1","width":477,"height":108,"caption":"Dharma Store Software"},"image":{"@id":"https:\/\/dharmacorpstore.com\/#\/schema\/logo\/image\/"}}]}},"jetpack_publicize_connections":[],"jetpack-related-posts":[],"jetpack_likes_enabled":true,"jetpack_sharing_enabled":true,"_links":{"self":[{"href":"https:\/\/dharmacorpstore.com\/it\/wp-json\/wp\/v2\/product\/16209","targetHints":{"allow":["GET"]}}],"collection":[{"href":"https:\/\/dharmacorpstore.com\/it\/wp-json\/wp\/v2\/product"}],"about":[{"href":"https:\/\/dharmacorpstore.com\/it\/wp-json\/wp\/v2\/types\/product"}],"replies":[{"embeddable":true,"href":"https:\/\/dharmacorpstore.com\/it\/wp-json\/wp\/v2\/comments?post=16209"}],"wp:featuredmedia":[{"embeddable":true,"href":"https:\/\/dharmacorpstore.com\/it\/wp-json\/wp\/v2\/media\/16206"}],"wp:attachment":[{"href":"https:\/\/dharmacorpstore.com\/it\/wp-json\/wp\/v2\/media?parent=16209"}],"wp:term":[{"taxonomy":"product_brand","embeddable":true,"href":"https:\/\/dharmacorpstore.com\/it\/wp-json\/wp\/v2\/product_brand?post=16209"},{"taxonomy":"product_cat","embeddable":true,"href":"https:\/\/dharmacorpstore.com\/it\/wp-json\/wp\/v2\/product_cat?post=16209"},{"taxonomy":"product_tag","embeddable":true,"href":"https:\/\/dharmacorpstore.com\/it\/wp-json\/wp\/v2\/product_tag?post=16209"}],"curies":[{"name":"parola chiave","href":"https:\/\/api.w.org\/{rel}","templated":true}]}}