{"id":16212,"date":"2025-06-18T14:59:36","date_gmt":"2025-06-18T18:59:36","guid":{"rendered":"https:\/\/dharmacorpstore.com\/?post_type=product&#038;p=16212"},"modified":"2025-06-18T15:01:29","modified_gmt":"2025-06-18T19:01:29","slug":"kaspersky-plus-3pc-1-anno","status":"publish","type":"product","link":"https:\/\/dharmacorpstore.com\/it\/product-2\/kaspersky-plus-3pc-1-anno\/","title":{"rendered":"Kaspersky Plus 3PC 1 anno"},"content":{"rendered":"<p class=\"ds-markdown-paragraph\"><strong>Kaspersky Plus: la tua protezione intelligente e completa per una vita digitale sicura e privata<\/strong><\/p>\n<p class=\"ds-markdown-paragraph\">Non accontentarti dell&#039;essenziale.\u00a0<strong>Kaspersky Plus<\/strong>\u00a0Va oltre la protezione antivirus essenziale, offrendo una suite di strumenti intelligenti e automatizzati che salvaguardano la tua identit\u00e0, rafforzano la tua privacy e gestiscono proattivamente la tua sicurezza. Controllo totale, massima tranquillit\u00e0.<\/p>\n<p class=\"ds-markdown-paragraph\"><strong>Scopri la differenza che fa Kaspersky Plus:<\/strong><\/p>\n<ul>\n<li>\n<p class=\"ds-markdown-paragraph\"><strong>Tutto da Kaspersky Standard e MOLTO ALTRO:<\/strong>\u00a0Include il robusto antivirus in tempo reale, la protezione anti-phishing e la sicurezza dei pagamenti dello Standard, e aggiunge livelli di sicurezza avanzati.<\/p>\n<\/li>\n<li>\n<p class=\"ds-markdown-paragraph\"><strong>VPN Premium illimitata:<\/strong>\u00a0Navigare in un\u00a0<strong>completamente anonimo e sicuro<\/strong>\u00a0Dati illimitati. Crittografa il tuo traffico su qualsiasi rete Wi-Fi, accedi a contenuti globali e impedisci il tracciamento online.\u00a0<em>(Maggiore privacy rispetto allo Standard)<\/em>.<\/p>\n<\/li>\n<li>\n<p class=\"ds-markdown-paragraph\"><strong>Gestore password integrato:<\/strong>\u00a0Genera, memorizza e completa automaticamente\u00a0<strong>password forti e uniche<\/strong>\u00a0Per tutti i tuoi account. Dimentica la fatica di ricordarli o i rischi di password deboli o ripetitive.\u00a0<em>(Funzionalit\u00e0 esclusiva Plus)<\/em>.<\/p>\n<\/li>\n<li>\n<p class=\"ds-markdown-paragraph\"><strong>Protezione avanzata dell&#039;identit\u00e0:<\/strong>\u00a0Monitoraggio proattivo per rilevare se il tuo\u00a0<strong>indirizzo email o informazioni personali<\/strong>\u00a0Sono stati esposti a violazioni di dati sul dark web. Ricevi avvisi tempestivi per agire rapidamente.\u00a0<em>(Funzionalit\u00e0 esclusiva Plus)<\/em>.<\/p>\n<\/li>\n<li>\n<p class=\"ds-markdown-paragraph\"><strong>Analisi della sicurezza dell&#039;account:<\/strong>\u00a0Verifica la solidit\u00e0 e l&#039;esposizione dei tuoi account online con consigli pratici per migliorarli.\u00a0<em>(Funzionalit\u00e0 esclusiva Plus)<\/em>.<\/p>\n<\/li>\n<li>\n<p class=\"ds-markdown-paragraph\"><strong>Controllo della privacy per Windows:<\/strong>\u00a0Limita le app che possono accedere alla tua webcam, al tuo microfono e ai tuoi file, impedendo cos\u00ec spionaggio indesiderato.\u00a0<em>(Funzionalit\u00e0 esclusiva Plus)<\/em>.<\/p>\n<\/li>\n<li>\n<p class=\"ds-markdown-paragraph\"><strong>Protezione completa multi-dispositivo:<\/strong>\u00a0Licenza unica per proteggere\u00a0<strong>PC, Mac, Android e iOS<\/strong>\u00a0con tutte le funzionalit\u00e0 avanzate su ogni dispositivo.<\/p>\n<\/li>\n<li>\n<p class=\"ds-markdown-paragraph\"><strong>Interfaccia unificata e intuitiva:<\/strong>\u00a0Gestisci facilmente la tua VPN, le password, la protezione dell&#039;identit\u00e0 e la sicurezza da un unico pannello di controllo chiaro.<\/p>\n<\/li>\n<\/ul>\n<p class=\"ds-markdown-paragraph\"><strong>Kaspersky Plus \u00e8 la scelta giusta se:<\/strong><\/p>\n<ul>\n<li>\n<p class=\"ds-markdown-paragraph\"><strong>Dai molto valore alla tua privacy online<\/strong>\u00a0E hai bisogno di una VPN potente e illimitata.<\/p>\n<\/li>\n<li>\n<p class=\"ds-markdown-paragraph\">Volere\u00a0<strong>Gestisci le tue password in modo sicuro e senza sforzo.<\/strong><\/p>\n<\/li>\n<li>\n<p class=\"ds-markdown-paragraph\">Vuoi?\u00a0<strong>monitorare proattivamente l&#039;esposizione della tua identit\u00e0<\/strong>\u00a0su internet.<\/p>\n<\/li>\n<li>\n<p class=\"ds-markdown-paragraph\">Alla ricerca di un\u00a0<strong>controllo pi\u00f9 granulare sulla privacy<\/strong>\u00a0del tuo dispositivo (fotocamera, microfono).<\/p>\n<\/li>\n<li>\n<p class=\"ds-markdown-paragraph\">Richiedi una soluzione di sicurezza\u00a0<strong>tutto in uno, avanzato e automatizzato<\/strong>\u00a0che protegge tutti gli aspetti della tua vita digitale.<\/p>\n<\/li>\n<li>\n<p class=\"ds-markdown-paragraph\">Hai bisogno del massimo\u00a0<strong>tranquillit\u00e0 di fronte a minacce complesse<\/strong>\u00a0come il furto di identit\u00e0 o di credenziali.<\/p>\n<\/li>\n<\/ul>\n<p class=\"ds-markdown-paragraph\"><strong>Aumenta la tua protezione. Controlla la tua privacy. Scegli Kaspersky Plus.<\/strong><\/p>\n<hr \/>\n<p class=\"ds-markdown-paragraph\"><strong>Elementi chiave e differenzianti rispetto allo standard:<\/strong><\/p>\n<ol start=\"1\">\n<li>\n<p class=\"ds-markdown-paragraph\"><strong>Enfatizzare l&#039;evoluzione:<\/strong>\u00a0Posiziona chiaramente Plus come il livello successivo, &quot;oltre le basi&quot;.<\/p>\n<\/li>\n<li>\n<p class=\"ds-markdown-paragraph\"><strong>Caratteristiche Premium esclusive:<\/strong>\u00a0VPN\u00a0<strong>Illimitato<\/strong>\u00a0(rispetto a base con limite), Password Manager, Protezione dell&#039;identit\u00e0 (monitoraggio delle violazioni), Analisi dell&#039;account, Controllo della privacy in Windows.<\/p>\n<\/li>\n<li>\n<p class=\"ds-markdown-paragraph\"><strong>Vantaggi di alto valore:<\/strong>\u00a0Privacy reale (VPN illimitata), estrema praticit\u00e0 e sicurezza (gestore password), proattivit\u00e0 e tranquillit\u00e0 (protezione dell&#039;identit\u00e0), controllo totale (privacy del dispositivo).<\/p>\n<\/li>\n<li>\n<p class=\"ds-markdown-paragraph\"><strong>Lingua di altissimo valore:<\/strong>\u00a0Utilizza termini come &quot;scudo intelligente&quot;, &quot;protezione dell&#039;identit\u00e0&quot;, &quot;controllo totale&quot;, &quot;massima tranquillit\u00e0&quot;, &quot;migliora la tua protezione&quot;.<\/p>\n<\/li>\n<li>\n<p class=\"ds-markdown-paragraph\"><strong>Pubblico di destinazione definito:<\/strong>\u00a0Rivolto agli utenti attenti alla privacy con pi\u00f9 account online, preoccupati per il furto di identit\u00e0 e alla ricerca di praticit\u00e0 e automazione.<\/p>\n<\/li>\n<li>\n<p class=\"ds-markdown-paragraph\"><strong>Struttura chiara:<\/strong>\u00a0Elenca le funzioni principali raggruppando quelle esclusive della versione Plus.<\/p>\n<\/li>\n<li>\n<p class=\"ds-markdown-paragraph\"><strong>Forte invito all&#039;azione:<\/strong>\u00a0\u00ab&quot;Potere&quot;, &quot;Controllo&quot;, &quot;Scegli&quot;.<\/p>\n<\/li>\n<\/ol>\n<p class=\"ds-markdown-paragraph\"><strong>Varianti opzionali:<\/strong><\/p>\n<ul>\n<li>\n<p class=\"ds-markdown-paragraph\"><strong>In modo pi\u00f9 conciso:<\/strong>\u00a0\u00ab&quot;Kaspersky Plus: sicurezza avanzata all-in-one. Protezione antivirus premium +\u00a0<strong>VPN illimitata<\/strong>\u00a0+\u00a0<strong>Gestore di password<\/strong>\u00a0+\u00a0<strong>Allarme furto di identit\u00e0<\/strong>. Controlla la tua privacy e proteggi tutti i tuoi dispositivi (PC, Mac, Android, iOS) con strumenti automatizzati. Massima tranquillit\u00e0 digitale.\u00bb<\/p>\n<\/li>\n<li>\n<p class=\"ds-markdown-paragraph\"><strong>Enfatizzare la privacy:<\/strong>\u00a0\u00ab&quot;La tua privacy online \u00e8 una priorit\u00e0? Kaspersky Plus offre\u00a0<strong>VPN premium illimitata<\/strong>, Controllo di telecamere\/microfoni e monitoraggio delle violazioni dei dati. Tutto questo, oltre a una protezione antivirus d&#039;\u00e9lite e un gestore di password sicuro. Naviga, fai acquisti e vivi online in totale riservatezza.\u00bb<\/p>\n<\/li>\n<li>\n<p class=\"ds-markdown-paragraph\"><strong>Enfatizzare la gestione delle password e dell&#039;identit\u00e0:<\/strong>\u00a0\u00abDi&#039; addio al caos delle password e alla paura del furto di identit\u00e0. Kaspersky Plus include un\u00a0<strong>Gestore di password integrato e sicuro<\/strong>, inoltre\u00a0<strong>monitoraggio avanzato<\/strong>\u00a0Ti avvisa se i tuoi dati personali sono esposti. La protezione proattiva e completa di cui hai bisogno oggi.\u00bb<\/p>\n<\/li>\n<\/ul>","protected":false},"excerpt":{"rendered":"<p>Kaspersky Plus: il tuo scudo intelligente e completo per una vita digitale sicura e privata Non accontentarti delle basi. Kaspersky<\/p>","protected":false},"featured_media":16211,"comment_status":"open","ping_status":"closed","template":"","meta":{"_monsterinsights_skip_tracking":false,"_monsterinsights_sitenote_active":false,"_monsterinsights_sitenote_note":"","_monsterinsights_sitenote_category":0,"jetpack_post_was_ever_published":false,"jetpack_publicize_message":"","jetpack_publicize_feature_enabled":true,"jetpack_social_post_already_shared":false,"jetpack_social_options":{"image_generator_settings":{"template":"highway","default_image_id":0,"font":"","enabled":false},"version":2}},"product_brand":[],"product_cat":[82],"product_tag":[],"class_list":{"0":"post-16212","1":"product","2":"type-product","3":"status-publish","4":"has-post-thumbnail","6":"product_cat-antivirus","8":"first","9":"instock","10":"shipping-taxable","11":"purchasable","12":"product-type-simple"},"yoast_head":"<!-- This site is optimized with the Yoast SEO plugin v27.4 - https:\/\/yoast.com\/product\/yoast-seo-wordpress\/ -->\n<title>Kaspersky Plus 3PC 1A\u00f1o - Dharma Store Software<\/title>\n<meta name=\"robots\" content=\"index, follow, max-snippet:-1, max-image-preview:large, max-video-preview:-1\" \/>\n<link rel=\"canonical\" href=\"https:\/\/dharmacorpstore.com\/it\/product-2\/kaspersky-plus-3pc-1-anno\/\" \/>\n<meta property=\"og:locale\" content=\"it_IT\" \/>\n<meta property=\"og:type\" content=\"article\" \/>\n<meta property=\"og:title\" content=\"Kaspersky Plus 3PC 1A\u00f1o - Dharma Store Software\" \/>\n<meta property=\"og:description\" content=\"Kaspersky Plus: Tu Escudo Inteligente y Completo para una Vida Digital Segura y Privada No te conformes con lo b\u00e1sico.\u00a0Kaspersky\" \/>\n<meta property=\"og:url\" content=\"https:\/\/dharmacorpstore.com\/it\/product-2\/kaspersky-plus-3pc-1-anno\/\" \/>\n<meta property=\"og:site_name\" content=\"Dharma Store Software\" \/>\n<meta property=\"article:modified_time\" content=\"2025-06-18T19:01:29+00:00\" \/>\n<meta property=\"og:image\" content=\"https:\/\/dharmacorpstore.com\/wp-content\/uploads\/2025\/06\/PLUS.webp\" \/>\n\t<meta property=\"og:image:width\" content=\"1000\" \/>\n\t<meta property=\"og:image:height\" content=\"1000\" \/>\n\t<meta property=\"og:image:type\" content=\"image\/webp\" \/>\n<meta name=\"twitter:card\" content=\"summary_large_image\" \/>\n<meta name=\"twitter:label1\" content=\"Tempo di lettura stimato\" \/>\n\t<meta name=\"twitter:data1\" content=\"4 minuti\" \/>\n<script type=\"application\/ld+json\" class=\"yoast-schema-graph\">{\"@context\":\"https:\\\/\\\/schema.org\",\"@graph\":[{\"@type\":\"WebPage\",\"@id\":\"https:\\\/\\\/dharmacorpstore.com\\\/it\\\/product-2\\\/kaspersky-plus-3pc-1-anno\\\/\",\"url\":\"https:\\\/\\\/dharmacorpstore.com\\\/it\\\/product-2\\\/kaspersky-plus-3pc-1-anno\\\/\",\"name\":\"Kaspersky Plus 3PC 1A\u00f1o - Dharma Store Software\",\"isPartOf\":{\"@id\":\"https:\\\/\\\/dharmacorpstore.com\\\/#website\"},\"primaryImageOfPage\":{\"@id\":\"https:\\\/\\\/dharmacorpstore.com\\\/it\\\/product-2\\\/kaspersky-plus-3pc-1-anno\\\/#primaryimage\"},\"image\":{\"@id\":\"https:\\\/\\\/dharmacorpstore.com\\\/it\\\/product-2\\\/kaspersky-plus-3pc-1-anno\\\/#primaryimage\"},\"thumbnailUrl\":\"https:\\\/\\\/i0.wp.com\\\/dharmacorpstore.com\\\/wp-content\\\/uploads\\\/2025\\\/06\\\/PLUS.webp?fit=1000%2C1000&ssl=1\",\"datePublished\":\"2025-06-18T18:59:36+00:00\",\"dateModified\":\"2025-06-18T19:01:29+00:00\",\"breadcrumb\":{\"@id\":\"https:\\\/\\\/dharmacorpstore.com\\\/it\\\/product-2\\\/kaspersky-plus-3pc-1-anno\\\/#breadcrumb\"},\"inLanguage\":\"it-IT\",\"potentialAction\":[{\"@type\":\"ReadAction\",\"target\":[\"https:\\\/\\\/dharmacorpstore.com\\\/it\\\/product-2\\\/kaspersky-plus-3pc-1-anno\\\/\"]}]},{\"@type\":\"ImageObject\",\"inLanguage\":\"it-IT\",\"@id\":\"https:\\\/\\\/dharmacorpstore.com\\\/it\\\/product-2\\\/kaspersky-plus-3pc-1-anno\\\/#primaryimage\",\"url\":\"https:\\\/\\\/i0.wp.com\\\/dharmacorpstore.com\\\/wp-content\\\/uploads\\\/2025\\\/06\\\/PLUS.webp?fit=1000%2C1000&ssl=1\",\"contentUrl\":\"https:\\\/\\\/i0.wp.com\\\/dharmacorpstore.com\\\/wp-content\\\/uploads\\\/2025\\\/06\\\/PLUS.webp?fit=1000%2C1000&ssl=1\",\"width\":1000,\"height\":1000},{\"@type\":\"BreadcrumbList\",\"@id\":\"https:\\\/\\\/dharmacorpstore.com\\\/it\\\/product-2\\\/kaspersky-plus-3pc-1-anno\\\/#breadcrumb\",\"itemListElement\":[{\"@type\":\"ListItem\",\"position\":1,\"name\":\"Home\",\"item\":\"https:\\\/\\\/dharmacorpstore.com\\\/\"},{\"@type\":\"ListItem\",\"position\":2,\"name\":\"Tienda\",\"item\":\"https:\\\/\\\/dharmacorpstore.com\\\/tienda\\\/\"},{\"@type\":\"ListItem\",\"position\":3,\"name\":\"Kaspersky Plus 3PC 1A\u00f1o\"}]},{\"@type\":\"WebSite\",\"@id\":\"https:\\\/\\\/dharmacorpstore.com\\\/#website\",\"url\":\"https:\\\/\\\/dharmacorpstore.com\\\/\",\"name\":\"Dharma Store Software\",\"description\":\"Venta de software original y licenciamiento electr\u00f3nico\",\"publisher\":{\"@id\":\"https:\\\/\\\/dharmacorpstore.com\\\/#organization\"},\"potentialAction\":[{\"@type\":\"SearchAction\",\"target\":{\"@type\":\"EntryPoint\",\"urlTemplate\":\"https:\\\/\\\/dharmacorpstore.com\\\/?s={search_term_string}\"},\"query-input\":{\"@type\":\"PropertyValueSpecification\",\"valueRequired\":true,\"valueName\":\"search_term_string\"}}],\"inLanguage\":\"it-IT\"},{\"@type\":\"Organization\",\"@id\":\"https:\\\/\\\/dharmacorpstore.com\\\/#organization\",\"name\":\"Dharma Store Software\",\"url\":\"https:\\\/\\\/dharmacorpstore.com\\\/\",\"logo\":{\"@type\":\"ImageObject\",\"inLanguage\":\"it-IT\",\"@id\":\"https:\\\/\\\/dharmacorpstore.com\\\/#\\\/schema\\\/logo\\\/image\\\/\",\"url\":\"https:\\\/\\\/i0.wp.com\\\/dharmacorpstore.com\\\/wp-content\\\/uploads\\\/2023\\\/11\\\/Dharma-Corp-Logo-2023-e1699245439652.png?fit=477%2C108&ssl=1\",\"contentUrl\":\"https:\\\/\\\/i0.wp.com\\\/dharmacorpstore.com\\\/wp-content\\\/uploads\\\/2023\\\/11\\\/Dharma-Corp-Logo-2023-e1699245439652.png?fit=477%2C108&ssl=1\",\"width\":477,\"height\":108,\"caption\":\"Dharma Store Software\"},\"image\":{\"@id\":\"https:\\\/\\\/dharmacorpstore.com\\\/#\\\/schema\\\/logo\\\/image\\\/\"}}]}<\/script>\n<!-- \/ Yoast SEO plugin. -->","yoast_head_json":{"title":"Kaspersky Plus 3PC 1 anno - Dharma Store Software","robots":{"index":"index","follow":"follow","max-snippet":"max-snippet:-1","max-image-preview":"max-image-preview:large","max-video-preview":"max-video-preview:-1"},"canonical":"https:\/\/dharmacorpstore.com\/it\/product-2\/kaspersky-plus-3pc-1-anno\/","og_locale":"it_IT","og_type":"article","og_title":"Kaspersky Plus 3PC 1A\u00f1o - Dharma Store Software","og_description":"Kaspersky Plus: Tu Escudo Inteligente y Completo para una Vida Digital Segura y Privada No te conformes con lo b\u00e1sico.\u00a0Kaspersky","og_url":"https:\/\/dharmacorpstore.com\/it\/product-2\/kaspersky-plus-3pc-1-anno\/","og_site_name":"Dharma Store Software","article_modified_time":"2025-06-18T19:01:29+00:00","og_image":[{"width":1000,"height":1000,"url":"https:\/\/dharmacorpstore.com\/wp-content\/uploads\/2025\/06\/PLUS.webp","type":"image\/webp"}],"twitter_card":"summary_large_image","twitter_misc":{"Tempo di lettura stimato":"4 minuti"},"schema":{"@context":"https:\/\/schema.org","@graph":[{"@type":"WebPage","@id":"https:\/\/dharmacorpstore.com\/it\/product-2\/kaspersky-plus-3pc-1-anno\/","url":"https:\/\/dharmacorpstore.com\/it\/product-2\/kaspersky-plus-3pc-1-anno\/","name":"Kaspersky Plus 3PC 1 anno - Dharma Store Software","isPartOf":{"@id":"https:\/\/dharmacorpstore.com\/#website"},"primaryImageOfPage":{"@id":"https:\/\/dharmacorpstore.com\/it\/product-2\/kaspersky-plus-3pc-1-anno\/#primaryimage"},"image":{"@id":"https:\/\/dharmacorpstore.com\/it\/product-2\/kaspersky-plus-3pc-1-anno\/#primaryimage"},"thumbnailUrl":"https:\/\/i0.wp.com\/dharmacorpstore.com\/wp-content\/uploads\/2025\/06\/PLUS.webp?fit=1000%2C1000&ssl=1","datePublished":"2025-06-18T18:59:36+00:00","dateModified":"2025-06-18T19:01:29+00:00","breadcrumb":{"@id":"https:\/\/dharmacorpstore.com\/it\/product-2\/kaspersky-plus-3pc-1-anno\/#breadcrumb"},"inLanguage":"it-IT","potentialAction":[{"@type":"ReadAction","target":["https:\/\/dharmacorpstore.com\/it\/product-2\/kaspersky-plus-3pc-1-anno\/"]}]},{"@type":"ImageObject","inLanguage":"it-IT","@id":"https:\/\/dharmacorpstore.com\/it\/product-2\/kaspersky-plus-3pc-1-anno\/#primaryimage","url":"https:\/\/i0.wp.com\/dharmacorpstore.com\/wp-content\/uploads\/2025\/06\/PLUS.webp?fit=1000%2C1000&ssl=1","contentUrl":"https:\/\/i0.wp.com\/dharmacorpstore.com\/wp-content\/uploads\/2025\/06\/PLUS.webp?fit=1000%2C1000&ssl=1","width":1000,"height":1000},{"@type":"BreadcrumbList","@id":"https:\/\/dharmacorpstore.com\/it\/product-2\/kaspersky-plus-3pc-1-anno\/#breadcrumb","itemListElement":[{"@type":"ListItem","position":1,"name":"Home","item":"https:\/\/dharmacorpstore.com\/"},{"@type":"ListItem","position":2,"name":"Tienda","item":"https:\/\/dharmacorpstore.com\/tienda\/"},{"@type":"ListItem","position":3,"name":"Kaspersky Plus 3PC 1A\u00f1o"}]},{"@type":"WebSite","@id":"https:\/\/dharmacorpstore.com\/#website","url":"https:\/\/dharmacorpstore.com\/","name":"Software Dharma Store","description":"Vendita di software originale e licenze elettroniche","publisher":{"@id":"https:\/\/dharmacorpstore.com\/#organization"},"potentialAction":[{"@type":"SearchAction","target":{"@type":"EntryPoint","urlTemplate":"https:\/\/dharmacorpstore.com\/?s={search_term_string}"},"query-input":{"@type":"PropertyValueSpecification","valueRequired":true,"valueName":"search_term_string"}}],"inLanguage":"it-IT"},{"@type":"Organization","@id":"https:\/\/dharmacorpstore.com\/#organization","name":"Software Dharma Store","url":"https:\/\/dharmacorpstore.com\/","logo":{"@type":"ImageObject","inLanguage":"it-IT","@id":"https:\/\/dharmacorpstore.com\/#\/schema\/logo\/image\/","url":"https:\/\/i0.wp.com\/dharmacorpstore.com\/wp-content\/uploads\/2023\/11\/Dharma-Corp-Logo-2023-e1699245439652.png?fit=477%2C108&ssl=1","contentUrl":"https:\/\/i0.wp.com\/dharmacorpstore.com\/wp-content\/uploads\/2023\/11\/Dharma-Corp-Logo-2023-e1699245439652.png?fit=477%2C108&ssl=1","width":477,"height":108,"caption":"Dharma Store Software"},"image":{"@id":"https:\/\/dharmacorpstore.com\/#\/schema\/logo\/image\/"}}]}},"jetpack_publicize_connections":[],"jetpack-related-posts":[],"jetpack_likes_enabled":true,"jetpack_sharing_enabled":true,"_links":{"self":[{"href":"https:\/\/dharmacorpstore.com\/it\/wp-json\/wp\/v2\/product\/16212","targetHints":{"allow":["GET"]}}],"collection":[{"href":"https:\/\/dharmacorpstore.com\/it\/wp-json\/wp\/v2\/product"}],"about":[{"href":"https:\/\/dharmacorpstore.com\/it\/wp-json\/wp\/v2\/types\/product"}],"replies":[{"embeddable":true,"href":"https:\/\/dharmacorpstore.com\/it\/wp-json\/wp\/v2\/comments?post=16212"}],"wp:featuredmedia":[{"embeddable":true,"href":"https:\/\/dharmacorpstore.com\/it\/wp-json\/wp\/v2\/media\/16211"}],"wp:attachment":[{"href":"https:\/\/dharmacorpstore.com\/it\/wp-json\/wp\/v2\/media?parent=16212"}],"wp:term":[{"taxonomy":"product_brand","embeddable":true,"href":"https:\/\/dharmacorpstore.com\/it\/wp-json\/wp\/v2\/product_brand?post=16212"},{"taxonomy":"product_cat","embeddable":true,"href":"https:\/\/dharmacorpstore.com\/it\/wp-json\/wp\/v2\/product_cat?post=16212"},{"taxonomy":"product_tag","embeddable":true,"href":"https:\/\/dharmacorpstore.com\/it\/wp-json\/wp\/v2\/product_tag?post=16212"}],"curies":[{"name":"parola chiave","href":"https:\/\/api.w.org\/{rel}","templated":true}]}}