{"id":16794,"date":"2025-10-31T12:40:49","date_gmt":"2025-10-31T16:40:49","guid":{"rendered":"https:\/\/dharmacorpstore.com\/?post_type=product&#038;p=16794"},"modified":"2025-12-06T13:14:49","modified_gmt":"2025-12-06T17:14:49","slug":"mcafee-livesafe-6-12-mesi-dispositivi-illimitati","status":"publish","type":"product","link":"https:\/\/dharmacorpstore.com\/it\/product-2\/mcafee-livesafe-6-12-mesi-dispositivi-illimitati\/","title":{"rendered":"McAfee LiveSafe 6-12 mesi dispositivi illimitati"},"content":{"rendered":"<p class=\"my-2 [&amp;+p]:mt-4 [&amp;_strong:has(+br)]:inline-block [&amp;_strong:has(+br)]:pb-2\">McAfee LiveSafe es una soluci\u00f3n integral dise\u00f1ada para proteger todos tus dispositivos (PC, Mac, smartphones y tablets) bajo una sola licencia, ofreciendo tranquilidad total sin importar d\u00f3nde o c\u00f3mo te conectes. Incorpora un potente antivirus, protecci\u00f3n avanzada contra ransomware y malware, supervisi\u00f3n de identidad, gestor de contrase\u00f1as y una VPN de grado bancario para navegaci\u00f3n segura.\u200b<\/p>\n<p class=\"my-2 [&amp;+p]:mt-4 [&amp;_strong:has(+br)]:inline-block [&amp;_strong:has(+br)]:pb-2\">Esta plataforma optimiza la seguridad y privacidad familiar con controles parentales y cifrado de archivos en la nube. Puedes administrar varios perfiles y proteger la informaci\u00f3n personal en tiempo real, gracias a sus actualizaciones autom\u00e1ticas. La instalaci\u00f3n es r\u00e1pida y su interfaz amigable se adapta tanto a usuarios individuales, empresarios, familias y estudiantes.<\/p>\n<p class=\"my-2 [&amp;+p]:mt-4 [&amp;_strong:has(+br)]:inline-block [&amp;_strong:has(+br)]:pb-2\">Frente a productos similares, McAfee LiveSafe destaca por su cobertura multidispositivo, facilidad de administraci\u00f3n y acceso a herramientas premium (VPN, gestor de contrase\u00f1as, almacenamiento cifrado). Es ideal para quienes priorizan la seguridad digital en el trabajo, escuela o hogar.<\/p>\n","protected":false},"excerpt":{"rendered":"<div class=\"flex items-start gap-3 p-4 rounded-lg hover:bg-blue-50 transition-colors duration-300\" data-lov-id=\"src\/pages\/Index.tsx:187:18\" data-lov-name=\"div\" data-component-path=\"src\/pages\/Index.tsx\" data-component-line=\"187\" data-component-file=\"Index.tsx\" data-component-name=\"div\" data-component-content=\"%7B%22className%22%3A%22flex%20items-start%20gap-3%20p-4%20rounded-lg%20hover%3Abg-blue-50%20transition-colors%20duration-300%22%7D\"><span class=\"text-lg\" data-lov-id=\"src\/pages\/Index.tsx:188:20\" data-lov-name=\"span\" data-component-path=\"src\/pages\/Index.tsx\" data-component-line=\"188\" data-component-file=\"Index.tsx\" data-component-name=\"span\" data-component-content=\"%7B%22className%22%3A%22text-lg%22%7D\">\u2705 Invito inviato con attivazione per 6-12 mesi<\/span><\/div>\n<div class=\"flex items-start gap-3 p-4 rounded-lg hover:bg-blue-50 transition-colors duration-300\" data-lov-id=\"src\/pages\/Index.tsx:187:18\" data-lov-name=\"div\" data-component-path=\"src\/pages\/Index.tsx\" data-component-line=\"187\" data-component-file=\"Index.tsx\" data-component-name=\"div\" data-component-content=\"%7B%22className%22%3A%22flex%20items-start%20gap-3%20p-4%20rounded-lg%20hover%3Abg-blue-50%20transition-colors%20duration-300%22%7D\"><span class=\"text-lg\" data-lov-id=\"src\/pages\/Index.tsx:188:20\" data-lov-name=\"span\" data-component-path=\"src\/pages\/Index.tsx\" data-component-line=\"188\" data-component-file=\"Index.tsx\" data-component-name=\"span\" data-component-content=\"%7B%22className%22%3A%22text-lg%22%7D\">\u2705 Puoi installarlo su un numero illimitato di computer<\/span><\/div>\n<div data-lov-id=\"src\/pages\/Index.tsx:187:18\" data-lov-name=\"div\" data-component-path=\"src\/pages\/Index.tsx\" data-component-line=\"187\" data-component-file=\"Index.tsx\" data-component-name=\"div\" data-component-content=\"%7B%22className%22%3A%22flex%20items-start%20gap-3%20p-4%20rounded-lg%20hover%3Abg-blue-50%20transition-colors%20duration-300%22%7D\"><span class=\"text-lg\" data-lov-id=\"src\/pages\/Index.tsx:188:20\" data-lov-name=\"span\" data-component-path=\"src\/pages\/Index.tsx\" data-component-line=\"188\" data-component-file=\"Index.tsx\" data-component-name=\"span\" data-component-content=\"%7B%22className%22%3A%22text-lg%22%7D\">\u2705 Compatibile con Windows, Mac OS, Linux, Android, iPhone<\/span><\/div>\n<div class=\"flex items-start gap-3 p-4 rounded-lg hover:bg-blue-50 transition-colors duration-300\" data-lov-id=\"src\/pages\/Index.tsx:187:18\" data-lov-name=\"div\" data-component-path=\"src\/pages\/Index.tsx\" data-component-line=\"187\" data-component-file=\"Index.tsx\" data-component-name=\"div\" data-component-content=\"%7B%22className%22%3A%22flex%20items-start%20gap-3%20p-4%20rounded-lg%20hover%3Abg-blue-50%20transition-colors%20duration-300%22%7D\"><span class=\"text-lg\" data-lov-id=\"src\/pages\/Index.tsx:188:20\" data-lov-name=\"span\" data-component-path=\"src\/pages\/Index.tsx\" data-component-line=\"188\" data-component-file=\"Index.tsx\" data-component-name=\"span\" data-component-content=\"%7B%22className%22%3A%22text-lg%22%7D\">\u2705 Proteggi un numero illimitato di dispositivi con antivirus multilivello, VPN illimitata e protezione dell&#039;identit\u00e0 per una navigazione sicura per tutta la famiglia, senza limiti di quantit\u00e0.<\/span><\/div>\n<div class=\"flex items-start gap-3 p-4 rounded-lg hover:bg-blue-50 transition-colors duration-300\" data-lov-id=\"src\/pages\/Index.tsx:187:18\" data-lov-name=\"div\" data-component-path=\"src\/pages\/Index.tsx\" data-component-line=\"187\" data-component-file=\"Index.tsx\" data-component-name=\"div\" data-component-content=\"%7B%22className%22%3A%22flex%20items-start%20gap-3%20p-4%20rounded-lg%20hover%3Abg-blue-50%20transition-colors%20duration-300%22%7D\"><span class=\"text-lg\" data-lov-id=\"src\/pages\/Index.tsx:188:20\" data-lov-name=\"span\" data-component-path=\"src\/pages\/Index.tsx\" data-component-line=\"188\" data-component-file=\"Index.tsx\" data-component-name=\"span\" data-component-content=\"%7B%22className%22%3A%22text-lg%22%7D\">\u2705 Blocca malware, ransomware e phishing in tempo reale, con ottimizzazione automatica e monitoraggio del dark web per una maggiore tranquillit\u00e0 per 6 o 12 mesi.<\/span><\/div>\n<div data-lov-id=\"src\/pages\/Index.tsx:187:18\" data-lov-name=\"div\" data-component-path=\"src\/pages\/Index.tsx\" data-component-line=\"187\" data-component-file=\"Index.tsx\" data-component-name=\"div\" data-component-content=\"%7B%22className%22%3A%22flex%20items-start%20gap-3%20p-4%20rounded-lg%20hover%3Abg-blue-50%20transition-colors%20duration-300%22%7D\">\n<div class=\"flex items-start gap-3 p-4 rounded-lg hover:bg-blue-50 transition-colors duration-300\" data-lov-id=\"src\/pages\/Index.tsx:187:18\" data-lov-name=\"div\" data-component-path=\"src\/pages\/Index.tsx\" data-component-line=\"187\" data-component-file=\"Index.tsx\" data-component-name=\"div\" data-component-content=\"%7B%22className%22%3A%22flex%20items-start%20gap-3%20p-4%20rounded-lg%20hover%3Abg-blue-50%20transition-colors%20duration-300%22%7D\"><span class=\"text-lg\" data-lov-id=\"src\/pages\/Index.tsx:188:20\" data-lov-name=\"span\" data-component-path=\"src\/pages\/Index.tsx\" data-component-line=\"188\" data-component-file=\"Index.tsx\" data-component-name=\"span\" data-component-content=\"%7B%22className%22%3A%22text-lg%22%7D\">\u2705 Interfaccia intuitiva con aggiornamenti automatici e basso consumo di risorse, ideale per le case connesse che cercano una copertura completa senza complicazioni.<\/span><\/div>\n<div data-lov-id=\"src\/pages\/Index.tsx:187:18\" data-lov-name=\"div\" data-component-path=\"src\/pages\/Index.tsx\" data-component-line=\"187\" data-component-file=\"Index.tsx\" data-component-name=\"div\" data-component-content=\"%7B%22className%22%3A%22flex%20items-start%20gap-3%20p-4%20rounded-lg%20hover%3Abg-blue-50%20transition-colors%20duration-300%22%7D\">\n<div class=\"flex items-start gap-3 p-4 rounded-lg hover:bg-blue-50 transition-colors duration-300\" data-lov-id=\"src\/pages\/Index.tsx:187:18\" data-lov-name=\"div\" data-component-path=\"src\/pages\/Index.tsx\" data-component-line=\"187\" data-component-file=\"Index.tsx\" data-component-name=\"div\" data-component-content=\"%7B%22className%22%3A%22flex%20items-start%20gap-3%20p-4%20rounded-lg%20hover%3Abg-blue-50%20transition-colors%20duration-300%22%7D\">\u2705 <b style=\"color: red;\">Tutti i nostri prodotti sono originali e vengono forniti con garanzia e assistenza tecnica.<\/b><\/div>\n<\/div>\n<\/div>\n<div class=\"flex items-start gap-3 p-4 rounded-lg hover:bg-blue-50 transition-colors duration-300\" data-lov-id=\"src\/pages\/Index.tsx:187:18\" data-lov-name=\"div\" data-component-path=\"src\/pages\/Index.tsx\" data-component-line=\"187\" data-component-file=\"Index.tsx\" data-component-name=\"div\" data-component-content=\"%7B%22className%22%3A%22flex%20items-start%20gap-3%20p-4%20rounded-lg%20hover%3Abg-blue-50%20transition-colors%20duration-300%22%7D\"><span class=\"text-lg\" data-lov-id=\"src\/pages\/Index.tsx:188:20\" data-lov-name=\"span\" data-component-path=\"src\/pages\/Index.tsx\" data-component-line=\"188\" data-component-file=\"Index.tsx\" data-component-name=\"span\" data-component-content=\"%7B%22className%22%3A%22text-lg%22%7D\">\u2705 <strong style=\"color: red;\">Consegna immediata direttamente al vostro indirizzo e-mail con manuale di installazione.<\/strong><br \/>\n<\/span><\/div>","protected":false},"featured_media":17099,"comment_status":"open","ping_status":"closed","template":"","meta":{"_monsterinsights_skip_tracking":false,"_monsterinsights_sitenote_active":false,"_monsterinsights_sitenote_note":"","_monsterinsights_sitenote_category":0,"jetpack_post_was_ever_published":false,"jetpack_publicize_message":"","jetpack_publicize_feature_enabled":true,"jetpack_social_post_already_shared":false,"jetpack_social_options":{"image_generator_settings":{"template":"highway","default_image_id":0,"font":"","enabled":false},"version":2}},"product_brand":[285],"product_cat":[82],"product_tag":[287,290,286,288,289],"class_list":{"0":"post-16794","1":"product","2":"type-product","3":"status-publish","4":"has-post-thumbnail","6":"product_brand-mcafee","7":"product_cat-antivirus","8":"product_tag-licencia-mcafee-livesafe-antivirus-familia-multi-pc","9":"product_tag-mcafee-livesafe-6-meses-ilimitados-windows-mac-movil","10":"product_tag-mcafee-livesafe-ilimitados-dispositivos-1-ano","11":"product_tag-mcafee-livesafe-vpn-ilimitada-12-meses-todos-dispositivos","12":"product_tag-suscripcion-mcafee-livesafe-proteccion-total-ilimitada","14":"first","15":"instock","16":"sale","17":"shipping-taxable","18":"purchasable","19":"product-type-simple"},"yoast_head":"<!-- This site is optimized with the Yoast SEO plugin v27.5 - https:\/\/yoast.com\/product\/yoast-seo-wordpress\/ -->\n<title>McAfee LiveSafe 6-12 Meses Dispositivos Ilimitados - Dharma Store Software<\/title>\n<meta name=\"description\" content=\"McAfee LiveSafe con VPN y gestor de contrase\u00f1as: seguridad total en PC, Mac, tel\u00e9fono y tablet. Protecci\u00f3n avanzada y f\u00e1cil de usar.\" \/>\n<meta name=\"robots\" content=\"index, follow, max-snippet:-1, max-image-preview:large, max-video-preview:-1\" \/>\n<link rel=\"canonical\" href=\"https:\/\/dharmacorpstore.com\/it\/product-2\/mcafee-livesafe-6-12-mesi-dispositivi-illimitati\/\" \/>\n<meta property=\"og:locale\" content=\"it_IT\" \/>\n<meta property=\"og:type\" content=\"article\" \/>\n<meta property=\"og:title\" content=\"McAfee LiveSafe 6-12 Meses Dispositivos Ilimitados - Dharma Store Software\" \/>\n<meta property=\"og:description\" content=\"McAfee LiveSafe con VPN y gestor de contrase\u00f1as: seguridad total en PC, Mac, tel\u00e9fono y tablet. Protecci\u00f3n avanzada y f\u00e1cil de usar.\" \/>\n<meta property=\"og:url\" content=\"https:\/\/dharmacorpstore.com\/it\/product-2\/mcafee-livesafe-6-12-mesi-dispositivi-illimitati\/\" \/>\n<meta property=\"og:site_name\" content=\"Dharma Store Software\" \/>\n<meta property=\"article:modified_time\" content=\"2025-12-06T17:14:49+00:00\" \/>\n<meta property=\"og:image\" content=\"https:\/\/dharmacorpstore.com\/wp-content\/uploads\/2025\/10\/Mcafee-livesafe-2.jpg\" \/>\n\t<meta property=\"og:image:width\" content=\"1024\" \/>\n\t<meta property=\"og:image:height\" content=\"1024\" \/>\n\t<meta property=\"og:image:type\" content=\"image\/jpeg\" \/>\n<meta name=\"twitter:card\" content=\"summary_large_image\" \/>\n<meta name=\"twitter:label1\" content=\"Tempo di lettura stimato\" \/>\n\t<meta name=\"twitter:data1\" content=\"1 minuto\" \/>\n<script type=\"application\/ld+json\" class=\"yoast-schema-graph\">{\"@context\":\"https:\\\/\\\/schema.org\",\"@graph\":[{\"@type\":\"WebPage\",\"@id\":\"https:\\\/\\\/dharmacorpstore.com\\\/ar\\\/product-2\\\/mcafee-livesafe-6%d8%8c-12-%d8%b4%d9%87%d8%b1%d9%8b%d8%a7%d8%8c-%d8%b9%d8%af%d8%af-%d8%ba%d9%8a%d8%b1-%d9%85%d8%ad%d8%af%d9%88%d8%af-%d9%85%d9%86-%d8%a7%d9%84%d8%a3%d8%ac%d9%87%d8%b2%d8%a9\\\/\",\"url\":\"https:\\\/\\\/dharmacorpstore.com\\\/ar\\\/product-2\\\/mcafee-livesafe-6%d8%8c-12-%d8%b4%d9%87%d8%b1%d9%8b%d8%a7%d8%8c-%d8%b9%d8%af%d8%af-%d8%ba%d9%8a%d8%b1-%d9%85%d8%ad%d8%af%d9%88%d8%af-%d9%85%d9%86-%d8%a7%d9%84%d8%a3%d8%ac%d9%87%d8%b2%d8%a9\\\/\",\"name\":\"McAfee LiveSafe 6-12 Meses Dispositivos Ilimitados - Dharma Store Software\",\"isPartOf\":{\"@id\":\"https:\\\/\\\/dharmacorpstore.com\\\/#website\"},\"primaryImageOfPage\":{\"@id\":\"https:\\\/\\\/dharmacorpstore.com\\\/ar\\\/product-2\\\/mcafee-livesafe-6%d8%8c-12-%d8%b4%d9%87%d8%b1%d9%8b%d8%a7%d8%8c-%d8%b9%d8%af%d8%af-%d8%ba%d9%8a%d8%b1-%d9%85%d8%ad%d8%af%d9%88%d8%af-%d9%85%d9%86-%d8%a7%d9%84%d8%a3%d8%ac%d9%87%d8%b2%d8%a9\\\/#primaryimage\"},\"image\":{\"@id\":\"https:\\\/\\\/dharmacorpstore.com\\\/ar\\\/product-2\\\/mcafee-livesafe-6%d8%8c-12-%d8%b4%d9%87%d8%b1%d9%8b%d8%a7%d8%8c-%d8%b9%d8%af%d8%af-%d8%ba%d9%8a%d8%b1-%d9%85%d8%ad%d8%af%d9%88%d8%af-%d9%85%d9%86-%d8%a7%d9%84%d8%a3%d8%ac%d9%87%d8%b2%d8%a9\\\/#primaryimage\"},\"thumbnailUrl\":\"https:\\\/\\\/i0.wp.com\\\/dharmacorpstore.com\\\/wp-content\\\/uploads\\\/2025\\\/10\\\/Mcafee-livesafe-2.jpg?fit=1024%2C1024&ssl=1\",\"datePublished\":\"2025-10-31T16:40:49+00:00\",\"dateModified\":\"2025-12-06T17:14:49+00:00\",\"description\":\"McAfee LiveSafe con VPN y gestor de contrase\u00f1as: seguridad total en PC, Mac, tel\u00e9fono y tablet. Protecci\u00f3n avanzada y f\u00e1cil de usar.\",\"breadcrumb\":{\"@id\":\"https:\\\/\\\/dharmacorpstore.com\\\/ar\\\/product-2\\\/mcafee-livesafe-6%d8%8c-12-%d8%b4%d9%87%d8%b1%d9%8b%d8%a7%d8%8c-%d8%b9%d8%af%d8%af-%d8%ba%d9%8a%d8%b1-%d9%85%d8%ad%d8%af%d9%88%d8%af-%d9%85%d9%86-%d8%a7%d9%84%d8%a3%d8%ac%d9%87%d8%b2%d8%a9\\\/#breadcrumb\"},\"inLanguage\":\"it-IT\",\"potentialAction\":[{\"@type\":\"ReadAction\",\"target\":[\"https:\\\/\\\/dharmacorpstore.com\\\/ar\\\/product-2\\\/mcafee-livesafe-6%d8%8c-12-%d8%b4%d9%87%d8%b1%d9%8b%d8%a7%d8%8c-%d8%b9%d8%af%d8%af-%d8%ba%d9%8a%d8%b1-%d9%85%d8%ad%d8%af%d9%88%d8%af-%d9%85%d9%86-%d8%a7%d9%84%d8%a3%d8%ac%d9%87%d8%b2%d8%a9\\\/\"]}]},{\"@type\":\"ImageObject\",\"inLanguage\":\"it-IT\",\"@id\":\"https:\\\/\\\/dharmacorpstore.com\\\/ar\\\/product-2\\\/mcafee-livesafe-6%d8%8c-12-%d8%b4%d9%87%d8%b1%d9%8b%d8%a7%d8%8c-%d8%b9%d8%af%d8%af-%d8%ba%d9%8a%d8%b1-%d9%85%d8%ad%d8%af%d9%88%d8%af-%d9%85%d9%86-%d8%a7%d9%84%d8%a3%d8%ac%d9%87%d8%b2%d8%a9\\\/#primaryimage\",\"url\":\"https:\\\/\\\/i0.wp.com\\\/dharmacorpstore.com\\\/wp-content\\\/uploads\\\/2025\\\/10\\\/Mcafee-livesafe-2.jpg?fit=1024%2C1024&ssl=1\",\"contentUrl\":\"https:\\\/\\\/i0.wp.com\\\/dharmacorpstore.com\\\/wp-content\\\/uploads\\\/2025\\\/10\\\/Mcafee-livesafe-2.jpg?fit=1024%2C1024&ssl=1\",\"width\":1024,\"height\":1024},{\"@type\":\"BreadcrumbList\",\"@id\":\"https:\\\/\\\/dharmacorpstore.com\\\/ar\\\/product-2\\\/mcafee-livesafe-6%d8%8c-12-%d8%b4%d9%87%d8%b1%d9%8b%d8%a7%d8%8c-%d8%b9%d8%af%d8%af-%d8%ba%d9%8a%d8%b1-%d9%85%d8%ad%d8%af%d9%88%d8%af-%d9%85%d9%86-%d8%a7%d9%84%d8%a3%d8%ac%d9%87%d8%b2%d8%a9\\\/#breadcrumb\",\"itemListElement\":[{\"@type\":\"ListItem\",\"position\":1,\"name\":\"Home\",\"item\":\"https:\\\/\\\/dharmacorpstore.com\\\/\"},{\"@type\":\"ListItem\",\"position\":2,\"name\":\"Tienda\",\"item\":\"https:\\\/\\\/dharmacorpstore.com\\\/tienda\\\/\"},{\"@type\":\"ListItem\",\"position\":3,\"name\":\"McAfee LiveSafe 6-12 Meses Dispositivos Ilimitados\"}]},{\"@type\":\"WebSite\",\"@id\":\"https:\\\/\\\/dharmacorpstore.com\\\/#website\",\"url\":\"https:\\\/\\\/dharmacorpstore.com\\\/\",\"name\":\"Dharma Store Software\",\"description\":\"Venta de software original y licenciamiento electr\u00f3nico\",\"publisher\":{\"@id\":\"https:\\\/\\\/dharmacorpstore.com\\\/#organization\"},\"potentialAction\":[{\"@type\":\"SearchAction\",\"target\":{\"@type\":\"EntryPoint\",\"urlTemplate\":\"https:\\\/\\\/dharmacorpstore.com\\\/?s={search_term_string}\"},\"query-input\":{\"@type\":\"PropertyValueSpecification\",\"valueRequired\":true,\"valueName\":\"search_term_string\"}}],\"inLanguage\":\"it-IT\"},{\"@type\":\"Organization\",\"@id\":\"https:\\\/\\\/dharmacorpstore.com\\\/#organization\",\"name\":\"Dharma Store Software\",\"url\":\"https:\\\/\\\/dharmacorpstore.com\\\/\",\"logo\":{\"@type\":\"ImageObject\",\"inLanguage\":\"it-IT\",\"@id\":\"https:\\\/\\\/dharmacorpstore.com\\\/#\\\/schema\\\/logo\\\/image\\\/\",\"url\":\"https:\\\/\\\/i0.wp.com\\\/dharmacorpstore.com\\\/wp-content\\\/uploads\\\/2023\\\/11\\\/Dharma-Corp-Logo-2023-e1699245439652.png?fit=477%2C108&ssl=1\",\"contentUrl\":\"https:\\\/\\\/i0.wp.com\\\/dharmacorpstore.com\\\/wp-content\\\/uploads\\\/2023\\\/11\\\/Dharma-Corp-Logo-2023-e1699245439652.png?fit=477%2C108&ssl=1\",\"width\":477,\"height\":108,\"caption\":\"Dharma Store Software\"},\"image\":{\"@id\":\"https:\\\/\\\/dharmacorpstore.com\\\/#\\\/schema\\\/logo\\\/image\\\/\"}}]}<\/script>\n<!-- \/ Yoast SEO plugin. -->","yoast_head_json":{"title":"McAfee LiveSafe 6-12 mesi dispositivi illimitati - Dharma Store Software","description":"McAfee LiveSafe con VPN e gestore password: sicurezza completa su PC, Mac, telefono e tablet. Protezione avanzata e facile da usare.","robots":{"index":"index","follow":"follow","max-snippet":"max-snippet:-1","max-image-preview":"max-image-preview:large","max-video-preview":"max-video-preview:-1"},"canonical":"https:\/\/dharmacorpstore.com\/it\/product-2\/mcafee-livesafe-6-12-mesi-dispositivi-illimitati\/","og_locale":"it_IT","og_type":"article","og_title":"McAfee LiveSafe 6-12 Meses Dispositivos Ilimitados - Dharma Store Software","og_description":"McAfee LiveSafe con VPN y gestor de contrase\u00f1as: seguridad total en PC, Mac, tel\u00e9fono y tablet. Protecci\u00f3n avanzada y f\u00e1cil de usar.","og_url":"https:\/\/dharmacorpstore.com\/it\/product-2\/mcafee-livesafe-6-12-mesi-dispositivi-illimitati\/","og_site_name":"Dharma Store Software","article_modified_time":"2025-12-06T17:14:49+00:00","og_image":[{"width":1024,"height":1024,"url":"https:\/\/dharmacorpstore.com\/wp-content\/uploads\/2025\/10\/Mcafee-livesafe-2.jpg","type":"image\/jpeg"}],"twitter_card":"summary_large_image","twitter_misc":{"Tempo di lettura stimato":"1 minuto"},"schema":{"@context":"https:\/\/schema.org","@graph":[{"@type":"WebPage","@id":"https:\/\/dharmacorpstore.com\/ar\/product-2\/mcafee-livesafe-6%d8%8c-12-%d8%b4%d9%87%d8%b1%d9%8b%d8%a7%d8%8c-%d8%b9%d8%af%d8%af-%d8%ba%d9%8a%d8%b1-%d9%85%d8%ad%d8%af%d9%88%d8%af-%d9%85%d9%86-%d8%a7%d9%84%d8%a3%d8%ac%d9%87%d8%b2%d8%a9\/","url":"https:\/\/dharmacorpstore.com\/ar\/product-2\/mcafee-livesafe-6%d8%8c-12-%d8%b4%d9%87%d8%b1%d9%8b%d8%a7%d8%8c-%d8%b9%d8%af%d8%af-%d8%ba%d9%8a%d8%b1-%d9%85%d8%ad%d8%af%d9%88%d8%af-%d9%85%d9%86-%d8%a7%d9%84%d8%a3%d8%ac%d9%87%d8%b2%d8%a9\/","name":"McAfee LiveSafe 6-12 mesi dispositivi illimitati - Dharma Store Software","isPartOf":{"@id":"https:\/\/dharmacorpstore.com\/#website"},"primaryImageOfPage":{"@id":"https:\/\/dharmacorpstore.com\/ar\/product-2\/mcafee-livesafe-6%d8%8c-12-%d8%b4%d9%87%d8%b1%d9%8b%d8%a7%d8%8c-%d8%b9%d8%af%d8%af-%d8%ba%d9%8a%d8%b1-%d9%85%d8%ad%d8%af%d9%88%d8%af-%d9%85%d9%86-%d8%a7%d9%84%d8%a3%d8%ac%d9%87%d8%b2%d8%a9\/#primaryimage"},"image":{"@id":"https:\/\/dharmacorpstore.com\/ar\/product-2\/mcafee-livesafe-6%d8%8c-12-%d8%b4%d9%87%d8%b1%d9%8b%d8%a7%d8%8c-%d8%b9%d8%af%d8%af-%d8%ba%d9%8a%d8%b1-%d9%85%d8%ad%d8%af%d9%88%d8%af-%d9%85%d9%86-%d8%a7%d9%84%d8%a3%d8%ac%d9%87%d8%b2%d8%a9\/#primaryimage"},"thumbnailUrl":"https:\/\/i0.wp.com\/dharmacorpstore.com\/wp-content\/uploads\/2025\/10\/Mcafee-livesafe-2.jpg?fit=1024%2C1024&ssl=1","datePublished":"2025-10-31T16:40:49+00:00","dateModified":"2025-12-06T17:14:49+00:00","description":"McAfee LiveSafe con VPN e gestore password: sicurezza completa su PC, Mac, telefono e tablet. Protezione avanzata e facile da usare.","breadcrumb":{"@id":"https:\/\/dharmacorpstore.com\/ar\/product-2\/mcafee-livesafe-6%d8%8c-12-%d8%b4%d9%87%d8%b1%d9%8b%d8%a7%d8%8c-%d8%b9%d8%af%d8%af-%d8%ba%d9%8a%d8%b1-%d9%85%d8%ad%d8%af%d9%88%d8%af-%d9%85%d9%86-%d8%a7%d9%84%d8%a3%d8%ac%d9%87%d8%b2%d8%a9\/#breadcrumb"},"inLanguage":"it-IT","potentialAction":[{"@type":"ReadAction","target":["https:\/\/dharmacorpstore.com\/ar\/product-2\/mcafee-livesafe-6%d8%8c-12-%d8%b4%d9%87%d8%b1%d9%8b%d8%a7%d8%8c-%d8%b9%d8%af%d8%af-%d8%ba%d9%8a%d8%b1-%d9%85%d8%ad%d8%af%d9%88%d8%af-%d9%85%d9%86-%d8%a7%d9%84%d8%a3%d8%ac%d9%87%d8%b2%d8%a9\/"]}]},{"@type":"ImageObject","inLanguage":"it-IT","@id":"https:\/\/dharmacorpstore.com\/ar\/product-2\/mcafee-livesafe-6%d8%8c-12-%d8%b4%d9%87%d8%b1%d9%8b%d8%a7%d8%8c-%d8%b9%d8%af%d8%af-%d8%ba%d9%8a%d8%b1-%d9%85%d8%ad%d8%af%d9%88%d8%af-%d9%85%d9%86-%d8%a7%d9%84%d8%a3%d8%ac%d9%87%d8%b2%d8%a9\/#primaryimage","url":"https:\/\/i0.wp.com\/dharmacorpstore.com\/wp-content\/uploads\/2025\/10\/Mcafee-livesafe-2.jpg?fit=1024%2C1024&ssl=1","contentUrl":"https:\/\/i0.wp.com\/dharmacorpstore.com\/wp-content\/uploads\/2025\/10\/Mcafee-livesafe-2.jpg?fit=1024%2C1024&ssl=1","width":1024,"height":1024},{"@type":"BreadcrumbList","@id":"https:\/\/dharmacorpstore.com\/ar\/product-2\/mcafee-livesafe-6%d8%8c-12-%d8%b4%d9%87%d8%b1%d9%8b%d8%a7%d8%8c-%d8%b9%d8%af%d8%af-%d8%ba%d9%8a%d8%b1-%d9%85%d8%ad%d8%af%d9%88%d8%af-%d9%85%d9%86-%d8%a7%d9%84%d8%a3%d8%ac%d9%87%d8%b2%d8%a9\/#breadcrumb","itemListElement":[{"@type":"ListItem","position":1,"name":"Home","item":"https:\/\/dharmacorpstore.com\/"},{"@type":"ListItem","position":2,"name":"Tienda","item":"https:\/\/dharmacorpstore.com\/tienda\/"},{"@type":"ListItem","position":3,"name":"McAfee LiveSafe 6-12 Meses Dispositivos Ilimitados"}]},{"@type":"WebSite","@id":"https:\/\/dharmacorpstore.com\/#website","url":"https:\/\/dharmacorpstore.com\/","name":"Software Dharma Store","description":"Vendita di software originale e licenze elettroniche","publisher":{"@id":"https:\/\/dharmacorpstore.com\/#organization"},"potentialAction":[{"@type":"SearchAction","target":{"@type":"EntryPoint","urlTemplate":"https:\/\/dharmacorpstore.com\/?s={search_term_string}"},"query-input":{"@type":"PropertyValueSpecification","valueRequired":true,"valueName":"search_term_string"}}],"inLanguage":"it-IT"},{"@type":"Organization","@id":"https:\/\/dharmacorpstore.com\/#organization","name":"Software Dharma Store","url":"https:\/\/dharmacorpstore.com\/","logo":{"@type":"ImageObject","inLanguage":"it-IT","@id":"https:\/\/dharmacorpstore.com\/#\/schema\/logo\/image\/","url":"https:\/\/i0.wp.com\/dharmacorpstore.com\/wp-content\/uploads\/2023\/11\/Dharma-Corp-Logo-2023-e1699245439652.png?fit=477%2C108&ssl=1","contentUrl":"https:\/\/i0.wp.com\/dharmacorpstore.com\/wp-content\/uploads\/2023\/11\/Dharma-Corp-Logo-2023-e1699245439652.png?fit=477%2C108&ssl=1","width":477,"height":108,"caption":"Dharma Store Software"},"image":{"@id":"https:\/\/dharmacorpstore.com\/#\/schema\/logo\/image\/"}}]}},"jetpack_publicize_connections":[],"jetpack-related-posts":[],"jetpack_likes_enabled":true,"jetpack_sharing_enabled":true,"_links":{"self":[{"href":"https:\/\/dharmacorpstore.com\/it\/wp-json\/wp\/v2\/product\/16794","targetHints":{"allow":["GET"]}}],"collection":[{"href":"https:\/\/dharmacorpstore.com\/it\/wp-json\/wp\/v2\/product"}],"about":[{"href":"https:\/\/dharmacorpstore.com\/it\/wp-json\/wp\/v2\/types\/product"}],"replies":[{"embeddable":true,"href":"https:\/\/dharmacorpstore.com\/it\/wp-json\/wp\/v2\/comments?post=16794"}],"wp:featuredmedia":[{"embeddable":true,"href":"https:\/\/dharmacorpstore.com\/it\/wp-json\/wp\/v2\/media\/17099"}],"wp:attachment":[{"href":"https:\/\/dharmacorpstore.com\/it\/wp-json\/wp\/v2\/media?parent=16794"}],"wp:term":[{"taxonomy":"product_brand","embeddable":true,"href":"https:\/\/dharmacorpstore.com\/it\/wp-json\/wp\/v2\/product_brand?post=16794"},{"taxonomy":"product_cat","embeddable":true,"href":"https:\/\/dharmacorpstore.com\/it\/wp-json\/wp\/v2\/product_cat?post=16794"},{"taxonomy":"product_tag","embeddable":true,"href":"https:\/\/dharmacorpstore.com\/it\/wp-json\/wp\/v2\/product_tag?post=16794"}],"curies":[{"name":"parola chiave","href":"https:\/\/api.w.org\/{rel}","templated":true}]}}