{"id":17750,"date":"2026-02-12T19:11:26","date_gmt":"2026-02-12T23:11:26","guid":{"rendered":"https:\/\/dharmacorpstore.com\/?post_type=product&#038;p=17750"},"modified":"2026-02-12T19:16:58","modified_gmt":"2026-02-12T23:16:58","slug":"mcafee-antivirus-pc-3-dispositivos-1-ano-clave-global","status":"publish","type":"product","link":"https:\/\/dharmacorpstore.com\/it\/product-2\/mcafee-antivirus-pc-3-dispositivos-1-ano-clave-global\/","title":{"rendered":"McAfee AntiVirus PC 3 Dispositivos 1 A\u00f1o Clave Global"},"content":{"rendered":"<p class=\"my-2 [&amp;+p]:mt-4 [&amp;_strong:has(+br)]:inline-block [&amp;_strong:has(+br)]:pb-2\">McAfee AntiVirus PC 3 Dispositivos 1 A\u00f1o ofrece protecci\u00f3n esencial y confiable para tu computadora Windows, bloqueando amenazas como spyware, adware y ataques phishing mediante escaneo en tiempo real y tecnolog\u00eda basada en IA. Incluye un firewall bidireccional que monitorea la red dom\u00e9stica, administrador de contrase\u00f1as seguro, triturador de archivos para eliminar datos sensibles de forma permanente y herramientas de optimizaci\u00f3n que aceleran tu PC sin comprometer el rendimiento. Esta clave global se activa f\u00e1cilmente en mcafee.com\/activate, es perfecta para usuarios individuales, estudiantes o profesionales que buscan una soluci\u00f3n ligera pero potente frente a antivirus m\u00e1s complejos, con soporte 24\/7 y compatibilidad total con Windows 11.<\/p>\n","protected":false},"excerpt":{"rendered":"<ul class=\"marker:text-quiet list-disc\">\n<li class=\"py-0 my-0 prose-p:pt-0 prose-p:mb-2 prose-p:my-0 [&amp;&gt;p]:pt-0 [&amp;&gt;p]:mb-2 [&amp;&gt;p]:my-0\">\n<p class=\"my-2 [&amp;+p]:mt-4 [&amp;_strong:has(+br)]:inline-block [&amp;_strong:has(+br)]:pb-2\">Protege tu PC contra virus, malware y ransomware en tiempo real, garantizando una navegaci\u00f3n segura sin interrupciones.<\/p>\n<\/li>\n<li class=\"py-0 my-0 prose-p:pt-0 prose-p:mb-2 prose-p:my-0 [&amp;&gt;p]:pt-0 [&amp;&gt;p]:mb-2 [&amp;&gt;p]:my-0\">\n<p class=\"my-2 [&amp;+p]:mt-4 [&amp;_strong:has(+br)]:inline-block [&amp;_strong:has(+br)]:pb-2\">Mejora el rendimiento de tu equipo con optimizaci\u00f3n autom\u00e1tica y firewall avanzado, ideal para uso diario sin ralentizaciones.<\/p>\n<\/li>\n<li class=\"py-0 my-0 prose-p:pt-0 prose-p:mb-2 prose-p:my-0 [&amp;&gt;p]:pt-0 [&amp;&gt;p]:mb-2 [&amp;&gt;p]:my-0\">\n<p class=\"my-2 [&amp;+p]:mt-4 [&amp;_strong:has(+br)]:inline-block [&amp;_strong:has(+br)]:pb-2\">Licencia global f\u00e1cil de activar por 1 a\u00f1o en 3 dispositivos, con actualizaciones autom\u00e1ticas para m\u00e1xima seguridad<\/p>\n<\/li>\n<\/ul>\n","protected":false},"featured_media":17751,"comment_status":"open","ping_status":"closed","template":"","meta":{"_monsterinsights_skip_tracking":false,"_monsterinsights_sitenote_active":false,"_monsterinsights_sitenote_note":"","_monsterinsights_sitenote_category":0,"jetpack_post_was_ever_published":false,"jetpack_publicize_message":"","jetpack_publicize_feature_enabled":true,"jetpack_social_post_already_shared":false,"jetpack_social_options":{"image_generator_settings":{"template":"highway","default_image_id":0,"font":"","enabled":false},"version":2}},"product_brand":[285],"product_cat":[82],"product_tag":[430,426,423,425,428,427,424,421,422,429],"class_list":{"0":"post-17750","1":"product","2":"type-product","3":"status-publish","4":"has-post-thumbnail","6":"product_brand-mcafee","7":"product_cat-antivirus","8":"product_tag-actualizaciones-automaticas","9":"product_tag-anti-malware-ransomware","10":"product_tag-antivirus-windows-pc","11":"product_tag-clave-global-mcafee","12":"product_tag-escaner-tiempo-real","13":"product_tag-firewall-seguridad","14":"product_tag-licencia-1-dispositivo","15":"product_tag-mcafee-antivirus","16":"product_tag-proteccion-total","17":"product_tag-vpn-mcafee","19":"first","20":"instock","21":"sale","22":"virtual","23":"purchasable","24":"product-type-simple"},"yoast_head":"<!-- This site is optimized with the Yoast SEO plugin v27.4 - https:\/\/yoast.com\/product\/yoast-seo-wordpress\/ -->\n<title>McAfee AntiVirus PC 3 Dispositivos 1 A\u00f1o Clave Global - Dharma Store Software<\/title>\n<meta name=\"description\" content=\"Compra McAfee AntiVirus PC para 1 dispositivo y 1 a\u00f1o: protecci\u00f3n antivirus en tiempo real, firewall y optimizaci\u00f3n. Licencia global original\" \/>\n<meta name=\"robots\" content=\"index, follow, max-snippet:-1, max-image-preview:large, max-video-preview:-1\" \/>\n<link rel=\"canonical\" href=\"https:\/\/dharmacorpstore.com\/it\/product-2\/mcafee-antivirus-pc-3-dispositivos-1-ano-clave-global\/\" \/>\n<meta property=\"og:locale\" content=\"it_IT\" \/>\n<meta property=\"og:type\" content=\"article\" \/>\n<meta property=\"og:title\" content=\"McAfee AntiVirus PC 3 Dispositivos 1 A\u00f1o Clave Global - Dharma Store Software\" \/>\n<meta property=\"og:description\" content=\"Compra McAfee AntiVirus PC para 1 dispositivo y 1 a\u00f1o: protecci\u00f3n antivirus en tiempo real, firewall y optimizaci\u00f3n. Licencia global original\" \/>\n<meta property=\"og:url\" content=\"https:\/\/dharmacorpstore.com\/it\/product-2\/mcafee-antivirus-pc-3-dispositivos-1-ano-clave-global\/\" \/>\n<meta property=\"og:site_name\" content=\"Dharma Store Software\" \/>\n<meta property=\"article:modified_time\" content=\"2026-02-12T23:16:58+00:00\" \/>\n<meta name=\"twitter:card\" content=\"summary_large_image\" \/>\n<meta name=\"twitter:label1\" content=\"Tempo di lettura stimato\" \/>\n\t<meta name=\"twitter:data1\" content=\"1 minuto\" \/>\n<script type=\"application\/ld+json\" class=\"yoast-schema-graph\">{\"@context\":\"https:\\\/\\\/schema.org\",\"@graph\":[{\"@type\":\"WebPage\",\"@id\":\"https:\\\/\\\/dharmacorpstore.com\\\/producto\\\/mcafee-antivirus-pc-3-dispositivos-1-ano-clave-global\\\/\",\"url\":\"https:\\\/\\\/dharmacorpstore.com\\\/producto\\\/mcafee-antivirus-pc-3-dispositivos-1-ano-clave-global\\\/\",\"name\":\"McAfee AntiVirus PC 3 Dispositivos 1 A\u00f1o Clave Global - Dharma Store Software\",\"isPartOf\":{\"@id\":\"https:\\\/\\\/dharmacorpstore.com\\\/#website\"},\"primaryImageOfPage\":{\"@id\":\"https:\\\/\\\/dharmacorpstore.com\\\/producto\\\/mcafee-antivirus-pc-3-dispositivos-1-ano-clave-global\\\/#primaryimage\"},\"image\":{\"@id\":\"https:\\\/\\\/dharmacorpstore.com\\\/producto\\\/mcafee-antivirus-pc-3-dispositivos-1-ano-clave-global\\\/#primaryimage\"},\"thumbnailUrl\":\"https:\\\/\\\/dharmacorpstore.com\\\/wp-content\\\/uploads\\\/2026\\\/02\\\/58103be1501d4a069c254227.avif\",\"datePublished\":\"2026-02-12T23:11:26+00:00\",\"dateModified\":\"2026-02-12T23:16:58+00:00\",\"description\":\"Compra McAfee AntiVirus PC para 1 dispositivo y 1 a\u00f1o: protecci\u00f3n antivirus en tiempo real, firewall y optimizaci\u00f3n. Licencia global original\",\"breadcrumb\":{\"@id\":\"https:\\\/\\\/dharmacorpstore.com\\\/producto\\\/mcafee-antivirus-pc-3-dispositivos-1-ano-clave-global\\\/#breadcrumb\"},\"inLanguage\":\"it-IT\",\"potentialAction\":[{\"@type\":\"ReadAction\",\"target\":[\"https:\\\/\\\/dharmacorpstore.com\\\/producto\\\/mcafee-antivirus-pc-3-dispositivos-1-ano-clave-global\\\/\"]}]},{\"@type\":\"ImageObject\",\"inLanguage\":\"it-IT\",\"@id\":\"https:\\\/\\\/dharmacorpstore.com\\\/producto\\\/mcafee-antivirus-pc-3-dispositivos-1-ano-clave-global\\\/#primaryimage\",\"url\":\"https:\\\/\\\/dharmacorpstore.com\\\/wp-content\\\/uploads\\\/2026\\\/02\\\/58103be1501d4a069c254227.avif\",\"contentUrl\":\"https:\\\/\\\/dharmacorpstore.com\\\/wp-content\\\/uploads\\\/2026\\\/02\\\/58103be1501d4a069c254227.avif\",\"width\":300,\"height\":400},{\"@type\":\"BreadcrumbList\",\"@id\":\"https:\\\/\\\/dharmacorpstore.com\\\/producto\\\/mcafee-antivirus-pc-3-dispositivos-1-ano-clave-global\\\/#breadcrumb\",\"itemListElement\":[{\"@type\":\"ListItem\",\"position\":1,\"name\":\"Home\",\"item\":\"https:\\\/\\\/dharmacorpstore.com\\\/\"},{\"@type\":\"ListItem\",\"position\":2,\"name\":\"Tienda\",\"item\":\"https:\\\/\\\/dharmacorpstore.com\\\/tienda\\\/\"},{\"@type\":\"ListItem\",\"position\":3,\"name\":\"McAfee AntiVirus PC 3 Dispositivos 1 A\u00f1o Clave Global\"}]},{\"@type\":\"WebSite\",\"@id\":\"https:\\\/\\\/dharmacorpstore.com\\\/#website\",\"url\":\"https:\\\/\\\/dharmacorpstore.com\\\/\",\"name\":\"Dharma Store Software\",\"description\":\"Venta de software original y licenciamiento electr\u00f3nico\",\"publisher\":{\"@id\":\"https:\\\/\\\/dharmacorpstore.com\\\/#organization\"},\"potentialAction\":[{\"@type\":\"SearchAction\",\"target\":{\"@type\":\"EntryPoint\",\"urlTemplate\":\"https:\\\/\\\/dharmacorpstore.com\\\/?s={search_term_string}\"},\"query-input\":{\"@type\":\"PropertyValueSpecification\",\"valueRequired\":true,\"valueName\":\"search_term_string\"}}],\"inLanguage\":\"it-IT\"},{\"@type\":\"Organization\",\"@id\":\"https:\\\/\\\/dharmacorpstore.com\\\/#organization\",\"name\":\"Dharma Store Software\",\"url\":\"https:\\\/\\\/dharmacorpstore.com\\\/\",\"logo\":{\"@type\":\"ImageObject\",\"inLanguage\":\"it-IT\",\"@id\":\"https:\\\/\\\/dharmacorpstore.com\\\/#\\\/schema\\\/logo\\\/image\\\/\",\"url\":\"https:\\\/\\\/i0.wp.com\\\/dharmacorpstore.com\\\/wp-content\\\/uploads\\\/2023\\\/11\\\/Dharma-Corp-Logo-2023-e1699245439652.png?fit=477%2C108&ssl=1\",\"contentUrl\":\"https:\\\/\\\/i0.wp.com\\\/dharmacorpstore.com\\\/wp-content\\\/uploads\\\/2023\\\/11\\\/Dharma-Corp-Logo-2023-e1699245439652.png?fit=477%2C108&ssl=1\",\"width\":477,\"height\":108,\"caption\":\"Dharma Store Software\"},\"image\":{\"@id\":\"https:\\\/\\\/dharmacorpstore.com\\\/#\\\/schema\\\/logo\\\/image\\\/\"}}]}<\/script>\n<!-- \/ Yoast SEO plugin. -->","yoast_head_json":{"title":"McAfee AntiVirus PC 3 Dispositivos 1 A\u00f1o Clave Global - Dharma Store Software","description":"Compra McAfee AntiVirus PC para 1 dispositivo y 1 a\u00f1o: protecci\u00f3n antivirus en tiempo real, firewall y optimizaci\u00f3n. Licencia global original","robots":{"index":"index","follow":"follow","max-snippet":"max-snippet:-1","max-image-preview":"max-image-preview:large","max-video-preview":"max-video-preview:-1"},"canonical":"https:\/\/dharmacorpstore.com\/it\/product-2\/mcafee-antivirus-pc-3-dispositivos-1-ano-clave-global\/","og_locale":"it_IT","og_type":"article","og_title":"McAfee AntiVirus PC 3 Dispositivos 1 A\u00f1o Clave Global - Dharma Store Software","og_description":"Compra McAfee AntiVirus PC para 1 dispositivo y 1 a\u00f1o: protecci\u00f3n antivirus en tiempo real, firewall y optimizaci\u00f3n. Licencia global original","og_url":"https:\/\/dharmacorpstore.com\/it\/product-2\/mcafee-antivirus-pc-3-dispositivos-1-ano-clave-global\/","og_site_name":"Dharma Store Software","article_modified_time":"2026-02-12T23:16:58+00:00","twitter_card":"summary_large_image","twitter_misc":{"Tempo di lettura stimato":"1 minuto"},"schema":{"@context":"https:\/\/schema.org","@graph":[{"@type":"WebPage","@id":"https:\/\/dharmacorpstore.com\/producto\/mcafee-antivirus-pc-3-dispositivos-1-ano-clave-global\/","url":"https:\/\/dharmacorpstore.com\/producto\/mcafee-antivirus-pc-3-dispositivos-1-ano-clave-global\/","name":"McAfee AntiVirus PC 3 Dispositivos 1 A\u00f1o Clave Global - Dharma Store Software","isPartOf":{"@id":"https:\/\/dharmacorpstore.com\/#website"},"primaryImageOfPage":{"@id":"https:\/\/dharmacorpstore.com\/producto\/mcafee-antivirus-pc-3-dispositivos-1-ano-clave-global\/#primaryimage"},"image":{"@id":"https:\/\/dharmacorpstore.com\/producto\/mcafee-antivirus-pc-3-dispositivos-1-ano-clave-global\/#primaryimage"},"thumbnailUrl":"https:\/\/dharmacorpstore.com\/wp-content\/uploads\/2026\/02\/58103be1501d4a069c254227.avif","datePublished":"2026-02-12T23:11:26+00:00","dateModified":"2026-02-12T23:16:58+00:00","description":"Compra McAfee AntiVirus PC para 1 dispositivo y 1 a\u00f1o: protecci\u00f3n antivirus en tiempo real, firewall y optimizaci\u00f3n. Licencia global original","breadcrumb":{"@id":"https:\/\/dharmacorpstore.com\/producto\/mcafee-antivirus-pc-3-dispositivos-1-ano-clave-global\/#breadcrumb"},"inLanguage":"it-IT","potentialAction":[{"@type":"ReadAction","target":["https:\/\/dharmacorpstore.com\/producto\/mcafee-antivirus-pc-3-dispositivos-1-ano-clave-global\/"]}]},{"@type":"ImageObject","inLanguage":"it-IT","@id":"https:\/\/dharmacorpstore.com\/producto\/mcafee-antivirus-pc-3-dispositivos-1-ano-clave-global\/#primaryimage","url":"https:\/\/dharmacorpstore.com\/wp-content\/uploads\/2026\/02\/58103be1501d4a069c254227.avif","contentUrl":"https:\/\/dharmacorpstore.com\/wp-content\/uploads\/2026\/02\/58103be1501d4a069c254227.avif","width":300,"height":400},{"@type":"BreadcrumbList","@id":"https:\/\/dharmacorpstore.com\/producto\/mcafee-antivirus-pc-3-dispositivos-1-ano-clave-global\/#breadcrumb","itemListElement":[{"@type":"ListItem","position":1,"name":"Home","item":"https:\/\/dharmacorpstore.com\/"},{"@type":"ListItem","position":2,"name":"Tienda","item":"https:\/\/dharmacorpstore.com\/tienda\/"},{"@type":"ListItem","position":3,"name":"McAfee AntiVirus PC 3 Dispositivos 1 A\u00f1o Clave Global"}]},{"@type":"WebSite","@id":"https:\/\/dharmacorpstore.com\/#website","url":"https:\/\/dharmacorpstore.com\/","name":"Software Dharma Store","description":"Vendita di software originale e licenze elettroniche","publisher":{"@id":"https:\/\/dharmacorpstore.com\/#organization"},"potentialAction":[{"@type":"SearchAction","target":{"@type":"EntryPoint","urlTemplate":"https:\/\/dharmacorpstore.com\/?s={search_term_string}"},"query-input":{"@type":"PropertyValueSpecification","valueRequired":true,"valueName":"search_term_string"}}],"inLanguage":"it-IT"},{"@type":"Organization","@id":"https:\/\/dharmacorpstore.com\/#organization","name":"Software Dharma Store","url":"https:\/\/dharmacorpstore.com\/","logo":{"@type":"ImageObject","inLanguage":"it-IT","@id":"https:\/\/dharmacorpstore.com\/#\/schema\/logo\/image\/","url":"https:\/\/i0.wp.com\/dharmacorpstore.com\/wp-content\/uploads\/2023\/11\/Dharma-Corp-Logo-2023-e1699245439652.png?fit=477%2C108&ssl=1","contentUrl":"https:\/\/i0.wp.com\/dharmacorpstore.com\/wp-content\/uploads\/2023\/11\/Dharma-Corp-Logo-2023-e1699245439652.png?fit=477%2C108&ssl=1","width":477,"height":108,"caption":"Dharma Store Software"},"image":{"@id":"https:\/\/dharmacorpstore.com\/#\/schema\/logo\/image\/"}}]}},"jetpack_publicize_connections":[],"jetpack-related-posts":[],"jetpack_likes_enabled":true,"jetpack_sharing_enabled":true,"_links":{"self":[{"href":"https:\/\/dharmacorpstore.com\/it\/wp-json\/wp\/v2\/product\/17750","targetHints":{"allow":["GET"]}}],"collection":[{"href":"https:\/\/dharmacorpstore.com\/it\/wp-json\/wp\/v2\/product"}],"about":[{"href":"https:\/\/dharmacorpstore.com\/it\/wp-json\/wp\/v2\/types\/product"}],"replies":[{"embeddable":true,"href":"https:\/\/dharmacorpstore.com\/it\/wp-json\/wp\/v2\/comments?post=17750"}],"wp:featuredmedia":[{"embeddable":true,"href":"https:\/\/dharmacorpstore.com\/it\/wp-json\/wp\/v2\/media\/17751"}],"wp:attachment":[{"href":"https:\/\/dharmacorpstore.com\/it\/wp-json\/wp\/v2\/media?parent=17750"}],"wp:term":[{"taxonomy":"product_brand","embeddable":true,"href":"https:\/\/dharmacorpstore.com\/it\/wp-json\/wp\/v2\/product_brand?post=17750"},{"taxonomy":"product_cat","embeddable":true,"href":"https:\/\/dharmacorpstore.com\/it\/wp-json\/wp\/v2\/product_cat?post=17750"},{"taxonomy":"product_tag","embeddable":true,"href":"https:\/\/dharmacorpstore.com\/it\/wp-json\/wp\/v2\/product_tag?post=17750"}],"curies":[{"name":"parola chiave","href":"https:\/\/api.w.org\/{rel}","templated":true}]}}