{"id":17753,"date":"2026-02-12T19:27:09","date_gmt":"2026-02-12T23:27:09","guid":{"rendered":"https:\/\/dharmacorpstore.com\/?post_type=product&#038;p=17753"},"modified":"2026-02-12T19:28:17","modified_gmt":"2026-02-12T23:28:17","slug":"mcafee-advanced-family-1-ano-clave-global-multiplataforma","status":"publish","type":"product","link":"https:\/\/dharmacorpstore.com\/it\/product-2\/mcafee-advanced-family-1-ano-clave-global-multiplataforma\/","title":{"rendered":"McAfee+ Advanced Family 1 A\u00f1o Clave Global Multiplataforma."},"content":{"rendered":"<p class=\"my-2 [&amp;+p]:mt-4 [&amp;_strong:has(+br)]:inline-block [&amp;_strong:has(+br)]:pb-2\">McAfee+ Advanced (Family, 1 a\u00f1o) ofrece protecci\u00f3n integral para toda la familia en PC Windows, Android e iOS, cubriendo dispositivos ilimitados con antivirus de \u00faltima generaci\u00f3n, defensa contra ransomware y detecci\u00f3n de phishing avanzada mediante IA. Destaca por su monitoreo de identidad personalizado para cada miembro (hasta $2 millones en cobertura), VPN autom\u00e1tica en redes p\u00fablicas, administrador de contrase\u00f1as seguro, limpieza de datos personales y controles parentales que limitan tiempo de pantalla y contenido inapropiado, perfecto para padres preocupados por la seguridad online de sus hijos. Esta clave global se diferencia de versiones b\u00e1sicas por su enfoque familiar multi-dispositivo, actualizaciones autom\u00e1ticas y soporte experto 24\/7, ideal para hogares con ni\u00f1os, adolescentes o adultos mayores que navegan intensivamente.<\/p>\n","protected":false},"excerpt":{"rendered":"<ul class=\"marker:text-quiet list-disc\">\n<li class=\"py-0 my-0 prose-p:pt-0 prose-p:mb-2 prose-p:my-0 [&amp;&gt;p]:pt-0 [&amp;&gt;p]:mb-2 [&amp;&gt;p]:my-0\">\n<p class=\"my-2 [&amp;+p]:mt-4 [&amp;_strong:has(+br)]:inline-block [&amp;_strong:has(+br)]:pb-2\">Protege a toda la familia con seguridad avanzada en PC, Android e iOS contra virus, malware y robos de identidad en tiempo real.<\/p>\n<\/li>\n<li class=\"py-0 my-0 prose-p:pt-0 prose-p:mb-2 prose-p:my-0 [&amp;&gt;p]:pt-0 [&amp;&gt;p]:mb-2 [&amp;&gt;p]:my-0\">\n<p class=\"my-2 [&amp;+p]:mt-4 [&amp;_strong:has(+br)]:inline-block [&amp;_strong:has(+br)]:pb-2\">Incluye VPN ilimitada, controles parentales y monitoreo 24\/7 para privacidad total en dispositivos ilimitados por 1 a\u00f1o.<\/p>\n<\/li>\n<li class=\"py-0 my-0 prose-p:pt-0 prose-p:mb-2 prose-p:my-0 [&amp;&gt;p]:pt-0 [&amp;&gt;p]:mb-2 [&amp;&gt;p]:my-0\">\n<p class=\"my-2 [&amp;+p]:mt-4 [&amp;_strong:has(+br)]:inline-block [&amp;_strong:has(+br)]:pb-2\">Licencia McAfee+ Advanced Family global, f\u00e1cil activaci\u00f3n, ideal para hogares conectados con hasta 5-6 usuarios.<\/p>\n<\/li>\n<\/ul>\n","protected":false},"featured_media":17754,"comment_status":"open","ping_status":"closed","template":"","meta":{"_monsterinsights_skip_tracking":false,"_monsterinsights_sitenote_active":false,"_monsterinsights_sitenote_note":"","_monsterinsights_sitenote_category":0,"jetpack_post_was_ever_published":false,"jetpack_publicize_message":"","jetpack_publicize_feature_enabled":true,"jetpack_social_post_already_shared":false,"jetpack_social_options":{"image_generator_settings":{"template":"highway","default_image_id":0,"font":"","enabled":false},"version":2}},"product_brand":[285],"product_cat":[82],"product_tag":[437,438,435,440,431,434,436,432,439,433],"class_list":{"0":"post-17753","1":"product","2":"type-product","3":"status-publish","4":"has-post-thumbnail","6":"product_brand-mcafee","7":"product_cat-antivirus","8":"product_tag-antivirus-familia","9":"product_tag-cobertura-robo-identidad","10":"product_tag-controles-parentales","11":"product_tag-licencia-global-familia","12":"product_tag-mcafee-advanced","13":"product_tag-monitoreo-identidad","14":"product_tag-multiplataforma-pc-android-ios","15":"product_tag-proteccion-familiar","16":"product_tag-seguridad-ilimitada-dispositivos","17":"product_tag-vpn-ilimitada","19":"first","20":"instock","21":"sale","22":"virtual","23":"purchasable","24":"product-type-simple"},"yoast_head":"<!-- This site is optimized with the Yoast SEO plugin v27.4 - https:\/\/yoast.com\/product\/yoast-seo-wordpress\/ -->\n<title>McAfee+ Advanced Family 1 A\u00f1o Clave Global Multiplataforma. - Dharma Store Software<\/title>\n<meta name=\"description\" content=\"McAfee+ Advanced Family para PC, Android e iOS: protecci\u00f3n ilimitada 1 a\u00f1o, VPN, identidad y controles parentales. Licencia global para familia\" \/>\n<meta name=\"robots\" content=\"index, follow, max-snippet:-1, max-image-preview:large, max-video-preview:-1\" \/>\n<link rel=\"canonical\" href=\"https:\/\/dharmacorpstore.com\/it\/product-2\/mcafee-advanced-family-1-ano-clave-global-multiplataforma\/\" \/>\n<meta property=\"og:locale\" content=\"it_IT\" \/>\n<meta property=\"og:type\" content=\"article\" \/>\n<meta property=\"og:title\" content=\"McAfee+ Advanced Family 1 A\u00f1o Clave Global Multiplataforma. - Dharma Store Software\" \/>\n<meta property=\"og:description\" content=\"McAfee+ Advanced Family para PC, Android e iOS: protecci\u00f3n ilimitada 1 a\u00f1o, VPN, identidad y controles parentales. Licencia global para familia\" \/>\n<meta property=\"og:url\" content=\"https:\/\/dharmacorpstore.com\/it\/product-2\/mcafee-advanced-family-1-ano-clave-global-multiplataforma\/\" \/>\n<meta property=\"og:site_name\" content=\"Dharma Store Software\" \/>\n<meta property=\"article:modified_time\" content=\"2026-02-12T23:28:17+00:00\" \/>\n<meta property=\"og:image\" content=\"https:\/\/dharmacorpstore.com\/wp-content\/uploads\/2026\/02\/6a4cade553f5434880cf5591.webp\" \/>\n\t<meta property=\"og:image:width\" content=\"300\" \/>\n\t<meta property=\"og:image:height\" content=\"400\" \/>\n\t<meta property=\"og:image:type\" content=\"image\/webp\" \/>\n<meta name=\"twitter:card\" content=\"summary_large_image\" \/>\n<meta name=\"twitter:label1\" content=\"Tempo di lettura stimato\" \/>\n\t<meta name=\"twitter:data1\" content=\"1 minuto\" \/>\n<script type=\"application\/ld+json\" class=\"yoast-schema-graph\">{\"@context\":\"https:\\\/\\\/schema.org\",\"@graph\":[{\"@type\":\"WebPage\",\"@id\":\"https:\\\/\\\/dharmacorpstore.com\\\/producto\\\/mcafee-advanced-family-1-ano-clave-global-multiplataforma\\\/\",\"url\":\"https:\\\/\\\/dharmacorpstore.com\\\/producto\\\/mcafee-advanced-family-1-ano-clave-global-multiplataforma\\\/\",\"name\":\"McAfee+ Advanced Family 1 A\u00f1o Clave Global Multiplataforma. - Dharma Store Software\",\"isPartOf\":{\"@id\":\"https:\\\/\\\/dharmacorpstore.com\\\/#website\"},\"primaryImageOfPage\":{\"@id\":\"https:\\\/\\\/dharmacorpstore.com\\\/producto\\\/mcafee-advanced-family-1-ano-clave-global-multiplataforma\\\/#primaryimage\"},\"image\":{\"@id\":\"https:\\\/\\\/dharmacorpstore.com\\\/producto\\\/mcafee-advanced-family-1-ano-clave-global-multiplataforma\\\/#primaryimage\"},\"thumbnailUrl\":\"https:\\\/\\\/i0.wp.com\\\/dharmacorpstore.com\\\/wp-content\\\/uploads\\\/2026\\\/02\\\/6a4cade553f5434880cf5591.webp?fit=300%2C400&ssl=1\",\"datePublished\":\"2026-02-12T23:27:09+00:00\",\"dateModified\":\"2026-02-12T23:28:17+00:00\",\"description\":\"McAfee+ Advanced Family para PC, Android e iOS: protecci\u00f3n ilimitada 1 a\u00f1o, VPN, identidad y controles parentales. Licencia global para familia\",\"breadcrumb\":{\"@id\":\"https:\\\/\\\/dharmacorpstore.com\\\/producto\\\/mcafee-advanced-family-1-ano-clave-global-multiplataforma\\\/#breadcrumb\"},\"inLanguage\":\"it-IT\",\"potentialAction\":[{\"@type\":\"ReadAction\",\"target\":[\"https:\\\/\\\/dharmacorpstore.com\\\/producto\\\/mcafee-advanced-family-1-ano-clave-global-multiplataforma\\\/\"]}]},{\"@type\":\"ImageObject\",\"inLanguage\":\"it-IT\",\"@id\":\"https:\\\/\\\/dharmacorpstore.com\\\/producto\\\/mcafee-advanced-family-1-ano-clave-global-multiplataforma\\\/#primaryimage\",\"url\":\"https:\\\/\\\/i0.wp.com\\\/dharmacorpstore.com\\\/wp-content\\\/uploads\\\/2026\\\/02\\\/6a4cade553f5434880cf5591.webp?fit=300%2C400&ssl=1\",\"contentUrl\":\"https:\\\/\\\/i0.wp.com\\\/dharmacorpstore.com\\\/wp-content\\\/uploads\\\/2026\\\/02\\\/6a4cade553f5434880cf5591.webp?fit=300%2C400&ssl=1\",\"width\":300,\"height\":400},{\"@type\":\"BreadcrumbList\",\"@id\":\"https:\\\/\\\/dharmacorpstore.com\\\/producto\\\/mcafee-advanced-family-1-ano-clave-global-multiplataforma\\\/#breadcrumb\",\"itemListElement\":[{\"@type\":\"ListItem\",\"position\":1,\"name\":\"Home\",\"item\":\"https:\\\/\\\/dharmacorpstore.com\\\/\"},{\"@type\":\"ListItem\",\"position\":2,\"name\":\"Tienda\",\"item\":\"https:\\\/\\\/dharmacorpstore.com\\\/tienda\\\/\"},{\"@type\":\"ListItem\",\"position\":3,\"name\":\"McAfee+ Advanced Family 1 A\u00f1o Clave Global Multiplataforma.\"}]},{\"@type\":\"WebSite\",\"@id\":\"https:\\\/\\\/dharmacorpstore.com\\\/#website\",\"url\":\"https:\\\/\\\/dharmacorpstore.com\\\/\",\"name\":\"Dharma Store Software\",\"description\":\"Venta de software original y licenciamiento electr\u00f3nico\",\"publisher\":{\"@id\":\"https:\\\/\\\/dharmacorpstore.com\\\/#organization\"},\"potentialAction\":[{\"@type\":\"SearchAction\",\"target\":{\"@type\":\"EntryPoint\",\"urlTemplate\":\"https:\\\/\\\/dharmacorpstore.com\\\/?s={search_term_string}\"},\"query-input\":{\"@type\":\"PropertyValueSpecification\",\"valueRequired\":true,\"valueName\":\"search_term_string\"}}],\"inLanguage\":\"it-IT\"},{\"@type\":\"Organization\",\"@id\":\"https:\\\/\\\/dharmacorpstore.com\\\/#organization\",\"name\":\"Dharma Store Software\",\"url\":\"https:\\\/\\\/dharmacorpstore.com\\\/\",\"logo\":{\"@type\":\"ImageObject\",\"inLanguage\":\"it-IT\",\"@id\":\"https:\\\/\\\/dharmacorpstore.com\\\/#\\\/schema\\\/logo\\\/image\\\/\",\"url\":\"https:\\\/\\\/i0.wp.com\\\/dharmacorpstore.com\\\/wp-content\\\/uploads\\\/2023\\\/11\\\/Dharma-Corp-Logo-2023-e1699245439652.png?fit=477%2C108&ssl=1\",\"contentUrl\":\"https:\\\/\\\/i0.wp.com\\\/dharmacorpstore.com\\\/wp-content\\\/uploads\\\/2023\\\/11\\\/Dharma-Corp-Logo-2023-e1699245439652.png?fit=477%2C108&ssl=1\",\"width\":477,\"height\":108,\"caption\":\"Dharma Store Software\"},\"image\":{\"@id\":\"https:\\\/\\\/dharmacorpstore.com\\\/#\\\/schema\\\/logo\\\/image\\\/\"}}]}<\/script>\n<!-- \/ Yoast SEO plugin. -->","yoast_head_json":{"title":"McAfee+ Advanced Family 1 A\u00f1o Clave Global Multiplataforma. - Dharma Store Software","description":"McAfee+ Advanced Family para PC, Android e iOS: protecci\u00f3n ilimitada 1 a\u00f1o, VPN, identidad y controles parentales. Licencia global para familia","robots":{"index":"index","follow":"follow","max-snippet":"max-snippet:-1","max-image-preview":"max-image-preview:large","max-video-preview":"max-video-preview:-1"},"canonical":"https:\/\/dharmacorpstore.com\/it\/product-2\/mcafee-advanced-family-1-ano-clave-global-multiplataforma\/","og_locale":"it_IT","og_type":"article","og_title":"McAfee+ Advanced Family 1 A\u00f1o Clave Global Multiplataforma. - Dharma Store Software","og_description":"McAfee+ Advanced Family para PC, Android e iOS: protecci\u00f3n ilimitada 1 a\u00f1o, VPN, identidad y controles parentales. Licencia global para familia","og_url":"https:\/\/dharmacorpstore.com\/it\/product-2\/mcafee-advanced-family-1-ano-clave-global-multiplataforma\/","og_site_name":"Dharma Store Software","article_modified_time":"2026-02-12T23:28:17+00:00","og_image":[{"width":300,"height":400,"url":"https:\/\/dharmacorpstore.com\/wp-content\/uploads\/2026\/02\/6a4cade553f5434880cf5591.webp","type":"image\/webp"}],"twitter_card":"summary_large_image","twitter_misc":{"Tempo di lettura stimato":"1 minuto"},"schema":{"@context":"https:\/\/schema.org","@graph":[{"@type":"WebPage","@id":"https:\/\/dharmacorpstore.com\/producto\/mcafee-advanced-family-1-ano-clave-global-multiplataforma\/","url":"https:\/\/dharmacorpstore.com\/producto\/mcafee-advanced-family-1-ano-clave-global-multiplataforma\/","name":"McAfee+ Advanced Family 1 A\u00f1o Clave Global Multiplataforma. - Dharma Store Software","isPartOf":{"@id":"https:\/\/dharmacorpstore.com\/#website"},"primaryImageOfPage":{"@id":"https:\/\/dharmacorpstore.com\/producto\/mcafee-advanced-family-1-ano-clave-global-multiplataforma\/#primaryimage"},"image":{"@id":"https:\/\/dharmacorpstore.com\/producto\/mcafee-advanced-family-1-ano-clave-global-multiplataforma\/#primaryimage"},"thumbnailUrl":"https:\/\/i0.wp.com\/dharmacorpstore.com\/wp-content\/uploads\/2026\/02\/6a4cade553f5434880cf5591.webp?fit=300%2C400&ssl=1","datePublished":"2026-02-12T23:27:09+00:00","dateModified":"2026-02-12T23:28:17+00:00","description":"McAfee+ Advanced Family para PC, Android e iOS: protecci\u00f3n ilimitada 1 a\u00f1o, VPN, identidad y controles parentales. Licencia global para familia","breadcrumb":{"@id":"https:\/\/dharmacorpstore.com\/producto\/mcafee-advanced-family-1-ano-clave-global-multiplataforma\/#breadcrumb"},"inLanguage":"it-IT","potentialAction":[{"@type":"ReadAction","target":["https:\/\/dharmacorpstore.com\/producto\/mcafee-advanced-family-1-ano-clave-global-multiplataforma\/"]}]},{"@type":"ImageObject","inLanguage":"it-IT","@id":"https:\/\/dharmacorpstore.com\/producto\/mcafee-advanced-family-1-ano-clave-global-multiplataforma\/#primaryimage","url":"https:\/\/i0.wp.com\/dharmacorpstore.com\/wp-content\/uploads\/2026\/02\/6a4cade553f5434880cf5591.webp?fit=300%2C400&ssl=1","contentUrl":"https:\/\/i0.wp.com\/dharmacorpstore.com\/wp-content\/uploads\/2026\/02\/6a4cade553f5434880cf5591.webp?fit=300%2C400&ssl=1","width":300,"height":400},{"@type":"BreadcrumbList","@id":"https:\/\/dharmacorpstore.com\/producto\/mcafee-advanced-family-1-ano-clave-global-multiplataforma\/#breadcrumb","itemListElement":[{"@type":"ListItem","position":1,"name":"Home","item":"https:\/\/dharmacorpstore.com\/"},{"@type":"ListItem","position":2,"name":"Tienda","item":"https:\/\/dharmacorpstore.com\/tienda\/"},{"@type":"ListItem","position":3,"name":"McAfee+ Advanced Family 1 A\u00f1o Clave Global Multiplataforma."}]},{"@type":"WebSite","@id":"https:\/\/dharmacorpstore.com\/#website","url":"https:\/\/dharmacorpstore.com\/","name":"Software Dharma Store","description":"Vendita di software originale e licenze elettroniche","publisher":{"@id":"https:\/\/dharmacorpstore.com\/#organization"},"potentialAction":[{"@type":"SearchAction","target":{"@type":"EntryPoint","urlTemplate":"https:\/\/dharmacorpstore.com\/?s={search_term_string}"},"query-input":{"@type":"PropertyValueSpecification","valueRequired":true,"valueName":"search_term_string"}}],"inLanguage":"it-IT"},{"@type":"Organization","@id":"https:\/\/dharmacorpstore.com\/#organization","name":"Software Dharma Store","url":"https:\/\/dharmacorpstore.com\/","logo":{"@type":"ImageObject","inLanguage":"it-IT","@id":"https:\/\/dharmacorpstore.com\/#\/schema\/logo\/image\/","url":"https:\/\/i0.wp.com\/dharmacorpstore.com\/wp-content\/uploads\/2023\/11\/Dharma-Corp-Logo-2023-e1699245439652.png?fit=477%2C108&ssl=1","contentUrl":"https:\/\/i0.wp.com\/dharmacorpstore.com\/wp-content\/uploads\/2023\/11\/Dharma-Corp-Logo-2023-e1699245439652.png?fit=477%2C108&ssl=1","width":477,"height":108,"caption":"Dharma Store Software"},"image":{"@id":"https:\/\/dharmacorpstore.com\/#\/schema\/logo\/image\/"}}]}},"jetpack_publicize_connections":[],"jetpack-related-posts":[],"jetpack_likes_enabled":true,"jetpack_sharing_enabled":true,"_links":{"self":[{"href":"https:\/\/dharmacorpstore.com\/it\/wp-json\/wp\/v2\/product\/17753","targetHints":{"allow":["GET"]}}],"collection":[{"href":"https:\/\/dharmacorpstore.com\/it\/wp-json\/wp\/v2\/product"}],"about":[{"href":"https:\/\/dharmacorpstore.com\/it\/wp-json\/wp\/v2\/types\/product"}],"replies":[{"embeddable":true,"href":"https:\/\/dharmacorpstore.com\/it\/wp-json\/wp\/v2\/comments?post=17753"}],"wp:featuredmedia":[{"embeddable":true,"href":"https:\/\/dharmacorpstore.com\/it\/wp-json\/wp\/v2\/media\/17754"}],"wp:attachment":[{"href":"https:\/\/dharmacorpstore.com\/it\/wp-json\/wp\/v2\/media?parent=17753"}],"wp:term":[{"taxonomy":"product_brand","embeddable":true,"href":"https:\/\/dharmacorpstore.com\/it\/wp-json\/wp\/v2\/product_brand?post=17753"},{"taxonomy":"product_cat","embeddable":true,"href":"https:\/\/dharmacorpstore.com\/it\/wp-json\/wp\/v2\/product_cat?post=17753"},{"taxonomy":"product_tag","embeddable":true,"href":"https:\/\/dharmacorpstore.com\/it\/wp-json\/wp\/v2\/product_tag?post=17753"}],"curies":[{"name":"parola chiave","href":"https:\/\/api.w.org\/{rel}","templated":true}]}}