{"id":2348,"date":"2024-01-20T01:47:02","date_gmt":"2024-01-20T05:47:02","guid":{"rendered":"https:\/\/dharmacorpstore.com\/?post_type=product&#038;p=2348"},"modified":"2025-12-06T12:52:17","modified_gmt":"2025-12-06T16:52:17","slug":"mcafee-internet-security-1-anno","status":"publish","type":"product","link":"https:\/\/dharmacorpstore.com\/it\/product-2\/mcafee-internet-security-1-anno\/","title":{"rendered":"Mcafee Internet Security 1 anno"},"content":{"rendered":"<div class=\"markdown markdown-main-panel\" dir=\"ltr\">\n<p data-sourcepos=\"1:1-1:28\">McAfee Internet Security per 1 anno su 1 dispositivo fornisce una protezione completa contro le moderne minacce informatiche, incluso il rilevamento di <strong>virus, spyware, ransomware e trojan<\/strong> attraverso una scansione intelligente in tempo reale che neutralizza i rischi prima che influenzino le tue apparecchiature. Include un <strong>muro di protezione<\/strong> Questo sistema bidirezionale monitora il traffico di rete per impedire accessi non autorizzati, offre controlli parentali di base per limitare i contenuti inappropriati e include strumenti antispam che filtrano e-mail e messaggi pericolosi direttamente dalla posta in arrivo. Si differenzia dai software antivirus di base per il suo approccio completo alla sicurezza web, che include la protezione contro le frodi online e l&#039;ottimizzazione automatica del sistema per mantenere una velocit\u00e0 ottimale; perfetto per utenti domestici, studenti o professionisti che lavorano da remoto e utilizzano un singolo PC o laptop quotidianamente. L&#039;abbonamento annuale viene attivato tramite chiave digitale, con rinnovi facili e compatibilit\u00e0 multipiattaforma, garantendo una protezione aggiornata contro le nuove vulnerabilit\u00e0 senza la necessit\u00e0 di configurazioni avanzate.<\/p>\n<p data-sourcepos=\"43:1-43:81\">\n<\/div>","protected":false},"excerpt":{"rendered":"<div class=\"flex items-start gap-3 p-4 rounded-lg hover:bg-blue-50 transition-colors duration-300\" data-lov-id=\"src\/pages\/Index.tsx:187:18\" data-lov-name=\"div\" data-component-path=\"src\/pages\/Index.tsx\" data-component-line=\"187\" data-component-file=\"Index.tsx\" data-component-name=\"div\" data-component-content=\"%7B%22className%22%3A%22flex%20items-start%20gap-3%20p-4%20rounded-lg%20hover%3Abg-blue-50%20transition-colors%20duration-300%22%7D\"><span class=\"text-lg\" data-lov-id=\"src\/pages\/Index.tsx:188:20\" data-lov-name=\"span\" data-component-path=\"src\/pages\/Index.tsx\" data-component-line=\"188\" data-component-file=\"Index.tsx\" data-component-name=\"span\" data-component-content=\"%7B%22className%22%3A%22text-lg%22%7D\">\u2705 Licenza di 1 anno per 1 PC<\/span><\/div>\n<div class=\"flex items-start gap-3 p-4 rounded-lg hover:bg-blue-50 transition-colors duration-300\" data-lov-id=\"src\/pages\/Index.tsx:187:18\" data-lov-name=\"div\" data-component-path=\"src\/pages\/Index.tsx\" data-component-line=\"187\" data-component-file=\"Index.tsx\" data-component-name=\"div\" data-component-content=\"%7B%22className%22%3A%22flex%20items-start%20gap-3%20p-4%20rounded-lg%20hover%3Abg-blue-50%20transition-colors%20duration-300%22%7D\"><span class=\"text-lg\" data-lov-id=\"src\/pages\/Index.tsx:188:20\" data-lov-name=\"span\" data-component-path=\"src\/pages\/Index.tsx\" data-component-line=\"188\" data-component-file=\"Index.tsx\" data-component-name=\"span\" data-component-content=\"%7B%22className%22%3A%22text-lg%22%7D\">\u2705 Si registra con l&#039;email del cliente, cos\u00ec puoi reinstallarlo e spostarlo su un altro dispositivo.<\/span><\/div>\n<div class=\"flex items-start gap-3 p-4 rounded-lg hover:bg-blue-50 transition-colors duration-300\" data-lov-id=\"src\/pages\/Index.tsx:187:18\" data-lov-name=\"div\" data-component-path=\"src\/pages\/Index.tsx\" data-component-line=\"187\" data-component-file=\"Index.tsx\" data-component-name=\"div\" data-component-content=\"%7B%22className%22%3A%22flex%20items-start%20gap-3%20p-4%20rounded-lg%20hover%3Abg-blue-50%20transition-colors%20duration-300%22%7D\"><span class=\"text-lg\" data-lov-id=\"src\/pages\/Index.tsx:188:20\" data-lov-name=\"span\" data-component-path=\"src\/pages\/Index.tsx\" data-component-line=\"188\" data-component-file=\"Index.tsx\" data-component-name=\"span\" data-component-content=\"%7B%22className%22%3A%22text-lg%22%7D\">\u2705 Protegge il dispositivo da virus, malware e ransomware con scansione in tempo reale, firewall intelligente e antispam per una navigazione sicura e senza interruzioni.<\/span><\/div>\n<div class=\"flex items-start gap-3 p-4 rounded-lg hover:bg-blue-50 transition-colors duration-300\" data-lov-id=\"src\/pages\/Index.tsx:187:18\" data-lov-name=\"div\" data-component-path=\"src\/pages\/Index.tsx\" data-component-line=\"187\" data-component-file=\"Index.tsx\" data-component-name=\"div\" data-component-content=\"%7B%22className%22%3A%22flex%20items-start%20gap-3%20p-4%20rounded-lg%20hover%3Abg-blue-50%20transition-colors%20duration-300%22%7D\"><span class=\"text-lg\" data-lov-id=\"src\/pages\/Index.tsx:188:20\" data-lov-name=\"span\" data-component-path=\"src\/pages\/Index.tsx\" data-component-line=\"188\" data-component-file=\"Index.tsx\" data-component-name=\"span\" data-component-content=\"%7B%22className%22%3A%22text-lg%22%7D\">\u2705 Blocca siti pericolosi, phishing e download dannosi, offrendo tranquillit\u00e0 ai singoli utenti che cercano una difesa completa per un solo anno.<\/span><\/div>\n<div data-lov-id=\"src\/pages\/Index.tsx:187:18\" data-lov-name=\"div\" data-component-path=\"src\/pages\/Index.tsx\" data-component-line=\"187\" data-component-file=\"Index.tsx\" data-component-name=\"div\" data-component-content=\"%7B%22className%22%3A%22flex%20items-start%20gap-3%20p-4%20rounded-lg%20hover%3Abg-blue-50%20transition-colors%20duration-300%22%7D\">\n<div class=\"flex items-start gap-3 p-4 rounded-lg hover:bg-blue-50 transition-colors duration-300\" data-lov-id=\"src\/pages\/Index.tsx:187:18\" data-lov-name=\"div\" data-component-path=\"src\/pages\/Index.tsx\" data-component-line=\"187\" data-component-file=\"Index.tsx\" data-component-name=\"div\" data-component-content=\"%7B%22className%22%3A%22flex%20items-start%20gap-3%20p-4%20rounded-lg%20hover%3Abg-blue-50%20transition-colors%20duration-300%22%7D\"><span class=\"text-lg\" data-lov-id=\"src\/pages\/Index.tsx:188:20\" data-lov-name=\"span\" data-component-path=\"src\/pages\/Index.tsx\" data-component-line=\"188\" data-component-file=\"Index.tsx\" data-component-name=\"span\" data-component-content=\"%7B%22className%22%3A%22text-lg%22%7D\">\u2705 Interfaccia semplice con aggiornamenti automatici e basso impatto sulle prestazioni, ideale per i principianti che danno priorit\u00e0 alla sicurezza senza complicazioni tecniche.<\/span><\/div>\n<div data-lov-id=\"src\/pages\/Index.tsx:187:18\" data-lov-name=\"div\" data-component-path=\"src\/pages\/Index.tsx\" data-component-line=\"187\" data-component-file=\"Index.tsx\" data-component-name=\"div\" data-component-content=\"%7B%22className%22%3A%22flex%20items-start%20gap-3%20p-4%20rounded-lg%20hover%3Abg-blue-50%20transition-colors%20duration-300%22%7D\">\n<div class=\"flex items-start gap-3 p-4 rounded-lg hover:bg-blue-50 transition-colors duration-300\" data-lov-id=\"src\/pages\/Index.tsx:187:18\" data-lov-name=\"div\" data-component-path=\"src\/pages\/Index.tsx\" data-component-line=\"187\" data-component-file=\"Index.tsx\" data-component-name=\"div\" data-component-content=\"%7B%22className%22%3A%22flex%20items-start%20gap-3%20p-4%20rounded-lg%20hover%3Abg-blue-50%20transition-colors%20duration-300%22%7D\">\u2705 <b style=\"color: red;\">Tutti i nostri prodotti sono originali e vengono forniti con garanzia e assistenza tecnica.<\/b><\/div>\n<\/div>\n<\/div>\n<div class=\"flex items-start gap-3 p-4 rounded-lg hover:bg-blue-50 transition-colors duration-300\" data-lov-id=\"src\/pages\/Index.tsx:187:18\" data-lov-name=\"div\" data-component-path=\"src\/pages\/Index.tsx\" data-component-line=\"187\" data-component-file=\"Index.tsx\" data-component-name=\"div\" data-component-content=\"%7B%22className%22%3A%22flex%20items-start%20gap-3%20p-4%20rounded-lg%20hover%3Abg-blue-50%20transition-colors%20duration-300%22%7D\"><span class=\"text-lg\" data-lov-id=\"src\/pages\/Index.tsx:188:20\" data-lov-name=\"span\" data-component-path=\"src\/pages\/Index.tsx\" data-component-line=\"188\" data-component-file=\"Index.tsx\" data-component-name=\"span\" data-component-content=\"%7B%22className%22%3A%22text-lg%22%7D\">\u2705 <strong style=\"color: red;\">Consegna immediata direttamente al vostro indirizzo e-mail con manuale di installazione.<\/strong><br \/>\n<\/span><\/div>","protected":false},"featured_media":2349,"comment_status":"open","ping_status":"closed","template":"","meta":{"_monsterinsights_skip_tracking":false,"_monsterinsights_sitenote_active":false,"_monsterinsights_sitenote_note":"","_monsterinsights_sitenote_category":0,"jetpack_post_was_ever_published":false,"jetpack_publicize_message":"","jetpack_publicize_feature_enabled":true,"jetpack_social_post_already_shared":false,"jetpack_social_options":{"image_generator_settings":{"template":"highway","default_image_id":0,"font":"","enabled":false},"version":2}},"product_brand":[285],"product_cat":[82],"product_tag":[284,281,280,283,282],"class_list":{"0":"post-2348","1":"product","2":"type-product","3":"status-publish","4":"has-post-thumbnail","6":"product_brand-mcafee","7":"product_cat-antivirus","8":"product_tag-comprar-mcafee-internet-security-1-dispositivo-online","9":"product_tag-licencia-mcafee-internet-security-anual-antivirus","10":"product_tag-mcafee-internet-security-1-ano-1-dispositivo","11":"product_tag-mcafee-internet-security-suscripcion-1-ano-firewall","12":"product_tag-mcafee-seguridad-internet-1-pc-12-meses","14":"first","15":"instock","16":"sale","17":"virtual","18":"purchasable","19":"product-type-simple"},"yoast_head":"<!-- This site is optimized with the Yoast SEO plugin v27.5 - https:\/\/yoast.com\/product\/yoast-seo-wordpress\/ -->\n<title>Mcafee internet Security 1 A\u00f1o - Dharma Store Software<\/title>\n<meta name=\"description\" content=\"McAfee Internet Security 1 a\u00f1o para 1 dispositivo: antivirus, firewall y antispam contra virus y phishing. Protecci\u00f3n completa, actualizaciones autom\u00e1ticas.\" \/>\n<meta name=\"robots\" content=\"index, follow, max-snippet:-1, max-image-preview:large, max-video-preview:-1\" \/>\n<link rel=\"canonical\" href=\"https:\/\/dharmacorpstore.com\/it\/product-2\/mcafee-internet-security-1-anno\/\" \/>\n<meta property=\"og:locale\" content=\"it_IT\" \/>\n<meta property=\"og:type\" content=\"article\" \/>\n<meta property=\"og:title\" content=\"Mcafee internet Security 1 A\u00f1o - Dharma Store Software\" \/>\n<meta property=\"og:description\" content=\"McAfee Internet Security 1 a\u00f1o para 1 dispositivo: antivirus, firewall y antispam contra virus y phishing. Protecci\u00f3n completa, actualizaciones autom\u00e1ticas.\" \/>\n<meta property=\"og:url\" content=\"https:\/\/dharmacorpstore.com\/it\/product-2\/mcafee-internet-security-1-anno\/\" \/>\n<meta property=\"og:site_name\" content=\"Dharma Store Software\" \/>\n<meta property=\"article:modified_time\" content=\"2025-12-06T16:52:17+00:00\" \/>\n<meta property=\"og:image\" content=\"https:\/\/dharmacorpstore.com\/wp-content\/uploads\/2024\/01\/mcafee-internet.jpg\" \/>\n\t<meta property=\"og:image:width\" content=\"1420\" \/>\n\t<meta property=\"og:image:height\" content=\"1420\" \/>\n\t<meta property=\"og:image:type\" content=\"image\/jpeg\" \/>\n<meta name=\"twitter:card\" content=\"summary_large_image\" \/>\n<meta name=\"twitter:label1\" content=\"Tempo di lettura stimato\" \/>\n\t<meta name=\"twitter:data1\" content=\"1 minuto\" \/>\n<script type=\"application\/ld+json\" class=\"yoast-schema-graph\">{\"@context\":\"https:\\\/\\\/schema.org\",\"@graph\":[{\"@type\":\"WebPage\",\"@id\":\"https:\\\/\\\/dharmacorpstore.com\\\/it\\\/product-2\\\/mcafee-internet-security-1-anno\\\/\",\"url\":\"https:\\\/\\\/dharmacorpstore.com\\\/it\\\/product-2\\\/mcafee-internet-security-1-anno\\\/\",\"name\":\"Mcafee internet Security 1 A\u00f1o - Dharma Store Software\",\"isPartOf\":{\"@id\":\"https:\\\/\\\/dharmacorpstore.com\\\/#website\"},\"primaryImageOfPage\":{\"@id\":\"https:\\\/\\\/dharmacorpstore.com\\\/it\\\/product-2\\\/mcafee-internet-security-1-anno\\\/#primaryimage\"},\"image\":{\"@id\":\"https:\\\/\\\/dharmacorpstore.com\\\/it\\\/product-2\\\/mcafee-internet-security-1-anno\\\/#primaryimage\"},\"thumbnailUrl\":\"https:\\\/\\\/i0.wp.com\\\/dharmacorpstore.com\\\/wp-content\\\/uploads\\\/2024\\\/01\\\/mcafee-internet.jpg?fit=1420%2C1420&ssl=1\",\"datePublished\":\"2024-01-20T05:47:02+00:00\",\"dateModified\":\"2025-12-06T16:52:17+00:00\",\"description\":\"McAfee Internet Security 1 a\u00f1o para 1 dispositivo: antivirus, firewall y antispam contra virus y phishing. Protecci\u00f3n completa, actualizaciones autom\u00e1ticas.\",\"breadcrumb\":{\"@id\":\"https:\\\/\\\/dharmacorpstore.com\\\/it\\\/product-2\\\/mcafee-internet-security-1-anno\\\/#breadcrumb\"},\"inLanguage\":\"it-IT\",\"potentialAction\":[{\"@type\":\"ReadAction\",\"target\":[\"https:\\\/\\\/dharmacorpstore.com\\\/it\\\/product-2\\\/mcafee-internet-security-1-anno\\\/\"]}]},{\"@type\":\"ImageObject\",\"inLanguage\":\"it-IT\",\"@id\":\"https:\\\/\\\/dharmacorpstore.com\\\/it\\\/product-2\\\/mcafee-internet-security-1-anno\\\/#primaryimage\",\"url\":\"https:\\\/\\\/i0.wp.com\\\/dharmacorpstore.com\\\/wp-content\\\/uploads\\\/2024\\\/01\\\/mcafee-internet.jpg?fit=1420%2C1420&ssl=1\",\"contentUrl\":\"https:\\\/\\\/i0.wp.com\\\/dharmacorpstore.com\\\/wp-content\\\/uploads\\\/2024\\\/01\\\/mcafee-internet.jpg?fit=1420%2C1420&ssl=1\",\"width\":1420,\"height\":1420},{\"@type\":\"BreadcrumbList\",\"@id\":\"https:\\\/\\\/dharmacorpstore.com\\\/it\\\/product-2\\\/mcafee-internet-security-1-anno\\\/#breadcrumb\",\"itemListElement\":[{\"@type\":\"ListItem\",\"position\":1,\"name\":\"Home\",\"item\":\"https:\\\/\\\/dharmacorpstore.com\\\/\"},{\"@type\":\"ListItem\",\"position\":2,\"name\":\"Tienda\",\"item\":\"https:\\\/\\\/dharmacorpstore.com\\\/tienda\\\/\"},{\"@type\":\"ListItem\",\"position\":3,\"name\":\"Mcafee internet Security 1 A\u00f1o\"}]},{\"@type\":\"WebSite\",\"@id\":\"https:\\\/\\\/dharmacorpstore.com\\\/#website\",\"url\":\"https:\\\/\\\/dharmacorpstore.com\\\/\",\"name\":\"Dharma Store Software\",\"description\":\"Venta de software original y licenciamiento electr\u00f3nico\",\"publisher\":{\"@id\":\"https:\\\/\\\/dharmacorpstore.com\\\/#organization\"},\"potentialAction\":[{\"@type\":\"SearchAction\",\"target\":{\"@type\":\"EntryPoint\",\"urlTemplate\":\"https:\\\/\\\/dharmacorpstore.com\\\/?s={search_term_string}\"},\"query-input\":{\"@type\":\"PropertyValueSpecification\",\"valueRequired\":true,\"valueName\":\"search_term_string\"}}],\"inLanguage\":\"it-IT\"},{\"@type\":\"Organization\",\"@id\":\"https:\\\/\\\/dharmacorpstore.com\\\/#organization\",\"name\":\"Dharma Store Software\",\"url\":\"https:\\\/\\\/dharmacorpstore.com\\\/\",\"logo\":{\"@type\":\"ImageObject\",\"inLanguage\":\"it-IT\",\"@id\":\"https:\\\/\\\/dharmacorpstore.com\\\/#\\\/schema\\\/logo\\\/image\\\/\",\"url\":\"https:\\\/\\\/i0.wp.com\\\/dharmacorpstore.com\\\/wp-content\\\/uploads\\\/2023\\\/11\\\/Dharma-Corp-Logo-2023-e1699245439652.png?fit=477%2C108&ssl=1\",\"contentUrl\":\"https:\\\/\\\/i0.wp.com\\\/dharmacorpstore.com\\\/wp-content\\\/uploads\\\/2023\\\/11\\\/Dharma-Corp-Logo-2023-e1699245439652.png?fit=477%2C108&ssl=1\",\"width\":477,\"height\":108,\"caption\":\"Dharma Store Software\"},\"image\":{\"@id\":\"https:\\\/\\\/dharmacorpstore.com\\\/#\\\/schema\\\/logo\\\/image\\\/\"}}]}<\/script>\n<!-- \/ Yoast SEO plugin. -->","yoast_head_json":{"title":"Mcafee Internet Security 1 anno - Dharma Store Software","description":"McAfee Internet Security 1 anno per 1 dispositivo: antivirus, firewall e antispam contro virus e phishing. Protezione completa, aggiornamenti automatici.","robots":{"index":"index","follow":"follow","max-snippet":"max-snippet:-1","max-image-preview":"max-image-preview:large","max-video-preview":"max-video-preview:-1"},"canonical":"https:\/\/dharmacorpstore.com\/it\/product-2\/mcafee-internet-security-1-anno\/","og_locale":"it_IT","og_type":"article","og_title":"Mcafee internet Security 1 A\u00f1o - Dharma Store Software","og_description":"McAfee Internet Security 1 a\u00f1o para 1 dispositivo: antivirus, firewall y antispam contra virus y phishing. Protecci\u00f3n completa, actualizaciones autom\u00e1ticas.","og_url":"https:\/\/dharmacorpstore.com\/it\/product-2\/mcafee-internet-security-1-anno\/","og_site_name":"Dharma Store Software","article_modified_time":"2025-12-06T16:52:17+00:00","og_image":[{"width":1420,"height":1420,"url":"https:\/\/dharmacorpstore.com\/wp-content\/uploads\/2024\/01\/mcafee-internet.jpg","type":"image\/jpeg"}],"twitter_card":"summary_large_image","twitter_misc":{"Tempo di lettura stimato":"1 minuto"},"schema":{"@context":"https:\/\/schema.org","@graph":[{"@type":"WebPage","@id":"https:\/\/dharmacorpstore.com\/it\/product-2\/mcafee-internet-security-1-anno\/","url":"https:\/\/dharmacorpstore.com\/it\/product-2\/mcafee-internet-security-1-anno\/","name":"Mcafee Internet Security 1 anno - Dharma Store Software","isPartOf":{"@id":"https:\/\/dharmacorpstore.com\/#website"},"primaryImageOfPage":{"@id":"https:\/\/dharmacorpstore.com\/it\/product-2\/mcafee-internet-security-1-anno\/#primaryimage"},"image":{"@id":"https:\/\/dharmacorpstore.com\/it\/product-2\/mcafee-internet-security-1-anno\/#primaryimage"},"thumbnailUrl":"https:\/\/i0.wp.com\/dharmacorpstore.com\/wp-content\/uploads\/2024\/01\/mcafee-internet.jpg?fit=1420%2C1420&ssl=1","datePublished":"2024-01-20T05:47:02+00:00","dateModified":"2025-12-06T16:52:17+00:00","description":"McAfee Internet Security 1 anno per 1 dispositivo: antivirus, firewall e antispam contro virus e phishing. Protezione completa, aggiornamenti automatici.","breadcrumb":{"@id":"https:\/\/dharmacorpstore.com\/it\/product-2\/mcafee-internet-security-1-anno\/#breadcrumb"},"inLanguage":"it-IT","potentialAction":[{"@type":"ReadAction","target":["https:\/\/dharmacorpstore.com\/it\/product-2\/mcafee-internet-security-1-anno\/"]}]},{"@type":"ImageObject","inLanguage":"it-IT","@id":"https:\/\/dharmacorpstore.com\/it\/product-2\/mcafee-internet-security-1-anno\/#primaryimage","url":"https:\/\/i0.wp.com\/dharmacorpstore.com\/wp-content\/uploads\/2024\/01\/mcafee-internet.jpg?fit=1420%2C1420&ssl=1","contentUrl":"https:\/\/i0.wp.com\/dharmacorpstore.com\/wp-content\/uploads\/2024\/01\/mcafee-internet.jpg?fit=1420%2C1420&ssl=1","width":1420,"height":1420},{"@type":"BreadcrumbList","@id":"https:\/\/dharmacorpstore.com\/it\/product-2\/mcafee-internet-security-1-anno\/#breadcrumb","itemListElement":[{"@type":"ListItem","position":1,"name":"Home","item":"https:\/\/dharmacorpstore.com\/"},{"@type":"ListItem","position":2,"name":"Tienda","item":"https:\/\/dharmacorpstore.com\/tienda\/"},{"@type":"ListItem","position":3,"name":"Mcafee internet Security 1 A\u00f1o"}]},{"@type":"WebSite","@id":"https:\/\/dharmacorpstore.com\/#website","url":"https:\/\/dharmacorpstore.com\/","name":"Software Dharma Store","description":"Vendita di software originale e licenze elettroniche","publisher":{"@id":"https:\/\/dharmacorpstore.com\/#organization"},"potentialAction":[{"@type":"SearchAction","target":{"@type":"EntryPoint","urlTemplate":"https:\/\/dharmacorpstore.com\/?s={search_term_string}"},"query-input":{"@type":"PropertyValueSpecification","valueRequired":true,"valueName":"search_term_string"}}],"inLanguage":"it-IT"},{"@type":"Organization","@id":"https:\/\/dharmacorpstore.com\/#organization","name":"Software Dharma Store","url":"https:\/\/dharmacorpstore.com\/","logo":{"@type":"ImageObject","inLanguage":"it-IT","@id":"https:\/\/dharmacorpstore.com\/#\/schema\/logo\/image\/","url":"https:\/\/i0.wp.com\/dharmacorpstore.com\/wp-content\/uploads\/2023\/11\/Dharma-Corp-Logo-2023-e1699245439652.png?fit=477%2C108&ssl=1","contentUrl":"https:\/\/i0.wp.com\/dharmacorpstore.com\/wp-content\/uploads\/2023\/11\/Dharma-Corp-Logo-2023-e1699245439652.png?fit=477%2C108&ssl=1","width":477,"height":108,"caption":"Dharma Store Software"},"image":{"@id":"https:\/\/dharmacorpstore.com\/#\/schema\/logo\/image\/"}}]}},"jetpack_publicize_connections":[],"jetpack-related-posts":[],"jetpack_likes_enabled":true,"jetpack_sharing_enabled":true,"_links":{"self":[{"href":"https:\/\/dharmacorpstore.com\/it\/wp-json\/wp\/v2\/product\/2348","targetHints":{"allow":["GET"]}}],"collection":[{"href":"https:\/\/dharmacorpstore.com\/it\/wp-json\/wp\/v2\/product"}],"about":[{"href":"https:\/\/dharmacorpstore.com\/it\/wp-json\/wp\/v2\/types\/product"}],"replies":[{"embeddable":true,"href":"https:\/\/dharmacorpstore.com\/it\/wp-json\/wp\/v2\/comments?post=2348"}],"wp:featuredmedia":[{"embeddable":true,"href":"https:\/\/dharmacorpstore.com\/it\/wp-json\/wp\/v2\/media\/2349"}],"wp:attachment":[{"href":"https:\/\/dharmacorpstore.com\/it\/wp-json\/wp\/v2\/media?parent=2348"}],"wp:term":[{"taxonomy":"product_brand","embeddable":true,"href":"https:\/\/dharmacorpstore.com\/it\/wp-json\/wp\/v2\/product_brand?post=2348"},{"taxonomy":"product_cat","embeddable":true,"href":"https:\/\/dharmacorpstore.com\/it\/wp-json\/wp\/v2\/product_cat?post=2348"},{"taxonomy":"product_tag","embeddable":true,"href":"https:\/\/dharmacorpstore.com\/it\/wp-json\/wp\/v2\/product_tag?post=2348"}],"curies":[{"name":"parola chiave","href":"https:\/\/api.w.org\/{rel}","templated":true}]}}