{"id":2438,"date":"2024-03-07T13:17:31","date_gmt":"2024-03-07T17:17:31","guid":{"rendered":"https:\/\/dharmacorpstore.com\/?post_type=product&#038;p=2438"},"modified":"2025-12-06T12:41:01","modified_gmt":"2025-12-06T16:41:01","slug":"windows-10-pro-retail-32-64-bit-5pc","status":"publish","type":"product","link":"https:\/\/dharmacorpstore.com\/it\/product-2\/windows-10-pro-retail-32-64-bit-5pc\/","title":{"rendered":"Windows 10 Pro Retail 32\/64 Bits 5PC"},"content":{"rendered":"<p>La licenza Windows 10 Pro per 5 PC \u00e8 una chiave di licenza Microsoft originale che consente di attivare il sistema operativo professionale su un massimo di cinque dispositivi contemporaneamente. Include tutte le funzionalit\u00e0 di Windows 10 Home, oltre a strumenti avanzati come la crittografia BitLocker per proteggere i dati sensibili, Desktop remoto per connessioni sicure da qualsiasi luogo e il supporto Hyper-V per le macchine virtuali. Si differenzia dalle versioni Home per il suo focus aziendale: gestione dei Criteri di gruppo, Windows Update for Business e un Microsoft Store ottimizzato. \u00c8 perfetto per freelance, piccoli uffici o team che gestiscono pi\u00f9 computer senza la necessit\u00e0 di licenze individuali. Compatibile sia con hardware moderno che legacy, riceve aggiornamenti di sicurezza anche se il supporto esteso \u00e8 terminato nel 2025. \u00c8 consigliato a chi cerca prestazioni stabili, un&#039;interfaccia intuitiva con un menu Start ampliato e Cortana come assistente senza dover migrare immediatamente a Windows 11.<\/p>","protected":false},"excerpt":{"rendered":"<div class=\"flex items-start gap-3 p-4 rounded-lg hover:bg-blue-50 transition-colors duration-300\" data-lov-id=\"src\/pages\/Index.tsx:187:18\" data-lov-name=\"div\" data-component-path=\"src\/pages\/Index.tsx\" data-component-line=\"187\" data-component-file=\"Index.tsx\" data-component-name=\"div\" data-component-content=\"%7B%22className%22%3A%22flex%20items-start%20gap-3%20p-4%20rounded-lg%20hover%3Abg-blue-50%20transition-colors%20duration-300%22%7D\"><span class=\"text-lg\" data-lov-id=\"src\/pages\/Index.tsx:188:20\" data-lov-name=\"span\" data-component-path=\"src\/pages\/Index.tsx\" data-component-line=\"188\" data-component-file=\"Index.tsx\" data-component-name=\"span\" data-component-content=\"%7B%22className%22%3A%22text-lg%22%7D\">Licenza permanente per 1 PC<\/span><\/div>\n<div class=\"flex items-start gap-3 p-4 rounded-lg hover:bg-blue-50 transition-colors duration-300\" data-lov-id=\"src\/pages\/Index.tsx:187:18\" data-lov-name=\"div\" data-component-path=\"src\/pages\/Index.tsx\" data-component-line=\"187\" data-component-file=\"Index.tsx\" data-component-name=\"div\" data-component-content=\"%7B%22className%22%3A%22flex%20items-start%20gap-3%20p-4%20rounded-lg%20hover%3Abg-blue-50%20transition-colors%20duration-300%22%7D\"><span class=\"text-lg\" data-lov-id=\"src\/pages\/Index.tsx:188:20\" data-lov-name=\"span\" data-component-path=\"src\/pages\/Index.tsx\" data-component-line=\"188\" data-component-file=\"Index.tsx\" data-component-name=\"span\" data-component-content=\"%7B%22className%22%3A%22text-lg%22%7D\">Tipo di vendita al dettaglio, pu\u00f2 essere reinstallato e cambiato con un nuovo dispositivo.<\/span><\/div>\n<div class=\"flex items-start gap-3 p-4 rounded-lg hover:bg-blue-50 transition-colors duration-300\" data-lov-id=\"src\/pages\/Index.tsx:187:18\" data-lov-name=\"div\" data-component-path=\"src\/pages\/Index.tsx\" data-component-line=\"187\" data-component-file=\"Index.tsx\" data-component-name=\"div\" data-component-content=\"%7B%22className%22%3A%22flex%20items-start%20gap-3%20p-4%20rounded-lg%20hover%3Abg-blue-50%20transition-colors%20duration-300%22%7D\"><span class=\"text-lg\" data-lov-id=\"src\/pages\/Index.tsx:188:20\" data-lov-name=\"span\" data-component-path=\"src\/pages\/Index.tsx\" data-component-line=\"188\" data-component-file=\"Index.tsx\" data-component-name=\"span\" data-component-content=\"%7B%22className%22%3A%22text-lg%22%7D\">Aggiornabile a Windows 11 (se il computer \u00e8 compatibile)<\/span><\/div>\n<div class=\"flex items-start gap-3 p-4 rounded-lg hover:bg-blue-50 transition-colors duration-300\" data-lov-id=\"src\/pages\/Index.tsx:187:18\" data-lov-name=\"div\" data-component-path=\"src\/pages\/Index.tsx\" data-component-line=\"187\" data-component-file=\"Index.tsx\" data-component-name=\"div\" data-component-content=\"%7B%22className%22%3A%22flex%20items-start%20gap-3%20p-4%20rounded-lg%20hover%3Abg-blue-50%20transition-colors%20duration-300%22%7D\"><span class=\"text-lg\" data-lov-id=\"src\/pages\/Index.tsx:188:20\" data-lov-name=\"span\" data-component-path=\"src\/pages\/Index.tsx\" data-component-line=\"188\" data-component-file=\"Index.tsx\" data-component-name=\"span\" data-component-content=\"%7B%22className%22%3A%22text-lg%22%7D\">Aumentate la produttivit\u00e0 con un sistema veloce e stabile che supporta la maggior parte delle applicazioni professionali e aziendali<\/span><\/div>\n<div data-lov-id=\"src\/pages\/Index.tsx:187:18\" data-lov-name=\"div\" data-component-path=\"src\/pages\/Index.tsx\" data-component-line=\"187\" data-component-file=\"Index.tsx\" data-component-name=\"div\" data-component-content=\"%7B%22className%22%3A%22flex%20items-start%20gap-3%20p-4%20rounded-lg%20hover%3Abg-blue-50%20transition-colors%20duration-300%22%7D\">\n<div class=\"flex items-start gap-3 p-4 rounded-lg hover:bg-blue-50 transition-colors duration-300\" data-lov-id=\"src\/pages\/Index.tsx:187:18\" data-lov-name=\"div\" data-component-path=\"src\/pages\/Index.tsx\" data-component-line=\"187\" data-component-file=\"Index.tsx\" data-component-name=\"div\" data-component-content=\"%7B%22className%22%3A%22flex%20items-start%20gap-3%20p-4%20rounded-lg%20hover%3Abg-blue-50%20transition-colors%20duration-300%22%7D\"><span class=\"text-lg\" data-lov-id=\"src\/pages\/Index.tsx:188:20\" data-lov-name=\"span\" data-component-path=\"src\/pages\/Index.tsx\" data-component-line=\"188\" data-component-file=\"Index.tsx\" data-component-name=\"span\" data-component-content=\"%7B%22className%22%3A%22text-lg%22%7D\">Proteggete i vostri dati con funzioni di sicurezza avanzate come la crittografia del disco, la protezione integrata e le opzioni di aggiornamento specifiche per l'azienda.<\/span><\/div>\n<div data-lov-id=\"src\/pages\/Index.tsx:187:18\" data-lov-name=\"div\" data-component-path=\"src\/pages\/Index.tsx\" data-component-line=\"187\" data-component-file=\"Index.tsx\" data-component-name=\"div\" data-component-content=\"%7B%22className%22%3A%22flex%20items-start%20gap-3%20p-4%20rounded-lg%20hover%3Abg-blue-50%20transition-colors%20duration-300%22%7D\">\n<div class=\"flex items-start gap-3 p-4 rounded-lg hover:bg-blue-50 transition-colors duration-300\" data-lov-id=\"src\/pages\/Index.tsx:187:18\" data-lov-name=\"div\" data-component-path=\"src\/pages\/Index.tsx\" data-component-line=\"187\" data-component-file=\"Index.tsx\" data-component-name=\"div\" data-component-content=\"%7B%22className%22%3A%22flex%20items-start%20gap-3%20p-4%20rounded-lg%20hover%3Abg-blue-50%20transition-colors%20duration-300%22%7D\"><span class=\"text-lg\" data-lov-id=\"src\/pages\/Index.tsx:188:20\" data-lov-name=\"span\" data-component-path=\"src\/pages\/Index.tsx\" data-component-line=\"188\" data-component-file=\"Index.tsx\" data-component-name=\"span\" data-component-content=\"%7B%22className%22%3A%22text-lg%22%7D\">Semplifica il lavoro in remoto e la gestione dei computer con Remote Desktop, domini, Hyper-V e strumenti di gestione centralizzata.<\/span><\/div>\n<\/div>\n<\/div>\n<div class=\"flex items-start gap-3 p-4 rounded-lg hover:bg-blue-50 transition-colors duration-300\" data-lov-id=\"src\/pages\/Index.tsx:187:18\" data-lov-name=\"div\" data-component-path=\"src\/pages\/Index.tsx\" data-component-line=\"187\" data-component-file=\"Index.tsx\" data-component-name=\"div\" data-component-content=\"%7B%22className%22%3A%22flex%20items-start%20gap-3%20p-4%20rounded-lg%20hover%3Abg-blue-50%20transition-colors%20duration-300%22%7D\"><span class=\"text-lg\" style=\"color: red;\" data-lov-id=\"src\/pages\/Index.tsx:188:20\" data-lov-name=\"span\" data-component-path=\"src\/pages\/Index.tsx\" data-component-line=\"188\" data-component-file=\"Index.tsx\" data-component-name=\"span\" data-component-content=\"%7B%22className%22%3A%22text-lg%22%7D\">\u2705 <b>Tutti i nostri prodotti sono originali e vengono forniti con garanzia e assistenza tecnica.<\/b><br \/>\n<\/span><\/div>\n<div class=\"flex items-start gap-3 p-4 rounded-lg hover:bg-blue-50 transition-colors duration-300\" data-lov-id=\"src\/pages\/Index.tsx:187:18\" data-lov-name=\"div\" data-component-path=\"src\/pages\/Index.tsx\" data-component-line=\"187\" data-component-file=\"Index.tsx\" data-component-name=\"div\" data-component-content=\"%7B%22className%22%3A%22flex%20items-start%20gap-3%20p-4%20rounded-lg%20hover%3Abg-blue-50%20transition-colors%20duration-300%22%7D\"><span class=\"text-lg\" style=\"color: red;\" data-lov-id=\"src\/pages\/Index.tsx:188:20\" data-lov-name=\"span\" data-component-path=\"src\/pages\/Index.tsx\" data-component-line=\"188\" data-component-file=\"Index.tsx\" data-component-name=\"span\" data-component-content=\"%7B%22className%22%3A%22text-lg%22%7D\">\u2705 <strong>Consegna immediata direttamente al vostro indirizzo e-mail con manuale di installazione.<\/strong><br \/>\n<\/span><\/div>","protected":false},"featured_media":15989,"comment_status":"open","ping_status":"closed","template":"","meta":{"_monsterinsights_skip_tracking":false,"_monsterinsights_sitenote_active":false,"_monsterinsights_sitenote_note":"","_monsterinsights_sitenote_category":0,"jetpack_publicize_message":"","jetpack_publicize_feature_enabled":true,"jetpack_social_post_already_shared":false,"jetpack_social_options":{"image_generator_settings":{"template":"highway","default_image_id":0,"font":"","enabled":false},"version":2}},"product_brand":[182],"product_cat":[19],"product_tag":[279,278,276,277,275],"class_list":{"0":"post-2438","1":"product","2":"type-product","3":"status-publish","4":"has-post-thumbnail","6":"product_brand-microsoft","7":"product_cat-sistemas-operativos","8":"product_tag-activar-windows-10-pro-5pc-bitlocker-hyper-v","9":"product_tag-clave-windows-10-pro-para-5-equipos-vitalicia","10":"product_tag-licencia-windows-10-professional-5-dispositivos","11":"product_tag-pack-windows-10-pro-retail-5-pcs-32-64-bits","12":"product_tag-windows-10-pro-5pc-licencia-original","14":"first","15":"instock","16":"sale","17":"featured","18":"virtual","19":"purchasable","20":"product-type-simple"},"yoast_head":"<!-- This site is optimized with the Yoast SEO plugin v27.6 - https:\/\/yoast.com\/product\/yoast-seo-wordpress\/ -->\n<title>Windows 10 Pro Retail 32\/64 Bits 5PC - Dharma Store Software<\/title>\n<meta name=\"description\" content=\"Licencia Windows 10 Pro para 5 PCs retail original. Activa seguridad BitLocker, Remote Desktop y Hyper-V en m\u00faltiples dispositivos.\" \/>\n<meta name=\"robots\" content=\"index, follow, max-snippet:-1, max-image-preview:large, max-video-preview:-1\" \/>\n<link rel=\"canonical\" href=\"https:\/\/dharmacorpstore.com\/it\/product-2\/windows-10-pro-retail-32-64-bit-5pc\/\" \/>\n<meta property=\"og:locale\" content=\"it_IT\" \/>\n<meta property=\"og:type\" content=\"article\" \/>\n<meta property=\"og:title\" content=\"Windows 10 Pro Retail 32\/64 Bits 5PC - Dharma Store Software\" \/>\n<meta property=\"og:description\" content=\"Licencia Windows 10 Pro para 5 PCs retail original. Activa seguridad BitLocker, Remote Desktop y Hyper-V en m\u00faltiples dispositivos.\" \/>\n<meta property=\"og:url\" content=\"https:\/\/dharmacorpstore.com\/it\/product-2\/windows-10-pro-retail-32-64-bit-5pc\/\" \/>\n<meta property=\"og:site_name\" content=\"Dharma Store Software\" \/>\n<meta property=\"article:modified_time\" content=\"2025-12-06T16:41:01+00:00\" \/>\n<meta property=\"og:image\" content=\"https:\/\/dharmacorpstore.com\/wp-content\/uploads\/2024\/03\/Windows-10-pro-5PC.jpg\" \/>\n\t<meta property=\"og:image:width\" content=\"894\" \/>\n\t<meta property=\"og:image:height\" content=\"887\" \/>\n\t<meta property=\"og:image:type\" content=\"image\/jpeg\" \/>\n<meta name=\"twitter:card\" content=\"summary_large_image\" \/>\n<meta name=\"twitter:label1\" content=\"Tempo di lettura stimato\" \/>\n\t<meta name=\"twitter:data1\" content=\"1 minuto\" \/>\n<script type=\"application\/ld+json\" class=\"yoast-schema-graph\">{\"@context\":\"https:\\\/\\\/schema.org\",\"@graph\":[{\"@type\":\"WebPage\",\"@id\":\"https:\\\/\\\/dharmacorpstore.com\\\/ar\\\/product-2\\\/%d9%88%d9%8a%d9%86%d8%af%d9%88%d8%b2-10-%d8%a8%d8%b1%d9%88-32-32-64-%d8%a8%d8%aa-5-%d9%82%d8%b7%d8%b9-5-%d9%82%d8%b7%d8%b9\\\/\",\"url\":\"https:\\\/\\\/dharmacorpstore.com\\\/ar\\\/product-2\\\/%d9%88%d9%8a%d9%86%d8%af%d9%88%d8%b2-10-%d8%a8%d8%b1%d9%88-32-32-64-%d8%a8%d8%aa-5-%d9%82%d8%b7%d8%b9-5-%d9%82%d8%b7%d8%b9\\\/\",\"name\":\"Windows 10 Pro Retail 32\\\/64 Bits 5PC - Dharma Store Software\",\"isPartOf\":{\"@id\":\"https:\\\/\\\/dharmacorpstore.com\\\/#website\"},\"primaryImageOfPage\":{\"@id\":\"https:\\\/\\\/dharmacorpstore.com\\\/ar\\\/product-2\\\/%d9%88%d9%8a%d9%86%d8%af%d9%88%d8%b2-10-%d8%a8%d8%b1%d9%88-32-32-64-%d8%a8%d8%aa-5-%d9%82%d8%b7%d8%b9-5-%d9%82%d8%b7%d8%b9\\\/#primaryimage\"},\"image\":{\"@id\":\"https:\\\/\\\/dharmacorpstore.com\\\/ar\\\/product-2\\\/%d9%88%d9%8a%d9%86%d8%af%d9%88%d8%b2-10-%d8%a8%d8%b1%d9%88-32-32-64-%d8%a8%d8%aa-5-%d9%82%d8%b7%d8%b9-5-%d9%82%d8%b7%d8%b9\\\/#primaryimage\"},\"thumbnailUrl\":\"https:\\\/\\\/i0.wp.com\\\/dharmacorpstore.com\\\/wp-content\\\/uploads\\\/2024\\\/03\\\/Windows-10-pro-5PC.jpg?fit=894%2C887&ssl=1\",\"datePublished\":\"2024-03-07T17:17:31+00:00\",\"dateModified\":\"2025-12-06T16:41:01+00:00\",\"description\":\"Licencia Windows 10 Pro para 5 PCs retail original. Activa seguridad BitLocker, Remote Desktop y Hyper-V en m\u00faltiples dispositivos.\",\"breadcrumb\":{\"@id\":\"https:\\\/\\\/dharmacorpstore.com\\\/ar\\\/product-2\\\/%d9%88%d9%8a%d9%86%d8%af%d9%88%d8%b2-10-%d8%a8%d8%b1%d9%88-32-32-64-%d8%a8%d8%aa-5-%d9%82%d8%b7%d8%b9-5-%d9%82%d8%b7%d8%b9\\\/#breadcrumb\"},\"inLanguage\":\"it-IT\",\"potentialAction\":[{\"@type\":\"ReadAction\",\"target\":[\"https:\\\/\\\/dharmacorpstore.com\\\/ar\\\/product-2\\\/%d9%88%d9%8a%d9%86%d8%af%d9%88%d8%b2-10-%d8%a8%d8%b1%d9%88-32-32-64-%d8%a8%d8%aa-5-%d9%82%d8%b7%d8%b9-5-%d9%82%d8%b7%d8%b9\\\/\"]}]},{\"@type\":\"ImageObject\",\"inLanguage\":\"it-IT\",\"@id\":\"https:\\\/\\\/dharmacorpstore.com\\\/ar\\\/product-2\\\/%d9%88%d9%8a%d9%86%d8%af%d9%88%d8%b2-10-%d8%a8%d8%b1%d9%88-32-32-64-%d8%a8%d8%aa-5-%d9%82%d8%b7%d8%b9-5-%d9%82%d8%b7%d8%b9\\\/#primaryimage\",\"url\":\"https:\\\/\\\/i0.wp.com\\\/dharmacorpstore.com\\\/wp-content\\\/uploads\\\/2024\\\/03\\\/Windows-10-pro-5PC.jpg?fit=894%2C887&ssl=1\",\"contentUrl\":\"https:\\\/\\\/i0.wp.com\\\/dharmacorpstore.com\\\/wp-content\\\/uploads\\\/2024\\\/03\\\/Windows-10-pro-5PC.jpg?fit=894%2C887&ssl=1\",\"width\":894,\"height\":887},{\"@type\":\"BreadcrumbList\",\"@id\":\"https:\\\/\\\/dharmacorpstore.com\\\/ar\\\/product-2\\\/%d9%88%d9%8a%d9%86%d8%af%d9%88%d8%b2-10-%d8%a8%d8%b1%d9%88-32-32-64-%d8%a8%d8%aa-5-%d9%82%d8%b7%d8%b9-5-%d9%82%d8%b7%d8%b9\\\/#breadcrumb\",\"itemListElement\":[{\"@type\":\"ListItem\",\"position\":1,\"name\":\"Home\",\"item\":\"https:\\\/\\\/dharmacorpstore.com\\\/\"},{\"@type\":\"ListItem\",\"position\":2,\"name\":\"Tienda\",\"item\":\"https:\\\/\\\/dharmacorpstore.com\\\/tienda\\\/\"},{\"@type\":\"ListItem\",\"position\":3,\"name\":\"Windows 10 Pro Retail 32\\\/64 Bits 5PC\"}]},{\"@type\":\"WebSite\",\"@id\":\"https:\\\/\\\/dharmacorpstore.com\\\/#website\",\"url\":\"https:\\\/\\\/dharmacorpstore.com\\\/\",\"name\":\"Dharma Store Software\",\"description\":\"Venta de software original y licenciamiento electr\u00f3nico\",\"publisher\":{\"@id\":\"https:\\\/\\\/dharmacorpstore.com\\\/#organization\"},\"potentialAction\":[{\"@type\":\"SearchAction\",\"target\":{\"@type\":\"EntryPoint\",\"urlTemplate\":\"https:\\\/\\\/dharmacorpstore.com\\\/?s={search_term_string}\"},\"query-input\":{\"@type\":\"PropertyValueSpecification\",\"valueRequired\":true,\"valueName\":\"search_term_string\"}}],\"inLanguage\":\"it-IT\"},{\"@type\":\"Organization\",\"@id\":\"https:\\\/\\\/dharmacorpstore.com\\\/#organization\",\"name\":\"Dharma Store Software\",\"url\":\"https:\\\/\\\/dharmacorpstore.com\\\/\",\"logo\":{\"@type\":\"ImageObject\",\"inLanguage\":\"it-IT\",\"@id\":\"https:\\\/\\\/dharmacorpstore.com\\\/#\\\/schema\\\/logo\\\/image\\\/\",\"url\":\"https:\\\/\\\/i0.wp.com\\\/dharmacorpstore.com\\\/wp-content\\\/uploads\\\/2023\\\/11\\\/Dharma-Corp-Logo-2023-e1699245439652.png?fit=477%2C108&ssl=1\",\"contentUrl\":\"https:\\\/\\\/i0.wp.com\\\/dharmacorpstore.com\\\/wp-content\\\/uploads\\\/2023\\\/11\\\/Dharma-Corp-Logo-2023-e1699245439652.png?fit=477%2C108&ssl=1\",\"width\":477,\"height\":108,\"caption\":\"Dharma Store Software\"},\"image\":{\"@id\":\"https:\\\/\\\/dharmacorpstore.com\\\/#\\\/schema\\\/logo\\\/image\\\/\"}}]}<\/script>\n<!-- \/ Yoast SEO plugin. -->","yoast_head_json":{"title":"Windows 10 Pro Retail 32\/64 Bits 5PC - Dharma Store Software","description":"Licenza originale Windows 10 Pro per 5 PC. Attiva la sicurezza BitLocker, Desktop remoto e Hyper-V su pi\u00f9 dispositivi.","robots":{"index":"index","follow":"follow","max-snippet":"max-snippet:-1","max-image-preview":"max-image-preview:large","max-video-preview":"max-video-preview:-1"},"canonical":"https:\/\/dharmacorpstore.com\/it\/product-2\/windows-10-pro-retail-32-64-bit-5pc\/","og_locale":"it_IT","og_type":"article","og_title":"Windows 10 Pro Retail 32\/64 Bits 5PC - Dharma Store Software","og_description":"Licencia Windows 10 Pro para 5 PCs retail original. Activa seguridad BitLocker, Remote Desktop y Hyper-V en m\u00faltiples dispositivos.","og_url":"https:\/\/dharmacorpstore.com\/it\/product-2\/windows-10-pro-retail-32-64-bit-5pc\/","og_site_name":"Dharma Store Software","article_modified_time":"2025-12-06T16:41:01+00:00","og_image":[{"width":894,"height":887,"url":"https:\/\/dharmacorpstore.com\/wp-content\/uploads\/2024\/03\/Windows-10-pro-5PC.jpg","type":"image\/jpeg"}],"twitter_card":"summary_large_image","twitter_misc":{"Tempo di lettura stimato":"1 minuto"},"schema":{"@context":"https:\/\/schema.org","@graph":[{"@type":"WebPage","@id":"https:\/\/dharmacorpstore.com\/ar\/product-2\/%d9%88%d9%8a%d9%86%d8%af%d9%88%d8%b2-10-%d8%a8%d8%b1%d9%88-32-32-64-%d8%a8%d8%aa-5-%d9%82%d8%b7%d8%b9-5-%d9%82%d8%b7%d8%b9\/","url":"https:\/\/dharmacorpstore.com\/ar\/product-2\/%d9%88%d9%8a%d9%86%d8%af%d9%88%d8%b2-10-%d8%a8%d8%b1%d9%88-32-32-64-%d8%a8%d8%aa-5-%d9%82%d8%b7%d8%b9-5-%d9%82%d8%b7%d8%b9\/","name":"Windows 10 Pro Retail 32\/64 Bits 5PC - Dharma Store Software","isPartOf":{"@id":"https:\/\/dharmacorpstore.com\/#website"},"primaryImageOfPage":{"@id":"https:\/\/dharmacorpstore.com\/ar\/product-2\/%d9%88%d9%8a%d9%86%d8%af%d9%88%d8%b2-10-%d8%a8%d8%b1%d9%88-32-32-64-%d8%a8%d8%aa-5-%d9%82%d8%b7%d8%b9-5-%d9%82%d8%b7%d8%b9\/#primaryimage"},"image":{"@id":"https:\/\/dharmacorpstore.com\/ar\/product-2\/%d9%88%d9%8a%d9%86%d8%af%d9%88%d8%b2-10-%d8%a8%d8%b1%d9%88-32-32-64-%d8%a8%d8%aa-5-%d9%82%d8%b7%d8%b9-5-%d9%82%d8%b7%d8%b9\/#primaryimage"},"thumbnailUrl":"https:\/\/i0.wp.com\/dharmacorpstore.com\/wp-content\/uploads\/2024\/03\/Windows-10-pro-5PC.jpg?fit=894%2C887&ssl=1","datePublished":"2024-03-07T17:17:31+00:00","dateModified":"2025-12-06T16:41:01+00:00","description":"Licenza originale Windows 10 Pro per 5 PC. Attiva la sicurezza BitLocker, Desktop remoto e Hyper-V su pi\u00f9 dispositivi.","breadcrumb":{"@id":"https:\/\/dharmacorpstore.com\/ar\/product-2\/%d9%88%d9%8a%d9%86%d8%af%d9%88%d8%b2-10-%d8%a8%d8%b1%d9%88-32-32-64-%d8%a8%d8%aa-5-%d9%82%d8%b7%d8%b9-5-%d9%82%d8%b7%d8%b9\/#breadcrumb"},"inLanguage":"it-IT","potentialAction":[{"@type":"ReadAction","target":["https:\/\/dharmacorpstore.com\/ar\/product-2\/%d9%88%d9%8a%d9%86%d8%af%d9%88%d8%b2-10-%d8%a8%d8%b1%d9%88-32-32-64-%d8%a8%d8%aa-5-%d9%82%d8%b7%d8%b9-5-%d9%82%d8%b7%d8%b9\/"]}]},{"@type":"ImageObject","inLanguage":"it-IT","@id":"https:\/\/dharmacorpstore.com\/ar\/product-2\/%d9%88%d9%8a%d9%86%d8%af%d9%88%d8%b2-10-%d8%a8%d8%b1%d9%88-32-32-64-%d8%a8%d8%aa-5-%d9%82%d8%b7%d8%b9-5-%d9%82%d8%b7%d8%b9\/#primaryimage","url":"https:\/\/i0.wp.com\/dharmacorpstore.com\/wp-content\/uploads\/2024\/03\/Windows-10-pro-5PC.jpg?fit=894%2C887&ssl=1","contentUrl":"https:\/\/i0.wp.com\/dharmacorpstore.com\/wp-content\/uploads\/2024\/03\/Windows-10-pro-5PC.jpg?fit=894%2C887&ssl=1","width":894,"height":887},{"@type":"BreadcrumbList","@id":"https:\/\/dharmacorpstore.com\/ar\/product-2\/%d9%88%d9%8a%d9%86%d8%af%d9%88%d8%b2-10-%d8%a8%d8%b1%d9%88-32-32-64-%d8%a8%d8%aa-5-%d9%82%d8%b7%d8%b9-5-%d9%82%d8%b7%d8%b9\/#breadcrumb","itemListElement":[{"@type":"ListItem","position":1,"name":"Home","item":"https:\/\/dharmacorpstore.com\/"},{"@type":"ListItem","position":2,"name":"Tienda","item":"https:\/\/dharmacorpstore.com\/tienda\/"},{"@type":"ListItem","position":3,"name":"Windows 10 Pro Retail 32\/64 Bits 5PC"}]},{"@type":"WebSite","@id":"https:\/\/dharmacorpstore.com\/#website","url":"https:\/\/dharmacorpstore.com\/","name":"Software Dharma Store","description":"Vendita di software originale e licenze elettroniche","publisher":{"@id":"https:\/\/dharmacorpstore.com\/#organization"},"potentialAction":[{"@type":"SearchAction","target":{"@type":"EntryPoint","urlTemplate":"https:\/\/dharmacorpstore.com\/?s={search_term_string}"},"query-input":{"@type":"PropertyValueSpecification","valueRequired":true,"valueName":"search_term_string"}}],"inLanguage":"it-IT"},{"@type":"Organization","@id":"https:\/\/dharmacorpstore.com\/#organization","name":"Software Dharma Store","url":"https:\/\/dharmacorpstore.com\/","logo":{"@type":"ImageObject","inLanguage":"it-IT","@id":"https:\/\/dharmacorpstore.com\/#\/schema\/logo\/image\/","url":"https:\/\/i0.wp.com\/dharmacorpstore.com\/wp-content\/uploads\/2023\/11\/Dharma-Corp-Logo-2023-e1699245439652.png?fit=477%2C108&ssl=1","contentUrl":"https:\/\/i0.wp.com\/dharmacorpstore.com\/wp-content\/uploads\/2023\/11\/Dharma-Corp-Logo-2023-e1699245439652.png?fit=477%2C108&ssl=1","width":477,"height":108,"caption":"Dharma Store Software"},"image":{"@id":"https:\/\/dharmacorpstore.com\/#\/schema\/logo\/image\/"}}]}},"jetpack_publicize_connections":[],"jetpack-related-posts":[],"jetpack_likes_enabled":true,"jetpack_sharing_enabled":true,"_links":{"self":[{"href":"https:\/\/dharmacorpstore.com\/it\/wp-json\/wp\/v2\/product\/2438","targetHints":{"allow":["GET"]}}],"collection":[{"href":"https:\/\/dharmacorpstore.com\/it\/wp-json\/wp\/v2\/product"}],"about":[{"href":"https:\/\/dharmacorpstore.com\/it\/wp-json\/wp\/v2\/types\/product"}],"replies":[{"embeddable":true,"href":"https:\/\/dharmacorpstore.com\/it\/wp-json\/wp\/v2\/comments?post=2438"}],"wp:featuredmedia":[{"embeddable":true,"href":"https:\/\/dharmacorpstore.com\/it\/wp-json\/wp\/v2\/media\/15989"}],"wp:attachment":[{"href":"https:\/\/dharmacorpstore.com\/it\/wp-json\/wp\/v2\/media?parent=2438"}],"wp:term":[{"taxonomy":"product_brand","embeddable":true,"href":"https:\/\/dharmacorpstore.com\/it\/wp-json\/wp\/v2\/product_brand?post=2438"},{"taxonomy":"product_cat","embeddable":true,"href":"https:\/\/dharmacorpstore.com\/it\/wp-json\/wp\/v2\/product_cat?post=2438"},{"taxonomy":"product_tag","embeddable":true,"href":"https:\/\/dharmacorpstore.com\/it\/wp-json\/wp\/v2\/product_tag?post=2438"}],"curies":[{"name":"parola chiave","href":"https:\/\/api.w.org\/{rel}","templated":true}]}}