{"id":991,"date":"2023-10-17T00:53:37","date_gmt":"2023-10-17T04:53:37","guid":{"rendered":"http:\/\/dharmacorpstore.com\/?post_type=product&#038;p=991"},"modified":"2025-07-21T00:21:57","modified_gmt":"2025-07-21T04:21:57","slug":"office-2021-professional-plus-binding","status":"publish","type":"product","link":"https:\/\/dharmacorpstore.com\/it\/product-2\/office-2021-professional-plus-binding\/","title":{"rendered":"Office 2021 Professional Plus Bind"},"content":{"rendered":"<p>Microsoft Office 2021 Professional Plus \u00e8 una suite di produttivit\u00e0 ad alte prestazioni progettata per soddisfare le esigenze di utenti e aziende che cercano strumenti avanzati per la creazione di documenti, l&#039;analisi dei dati, la comunicazione e la gestione delle attivit\u00e0 aziendali. Questa versione di Office rappresenta l&#039;ultima evoluzione della linea di prodotti di successo di Microsoft ed \u00e8 ricca di funzionalit\u00e0 e capacit\u00e0 avanzate.<\/p>\n<p>Le caratteristiche principali di Office 2021 Professional Plus includono:<\/p>\n<p>1. **Word 2021**: l&#039;ultima edizione della popolare applicazione di elaborazione testi, che offre strumenti di formattazione avanzati, collaborazione in tempo reale e la possibilit\u00e0 di creare documenti professionali con facilit\u00e0.<\/p>\n<p>2. **Excel 2021**: un potente foglio di calcolo che fornisce strumenti avanzati per l&#039;analisi dei dati, la creazione di grafici dinamici e tabelle di alta qualit\u00e0 e il monitoraggio delle informazioni finanziarie con maggiore precisione.<\/p>\n<p>3. **PowerPoint 2021**: l&#039;applicazione per la creazione di presentazioni \u00e8 stata ottimizzata per consentire la creazione di diapositive straordinarie con nuove transizioni ed effetti visivi che faranno risaltare le tue presentazioni.<\/p>\n<p>4. **Outlook 2021**: l&#039;applicazione di gestione della posta elettronica e del calendario \u00e8 stata migliorata per aiutarti a tenere organizzata la posta in arrivo e a gestire appuntamenti e comunicazioni in modo pi\u00f9 efficace.<\/p>\n<p>5. **OneNote 2021**: l&#039;app per prendere appunti \u00e8 stata aggiornata per semplificare la presa di appunti e l&#039;organizzazione delle informazioni, rendendola perfetta per progetti e per catturare idee.<\/p>\n<p>6. **Sicurezza avanzata**: Office 2021 Professional Plus include misure di sicurezza avanzate per proteggere i tuoi documenti e dati aziendali, garantendoti tranquillit\u00e0 in un ambiente aziendale.<\/p>\n<p>7. **Licenza perpetua**: a differenza degli abbonamenti mensili o annuali, Office 2021 Professional Plus offre una licenza perpetua, il che significa che una volta acquistata la suite, la si avr\u00e0 a tempo indeterminato senza bisogno di rinnovi periodici.<\/p>\n<p>8. **Miglioramenti di prestazioni e velocit\u00e0**: questa versione \u00e8 stata ottimizzata per offrire prestazioni pi\u00f9 rapide e una maggiore efficienza rispetto alle versioni precedenti, garantendo un&#039;esperienza utente pi\u00f9 fluida.<\/p>\n<p>Office 2021 Professional Plus \u00e8 la scelta perfetta per aziende e utenti che cercano una suite di produttivit\u00e0 di nuova generazione che combini strumenti familiari con funzionalit\u00e0 avanzate e una sicurezza avanzata. Questa suite ti aiuter\u00e0 a creare documenti straordinari, analizzare i dati in modo efficiente e gestire efficacemente le tue attivit\u00e0 aziendali, il tutto con la qualit\u00e0 e l&#039;affidabilit\u00e0 che ti aspetti da Microsoft Office.<\/p>","protected":false},"excerpt":{"rendered":"<p>Microsoft Office 2021 Professional Plus \u00e8 una suite di produttivit\u00e0 ad alte prestazioni progettata per soddisfare le esigenze degli utenti<\/p>","protected":false},"featured_media":992,"comment_status":"open","ping_status":"closed","template":"","meta":{"_monsterinsights_skip_tracking":false,"_monsterinsights_sitenote_active":false,"_monsterinsights_sitenote_note":"","_monsterinsights_sitenote_category":0,"jetpack_publicize_message":"","jetpack_publicize_feature_enabled":true,"jetpack_social_post_already_shared":false,"jetpack_social_options":{"image_generator_settings":{"template":"highway","default_image_id":0,"font":"","enabled":false},"version":2}},"product_brand":[],"product_cat":[20],"product_tag":[],"class_list":{"0":"post-991","1":"product","2":"type-product","3":"status-publish","4":"has-post-thumbnail","6":"product_cat-office","8":"first","9":"instock","10":"sale","11":"shipping-taxable","12":"purchasable","13":"product-type-simple"},"yoast_head":"<!-- This site is optimized with the Yoast SEO plugin v27.6 - https:\/\/yoast.com\/product\/yoast-seo-wordpress\/ -->\n<title>Office 2021 Professional Plus Bind - Dharma Store Software<\/title>\n<meta name=\"robots\" content=\"index, follow, max-snippet:-1, max-image-preview:large, max-video-preview:-1\" \/>\n<link rel=\"canonical\" href=\"https:\/\/dharmacorpstore.com\/it\/product-2\/office-2021-professional-plus-binding\/\" \/>\n<meta property=\"og:locale\" content=\"it_IT\" \/>\n<meta property=\"og:type\" content=\"article\" \/>\n<meta property=\"og:title\" content=\"Office 2021 Professional Plus Bind - Dharma Store Software\" \/>\n<meta property=\"og:description\" content=\"Microsoft Office 2021 Professional Plus es una suite de productividad de alto rendimiento dise\u00f1ada para satisfacer las necesidades de usuarios\" \/>\n<meta property=\"og:url\" content=\"https:\/\/dharmacorpstore.com\/it\/product-2\/office-2021-professional-plus-binding\/\" \/>\n<meta property=\"og:site_name\" content=\"Dharma Store Software\" \/>\n<meta property=\"article:modified_time\" content=\"2025-07-21T04:21:57+00:00\" \/>\n<meta property=\"og:image\" content=\"https:\/\/dharmacorpstore.com\/wp-content\/uploads\/2023\/10\/Office-2021-Pro-Plus-1-User-Bind.jpg\" \/>\n\t<meta property=\"og:image:width\" content=\"600\" \/>\n\t<meta property=\"og:image:height\" content=\"600\" \/>\n\t<meta property=\"og:image:type\" content=\"image\/jpeg\" \/>\n<meta name=\"twitter:card\" content=\"summary_large_image\" \/>\n<meta name=\"twitter:label1\" content=\"Tempo di lettura stimato\" \/>\n\t<meta name=\"twitter:data1\" content=\"3 minuti\" \/>\n<script type=\"application\/ld+json\" class=\"yoast-schema-graph\">{\"@context\":\"https:\\\/\\\/schema.org\",\"@graph\":[{\"@type\":\"WebPage\",\"@id\":\"https:\\\/\\\/dharmacorpstore.com\\\/producto\\\/office-2021-professional-plus-bind\\\/\",\"url\":\"https:\\\/\\\/dharmacorpstore.com\\\/producto\\\/office-2021-professional-plus-bind\\\/\",\"name\":\"Office 2021 Professional Plus Bind - Dharma Store Software\",\"isPartOf\":{\"@id\":\"https:\\\/\\\/dharmacorpstore.com\\\/#website\"},\"primaryImageOfPage\":{\"@id\":\"https:\\\/\\\/dharmacorpstore.com\\\/producto\\\/office-2021-professional-plus-bind\\\/#primaryimage\"},\"image\":{\"@id\":\"https:\\\/\\\/dharmacorpstore.com\\\/producto\\\/office-2021-professional-plus-bind\\\/#primaryimage\"},\"thumbnailUrl\":\"https:\\\/\\\/i0.wp.com\\\/dharmacorpstore.com\\\/wp-content\\\/uploads\\\/2023\\\/10\\\/Office-2021-Pro-Plus-1-User-Bind.jpg?fit=600%2C600&ssl=1\",\"datePublished\":\"2023-10-17T04:53:37+00:00\",\"dateModified\":\"2025-07-21T04:21:57+00:00\",\"breadcrumb\":{\"@id\":\"https:\\\/\\\/dharmacorpstore.com\\\/producto\\\/office-2021-professional-plus-bind\\\/#breadcrumb\"},\"inLanguage\":\"it-IT\",\"potentialAction\":[{\"@type\":\"ReadAction\",\"target\":[\"https:\\\/\\\/dharmacorpstore.com\\\/producto\\\/office-2021-professional-plus-bind\\\/\"]}]},{\"@type\":\"ImageObject\",\"inLanguage\":\"it-IT\",\"@id\":\"https:\\\/\\\/dharmacorpstore.com\\\/producto\\\/office-2021-professional-plus-bind\\\/#primaryimage\",\"url\":\"https:\\\/\\\/i0.wp.com\\\/dharmacorpstore.com\\\/wp-content\\\/uploads\\\/2023\\\/10\\\/Office-2021-Pro-Plus-1-User-Bind.jpg?fit=600%2C600&ssl=1\",\"contentUrl\":\"https:\\\/\\\/i0.wp.com\\\/dharmacorpstore.com\\\/wp-content\\\/uploads\\\/2023\\\/10\\\/Office-2021-Pro-Plus-1-User-Bind.jpg?fit=600%2C600&ssl=1\",\"width\":600,\"height\":600},{\"@type\":\"BreadcrumbList\",\"@id\":\"https:\\\/\\\/dharmacorpstore.com\\\/producto\\\/office-2021-professional-plus-bind\\\/#breadcrumb\",\"itemListElement\":[{\"@type\":\"ListItem\",\"position\":1,\"name\":\"Home\",\"item\":\"https:\\\/\\\/dharmacorpstore.com\\\/\"},{\"@type\":\"ListItem\",\"position\":2,\"name\":\"Tienda\",\"item\":\"https:\\\/\\\/dharmacorpstore.com\\\/tienda\\\/\"},{\"@type\":\"ListItem\",\"position\":3,\"name\":\"Office 2021 Professional Plus Bind\"}]},{\"@type\":\"WebSite\",\"@id\":\"https:\\\/\\\/dharmacorpstore.com\\\/#website\",\"url\":\"https:\\\/\\\/dharmacorpstore.com\\\/\",\"name\":\"Dharma Store Software\",\"description\":\"Venta de software original y licenciamiento electr\u00f3nico\",\"publisher\":{\"@id\":\"https:\\\/\\\/dharmacorpstore.com\\\/#organization\"},\"potentialAction\":[{\"@type\":\"SearchAction\",\"target\":{\"@type\":\"EntryPoint\",\"urlTemplate\":\"https:\\\/\\\/dharmacorpstore.com\\\/?s={search_term_string}\"},\"query-input\":{\"@type\":\"PropertyValueSpecification\",\"valueRequired\":true,\"valueName\":\"search_term_string\"}}],\"inLanguage\":\"it-IT\"},{\"@type\":\"Organization\",\"@id\":\"https:\\\/\\\/dharmacorpstore.com\\\/#organization\",\"name\":\"Dharma Store Software\",\"url\":\"https:\\\/\\\/dharmacorpstore.com\\\/\",\"logo\":{\"@type\":\"ImageObject\",\"inLanguage\":\"it-IT\",\"@id\":\"https:\\\/\\\/dharmacorpstore.com\\\/#\\\/schema\\\/logo\\\/image\\\/\",\"url\":\"https:\\\/\\\/i0.wp.com\\\/dharmacorpstore.com\\\/wp-content\\\/uploads\\\/2023\\\/11\\\/Dharma-Corp-Logo-2023-e1699245439652.png?fit=477%2C108&ssl=1\",\"contentUrl\":\"https:\\\/\\\/i0.wp.com\\\/dharmacorpstore.com\\\/wp-content\\\/uploads\\\/2023\\\/11\\\/Dharma-Corp-Logo-2023-e1699245439652.png?fit=477%2C108&ssl=1\",\"width\":477,\"height\":108,\"caption\":\"Dharma Store Software\"},\"image\":{\"@id\":\"https:\\\/\\\/dharmacorpstore.com\\\/#\\\/schema\\\/logo\\\/image\\\/\"}}]}<\/script>\n<!-- \/ Yoast SEO plugin. -->","yoast_head_json":{"title":"Office 2021 Professional Plus Bind - Dharma Store Software","robots":{"index":"index","follow":"follow","max-snippet":"max-snippet:-1","max-image-preview":"max-image-preview:large","max-video-preview":"max-video-preview:-1"},"canonical":"https:\/\/dharmacorpstore.com\/it\/product-2\/office-2021-professional-plus-binding\/","og_locale":"it_IT","og_type":"article","og_title":"Office 2021 Professional Plus Bind - Dharma Store Software","og_description":"Microsoft Office 2021 Professional Plus es una suite de productividad de alto rendimiento dise\u00f1ada para satisfacer las necesidades de usuarios","og_url":"https:\/\/dharmacorpstore.com\/it\/product-2\/office-2021-professional-plus-binding\/","og_site_name":"Dharma Store Software","article_modified_time":"2025-07-21T04:21:57+00:00","og_image":[{"width":600,"height":600,"url":"https:\/\/dharmacorpstore.com\/wp-content\/uploads\/2023\/10\/Office-2021-Pro-Plus-1-User-Bind.jpg","type":"image\/jpeg"}],"twitter_card":"summary_large_image","twitter_misc":{"Tempo di lettura stimato":"3 minuti"},"schema":{"@context":"https:\/\/schema.org","@graph":[{"@type":"WebPage","@id":"https:\/\/dharmacorpstore.com\/producto\/office-2021-professional-plus-bind\/","url":"https:\/\/dharmacorpstore.com\/producto\/office-2021-professional-plus-bind\/","name":"Office 2021 Professional Plus Bind - Dharma Store Software","isPartOf":{"@id":"https:\/\/dharmacorpstore.com\/#website"},"primaryImageOfPage":{"@id":"https:\/\/dharmacorpstore.com\/producto\/office-2021-professional-plus-bind\/#primaryimage"},"image":{"@id":"https:\/\/dharmacorpstore.com\/producto\/office-2021-professional-plus-bind\/#primaryimage"},"thumbnailUrl":"https:\/\/i0.wp.com\/dharmacorpstore.com\/wp-content\/uploads\/2023\/10\/Office-2021-Pro-Plus-1-User-Bind.jpg?fit=600%2C600&ssl=1","datePublished":"2023-10-17T04:53:37+00:00","dateModified":"2025-07-21T04:21:57+00:00","breadcrumb":{"@id":"https:\/\/dharmacorpstore.com\/producto\/office-2021-professional-plus-bind\/#breadcrumb"},"inLanguage":"it-IT","potentialAction":[{"@type":"ReadAction","target":["https:\/\/dharmacorpstore.com\/producto\/office-2021-professional-plus-bind\/"]}]},{"@type":"ImageObject","inLanguage":"it-IT","@id":"https:\/\/dharmacorpstore.com\/producto\/office-2021-professional-plus-bind\/#primaryimage","url":"https:\/\/i0.wp.com\/dharmacorpstore.com\/wp-content\/uploads\/2023\/10\/Office-2021-Pro-Plus-1-User-Bind.jpg?fit=600%2C600&ssl=1","contentUrl":"https:\/\/i0.wp.com\/dharmacorpstore.com\/wp-content\/uploads\/2023\/10\/Office-2021-Pro-Plus-1-User-Bind.jpg?fit=600%2C600&ssl=1","width":600,"height":600},{"@type":"BreadcrumbList","@id":"https:\/\/dharmacorpstore.com\/producto\/office-2021-professional-plus-bind\/#breadcrumb","itemListElement":[{"@type":"ListItem","position":1,"name":"Home","item":"https:\/\/dharmacorpstore.com\/"},{"@type":"ListItem","position":2,"name":"Tienda","item":"https:\/\/dharmacorpstore.com\/tienda\/"},{"@type":"ListItem","position":3,"name":"Office 2021 Professional Plus Bind"}]},{"@type":"WebSite","@id":"https:\/\/dharmacorpstore.com\/#website","url":"https:\/\/dharmacorpstore.com\/","name":"Software Dharma Store","description":"Vendita di software originale e licenze elettroniche","publisher":{"@id":"https:\/\/dharmacorpstore.com\/#organization"},"potentialAction":[{"@type":"SearchAction","target":{"@type":"EntryPoint","urlTemplate":"https:\/\/dharmacorpstore.com\/?s={search_term_string}"},"query-input":{"@type":"PropertyValueSpecification","valueRequired":true,"valueName":"search_term_string"}}],"inLanguage":"it-IT"},{"@type":"Organization","@id":"https:\/\/dharmacorpstore.com\/#organization","name":"Software Dharma Store","url":"https:\/\/dharmacorpstore.com\/","logo":{"@type":"ImageObject","inLanguage":"it-IT","@id":"https:\/\/dharmacorpstore.com\/#\/schema\/logo\/image\/","url":"https:\/\/i0.wp.com\/dharmacorpstore.com\/wp-content\/uploads\/2023\/11\/Dharma-Corp-Logo-2023-e1699245439652.png?fit=477%2C108&ssl=1","contentUrl":"https:\/\/i0.wp.com\/dharmacorpstore.com\/wp-content\/uploads\/2023\/11\/Dharma-Corp-Logo-2023-e1699245439652.png?fit=477%2C108&ssl=1","width":477,"height":108,"caption":"Dharma Store Software"},"image":{"@id":"https:\/\/dharmacorpstore.com\/#\/schema\/logo\/image\/"}}]}},"jetpack_publicize_connections":[],"jetpack-related-posts":[],"jetpack_likes_enabled":true,"jetpack_sharing_enabled":true,"_links":{"self":[{"href":"https:\/\/dharmacorpstore.com\/it\/wp-json\/wp\/v2\/product\/991","targetHints":{"allow":["GET"]}}],"collection":[{"href":"https:\/\/dharmacorpstore.com\/it\/wp-json\/wp\/v2\/product"}],"about":[{"href":"https:\/\/dharmacorpstore.com\/it\/wp-json\/wp\/v2\/types\/product"}],"replies":[{"embeddable":true,"href":"https:\/\/dharmacorpstore.com\/it\/wp-json\/wp\/v2\/comments?post=991"}],"wp:featuredmedia":[{"embeddable":true,"href":"https:\/\/dharmacorpstore.com\/it\/wp-json\/wp\/v2\/media\/992"}],"wp:attachment":[{"href":"https:\/\/dharmacorpstore.com\/it\/wp-json\/wp\/v2\/media?parent=991"}],"wp:term":[{"taxonomy":"product_brand","embeddable":true,"href":"https:\/\/dharmacorpstore.com\/it\/wp-json\/wp\/v2\/product_brand?post=991"},{"taxonomy":"product_cat","embeddable":true,"href":"https:\/\/dharmacorpstore.com\/it\/wp-json\/wp\/v2\/product_cat?post=991"},{"taxonomy":"product_tag","embeddable":true,"href":"https:\/\/dharmacorpstore.com\/it\/wp-json\/wp\/v2\/product_tag?post=991"}],"curies":[{"name":"parola chiave","href":"https:\/\/api.w.org\/{rel}","templated":true}]}}